{"id":97692,"date":"2021-05-03T08:04:28","date_gmt":"2021-05-03T08:04:35","guid":{"rendered":"https:\/\/www.erresse-shop.it\/?post_type=product&#038;p=97692"},"modified":"2025-01-13T14:59:49","modified_gmt":"2025-01-13T14:59:49","slug":"le-creuset-casserole-avec-manche-18-cm-noir","status":"publish","type":"product","link":"https:\/\/www.erresse-shop.it\/fr\/shop\/poeles-pots\/casseroles\/le-creuset-casserole-avec-manche-18-cm-noir\/","title":{"rendered":"LE CREUSET Casserole avec Manche 18 cm Noir"},"content":{"rendered":"<p><span style=\"color: #000000;\"><strong>Laissez mijoter et servez<\/strong><\/span><br \/>\n<span style=\"color: #000000;\">De la gamme Les Forg\u00e9es, notre casserole avec rev\u00eatement anti-adh\u00e9rent, sans couvercle, vous sera d\u2019une aide pr\u00e9cieuse en cuisine. Durable et enduite de notre meilleur rev\u00eatement anti-adh\u00e9rent sur la surface int\u00e9rieure, cette casserole vous permet de faire vos pr\u00e9parations sans qu\u2019elles attachent. Une fois vos cuissons termin\u00e9es, elle se lave en un clin d\u2019\u0153il. Un ustensile parfait pour les soupes, les sauces et tant d\u2019autres recettes gourmandes !<\/span><\/p>\n<p><span style=\"text-decoration: underline; color: #000000;\"><strong>Caract\u00e9ristiques:<\/strong><\/span><\/p>\n<ul>\n<li><span style=\"color: #000000;\">Nettoyage en un clin d\u2019\u0153il : notre collection Les Forg\u00e9es est enduite d\u2019un rev\u00eatement anti-adh\u00e9rent, ainsi vos pr\u00e9parations n\u2019attachent pas et le nettoyage est une simple formalit\u00e9.<\/span><\/li>\n<li><span style=\"color: #000000;\">Notre meilleur rev\u00eatement anti-adh\u00e9rent : test\u00e9, fiable, garanti \u00e0 vie, et quatre fois plus r\u00e9sistant. (Il a \u00e9t\u00e9 test\u00e9 par un laboratoire ind\u00e9pendant sur la r\u00e9sistance \u00e0 l\u2019abrasion des ustensiles m\u00e9talliques.)<\/span><\/li>\n<li><span style=\"color: #000000;\">Un corps forg\u00e9 : Notre conception sp\u00e9ciale \u00e0 6 couches est solide et r\u00e9sistante, tout en \u00e9tant suffisamment l\u00e9g\u00e8re pour une utilisation au quotidien.<\/span><\/li>\n<li><span style=\"color: #000000;\">Une esth\u00e9tique remarquable : Le rev\u00eatement int\u00e9rieur robuste, d\u00e9sormais plus durable et r\u00e9sistant \u00e0 l\u2019abrasion, prot\u00e8ge l\u2019ext\u00e9rieur de chaque po\u00eale pour pr\u00e9server son \u00e9tat d\u2019origine.<\/span><\/li>\n<li><span style=\"color: #000000;\">Robuste et solide : la conception anodis\u00e9e le rend plus r\u00e9sistant et permet une conduction et une r\u00e9partition efficace de la chaleur pour une cuisson uniforme.<\/span><\/li>\n<li><span style=\"color: #000000;\">Con\u00e7ues pour durer : vous cuisinerez avec nos po\u00eales r\u00e9sistantes \u00e0 l\u2019abrasion pendant de nombreuses ann\u00e9es.<\/span><\/li>\n<li><span style=\"color: #000000;\">Des cuissons plus saines : notre rev\u00eatement anti-adh\u00e9rent et sans PFOA permet de faire rissoler, dorer, blondir et sauter vos pr\u00e9parations, sans l\u2019ombre d\u2019une goutte d\u2019huile ou de toute mati\u00e8re grasse en g\u00e9n\u00e9ral.<\/span><\/li>\n<\/ul>\n<p><span style=\"color: #000000;\"><strong>Mat\u00e9riau:<\/strong> aluminium forg\u00e9<\/span><br \/>\n<span style=\"color: #000000;\"><strong>Garantie:<\/strong> \u00e0 vie<\/span><\/p>\n<p><span style=\"color: #000000;\"><span style=\"text-decoration: underline;\"><strong>Sou<\/strong><\/span><span style=\"text-decoration: underline;\"><strong>rces de chaleur permises:<\/strong><\/span><\/span><\/p>\n<ul>\n<li><span style=\"color: #000000;\">Gril<\/span><\/li>\n<li><span style=\"color: #000000;\">Four<\/span><\/li>\n<li><span style=\"color: #000000;\">Plaque \u00e9lectrique<\/span><\/li>\n<li><span style=\"color: #000000;\">Plaque de cuisson en vitroc\u00e9ramique<\/span><\/li>\n<li><span style=\"color: #000000;\">Gaz<\/span><\/li>\n<li><span style=\"color: #000000;\">Induction<\/span><\/li>\n<\/ul>\n<p><span style=\"text-decoration: underline; color: #000000;\"><strong>Nettoyage:<\/strong><\/span><\/p>\n<ul>\n<li><span style=\"color: #000000;\">Laissez toujours refroidir le produit quelques minutes avant de le nettoyer. Lorsque le produit est chaud, ne l\u2019immergez pas dans de l\u2019eau froide et ne le remplissez pas d\u2019eau froide non plus, car la diff\u00e9rence extr\u00eame de temp\u00e9rature en surface cr\u00e9erait un choc thermique qui pourrait l\u2019endommager.<\/span><\/li>\n<li><span style=\"color: #000000;\">Pour prolonger la dur\u00e9e de vie du rev\u00eatement anti-adh\u00e9rent, il est conseill\u00e9 de nettoyer votre ustensile \u00e0 la main avec du liquide vaisselle et de l\u2019eau chaude au lieu de le mettre au lave-vaisselle.<\/span><\/li>\n<li><span style=\"color: #000000;\">N\u2019utilisez pas de d\u00e9tergent d\u00e9capant, d\u2019\u00e9ponge avec rev\u00eatement abrasif ou en m\u00e9tal ou encore de brosse \u00e0 r\u00e9curer \u00e0 poils durs et agressifs, sur toutes les surfaces.<\/span><\/li>\n<\/ul>\n","protected":false},"excerpt":{"rendered":"<p>Laissez mijoter et servez De la gamme Les Forg\u00e9es, notre casserole avec rev\u00eatement anti-adh\u00e9rent, sans couvercle, vous sera d\u2019une aide<\/p>\n","protected":false},"featured_media":180944,"template":"","meta":{"_acf_changed":false,"inline_featured_image":false},"product_cat":[12458,14777],"product_tag":[25086,13052,25021,12461,12465,13178,12468,13179],"acf":[],"yoast_head":"<!-- This site is optimized with the Yoast SEO Premium plugin v18.6 (Yoast SEO v19.13) - https:\/\/yoast.com\/wordpress\/plugins\/seo\/ -->\n<title>LE CREUSET Casserole avec Manche 18 cm Noir<\/title>\n<meta name=\"description\" content=\"D\u00e9couvrez LE CREUSET Casserole avec Manche 18 cm Noir sur ErresseShop. Qualit\u00e9, prix r\u00e9duits et achat s\u00e9curis\u00e9 \u2013 commandez d\u00e8s maintenant en ligne !\" \/>\n<meta name=\"robots\" content=\"index, follow, max-snippet:-1, max-image-preview:large, max-video-preview:-1\" \/>\n<link rel=\"canonical\" href=\"https:\/\/www.erresse-shop.it\/fr\/shop\/poeles-pots\/casseroles\/le-creuset-casserole-avec-manche-18-cm-noir\/\" \/>\n<meta property=\"og:locale\" content=\"fr_FR\" \/>\n<meta property=\"og:type\" content=\"article\" \/>\n<meta property=\"og:title\" content=\"LE CREUSET Casserole avec Manche 18 cm Noir\" \/>\n<meta property=\"og:description\" content=\"D\u00e9couvrez LE CREUSET Casserole avec Manche 18 cm Noir sur ErresseShop. Qualit\u00e9, prix r\u00e9duits et achat s\u00e9curis\u00e9 \u2013 commandez d\u00e8s maintenant en ligne !\" \/>\n<meta property=\"og:url\" content=\"https:\/\/www.erresse-shop.it\/fr\/shop\/poeles-pots\/casseroles\/le-creuset-casserole-avec-manche-18-cm-noir\/\" \/>\n<meta property=\"og:site_name\" content=\"Erresse Shop\" \/>\n<meta property=\"article:modified_time\" content=\"2025-01-13T14:59:49+00:00\" \/>\n<meta property=\"og:image\" content=\"https:\/\/www.erresse-shop.it\/wp-content\/uploads\/2021\/05\/LE-CREUSET-Casseruola-Manico-Alluminio-18cm-4.jpg\" \/>\n\t<meta property=\"og:image:width\" content=\"800\" \/>\n\t<meta property=\"og:image:height\" content=\"800\" \/>\n\t<meta property=\"og:image:type\" content=\"image\/jpeg\" \/>\n<meta name=\"twitter:card\" content=\"summary_large_image\" \/>\n<script type=\"application\/ld+json\" class=\"yoast-schema-graph\">{\"@context\":\"https:\/\/schema.org\",\"@graph\":[{\"@type\":\"WebPage\",\"@id\":\"https:\/\/www.erresse-shop.it\/fr\/shop\/poeles-pots\/casseroles\/le-creuset-casserole-avec-manche-18-cm-noir\/\",\"url\":\"https:\/\/www.erresse-shop.it\/fr\/shop\/poeles-pots\/casseroles\/le-creuset-casserole-avec-manche-18-cm-noir\/\",\"name\":\"LE CREUSET Casserole avec Manche 18 cm Noir\",\"isPartOf\":{\"@id\":\"https:\/\/www.erresse-shop.it\/fr\/#website\"},\"datePublished\":\"2021-05-03T08:04:35+00:00\",\"dateModified\":\"2025-01-13T14:59:49+00:00\",\"description\":\"D\u00e9couvrez LE CREUSET Casserole avec Manche 18 cm Noir sur ErresseShop. Qualit\u00e9, prix r\u00e9duits et achat s\u00e9curis\u00e9 \u2013 commandez d\u00e8s maintenant en ligne !\",\"breadcrumb\":{\"@id\":\"https:\/\/www.erresse-shop.it\/fr\/shop\/poeles-pots\/casseroles\/le-creuset-casserole-avec-manche-18-cm-noir\/#breadcrumb\"},\"inLanguage\":\"fr-FR\",\"potentialAction\":[{\"@type\":\"ReadAction\",\"target\":[\"https:\/\/www.erresse-shop.it\/fr\/shop\/poeles-pots\/casseroles\/le-creuset-casserole-avec-manche-18-cm-noir\/\"]}]},{\"@type\":\"BreadcrumbList\",\"@id\":\"https:\/\/www.erresse-shop.it\/fr\/shop\/poeles-pots\/casseroles\/le-creuset-casserole-avec-manche-18-cm-noir\/#breadcrumb\",\"itemListElement\":[{\"@type\":\"ListItem\",\"position\":1,\"name\":\"Home\",\"item\":\"https:\/\/www.erresse-shop.it\/fr\/\"},{\"@type\":\"ListItem\",\"position\":2,\"name\":\"Shop\",\"item\":\"https:\/\/www.erresse-shop.it\/fr\/shop\/\"},{\"@type\":\"ListItem\",\"position\":3,\"name\":\"LE CREUSET Casserole avec Manche 18 cm Noir\"}]},{\"@type\":\"WebSite\",\"@id\":\"https:\/\/www.erresse-shop.it\/fr\/#website\",\"url\":\"https:\/\/www.erresse-shop.it\/fr\/\",\"name\":\"Erresse Shop\",\"description\":\"Articoli di qualit\u00e0 per la casa\",\"potentialAction\":[{\"@type\":\"SearchAction\",\"target\":{\"@type\":\"EntryPoint\",\"urlTemplate\":\"https:\/\/www.erresse-shop.it\/fr\/?s={search_term_string}\"},\"query-input\":\"required name=search_term_string\"}],\"inLanguage\":\"fr-FR\"}]}<\/script>\n<!-- \/ Yoast SEO Premium plugin. -->","yoast_head_json":{"title":"LE CREUSET Casserole avec Manche 18 cm Noir","description":"D\u00e9couvrez LE CREUSET Casserole avec Manche 18 cm Noir sur ErresseShop. Qualit\u00e9, prix r\u00e9duits et achat s\u00e9curis\u00e9 \u2013 commandez d\u00e8s maintenant en ligne !","robots":{"index":"index","follow":"follow","max-snippet":"max-snippet:-1","max-image-preview":"max-image-preview:large","max-video-preview":"max-video-preview:-1"},"canonical":"https:\/\/www.erresse-shop.it\/fr\/shop\/poeles-pots\/casseroles\/le-creuset-casserole-avec-manche-18-cm-noir\/","og_locale":"fr_FR","og_type":"article","og_title":"LE CREUSET Casserole avec Manche 18 cm Noir","og_description":"D\u00e9couvrez LE CREUSET Casserole avec Manche 18 cm Noir sur ErresseShop. Qualit\u00e9, prix r\u00e9duits et achat s\u00e9curis\u00e9 \u2013 commandez d\u00e8s maintenant en ligne !","og_url":"https:\/\/www.erresse-shop.it\/fr\/shop\/poeles-pots\/casseroles\/le-creuset-casserole-avec-manche-18-cm-noir\/","og_site_name":"Erresse Shop","article_modified_time":"2025-01-13T14:59:49+00:00","og_image":[{"width":800,"height":800,"url":"https:\/\/www.erresse-shop.it\/wp-content\/uploads\/2021\/05\/LE-CREUSET-Casseruola-Manico-Alluminio-18cm-4.jpg","type":"image\/jpeg"}],"twitter_card":"summary_large_image","schema":{"@context":"https:\/\/schema.org","@graph":[{"@type":"WebPage","@id":"https:\/\/www.erresse-shop.it\/fr\/shop\/poeles-pots\/casseroles\/le-creuset-casserole-avec-manche-18-cm-noir\/","url":"https:\/\/www.erresse-shop.it\/fr\/shop\/poeles-pots\/casseroles\/le-creuset-casserole-avec-manche-18-cm-noir\/","name":"LE CREUSET Casserole avec Manche 18 cm Noir","isPartOf":{"@id":"https:\/\/www.erresse-shop.it\/fr\/#website"},"datePublished":"2021-05-03T08:04:35+00:00","dateModified":"2025-01-13T14:59:49+00:00","description":"D\u00e9couvrez LE CREUSET Casserole avec Manche 18 cm Noir sur ErresseShop. Qualit\u00e9, prix r\u00e9duits et achat s\u00e9curis\u00e9 \u2013 commandez d\u00e8s maintenant en ligne !","breadcrumb":{"@id":"https:\/\/www.erresse-shop.it\/fr\/shop\/poeles-pots\/casseroles\/le-creuset-casserole-avec-manche-18-cm-noir\/#breadcrumb"},"inLanguage":"fr-FR","potentialAction":[{"@type":"ReadAction","target":["https:\/\/www.erresse-shop.it\/fr\/shop\/poeles-pots\/casseroles\/le-creuset-casserole-avec-manche-18-cm-noir\/"]}]},{"@type":"BreadcrumbList","@id":"https:\/\/www.erresse-shop.it\/fr\/shop\/poeles-pots\/casseroles\/le-creuset-casserole-avec-manche-18-cm-noir\/#breadcrumb","itemListElement":[{"@type":"ListItem","position":1,"name":"Home","item":"https:\/\/www.erresse-shop.it\/fr\/"},{"@type":"ListItem","position":2,"name":"Shop","item":"https:\/\/www.erresse-shop.it\/fr\/shop\/"},{"@type":"ListItem","position":3,"name":"LE CREUSET Casserole avec Manche 18 cm Noir"}]},{"@type":"WebSite","@id":"https:\/\/www.erresse-shop.it\/fr\/#website","url":"https:\/\/www.erresse-shop.it\/fr\/","name":"Erresse Shop","description":"Articoli di qualit\u00e0 per la casa","potentialAction":[{"@type":"SearchAction","target":{"@type":"EntryPoint","urlTemplate":"https:\/\/www.erresse-shop.it\/fr\/?s={search_term_string}"},"query-input":"required name=search_term_string"}],"inLanguage":"fr-FR"}]}},"df_price":69.75,"df_sale_price":69.75,"df_regular_price":155,"df_image_link":"https:\/\/www.erresse-shop.it\/wp-content\/uploads\/2021\/05\/LE-CREUSET-Casseruola-Manico-Alluminio-18cm-4-300x300.jpg","_links":{"self":[{"href":"https:\/\/www.erresse-shop.it\/fr\/wp-json\/wp\/v2\/product\/97692"}],"collection":[{"href":"https:\/\/www.erresse-shop.it\/fr\/wp-json\/wp\/v2\/product"}],"about":[{"href":"https:\/\/www.erresse-shop.it\/fr\/wp-json\/wp\/v2\/types\/product"}],"wp:featuredmedia":[{"embeddable":true,"href":"https:\/\/www.erresse-shop.it\/fr\/wp-json\/wp\/v2\/media\/180944"}],"wp:attachment":[{"href":"https:\/\/www.erresse-shop.it\/fr\/wp-json\/wp\/v2\/media?parent=97692"}],"wp:term":[{"taxonomy":"product_cat","embeddable":true,"href":"https:\/\/www.erresse-shop.it\/fr\/wp-json\/wp\/v2\/product_cat?post=97692"},{"taxonomy":"product_tag","embeddable":true,"href":"https:\/\/www.erresse-shop.it\/fr\/wp-json\/wp\/v2\/product_tag?post=97692"}],"curies":[{"name":"wp","href":"https:\/\/api.w.org\/{rel}","templated":true}]}}