{"id":97588,"date":"2021-04-30T13:29:53","date_gmt":"2021-04-30T13:29:56","guid":{"rendered":"https:\/\/www.erresse-shop.it\/?post_type=product&#038;p=97588"},"modified":"2025-01-13T14:59:41","modified_gmt":"2025-01-13T14:59:41","slug":"taitu-saladier-moyen-radicchio","status":"publish","type":"product","link":"https:\/\/www.erresse-shop.it\/fr\/shop\/cuisine\/taitu-saladier-moyen-radicchio\/","title":{"rendered":"TAIT\u00d9 Dieta Mediterranea Saladier Moyen Radicchio"},"content":{"rendered":"<p><strong>Peint \u00e0 la main<br \/>\nMat\u00e9rial:<\/strong> Fine Porcelain<\/p>\n<ul>\n<li><strong>CONCEPTS NOVATEURS<\/strong><br \/>\nLe concept <strong>TAIT\u00d9<\/strong> exprime un sentiment de libert\u00e9 de composition et d&#8217;utilisation dans un arrangement kal\u00e9idoscopique de formes, de sujets et de couleurs. La libert\u00e9 de combiner les collections de 1000 fa\u00e7ons diff\u00e9rentes, en apportant chaque jour de nouvelles \u00e9motions. La polyvalence et l&#8217;audace animent l&#8217;<strong>UNCONVENTIONAL TABLE<\/strong>, une approche innovante pour cr\u00e9er une table personnalis\u00e9e et non conventionnelle.<\/li>\n<li><strong>ARTISANIT\u00c9<\/strong><br \/>\nComme toujours, <strong>TAIT\u00d9<\/strong> continue de se distinguer par son haut niveau d&#8217;artisanat, tant dans ses d\u00e9corations que dans sa production. De la conception \u00e0 l&#8217;\u00e9bauche, les d\u00e9corations continuent d&#8217;\u00eatre <strong>r\u00e9alis\u00e9es enti\u00e8rement \u00e0 la main<\/strong> dans les moindres d\u00e9tails : chaque feuille, par exemple, est le r\u00e9sultat de 7 nuances de vert et plus. Une perfection atteinte par des ma\u00eetres artisans capables de mettre en valeur au maximum les couleurs, les d\u00e9corations et les formes sur les mat\u00e9riaux les plus pr\u00e9cieux.<\/li>\n<li><strong>STYLE ITALIEN<\/strong><br \/>\nEt la qualit\u00e9 est toujours le meilleur choix : le design italien pur et les concepts cr\u00e9atifs de <strong>TAIT\u00d9<\/strong> ne passent pas inaper\u00e7us face \u00e0 la curiosit\u00e9 exigeante des plus grands chefs italiens et internationaux. Le grand chef Alain Ducasse, v\u00e9ritable connaisseur de l&#8217;espresso, a choisi de servir son caf\u00e9 dans des tasses <strong>TAIT\u00d9<\/strong> dans ses auberges toscanes.<\/li>\n<\/ul>\n","protected":false},"excerpt":{"rendered":"<p>Peint \u00e0 la main Mat\u00e9rial: Fine Porcelain CONCEPTS NOVATEURS Le concept TAIT\u00d9 exprime un sentiment de libert\u00e9 de composition et<\/p>\n","protected":false},"featured_media":97592,"template":"","meta":{"_acf_changed":false,"inline_featured_image":false},"product_cat":[12748],"product_tag":[23910,13360,23690,14248,24603],"acf":[],"yoast_head":"<!-- This site is optimized with the Yoast SEO Premium plugin v18.6 (Yoast SEO v19.13) - https:\/\/yoast.com\/wordpress\/plugins\/seo\/ -->\n<title>TAIT\u00d9 Dieta Mediterranea Saladier Moyen Radicchio<\/title>\n<meta name=\"description\" content=\"D\u00e9couvrez TAIT\u00d9 Dieta Mediterranea Saladier Moyen Radicchio sur ErresseShop. Qualit\u00e9, prix r\u00e9duits et achat s\u00e9curis\u00e9 \u2013 commandez d\u00e8s maintenant en ligne !\" \/>\n<meta name=\"robots\" content=\"index, follow, max-snippet:-1, max-image-preview:large, max-video-preview:-1\" \/>\n<link rel=\"canonical\" href=\"https:\/\/www.erresse-shop.it\/fr\/shop\/cuisine\/taitu-saladier-moyen-radicchio\/\" \/>\n<meta property=\"og:locale\" content=\"fr_FR\" \/>\n<meta property=\"og:type\" content=\"article\" \/>\n<meta property=\"og:title\" content=\"TAIT\u00d9 Dieta Mediterranea Saladier Moyen Radicchio\" \/>\n<meta property=\"og:description\" content=\"D\u00e9couvrez TAIT\u00d9 Dieta Mediterranea Saladier Moyen Radicchio sur ErresseShop. Qualit\u00e9, prix r\u00e9duits et achat s\u00e9curis\u00e9 \u2013 commandez d\u00e8s maintenant en ligne !\" \/>\n<meta property=\"og:url\" content=\"https:\/\/www.erresse-shop.it\/fr\/shop\/cuisine\/taitu-saladier-moyen-radicchio\/\" \/>\n<meta property=\"og:site_name\" content=\"Erresse Shop\" \/>\n<meta property=\"article:modified_time\" content=\"2025-01-13T14:59:41+00:00\" \/>\n<meta property=\"og:image\" content=\"https:\/\/www.erresse-shop.it\/wp-content\/uploads\/2021\/04\/Taitu-Dieta-Mediterranea-Ciotola-Radicchio-1.jpg\" \/>\n\t<meta property=\"og:image:width\" content=\"1200\" \/>\n\t<meta property=\"og:image:height\" content=\"1200\" \/>\n\t<meta property=\"og:image:type\" content=\"image\/jpeg\" \/>\n<meta name=\"twitter:card\" content=\"summary_large_image\" \/>\n<script type=\"application\/ld+json\" class=\"yoast-schema-graph\">{\"@context\":\"https:\/\/schema.org\",\"@graph\":[{\"@type\":\"WebPage\",\"@id\":\"https:\/\/www.erresse-shop.it\/fr\/shop\/cuisine\/taitu-saladier-moyen-radicchio\/\",\"url\":\"https:\/\/www.erresse-shop.it\/fr\/shop\/cuisine\/taitu-saladier-moyen-radicchio\/\",\"name\":\"TAIT\u00d9 Dieta Mediterranea Saladier Moyen Radicchio\",\"isPartOf\":{\"@id\":\"https:\/\/www.erresse-shop.it\/fr\/#website\"},\"datePublished\":\"2021-04-30T13:29:56+00:00\",\"dateModified\":\"2025-01-13T14:59:41+00:00\",\"description\":\"D\u00e9couvrez TAIT\u00d9 Dieta Mediterranea Saladier Moyen Radicchio sur ErresseShop. Qualit\u00e9, prix r\u00e9duits et achat s\u00e9curis\u00e9 \u2013 commandez d\u00e8s maintenant en ligne !\",\"breadcrumb\":{\"@id\":\"https:\/\/www.erresse-shop.it\/fr\/shop\/cuisine\/taitu-saladier-moyen-radicchio\/#breadcrumb\"},\"inLanguage\":\"fr-FR\",\"potentialAction\":[{\"@type\":\"ReadAction\",\"target\":[\"https:\/\/www.erresse-shop.it\/fr\/shop\/cuisine\/taitu-saladier-moyen-radicchio\/\"]}]},{\"@type\":\"BreadcrumbList\",\"@id\":\"https:\/\/www.erresse-shop.it\/fr\/shop\/cuisine\/taitu-saladier-moyen-radicchio\/#breadcrumb\",\"itemListElement\":[{\"@type\":\"ListItem\",\"position\":1,\"name\":\"Home\",\"item\":\"https:\/\/www.erresse-shop.it\/fr\/\"},{\"@type\":\"ListItem\",\"position\":2,\"name\":\"Shop\",\"item\":\"https:\/\/www.erresse-shop.it\/fr\/shop\/\"},{\"@type\":\"ListItem\",\"position\":3,\"name\":\"TAIT\u00d9 Dieta Mediterranea Saladier Moyen Radicchio\"}]},{\"@type\":\"WebSite\",\"@id\":\"https:\/\/www.erresse-shop.it\/fr\/#website\",\"url\":\"https:\/\/www.erresse-shop.it\/fr\/\",\"name\":\"Erresse Shop\",\"description\":\"Articoli di qualit\u00e0 per la casa\",\"potentialAction\":[{\"@type\":\"SearchAction\",\"target\":{\"@type\":\"EntryPoint\",\"urlTemplate\":\"https:\/\/www.erresse-shop.it\/fr\/?s={search_term_string}\"},\"query-input\":\"required name=search_term_string\"}],\"inLanguage\":\"fr-FR\"}]}<\/script>\n<!-- \/ Yoast SEO Premium plugin. -->","yoast_head_json":{"title":"TAIT\u00d9 Dieta Mediterranea Saladier Moyen Radicchio","description":"D\u00e9couvrez TAIT\u00d9 Dieta Mediterranea Saladier Moyen Radicchio sur ErresseShop. Qualit\u00e9, prix r\u00e9duits et achat s\u00e9curis\u00e9 \u2013 commandez d\u00e8s maintenant en ligne !","robots":{"index":"index","follow":"follow","max-snippet":"max-snippet:-1","max-image-preview":"max-image-preview:large","max-video-preview":"max-video-preview:-1"},"canonical":"https:\/\/www.erresse-shop.it\/fr\/shop\/cuisine\/taitu-saladier-moyen-radicchio\/","og_locale":"fr_FR","og_type":"article","og_title":"TAIT\u00d9 Dieta Mediterranea Saladier Moyen Radicchio","og_description":"D\u00e9couvrez TAIT\u00d9 Dieta Mediterranea Saladier Moyen Radicchio sur ErresseShop. Qualit\u00e9, prix r\u00e9duits et achat s\u00e9curis\u00e9 \u2013 commandez d\u00e8s maintenant en ligne !","og_url":"https:\/\/www.erresse-shop.it\/fr\/shop\/cuisine\/taitu-saladier-moyen-radicchio\/","og_site_name":"Erresse Shop","article_modified_time":"2025-01-13T14:59:41+00:00","og_image":[{"width":1200,"height":1200,"url":"https:\/\/www.erresse-shop.it\/wp-content\/uploads\/2021\/04\/Taitu-Dieta-Mediterranea-Ciotola-Radicchio-1.jpg","type":"image\/jpeg"}],"twitter_card":"summary_large_image","schema":{"@context":"https:\/\/schema.org","@graph":[{"@type":"WebPage","@id":"https:\/\/www.erresse-shop.it\/fr\/shop\/cuisine\/taitu-saladier-moyen-radicchio\/","url":"https:\/\/www.erresse-shop.it\/fr\/shop\/cuisine\/taitu-saladier-moyen-radicchio\/","name":"TAIT\u00d9 Dieta Mediterranea Saladier Moyen Radicchio","isPartOf":{"@id":"https:\/\/www.erresse-shop.it\/fr\/#website"},"datePublished":"2021-04-30T13:29:56+00:00","dateModified":"2025-01-13T14:59:41+00:00","description":"D\u00e9couvrez TAIT\u00d9 Dieta Mediterranea Saladier Moyen Radicchio sur ErresseShop. Qualit\u00e9, prix r\u00e9duits et achat s\u00e9curis\u00e9 \u2013 commandez d\u00e8s maintenant en ligne !","breadcrumb":{"@id":"https:\/\/www.erresse-shop.it\/fr\/shop\/cuisine\/taitu-saladier-moyen-radicchio\/#breadcrumb"},"inLanguage":"fr-FR","potentialAction":[{"@type":"ReadAction","target":["https:\/\/www.erresse-shop.it\/fr\/shop\/cuisine\/taitu-saladier-moyen-radicchio\/"]}]},{"@type":"BreadcrumbList","@id":"https:\/\/www.erresse-shop.it\/fr\/shop\/cuisine\/taitu-saladier-moyen-radicchio\/#breadcrumb","itemListElement":[{"@type":"ListItem","position":1,"name":"Home","item":"https:\/\/www.erresse-shop.it\/fr\/"},{"@type":"ListItem","position":2,"name":"Shop","item":"https:\/\/www.erresse-shop.it\/fr\/shop\/"},{"@type":"ListItem","position":3,"name":"TAIT\u00d9 Dieta Mediterranea Saladier Moyen Radicchio"}]},{"@type":"WebSite","@id":"https:\/\/www.erresse-shop.it\/fr\/#website","url":"https:\/\/www.erresse-shop.it\/fr\/","name":"Erresse Shop","description":"Articoli di qualit\u00e0 per la casa","potentialAction":[{"@type":"SearchAction","target":{"@type":"EntryPoint","urlTemplate":"https:\/\/www.erresse-shop.it\/fr\/?s={search_term_string}"},"query-input":"required name=search_term_string"}],"inLanguage":"fr-FR"}]}},"df_price":46.2,"df_sale_price":46.2,"df_regular_price":84,"df_image_link":"https:\/\/www.erresse-shop.it\/wp-content\/uploads\/2021\/04\/Taitu-Dieta-Mediterranea-Ciotola-Radicchio-1-300x300.jpg","_links":{"self":[{"href":"https:\/\/www.erresse-shop.it\/fr\/wp-json\/wp\/v2\/product\/97588"}],"collection":[{"href":"https:\/\/www.erresse-shop.it\/fr\/wp-json\/wp\/v2\/product"}],"about":[{"href":"https:\/\/www.erresse-shop.it\/fr\/wp-json\/wp\/v2\/types\/product"}],"wp:featuredmedia":[{"embeddable":true,"href":"https:\/\/www.erresse-shop.it\/fr\/wp-json\/wp\/v2\/media\/97592"}],"wp:attachment":[{"href":"https:\/\/www.erresse-shop.it\/fr\/wp-json\/wp\/v2\/media?parent=97588"}],"wp:term":[{"taxonomy":"product_cat","embeddable":true,"href":"https:\/\/www.erresse-shop.it\/fr\/wp-json\/wp\/v2\/product_cat?post=97588"},{"taxonomy":"product_tag","embeddable":true,"href":"https:\/\/www.erresse-shop.it\/fr\/wp-json\/wp\/v2\/product_tag?post=97588"}],"curies":[{"name":"wp","href":"https:\/\/api.w.org\/{rel}","templated":true}]}}