{"id":97198,"date":"2021-04-26T13:37:05","date_gmt":"2021-04-26T13:37:07","guid":{"rendered":"https:\/\/www.erresse-shop.it\/?post_type=product&#038;p=97198"},"modified":"2025-01-13T14:59:07","modified_gmt":"2025-01-13T14:59:07","slug":"vulcanus-butcher","status":"publish","type":"product","link":"https:\/\/www.erresse-shop.it\/fr\/shop\/petits-electromenagers\/grilles-et-barbecues\/vulcanus-butcher\/","title":{"rendered":"VULCANUS Butcher"},"content":{"rendered":"<p><strong><span style=\"color: #000000;\"><span style=\"text-decoration: underline;\">LE PRIX COMPREND L&#8217;EXP\u00c9DITION SUR PALETTE.<\/span><br \/>\n<span style=\"text-decoration: underline;\">LE PRODUIT EST VENDU UNIQUEMENT EN ITALIE (pour tous les autres pays, contactez info@erresse-shop.it).<\/span><\/span><\/strong><\/p>\n<p><span style=\"color: #000000;\">Un r\u00e9sultat de qualit\u00e9 r\u00e9clame un \u00e9quipement de professionnel. Vous d\u00e9couperez facilement les aliments sur une plaque massive en bois et pr\u00e9parerez tout confortablement. Vous trouverez dans le pied un endroit pour le bois et un tiroir pour d\u00e9poser la vaisselle ou ingr\u00e9dients. Vous ne pourrez bient\u00f4t plus vous en passer !<\/span><\/p>\n<p><span style=\"text-decoration: underline;\"><span style=\"color: #3366ff; text-decoration: underline;\"><a style=\"color: #3366ff; text-decoration: underline;\" href=\"https:\/\/www.youtube.com\/watch?v=t501y1Loq5A\" target=\"_blank\" rel=\"noopener\">Design, fonctionnalit\u00e9 et qualit\u00e9<\/a><\/span><\/span><br \/>\n<span style=\"text-decoration: underline;\"><span style=\"color: #3366ff; text-decoration: underline;\"><a style=\"color: #3366ff; text-decoration: underline;\" href=\"https:\/\/www.youtube.com\/watch?v=lZGdr8ePOCw\" target=\"_blank\" rel=\"noopener\">Devenez le roi du gril<\/a><\/span><\/span><br \/>\n<span style=\"text-decoration: underline;\"><span style=\"color: #3366ff; text-decoration: underline;\"><a style=\"color: #3366ff; text-decoration: underline;\" href=\"https:\/\/www.youtube.com\/watch?v=PFg0UL5UymE\" target=\"_blank\" rel=\"noopener\">Production du gril Vulcanus<\/a><\/span><\/span><br \/>\n<span style=\"text-decoration: underline;\"><span style=\"color: #3366ff; text-decoration: underline;\"><a style=\"color: #3366ff; text-decoration: underline;\" href=\"https:\/\/www.youtube.com\/watch?v=BkzShDNmCV8\" target=\"_blank\" rel=\"noopener\">Technologie du gril Vulcanus<\/a><\/span><\/span><\/p>\n<div class=\"su-youtube su-u-responsive-media-yes\"><iframe loading=\"lazy\" width=\"200\" height=\"200\" src=\"https:\/\/www.youtube.com\/embed\/qB_91lsqwis?\" frameborder=\"0\" allowfullscreen allow=\"autoplay; encrypted-media; picture-in-picture\" title=\"\"><\/iframe><\/div>\n<p>&nbsp;<\/p>\n<p><span style=\"color: #000000;\"><strong>Dur\u00e9e de garantie:<\/strong> pied 5 ans, plaque en bois 2 ans<\/span><br \/>\n<span style=\"color: #000000;\"><strong>Mat\u00e9riau:<\/strong> Cor-Ten, H\u00eatre<\/span><br \/>\n<span style=\"color: #000000;\"><strong>Traitement de surface:<\/strong> patine, huile<\/span><\/p>\n","protected":false},"excerpt":{"rendered":"<p>LE PRIX COMPREND L&#8217;EXP\u00c9DITION SUR PALETTE. LE PRODUIT EST VENDU UNIQUEMENT EN ITALIE (pour tous les autres pays, contactez info@erresse-shop.it).<\/p>\n","protected":false},"featured_media":502578,"template":"","meta":{"_acf_changed":false,"inline_featured_image":false},"product_cat":[13383,12449],"product_tag":[13384,13386,12858],"acf":[],"yoast_head":"<!-- This site is optimized with the Yoast SEO Premium plugin v18.6 (Yoast SEO v19.13) - https:\/\/yoast.com\/wordpress\/plugins\/seo\/ -->\n<title>VULCANUS Butcher<\/title>\n<meta name=\"description\" content=\"D\u00e9couvrez VULCANUS Butcher sur ErresseShop. Qualit\u00e9, prix r\u00e9duits et achat s\u00e9curis\u00e9 \u2013 commandez d\u00e8s maintenant en ligne !\" \/>\n<meta name=\"robots\" content=\"index, follow, max-snippet:-1, max-image-preview:large, max-video-preview:-1\" \/>\n<link rel=\"canonical\" href=\"https:\/\/www.erresse-shop.it\/fr\/shop\/petits-electromenagers\/grilles-et-barbecues\/vulcanus-butcher\/\" \/>\n<meta property=\"og:locale\" content=\"fr_FR\" \/>\n<meta property=\"og:type\" content=\"article\" \/>\n<meta property=\"og:title\" content=\"VULCANUS Butcher\" \/>\n<meta property=\"og:description\" content=\"D\u00e9couvrez VULCANUS Butcher sur ErresseShop. Qualit\u00e9, prix r\u00e9duits et achat s\u00e9curis\u00e9 \u2013 commandez d\u00e8s maintenant en ligne !\" \/>\n<meta property=\"og:url\" content=\"https:\/\/www.erresse-shop.it\/fr\/shop\/petits-electromenagers\/grilles-et-barbecues\/vulcanus-butcher\/\" \/>\n<meta property=\"og:site_name\" content=\"Erresse Shop\" \/>\n<meta property=\"article:modified_time\" content=\"2025-01-13T14:59:07+00:00\" \/>\n<meta property=\"og:image\" content=\"https:\/\/www.erresse-shop.it\/wp-content\/uploads\/2021\/04\/VULCANUS-Tavolo-da-Lavoro-1.jpg\" \/>\n\t<meta property=\"og:image:width\" content=\"800\" \/>\n\t<meta property=\"og:image:height\" content=\"800\" \/>\n\t<meta property=\"og:image:type\" content=\"image\/jpeg\" \/>\n<meta name=\"twitter:card\" content=\"summary_large_image\" \/>\n<script type=\"application\/ld+json\" class=\"yoast-schema-graph\">{\"@context\":\"https:\/\/schema.org\",\"@graph\":[{\"@type\":\"WebPage\",\"@id\":\"https:\/\/www.erresse-shop.it\/fr\/shop\/petits-electromenagers\/grilles-et-barbecues\/vulcanus-butcher\/\",\"url\":\"https:\/\/www.erresse-shop.it\/fr\/shop\/petits-electromenagers\/grilles-et-barbecues\/vulcanus-butcher\/\",\"name\":\"VULCANUS Butcher\",\"isPartOf\":{\"@id\":\"https:\/\/www.erresse-shop.it\/fr\/#website\"},\"datePublished\":\"2021-04-26T13:37:07+00:00\",\"dateModified\":\"2025-01-13T14:59:07+00:00\",\"description\":\"D\u00e9couvrez VULCANUS Butcher sur ErresseShop. Qualit\u00e9, prix r\u00e9duits et achat s\u00e9curis\u00e9 \u2013 commandez d\u00e8s maintenant en ligne !\",\"breadcrumb\":{\"@id\":\"https:\/\/www.erresse-shop.it\/fr\/shop\/petits-electromenagers\/grilles-et-barbecues\/vulcanus-butcher\/#breadcrumb\"},\"inLanguage\":\"fr-FR\",\"potentialAction\":[{\"@type\":\"ReadAction\",\"target\":[\"https:\/\/www.erresse-shop.it\/fr\/shop\/petits-electromenagers\/grilles-et-barbecues\/vulcanus-butcher\/\"]}]},{\"@type\":\"BreadcrumbList\",\"@id\":\"https:\/\/www.erresse-shop.it\/fr\/shop\/petits-electromenagers\/grilles-et-barbecues\/vulcanus-butcher\/#breadcrumb\",\"itemListElement\":[{\"@type\":\"ListItem\",\"position\":1,\"name\":\"Home\",\"item\":\"https:\/\/www.erresse-shop.it\/fr\/\"},{\"@type\":\"ListItem\",\"position\":2,\"name\":\"Shop\",\"item\":\"https:\/\/www.erresse-shop.it\/fr\/shop\/\"},{\"@type\":\"ListItem\",\"position\":3,\"name\":\"VULCANUS Butcher\"}]},{\"@type\":\"WebSite\",\"@id\":\"https:\/\/www.erresse-shop.it\/fr\/#website\",\"url\":\"https:\/\/www.erresse-shop.it\/fr\/\",\"name\":\"Erresse Shop\",\"description\":\"Articoli di qualit\u00e0 per la casa\",\"potentialAction\":[{\"@type\":\"SearchAction\",\"target\":{\"@type\":\"EntryPoint\",\"urlTemplate\":\"https:\/\/www.erresse-shop.it\/fr\/?s={search_term_string}\"},\"query-input\":\"required name=search_term_string\"}],\"inLanguage\":\"fr-FR\"}]}<\/script>\n<!-- \/ Yoast SEO Premium plugin. -->","yoast_head_json":{"title":"VULCANUS Butcher","description":"D\u00e9couvrez VULCANUS Butcher sur ErresseShop. Qualit\u00e9, prix r\u00e9duits et achat s\u00e9curis\u00e9 \u2013 commandez d\u00e8s maintenant en ligne !","robots":{"index":"index","follow":"follow","max-snippet":"max-snippet:-1","max-image-preview":"max-image-preview:large","max-video-preview":"max-video-preview:-1"},"canonical":"https:\/\/www.erresse-shop.it\/fr\/shop\/petits-electromenagers\/grilles-et-barbecues\/vulcanus-butcher\/","og_locale":"fr_FR","og_type":"article","og_title":"VULCANUS Butcher","og_description":"D\u00e9couvrez VULCANUS Butcher sur ErresseShop. Qualit\u00e9, prix r\u00e9duits et achat s\u00e9curis\u00e9 \u2013 commandez d\u00e8s maintenant en ligne !","og_url":"https:\/\/www.erresse-shop.it\/fr\/shop\/petits-electromenagers\/grilles-et-barbecues\/vulcanus-butcher\/","og_site_name":"Erresse Shop","article_modified_time":"2025-01-13T14:59:07+00:00","og_image":[{"width":800,"height":800,"url":"https:\/\/www.erresse-shop.it\/wp-content\/uploads\/2021\/04\/VULCANUS-Tavolo-da-Lavoro-1.jpg","type":"image\/jpeg"}],"twitter_card":"summary_large_image","schema":{"@context":"https:\/\/schema.org","@graph":[{"@type":"WebPage","@id":"https:\/\/www.erresse-shop.it\/fr\/shop\/petits-electromenagers\/grilles-et-barbecues\/vulcanus-butcher\/","url":"https:\/\/www.erresse-shop.it\/fr\/shop\/petits-electromenagers\/grilles-et-barbecues\/vulcanus-butcher\/","name":"VULCANUS Butcher","isPartOf":{"@id":"https:\/\/www.erresse-shop.it\/fr\/#website"},"datePublished":"2021-04-26T13:37:07+00:00","dateModified":"2025-01-13T14:59:07+00:00","description":"D\u00e9couvrez VULCANUS Butcher sur ErresseShop. Qualit\u00e9, prix r\u00e9duits et achat s\u00e9curis\u00e9 \u2013 commandez d\u00e8s maintenant en ligne !","breadcrumb":{"@id":"https:\/\/www.erresse-shop.it\/fr\/shop\/petits-electromenagers\/grilles-et-barbecues\/vulcanus-butcher\/#breadcrumb"},"inLanguage":"fr-FR","potentialAction":[{"@type":"ReadAction","target":["https:\/\/www.erresse-shop.it\/fr\/shop\/petits-electromenagers\/grilles-et-barbecues\/vulcanus-butcher\/"]}]},{"@type":"BreadcrumbList","@id":"https:\/\/www.erresse-shop.it\/fr\/shop\/petits-electromenagers\/grilles-et-barbecues\/vulcanus-butcher\/#breadcrumb","itemListElement":[{"@type":"ListItem","position":1,"name":"Home","item":"https:\/\/www.erresse-shop.it\/fr\/"},{"@type":"ListItem","position":2,"name":"Shop","item":"https:\/\/www.erresse-shop.it\/fr\/shop\/"},{"@type":"ListItem","position":3,"name":"VULCANUS Butcher"}]},{"@type":"WebSite","@id":"https:\/\/www.erresse-shop.it\/fr\/#website","url":"https:\/\/www.erresse-shop.it\/fr\/","name":"Erresse Shop","description":"Articoli di qualit\u00e0 per la casa","potentialAction":[{"@type":"SearchAction","target":{"@type":"EntryPoint","urlTemplate":"https:\/\/www.erresse-shop.it\/fr\/?s={search_term_string}"},"query-input":"required name=search_term_string"}],"inLanguage":"fr-FR"}]}},"df_price":990,"df_sale_price":990,"df_regular_price":990,"df_image_link":"https:\/\/www.erresse-shop.it\/wp-content\/uploads\/2021\/04\/VULCANUS-Tavolo-da-Lavoroo-300x300.jpg","_links":{"self":[{"href":"https:\/\/www.erresse-shop.it\/fr\/wp-json\/wp\/v2\/product\/97198"}],"collection":[{"href":"https:\/\/www.erresse-shop.it\/fr\/wp-json\/wp\/v2\/product"}],"about":[{"href":"https:\/\/www.erresse-shop.it\/fr\/wp-json\/wp\/v2\/types\/product"}],"wp:featuredmedia":[{"embeddable":true,"href":"https:\/\/www.erresse-shop.it\/fr\/wp-json\/wp\/v2\/media\/502578"}],"wp:attachment":[{"href":"https:\/\/www.erresse-shop.it\/fr\/wp-json\/wp\/v2\/media?parent=97198"}],"wp:term":[{"taxonomy":"product_cat","embeddable":true,"href":"https:\/\/www.erresse-shop.it\/fr\/wp-json\/wp\/v2\/product_cat?post=97198"},{"taxonomy":"product_tag","embeddable":true,"href":"https:\/\/www.erresse-shop.it\/fr\/wp-json\/wp\/v2\/product_tag?post=97198"}],"curies":[{"name":"wp","href":"https:\/\/api.w.org\/{rel}","templated":true}]}}