{"id":97186,"date":"2021-04-26T13:22:48","date_gmt":"2021-04-26T13:22:50","guid":{"rendered":"https:\/\/www.erresse-shop.it\/?post_type=product&#038;p=97186"},"modified":"2025-01-13T14:59:05","modified_gmt":"2025-01-13T14:59:05","slug":"vulcanus-grill-pro730-masterchef","status":"publish","type":"product","link":"https:\/\/www.erresse-shop.it\/fr\/shop\/petits-electromenagers\/grilles-et-barbecues\/vulcanus-grill-pro730-masterchef\/","title":{"rendered":"VULCANUS Grill Pro730 Masterchef"},"content":{"rendered":"<p><span style=\"color: #000000;\"><strong><span style=\"text-decoration: underline;\">LE PRIX COMPREND L&#8217;EXP\u00c9DITION SUR PALETTE.<\/span><br \/>\n<span style=\"text-decoration: underline;\">LE PRODUIT EST VENDU UNIQUEMENT EN ITALIE (pour tous les autres pays, contactez info@erresse-shop.it).<\/span><\/strong><\/span><\/p>\n<p><span style=\"color: #000000;\">Faites griller vos aliments en vous tenant debout et en prenant exemple sur les plus grands ma\u00eetres et d\u00e9coupez les aliments directement sur la plaque en bois massif faisant partie du socle. <strong>Vulcanus Pro730 Masterchef<\/strong> (plaque de grillage 73 x 73 cm) avec un socle \u00e9lev\u00e9 et rallong\u00e9 offre plus de place pour les aliments, la vaisselle et le bois. <\/span><\/p>\n<p><span style=\"color: #000000;\">Les <strong>grils Vulcanus<\/strong> ont un design brevet\u00e9 luxueux. Leur corps est fabriqu\u00e9 en acier patin\u00e9 COR-TEN et muni d\u2019une garniture \u00e0 accumulation. Celle-ci assure une meilleure circulation de l\u2019air chaud \u00e0 l\u2019int\u00e9rieur du gril. Elle garantit aussi une stabilit\u00e9 thermique et une baisse de la consommation de bois lorsque le gril est utilis\u00e9.<\/span><br \/>\n<span style=\"color: #000000;\">La forme carr\u00e9e de la plaque a une surface plus grande d\u20191\/3 par rapport aux grils ronds classiques. La plaque elle-m\u00eame est divis\u00e9e en deux zones thermiques. Vous pouvez donc faire des grillades et r\u00e9chauffer en m\u00eame temps des l\u00e9gumes ou autres aliments.<\/span><\/p>\n<p><span style=\"color: #000000;\">Le pied haut et sp\u00e9cialement allong\u00e9 offre un plus grand compartiment de bois, un endroit pour d\u00e9poser la vaisselle et un billot de boucher professionnel. Pr\u00e9parez et servez des plats confortablement \u00e0 proximit\u00e9 du gril.<\/span><\/p>\n<ul>\n<li><span style=\"color: #000000;\">Plaque avec certification UE pour le contact avec les aliments.<\/span><\/li>\n<li><span style=\"color: #000000;\">Syst\u00e8me d\u2019\u00e9vacuation de la graisse pour des grillades saines sans substances canc\u00e9rig\u00e8nes.<\/span><\/li>\n<li><span style=\"color: #000000;\">Syst\u00e8me de d\u00e9versement simple de la cendre dans la partie basse du gril.<\/span><\/li>\n<\/ul>\n<p><span style=\"color: #000000;\"><strong>Quel bois utiliser avec le Vulcanus ?<\/strong><\/span><br \/>\n<span style=\"color: #000000;\">Pratiquement tous les types de bois dur sont adapt\u00e9s, si leur humidit\u00e9 r\u00e9siduelle est inf\u00e9rieure \u00e0 20 %. Le bois devrait donc \u00eatre suffisamment sec. Le bois humide lib\u00e8re lors de la combustion de la fum\u00e9e et du goudron, il y a ainsi plus de fum\u00e9e, une plus grande consommation de bois et une baisse de la puissance thermique. Nous recommandons des b\u00fbches s\u00e8ches d\u2019une longueur d\u2019environ 33 cm. Vous pouvez aussi utiliser du charbon de bois.<\/span><\/p>\n<p><span style=\"text-decoration: underline;\"><span style=\"color: #3366ff; text-decoration: underline;\"><a style=\"color: #3366ff; text-decoration: underline;\" href=\"https:\/\/www.youtube.com\/watch?v=t501y1Loq5A\" target=\"_blank\" rel=\"noopener\">Design, fonctionnalit\u00e9 et qualit\u00e9<\/a><\/span><\/span><br \/>\n<span style=\"text-decoration: underline;\"><span style=\"color: #3366ff; text-decoration: underline;\"><a style=\"color: #3366ff; text-decoration: underline;\" href=\"https:\/\/www.youtube.com\/watch?v=lZGdr8ePOCw\" target=\"_blank\" rel=\"noopener\">Devenez le roi du gril<\/a><\/span><\/span><br \/>\n<span style=\"text-decoration: underline;\"><span style=\"color: #3366ff; text-decoration: underline;\"><a style=\"color: #3366ff; text-decoration: underline;\" href=\"https:\/\/www.youtube.com\/watch?v=PFg0UL5UymE\" target=\"_blank\" rel=\"noopener\">Production du gril Vulcanus<\/a><\/span><\/span><br \/>\n<span style=\"text-decoration: underline;\"><span style=\"color: #3366ff; text-decoration: underline;\"><a style=\"color: #3366ff; text-decoration: underline;\" href=\"https:\/\/www.youtube.com\/watch?v=BkzShDNmCV8\" target=\"_blank\" rel=\"noopener\">Technologie du gril Vulcanus<\/a><\/span><\/span><\/p>\n<div class=\"su-youtube su-u-responsive-media-yes\"><iframe loading=\"lazy\" width=\"200\" height=\"200\" src=\"https:\/\/www.youtube.com\/embed\/qB_91lsqwis?\" frameborder=\"0\" allowfullscreen allow=\"autoplay; encrypted-media; picture-in-picture\" title=\"\"><\/iframe><\/div>\n<p>&nbsp;<\/p>\n<p><strong>Dur\u00e9e de garantie:<\/strong> 5 ans<br \/>\n<strong>Mat\u00e9riau:<\/strong> Italy Cor-Ten steel (Body) and Boiler steel (Plate)<br \/>\n<strong>Traitement de surface:<\/strong> patine, huile<br \/>\n<strong>Mode d\u2019emploi:<\/strong> <span style=\"color: #3366ff;\"><a style=\"color: #3366ff;\" href=\"https:\/\/vulcanus-design.fr\/sites\/default\/files\/perm\/wysiwyg\/fr.pdf\" target=\"_blank\" rel=\"noopener\">Mode d\u2019emploi<\/a><\/span><\/p>\n","protected":false},"excerpt":{"rendered":"<p>LE PRIX COMPREND L&#8217;EXP\u00c9DITION SUR PALETTE. LE PRODUIT EST VENDU UNIQUEMENT EN ITALIE (pour tous les autres pays, contactez info@erresse-shop.it).<\/p>\n","protected":false},"featured_media":502553,"template":"","meta":{"_acf_changed":false,"inline_featured_image":false},"product_cat":[13383,12449],"product_tag":[13384,13386,12858],"acf":[],"yoast_head":"<!-- This site is optimized with the Yoast SEO Premium plugin v18.6 (Yoast SEO v19.13) - https:\/\/yoast.com\/wordpress\/plugins\/seo\/ -->\n<title>VULCANUS Grill Pro730 Masterchef<\/title>\n<meta name=\"description\" content=\"D\u00e9couvrez VULCANUS Grill Pro730 Masterchef sur ErresseShop. Qualit\u00e9, prix r\u00e9duits et achat s\u00e9curis\u00e9 \u2013 commandez d\u00e8s maintenant en ligne !\" \/>\n<meta name=\"robots\" content=\"index, follow, max-snippet:-1, max-image-preview:large, max-video-preview:-1\" \/>\n<link rel=\"canonical\" href=\"https:\/\/www.erresse-shop.it\/fr\/shop\/petits-electromenagers\/grilles-et-barbecues\/vulcanus-grill-pro730-masterchef\/\" \/>\n<meta property=\"og:locale\" content=\"fr_FR\" \/>\n<meta property=\"og:type\" content=\"article\" \/>\n<meta property=\"og:title\" content=\"VULCANUS Grill Pro730 Masterchef\" \/>\n<meta property=\"og:description\" content=\"D\u00e9couvrez VULCANUS Grill Pro730 Masterchef sur ErresseShop. Qualit\u00e9, prix r\u00e9duits et achat s\u00e9curis\u00e9 \u2013 commandez d\u00e8s maintenant en ligne !\" \/>\n<meta property=\"og:url\" content=\"https:\/\/www.erresse-shop.it\/fr\/shop\/petits-electromenagers\/grilles-et-barbecues\/vulcanus-grill-pro730-masterchef\/\" \/>\n<meta property=\"og:site_name\" content=\"Erresse Shop\" \/>\n<meta property=\"article:modified_time\" content=\"2025-01-13T14:59:05+00:00\" \/>\n<meta property=\"og:image\" content=\"https:\/\/www.erresse-shop.it\/wp-content\/uploads\/2021\/04\/VULCANUS-Grill-Pro-730-Masterchef-1.jpg\" \/>\n\t<meta property=\"og:image:width\" content=\"800\" \/>\n\t<meta property=\"og:image:height\" content=\"800\" \/>\n\t<meta property=\"og:image:type\" content=\"image\/jpeg\" \/>\n<meta name=\"twitter:card\" content=\"summary_large_image\" \/>\n<script type=\"application\/ld+json\" class=\"yoast-schema-graph\">{\"@context\":\"https:\/\/schema.org\",\"@graph\":[{\"@type\":\"WebPage\",\"@id\":\"https:\/\/www.erresse-shop.it\/fr\/shop\/petits-electromenagers\/grilles-et-barbecues\/vulcanus-grill-pro730-masterchef\/\",\"url\":\"https:\/\/www.erresse-shop.it\/fr\/shop\/petits-electromenagers\/grilles-et-barbecues\/vulcanus-grill-pro730-masterchef\/\",\"name\":\"VULCANUS Grill Pro730 Masterchef\",\"isPartOf\":{\"@id\":\"https:\/\/www.erresse-shop.it\/fr\/#website\"},\"datePublished\":\"2021-04-26T13:22:50+00:00\",\"dateModified\":\"2025-01-13T14:59:05+00:00\",\"description\":\"D\u00e9couvrez VULCANUS Grill Pro730 Masterchef sur ErresseShop. Qualit\u00e9, prix r\u00e9duits et achat s\u00e9curis\u00e9 \u2013 commandez d\u00e8s maintenant en ligne !\",\"breadcrumb\":{\"@id\":\"https:\/\/www.erresse-shop.it\/fr\/shop\/petits-electromenagers\/grilles-et-barbecues\/vulcanus-grill-pro730-masterchef\/#breadcrumb\"},\"inLanguage\":\"fr-FR\",\"potentialAction\":[{\"@type\":\"ReadAction\",\"target\":[\"https:\/\/www.erresse-shop.it\/fr\/shop\/petits-electromenagers\/grilles-et-barbecues\/vulcanus-grill-pro730-masterchef\/\"]}]},{\"@type\":\"BreadcrumbList\",\"@id\":\"https:\/\/www.erresse-shop.it\/fr\/shop\/petits-electromenagers\/grilles-et-barbecues\/vulcanus-grill-pro730-masterchef\/#breadcrumb\",\"itemListElement\":[{\"@type\":\"ListItem\",\"position\":1,\"name\":\"Home\",\"item\":\"https:\/\/www.erresse-shop.it\/fr\/\"},{\"@type\":\"ListItem\",\"position\":2,\"name\":\"Shop\",\"item\":\"https:\/\/www.erresse-shop.it\/fr\/shop\/\"},{\"@type\":\"ListItem\",\"position\":3,\"name\":\"VULCANUS Grill Pro730 Masterchef\"}]},{\"@type\":\"WebSite\",\"@id\":\"https:\/\/www.erresse-shop.it\/fr\/#website\",\"url\":\"https:\/\/www.erresse-shop.it\/fr\/\",\"name\":\"Erresse Shop\",\"description\":\"Articoli di qualit\u00e0 per la casa\",\"potentialAction\":[{\"@type\":\"SearchAction\",\"target\":{\"@type\":\"EntryPoint\",\"urlTemplate\":\"https:\/\/www.erresse-shop.it\/fr\/?s={search_term_string}\"},\"query-input\":\"required name=search_term_string\"}],\"inLanguage\":\"fr-FR\"}]}<\/script>\n<!-- \/ Yoast SEO Premium plugin. -->","yoast_head_json":{"title":"VULCANUS Grill Pro730 Masterchef","description":"D\u00e9couvrez VULCANUS Grill Pro730 Masterchef sur ErresseShop. Qualit\u00e9, prix r\u00e9duits et achat s\u00e9curis\u00e9 \u2013 commandez d\u00e8s maintenant en ligne !","robots":{"index":"index","follow":"follow","max-snippet":"max-snippet:-1","max-image-preview":"max-image-preview:large","max-video-preview":"max-video-preview:-1"},"canonical":"https:\/\/www.erresse-shop.it\/fr\/shop\/petits-electromenagers\/grilles-et-barbecues\/vulcanus-grill-pro730-masterchef\/","og_locale":"fr_FR","og_type":"article","og_title":"VULCANUS Grill Pro730 Masterchef","og_description":"D\u00e9couvrez VULCANUS Grill Pro730 Masterchef sur ErresseShop. Qualit\u00e9, prix r\u00e9duits et achat s\u00e9curis\u00e9 \u2013 commandez d\u00e8s maintenant en ligne !","og_url":"https:\/\/www.erresse-shop.it\/fr\/shop\/petits-electromenagers\/grilles-et-barbecues\/vulcanus-grill-pro730-masterchef\/","og_site_name":"Erresse Shop","article_modified_time":"2025-01-13T14:59:05+00:00","og_image":[{"width":800,"height":800,"url":"https:\/\/www.erresse-shop.it\/wp-content\/uploads\/2021\/04\/VULCANUS-Grill-Pro-730-Masterchef-1.jpg","type":"image\/jpeg"}],"twitter_card":"summary_large_image","schema":{"@context":"https:\/\/schema.org","@graph":[{"@type":"WebPage","@id":"https:\/\/www.erresse-shop.it\/fr\/shop\/petits-electromenagers\/grilles-et-barbecues\/vulcanus-grill-pro730-masterchef\/","url":"https:\/\/www.erresse-shop.it\/fr\/shop\/petits-electromenagers\/grilles-et-barbecues\/vulcanus-grill-pro730-masterchef\/","name":"VULCANUS Grill Pro730 Masterchef","isPartOf":{"@id":"https:\/\/www.erresse-shop.it\/fr\/#website"},"datePublished":"2021-04-26T13:22:50+00:00","dateModified":"2025-01-13T14:59:05+00:00","description":"D\u00e9couvrez VULCANUS Grill Pro730 Masterchef sur ErresseShop. Qualit\u00e9, prix r\u00e9duits et achat s\u00e9curis\u00e9 \u2013 commandez d\u00e8s maintenant en ligne !","breadcrumb":{"@id":"https:\/\/www.erresse-shop.it\/fr\/shop\/petits-electromenagers\/grilles-et-barbecues\/vulcanus-grill-pro730-masterchef\/#breadcrumb"},"inLanguage":"fr-FR","potentialAction":[{"@type":"ReadAction","target":["https:\/\/www.erresse-shop.it\/fr\/shop\/petits-electromenagers\/grilles-et-barbecues\/vulcanus-grill-pro730-masterchef\/"]}]},{"@type":"BreadcrumbList","@id":"https:\/\/www.erresse-shop.it\/fr\/shop\/petits-electromenagers\/grilles-et-barbecues\/vulcanus-grill-pro730-masterchef\/#breadcrumb","itemListElement":[{"@type":"ListItem","position":1,"name":"Home","item":"https:\/\/www.erresse-shop.it\/fr\/"},{"@type":"ListItem","position":2,"name":"Shop","item":"https:\/\/www.erresse-shop.it\/fr\/shop\/"},{"@type":"ListItem","position":3,"name":"VULCANUS Grill Pro730 Masterchef"}]},{"@type":"WebSite","@id":"https:\/\/www.erresse-shop.it\/fr\/#website","url":"https:\/\/www.erresse-shop.it\/fr\/","name":"Erresse Shop","description":"Articoli di qualit\u00e0 per la casa","potentialAction":[{"@type":"SearchAction","target":{"@type":"EntryPoint","urlTemplate":"https:\/\/www.erresse-shop.it\/fr\/?s={search_term_string}"},"query-input":"required name=search_term_string"}],"inLanguage":"fr-FR"}]}},"df_price":3190,"df_sale_price":3190,"df_regular_price":3190,"df_image_link":"https:\/\/www.erresse-shop.it\/wp-content\/uploads\/2021\/04\/VULCANUS-Grill-Pro730-Masterchef-300x300.jpg","_links":{"self":[{"href":"https:\/\/www.erresse-shop.it\/fr\/wp-json\/wp\/v2\/product\/97186"}],"collection":[{"href":"https:\/\/www.erresse-shop.it\/fr\/wp-json\/wp\/v2\/product"}],"about":[{"href":"https:\/\/www.erresse-shop.it\/fr\/wp-json\/wp\/v2\/types\/product"}],"wp:featuredmedia":[{"embeddable":true,"href":"https:\/\/www.erresse-shop.it\/fr\/wp-json\/wp\/v2\/media\/502553"}],"wp:attachment":[{"href":"https:\/\/www.erresse-shop.it\/fr\/wp-json\/wp\/v2\/media?parent=97186"}],"wp:term":[{"taxonomy":"product_cat","embeddable":true,"href":"https:\/\/www.erresse-shop.it\/fr\/wp-json\/wp\/v2\/product_cat?post=97186"},{"taxonomy":"product_tag","embeddable":true,"href":"https:\/\/www.erresse-shop.it\/fr\/wp-json\/wp\/v2\/product_tag?post=97186"}],"curies":[{"name":"wp","href":"https:\/\/api.w.org\/{rel}","templated":true}]}}