{"id":97174,"date":"2021-04-26T13:06:00","date_gmt":"2021-04-26T13:06:01","guid":{"rendered":"https:\/\/www.erresse-shop.it\/?post_type=product&#038;p=97174"},"modified":"2025-01-13T14:59:03","modified_gmt":"2025-01-13T14:59:03","slug":"vulcanus-grill-pro730-chef","status":"publish","type":"product","link":"https:\/\/www.erresse-shop.it\/fr\/shop\/petits-electromenagers\/grilles-et-barbecues\/vulcanus-grill-pro730-chef\/","title":{"rendered":"VULCANUS Grill Pro730 Chef"},"content":{"rendered":"<p><span style=\"color: #000000;\"><strong><span style=\"text-decoration: underline;\">LE PRIX COMPREND L&#8217;EXP\u00c9DITION SUR PALETTE.<\/span><br \/>\n<span style=\"text-decoration: underline;\">LE PRODUIT EST VENDU UNIQUEMENT EN ITALIE (pour tous les autres pays, contactez info@erresse-shop.it).<\/span><\/strong><\/span><\/p>\n<p><span style=\"color: #000000;\">Profitez de la fa\u00e7on de griller les aliments en vous tenant debout. Un socle offrant un espace suffisant pour y d\u00e9poser le bois, la vaisselle ainsi que les aliments, fait partie du <strong>Vulcanusu Pro730 Chef<\/strong> (plaque de grillage 73 x 73 cm).<\/span><\/p>\n<p><span style=\"color: #000000;\">Les<strong> grils Vulcanus<\/strong> ont un design unique prot\u00e9g\u00e9 par un brevet. Leur corps est fabriqu\u00e9 en acier patin\u00e9 COR-TEN qui a une longue dur\u00e9e de vie. Il est de plus muni d\u2019une garniture \u00e0 accumulation pour une meilleure circulation de l\u2019air chaud, une stabilit\u00e9 thermique et une consommation r\u00e9duite de bois.<\/span><br \/>\n<span style=\"color: #000000;\">Gr\u00e2ce \u00e0 une forme carr\u00e9e, le gril a une surface de gril plus grande d\u20191\/3 par rapport aux grils ronds. Deux zones thermiques vous permettent de plus de faire des grillades et de r\u00e9chauffer en m\u00eame temps des fromages ou des l\u00e9gumes.<\/span><\/p>\n<p><span style=\"color: #000000;\">Le pied \u00e9lev\u00e9 avec r\u00e9servoir \u00e0 bois est comme fait pour faire des grillades debout de mani\u00e8re confortable. Vous pouvez de plus d\u00e9poser dans son tiroir de la vaisselle ou les autres produits que vous voulez avoir sous la main<\/span><\/p>\n<ul>\n<li><span style=\"color: #000000;\">Plaque d&#8217;une \u00e9paisseur de 12 mm munie d&#8217;une certification UE pour le contact avec les aliments.<\/span><\/li>\n<li><span style=\"color: #000000;\">Syst\u00e8me d\u2019\u00e9vacuation de la graisse pour des grillades saines sans substances canc\u00e9rig\u00e8nes.<\/span><\/li>\n<li><span style=\"color: #000000;\">Syst\u00e8me de d\u00e9versement simple de la cendre dans la partie basse du gril.<\/span><\/li>\n<\/ul>\n<p><span style=\"color: #000000;\"><strong>Quel bois utiliser avec le Vulcanus ?<\/strong><\/span><br \/>\n<span style=\"color: #000000;\">Pratiquement tous les types de bois dur sont adapt\u00e9s, si leur humidit\u00e9 r\u00e9siduelle est inf\u00e9rieure \u00e0 20 %. Le bois devrait donc \u00eatre suffisamment sec. Le bois humide lib\u00e8re lors de la combustion de la fum\u00e9e et du goudron, il y a ainsi plus de fum\u00e9e, une plus grande consommation de bois et une baisse de la puissance thermique. Nous recommandons des b\u00fbches s\u00e8ches d\u2019une longueur d\u2019environ 33 cm. Vous pouvez aussi utiliser du charbon de bois.<\/span><\/p>\n<p><span style=\"text-decoration: underline;\"><span style=\"color: #3366ff; text-decoration: underline;\"><a style=\"color: #3366ff; text-decoration: underline;\" href=\"https:\/\/www.youtube.com\/watch?v=t501y1Loq5A\" target=\"_blank\" rel=\"noopener\">Design, fonctionnalit\u00e9 et qualit\u00e9<\/a><\/span><\/span><br \/>\n<span style=\"text-decoration: underline;\"><span style=\"color: #3366ff; text-decoration: underline;\"><a style=\"color: #3366ff; text-decoration: underline;\" href=\"https:\/\/www.youtube.com\/watch?v=lZGdr8ePOCw\" target=\"_blank\" rel=\"noopener\">Devenez le roi du gril<\/a><\/span><\/span><br \/>\n<span style=\"text-decoration: underline;\"><span style=\"color: #3366ff; text-decoration: underline;\"><a style=\"color: #3366ff; text-decoration: underline;\" href=\"https:\/\/www.youtube.com\/watch?v=PFg0UL5UymE\" target=\"_blank\" rel=\"noopener\">Production du gril Vulcanus<\/a><\/span><\/span><br \/>\n<span style=\"text-decoration: underline;\"><span style=\"color: #3366ff; text-decoration: underline;\"><a style=\"color: #3366ff; text-decoration: underline;\" href=\"https:\/\/www.youtube.com\/watch?v=BkzShDNmCV8\" target=\"_blank\" rel=\"noopener\">Technologie du gril Vulcanus<\/a><\/span><\/span><\/p>\n<div class=\"su-youtube su-u-responsive-media-yes\"><iframe loading=\"lazy\" width=\"200\" height=\"200\" src=\"https:\/\/www.youtube.com\/embed\/qB_91lsqwis?\" frameborder=\"0\" allowfullscreen allow=\"autoplay; encrypted-media; picture-in-picture\" title=\"\"><\/iframe><\/div>\n<p>&nbsp;<\/p>\n<p><strong>Dur\u00e9e de garantie:<\/strong> 5 ans<br \/>\n<strong>Mat\u00e9riau:<\/strong> Italy Cor-Ten steel (Body) and Boiler steel (Plate)<br \/>\n<strong>Traitement de surface:<\/strong> patine, huile<br \/>\n<strong>Mode d\u2019emploi:<\/strong> <span style=\"color: #3366ff;\"><a style=\"color: #3366ff;\" href=\"https:\/\/vulcanus-design.fr\/sites\/default\/files\/perm\/wysiwyg\/fr.pdf\" target=\"_blank\" rel=\"noopener\">Mode d\u2019emploi<\/a><\/span><\/p>\n","protected":false},"excerpt":{"rendered":"<p>LE PRIX COMPREND L&#8217;EXP\u00c9DITION SUR PALETTE. LE PRODUIT EST VENDU UNIQUEMENT EN ITALIE (pour tous les autres pays, contactez info@erresse-shop.it).<\/p>\n","protected":false},"featured_media":502546,"template":"","meta":{"_acf_changed":false,"inline_featured_image":false},"product_cat":[13383,12449],"product_tag":[13384,13386,12858],"acf":[],"yoast_head":"<!-- This site is optimized with the Yoast SEO Premium plugin v18.6 (Yoast SEO v19.13) - https:\/\/yoast.com\/wordpress\/plugins\/seo\/ -->\n<title>VULCANUS Grill Pro730 Chef<\/title>\n<meta name=\"description\" content=\"D\u00e9couvrez VULCANUS Grill Pro730 Chef sur ErresseShop. Qualit\u00e9, prix r\u00e9duits et achat s\u00e9curis\u00e9 \u2013 commandez d\u00e8s maintenant en ligne !\" \/>\n<meta name=\"robots\" content=\"index, follow, max-snippet:-1, max-image-preview:large, max-video-preview:-1\" \/>\n<link rel=\"canonical\" href=\"https:\/\/www.erresse-shop.it\/fr\/shop\/petits-electromenagers\/grilles-et-barbecues\/vulcanus-grill-pro730-chef\/\" \/>\n<meta property=\"og:locale\" content=\"fr_FR\" \/>\n<meta property=\"og:type\" content=\"article\" \/>\n<meta property=\"og:title\" content=\"VULCANUS Grill Pro730 Chef\" \/>\n<meta property=\"og:description\" content=\"D\u00e9couvrez VULCANUS Grill Pro730 Chef sur ErresseShop. Qualit\u00e9, prix r\u00e9duits et achat s\u00e9curis\u00e9 \u2013 commandez d\u00e8s maintenant en ligne !\" \/>\n<meta property=\"og:url\" content=\"https:\/\/www.erresse-shop.it\/fr\/shop\/petits-electromenagers\/grilles-et-barbecues\/vulcanus-grill-pro730-chef\/\" \/>\n<meta property=\"og:site_name\" content=\"Erresse Shop\" \/>\n<meta property=\"article:modified_time\" content=\"2025-01-13T14:59:03+00:00\" \/>\n<meta property=\"og:image\" content=\"https:\/\/www.erresse-shop.it\/wp-content\/uploads\/2021\/04\/VULCANUS-Grill-Pro-730-Chef-1.jpg\" \/>\n\t<meta property=\"og:image:width\" content=\"800\" \/>\n\t<meta property=\"og:image:height\" content=\"800\" \/>\n\t<meta property=\"og:image:type\" content=\"image\/jpeg\" \/>\n<meta name=\"twitter:card\" content=\"summary_large_image\" \/>\n<script type=\"application\/ld+json\" class=\"yoast-schema-graph\">{\"@context\":\"https:\/\/schema.org\",\"@graph\":[{\"@type\":\"WebPage\",\"@id\":\"https:\/\/www.erresse-shop.it\/fr\/shop\/petits-electromenagers\/grilles-et-barbecues\/vulcanus-grill-pro730-chef\/\",\"url\":\"https:\/\/www.erresse-shop.it\/fr\/shop\/petits-electromenagers\/grilles-et-barbecues\/vulcanus-grill-pro730-chef\/\",\"name\":\"VULCANUS Grill Pro730 Chef\",\"isPartOf\":{\"@id\":\"https:\/\/www.erresse-shop.it\/fr\/#website\"},\"datePublished\":\"2021-04-26T13:06:01+00:00\",\"dateModified\":\"2025-01-13T14:59:03+00:00\",\"description\":\"D\u00e9couvrez VULCANUS Grill Pro730 Chef sur ErresseShop. Qualit\u00e9, prix r\u00e9duits et achat s\u00e9curis\u00e9 \u2013 commandez d\u00e8s maintenant en ligne !\",\"breadcrumb\":{\"@id\":\"https:\/\/www.erresse-shop.it\/fr\/shop\/petits-electromenagers\/grilles-et-barbecues\/vulcanus-grill-pro730-chef\/#breadcrumb\"},\"inLanguage\":\"fr-FR\",\"potentialAction\":[{\"@type\":\"ReadAction\",\"target\":[\"https:\/\/www.erresse-shop.it\/fr\/shop\/petits-electromenagers\/grilles-et-barbecues\/vulcanus-grill-pro730-chef\/\"]}]},{\"@type\":\"BreadcrumbList\",\"@id\":\"https:\/\/www.erresse-shop.it\/fr\/shop\/petits-electromenagers\/grilles-et-barbecues\/vulcanus-grill-pro730-chef\/#breadcrumb\",\"itemListElement\":[{\"@type\":\"ListItem\",\"position\":1,\"name\":\"Home\",\"item\":\"https:\/\/www.erresse-shop.it\/fr\/\"},{\"@type\":\"ListItem\",\"position\":2,\"name\":\"Shop\",\"item\":\"https:\/\/www.erresse-shop.it\/fr\/shop\/\"},{\"@type\":\"ListItem\",\"position\":3,\"name\":\"VULCANUS Grill Pro730 Chef\"}]},{\"@type\":\"WebSite\",\"@id\":\"https:\/\/www.erresse-shop.it\/fr\/#website\",\"url\":\"https:\/\/www.erresse-shop.it\/fr\/\",\"name\":\"Erresse Shop\",\"description\":\"Articoli di qualit\u00e0 per la casa\",\"potentialAction\":[{\"@type\":\"SearchAction\",\"target\":{\"@type\":\"EntryPoint\",\"urlTemplate\":\"https:\/\/www.erresse-shop.it\/fr\/?s={search_term_string}\"},\"query-input\":\"required name=search_term_string\"}],\"inLanguage\":\"fr-FR\"}]}<\/script>\n<!-- \/ Yoast SEO Premium plugin. -->","yoast_head_json":{"title":"VULCANUS Grill Pro730 Chef","description":"D\u00e9couvrez VULCANUS Grill Pro730 Chef sur ErresseShop. Qualit\u00e9, prix r\u00e9duits et achat s\u00e9curis\u00e9 \u2013 commandez d\u00e8s maintenant en ligne !","robots":{"index":"index","follow":"follow","max-snippet":"max-snippet:-1","max-image-preview":"max-image-preview:large","max-video-preview":"max-video-preview:-1"},"canonical":"https:\/\/www.erresse-shop.it\/fr\/shop\/petits-electromenagers\/grilles-et-barbecues\/vulcanus-grill-pro730-chef\/","og_locale":"fr_FR","og_type":"article","og_title":"VULCANUS Grill Pro730 Chef","og_description":"D\u00e9couvrez VULCANUS Grill Pro730 Chef sur ErresseShop. Qualit\u00e9, prix r\u00e9duits et achat s\u00e9curis\u00e9 \u2013 commandez d\u00e8s maintenant en ligne !","og_url":"https:\/\/www.erresse-shop.it\/fr\/shop\/petits-electromenagers\/grilles-et-barbecues\/vulcanus-grill-pro730-chef\/","og_site_name":"Erresse Shop","article_modified_time":"2025-01-13T14:59:03+00:00","og_image":[{"width":800,"height":800,"url":"https:\/\/www.erresse-shop.it\/wp-content\/uploads\/2021\/04\/VULCANUS-Grill-Pro-730-Chef-1.jpg","type":"image\/jpeg"}],"twitter_card":"summary_large_image","schema":{"@context":"https:\/\/schema.org","@graph":[{"@type":"WebPage","@id":"https:\/\/www.erresse-shop.it\/fr\/shop\/petits-electromenagers\/grilles-et-barbecues\/vulcanus-grill-pro730-chef\/","url":"https:\/\/www.erresse-shop.it\/fr\/shop\/petits-electromenagers\/grilles-et-barbecues\/vulcanus-grill-pro730-chef\/","name":"VULCANUS Grill Pro730 Chef","isPartOf":{"@id":"https:\/\/www.erresse-shop.it\/fr\/#website"},"datePublished":"2021-04-26T13:06:01+00:00","dateModified":"2025-01-13T14:59:03+00:00","description":"D\u00e9couvrez VULCANUS Grill Pro730 Chef sur ErresseShop. Qualit\u00e9, prix r\u00e9duits et achat s\u00e9curis\u00e9 \u2013 commandez d\u00e8s maintenant en ligne !","breadcrumb":{"@id":"https:\/\/www.erresse-shop.it\/fr\/shop\/petits-electromenagers\/grilles-et-barbecues\/vulcanus-grill-pro730-chef\/#breadcrumb"},"inLanguage":"fr-FR","potentialAction":[{"@type":"ReadAction","target":["https:\/\/www.erresse-shop.it\/fr\/shop\/petits-electromenagers\/grilles-et-barbecues\/vulcanus-grill-pro730-chef\/"]}]},{"@type":"BreadcrumbList","@id":"https:\/\/www.erresse-shop.it\/fr\/shop\/petits-electromenagers\/grilles-et-barbecues\/vulcanus-grill-pro730-chef\/#breadcrumb","itemListElement":[{"@type":"ListItem","position":1,"name":"Home","item":"https:\/\/www.erresse-shop.it\/fr\/"},{"@type":"ListItem","position":2,"name":"Shop","item":"https:\/\/www.erresse-shop.it\/fr\/shop\/"},{"@type":"ListItem","position":3,"name":"VULCANUS Grill Pro730 Chef"}]},{"@type":"WebSite","@id":"https:\/\/www.erresse-shop.it\/fr\/#website","url":"https:\/\/www.erresse-shop.it\/fr\/","name":"Erresse Shop","description":"Articoli di qualit\u00e0 per la casa","potentialAction":[{"@type":"SearchAction","target":{"@type":"EntryPoint","urlTemplate":"https:\/\/www.erresse-shop.it\/fr\/?s={search_term_string}"},"query-input":"required name=search_term_string"}],"inLanguage":"fr-FR"}]}},"df_price":2390,"df_sale_price":2390,"df_regular_price":2390,"df_image_link":"https:\/\/www.erresse-shop.it\/wp-content\/uploads\/2021\/04\/VULCANUS-Grill-Pro730-Chef-300x300.jpg","_links":{"self":[{"href":"https:\/\/www.erresse-shop.it\/fr\/wp-json\/wp\/v2\/product\/97174"}],"collection":[{"href":"https:\/\/www.erresse-shop.it\/fr\/wp-json\/wp\/v2\/product"}],"about":[{"href":"https:\/\/www.erresse-shop.it\/fr\/wp-json\/wp\/v2\/types\/product"}],"wp:featuredmedia":[{"embeddable":true,"href":"https:\/\/www.erresse-shop.it\/fr\/wp-json\/wp\/v2\/media\/502546"}],"wp:attachment":[{"href":"https:\/\/www.erresse-shop.it\/fr\/wp-json\/wp\/v2\/media?parent=97174"}],"wp:term":[{"taxonomy":"product_cat","embeddable":true,"href":"https:\/\/www.erresse-shop.it\/fr\/wp-json\/wp\/v2\/product_cat?post=97174"},{"taxonomy":"product_tag","embeddable":true,"href":"https:\/\/www.erresse-shop.it\/fr\/wp-json\/wp\/v2\/product_tag?post=97174"}],"curies":[{"name":"wp","href":"https:\/\/api.w.org\/{rel}","templated":true}]}}