{"id":97113,"date":"2021-04-26T12:23:58","date_gmt":"2021-04-26T12:23:59","guid":{"rendered":"https:\/\/www.erresse-shop.it\/?post_type=product&#038;p=97113"},"modified":"2025-01-13T14:59:01","modified_gmt":"2025-01-13T14:59:01","slug":"vulcanus-grill-pro730-camp","status":"publish","type":"product","link":"https:\/\/www.erresse-shop.it\/fr\/shop\/petits-electromenagers\/grilles-et-barbecues\/vulcanus-grill-pro730-camp\/","title":{"rendered":"VULCANUS Grill Pro730 Camp"},"content":{"rendered":"<p><strong><span style=\"color: #000000;\"><span style=\"text-decoration: underline;\">LE PRIX COMPREND L&#8217;EXP\u00c9DITION SUR PALETTE.<\/span><br \/>\n<span style=\"text-decoration: underline;\">LE PRODUIT EST VENDU UNIQUEMENT EN ITALIE (pour tous les autres pays, contactez info@erresse-shop.it).<\/span><\/span><\/strong><\/p>\n<p>Achetez un foyer ext\u00e9rieur pour y passer des moments agr\u00e9ables en famille en faisant des grillades. Le mod\u00e8le classique <strong>VULCANUS Pro730 model<\/strong> (plaque de grillage 73 x 73 cm) sur un socle \u00e0 hauteur r\u00e9duite est fait pour cela. Il peut \u00e9galement \u00eatre install\u00e9 dans des parcs et espaces publics pour servir de feu de camp.<\/p>\n<p>Le <strong>gril Vulcanus Pro730 Camp<\/strong> a un design brevet\u00e9 avec un corps en acier patin\u00e9 COR-TEN. Il r\u00e9siste \u00e0 toutes les conditions climatiques et son foyer est muni d\u2019une garniture \u00e0 accumulation pour un meilleur confort de gril. Une meilleure circulation de l&#8217;air, une stabilit\u00e9 thermique et une consommation r\u00e9duite de bois vous simplifient la pr\u00e9paration des repas.<br \/>\nLa forme carr\u00e9e de la plaque a une surface de gril plus grande d\u2019\u2153 par rapport aux grils ronds. Gr\u00e2ce \u00e0 une division en deux zones thermiques, il vous permet de plus de pr\u00e9parer en m\u00eame temps de la viande et des l\u00e9gumes.<\/p>\n<ul>\n<li>Plaque d&#8217;une \u00e9paisseur de 12 mm avec certification EU pour le contact avec les aliments.<\/li>\n<li>Syst\u00e8me d\u2019\u00e9vacuation de la graisse pour des grillades saines sans substances canc\u00e9rig\u00e8nes.<\/li>\n<li>Nettoyage simple de la cendre dans la partie basse du gril.<\/li>\n<\/ul>\n<p><strong>Quel bois utiliser avec le Vulcanus ?<\/strong><br \/>\nPratiquement tous les types de bois dur sont adapt\u00e9s, si leur humidit\u00e9 r\u00e9siduelle est inf\u00e9rieure \u00e0 20 %. Le bois devrait donc \u00eatre suffisamment sec. Le bois humide lib\u00e8re lors de la combustion de la fum\u00e9e et du goudron, il y a ainsi plus de fum\u00e9e, une plus grande consommation de bois et une baisse de la puissance thermique. Nous recommandons des b\u00fbches s\u00e8ches d\u2019une longueur d\u2019environ 33 cm. Vous pouvez aussi utiliser du charbon de bois.<\/p>\n<p><span style=\"text-decoration: underline;\"><span style=\"color: #3366ff; text-decoration: underline;\"><a style=\"color: #3366ff; text-decoration: underline;\" href=\"https:\/\/www.youtube.com\/watch?v=t501y1Loq5A\" target=\"_blank\" rel=\"noopener\">Design, fonctionnalit\u00e9 et qualit\u00e9<\/a><\/span><\/span><br \/>\n<span style=\"text-decoration: underline;\"><span style=\"color: #3366ff; text-decoration: underline;\"><a style=\"color: #3366ff; text-decoration: underline;\" href=\"https:\/\/www.youtube.com\/watch?v=lZGdr8ePOCw\" target=\"_blank\" rel=\"noopener\">Devenez le roi du gril<\/a><\/span><\/span><br \/>\n<span style=\"text-decoration: underline;\"><span style=\"color: #3366ff; text-decoration: underline;\"><a style=\"color: #3366ff; text-decoration: underline;\" href=\"https:\/\/www.youtube.com\/watch?v=PFg0UL5UymE\" target=\"_blank\" rel=\"noopener\">Production du gril Vulcanus<\/a><\/span><\/span><br \/>\n<span style=\"text-decoration: underline;\"><span style=\"color: #3366ff; text-decoration: underline;\"><a style=\"color: #3366ff; text-decoration: underline;\" href=\"https:\/\/www.youtube.com\/watch?v=BkzShDNmCV8\" target=\"_blank\" rel=\"noopener\">Technologie du gril Vulcanus<\/a><\/span><\/span><\/p>\n<div class=\"su-youtube su-u-responsive-media-yes\"><iframe loading=\"lazy\" width=\"200\" height=\"200\" src=\"https:\/\/www.youtube.com\/embed\/qB_91lsqwis?\" frameborder=\"0\" allowfullscreen allow=\"autoplay; encrypted-media; picture-in-picture\" title=\"\"><\/iframe><\/div>\n<p>&nbsp;<\/p>\n<p><strong>Dur\u00e9e de garantie:<\/strong> 5 ans<br \/>\n<strong>Mat\u00e9riau:<\/strong> Italy Cor-Ten steel (Body) and Boiler steel (Plate)<br \/>\n<strong>Traitement de surface:<\/strong> patine, huile<br \/>\n<strong>Mode d\u2019emploi:<\/strong> <span style=\"color: #3366ff;\"><a style=\"color: #3366ff;\" href=\"https:\/\/vulcanus-design.fr\/sites\/default\/files\/perm\/wysiwyg\/fr.pdf\" target=\"_blank\" rel=\"noopener\">Mode d\u2019emploi<\/a><\/span><\/p>\n","protected":false},"excerpt":{"rendered":"<p>LE PRIX COMPREND L&#8217;EXP\u00c9DITION SUR PALETTE. LE PRODUIT EST VENDU UNIQUEMENT EN ITALIE (pour tous les autres pays, contactez info@erresse-shop.it).<\/p>\n","protected":false},"featured_media":502539,"template":"","meta":{"_acf_changed":false,"inline_featured_image":false},"product_cat":[13383,12449],"product_tag":[13384,13386,12858],"acf":[],"yoast_head":"<!-- This site is optimized with the Yoast SEO Premium plugin v18.6 (Yoast SEO v19.13) - https:\/\/yoast.com\/wordpress\/plugins\/seo\/ -->\n<title>VULCANUS Grill Pro730 Camp<\/title>\n<meta name=\"description\" content=\"D\u00e9couvrez VULCANUS Grill Pro730 Camp sur ErresseShop. Qualit\u00e9, prix r\u00e9duits et achat s\u00e9curis\u00e9 \u2013 commandez d\u00e8s maintenant en ligne !\" \/>\n<meta name=\"robots\" content=\"index, follow, max-snippet:-1, max-image-preview:large, max-video-preview:-1\" \/>\n<link rel=\"canonical\" href=\"https:\/\/www.erresse-shop.it\/fr\/shop\/petits-electromenagers\/grilles-et-barbecues\/vulcanus-grill-pro730-camp\/\" \/>\n<meta property=\"og:locale\" content=\"fr_FR\" \/>\n<meta property=\"og:type\" content=\"article\" \/>\n<meta property=\"og:title\" content=\"VULCANUS Grill Pro730 Camp\" \/>\n<meta property=\"og:description\" content=\"D\u00e9couvrez VULCANUS Grill Pro730 Camp sur ErresseShop. Qualit\u00e9, prix r\u00e9duits et achat s\u00e9curis\u00e9 \u2013 commandez d\u00e8s maintenant en ligne !\" \/>\n<meta property=\"og:url\" content=\"https:\/\/www.erresse-shop.it\/fr\/shop\/petits-electromenagers\/grilles-et-barbecues\/vulcanus-grill-pro730-camp\/\" \/>\n<meta property=\"og:site_name\" content=\"Erresse Shop\" \/>\n<meta property=\"article:modified_time\" content=\"2025-01-13T14:59:01+00:00\" \/>\n<meta property=\"og:image\" content=\"https:\/\/www.erresse-shop.it\/wp-content\/uploads\/2021\/04\/VULCANUS-Grill-Pro-730-Camp-15.jpg\" \/>\n\t<meta property=\"og:image:width\" content=\"800\" \/>\n\t<meta property=\"og:image:height\" content=\"800\" \/>\n\t<meta property=\"og:image:type\" content=\"image\/jpeg\" \/>\n<meta name=\"twitter:card\" content=\"summary_large_image\" \/>\n<script type=\"application\/ld+json\" class=\"yoast-schema-graph\">{\"@context\":\"https:\/\/schema.org\",\"@graph\":[{\"@type\":\"WebPage\",\"@id\":\"https:\/\/www.erresse-shop.it\/fr\/shop\/petits-electromenagers\/grilles-et-barbecues\/vulcanus-grill-pro730-camp\/\",\"url\":\"https:\/\/www.erresse-shop.it\/fr\/shop\/petits-electromenagers\/grilles-et-barbecues\/vulcanus-grill-pro730-camp\/\",\"name\":\"VULCANUS Grill Pro730 Camp\",\"isPartOf\":{\"@id\":\"https:\/\/www.erresse-shop.it\/fr\/#website\"},\"datePublished\":\"2021-04-26T12:23:59+00:00\",\"dateModified\":\"2025-01-13T14:59:01+00:00\",\"description\":\"D\u00e9couvrez VULCANUS Grill Pro730 Camp sur ErresseShop. Qualit\u00e9, prix r\u00e9duits et achat s\u00e9curis\u00e9 \u2013 commandez d\u00e8s maintenant en ligne !\",\"breadcrumb\":{\"@id\":\"https:\/\/www.erresse-shop.it\/fr\/shop\/petits-electromenagers\/grilles-et-barbecues\/vulcanus-grill-pro730-camp\/#breadcrumb\"},\"inLanguage\":\"fr-FR\",\"potentialAction\":[{\"@type\":\"ReadAction\",\"target\":[\"https:\/\/www.erresse-shop.it\/fr\/shop\/petits-electromenagers\/grilles-et-barbecues\/vulcanus-grill-pro730-camp\/\"]}]},{\"@type\":\"BreadcrumbList\",\"@id\":\"https:\/\/www.erresse-shop.it\/fr\/shop\/petits-electromenagers\/grilles-et-barbecues\/vulcanus-grill-pro730-camp\/#breadcrumb\",\"itemListElement\":[{\"@type\":\"ListItem\",\"position\":1,\"name\":\"Home\",\"item\":\"https:\/\/www.erresse-shop.it\/fr\/\"},{\"@type\":\"ListItem\",\"position\":2,\"name\":\"Shop\",\"item\":\"https:\/\/www.erresse-shop.it\/fr\/shop\/\"},{\"@type\":\"ListItem\",\"position\":3,\"name\":\"VULCANUS Grill Pro730 Camp\"}]},{\"@type\":\"WebSite\",\"@id\":\"https:\/\/www.erresse-shop.it\/fr\/#website\",\"url\":\"https:\/\/www.erresse-shop.it\/fr\/\",\"name\":\"Erresse Shop\",\"description\":\"Articoli di qualit\u00e0 per la casa\",\"potentialAction\":[{\"@type\":\"SearchAction\",\"target\":{\"@type\":\"EntryPoint\",\"urlTemplate\":\"https:\/\/www.erresse-shop.it\/fr\/?s={search_term_string}\"},\"query-input\":\"required name=search_term_string\"}],\"inLanguage\":\"fr-FR\"}]}<\/script>\n<!-- \/ Yoast SEO Premium plugin. -->","yoast_head_json":{"title":"VULCANUS Grill Pro730 Camp","description":"D\u00e9couvrez VULCANUS Grill Pro730 Camp sur ErresseShop. Qualit\u00e9, prix r\u00e9duits et achat s\u00e9curis\u00e9 \u2013 commandez d\u00e8s maintenant en ligne !","robots":{"index":"index","follow":"follow","max-snippet":"max-snippet:-1","max-image-preview":"max-image-preview:large","max-video-preview":"max-video-preview:-1"},"canonical":"https:\/\/www.erresse-shop.it\/fr\/shop\/petits-electromenagers\/grilles-et-barbecues\/vulcanus-grill-pro730-camp\/","og_locale":"fr_FR","og_type":"article","og_title":"VULCANUS Grill Pro730 Camp","og_description":"D\u00e9couvrez VULCANUS Grill Pro730 Camp sur ErresseShop. Qualit\u00e9, prix r\u00e9duits et achat s\u00e9curis\u00e9 \u2013 commandez d\u00e8s maintenant en ligne !","og_url":"https:\/\/www.erresse-shop.it\/fr\/shop\/petits-electromenagers\/grilles-et-barbecues\/vulcanus-grill-pro730-camp\/","og_site_name":"Erresse Shop","article_modified_time":"2025-01-13T14:59:01+00:00","og_image":[{"width":800,"height":800,"url":"https:\/\/www.erresse-shop.it\/wp-content\/uploads\/2021\/04\/VULCANUS-Grill-Pro-730-Camp-15.jpg","type":"image\/jpeg"}],"twitter_card":"summary_large_image","schema":{"@context":"https:\/\/schema.org","@graph":[{"@type":"WebPage","@id":"https:\/\/www.erresse-shop.it\/fr\/shop\/petits-electromenagers\/grilles-et-barbecues\/vulcanus-grill-pro730-camp\/","url":"https:\/\/www.erresse-shop.it\/fr\/shop\/petits-electromenagers\/grilles-et-barbecues\/vulcanus-grill-pro730-camp\/","name":"VULCANUS Grill Pro730 Camp","isPartOf":{"@id":"https:\/\/www.erresse-shop.it\/fr\/#website"},"datePublished":"2021-04-26T12:23:59+00:00","dateModified":"2025-01-13T14:59:01+00:00","description":"D\u00e9couvrez VULCANUS Grill Pro730 Camp sur ErresseShop. Qualit\u00e9, prix r\u00e9duits et achat s\u00e9curis\u00e9 \u2013 commandez d\u00e8s maintenant en ligne !","breadcrumb":{"@id":"https:\/\/www.erresse-shop.it\/fr\/shop\/petits-electromenagers\/grilles-et-barbecues\/vulcanus-grill-pro730-camp\/#breadcrumb"},"inLanguage":"fr-FR","potentialAction":[{"@type":"ReadAction","target":["https:\/\/www.erresse-shop.it\/fr\/shop\/petits-electromenagers\/grilles-et-barbecues\/vulcanus-grill-pro730-camp\/"]}]},{"@type":"BreadcrumbList","@id":"https:\/\/www.erresse-shop.it\/fr\/shop\/petits-electromenagers\/grilles-et-barbecues\/vulcanus-grill-pro730-camp\/#breadcrumb","itemListElement":[{"@type":"ListItem","position":1,"name":"Home","item":"https:\/\/www.erresse-shop.it\/fr\/"},{"@type":"ListItem","position":2,"name":"Shop","item":"https:\/\/www.erresse-shop.it\/fr\/shop\/"},{"@type":"ListItem","position":3,"name":"VULCANUS Grill Pro730 Camp"}]},{"@type":"WebSite","@id":"https:\/\/www.erresse-shop.it\/fr\/#website","url":"https:\/\/www.erresse-shop.it\/fr\/","name":"Erresse Shop","description":"Articoli di qualit\u00e0 per la casa","potentialAction":[{"@type":"SearchAction","target":{"@type":"EntryPoint","urlTemplate":"https:\/\/www.erresse-shop.it\/fr\/?s={search_term_string}"},"query-input":"required name=search_term_string"}],"inLanguage":"fr-FR"}]}},"df_price":2390,"df_sale_price":2390,"df_regular_price":2390,"df_image_link":"https:\/\/www.erresse-shop.it\/wp-content\/uploads\/2021\/04\/VULCANUS-Grill-Pro730-Camp-300x300.jpg","_links":{"self":[{"href":"https:\/\/www.erresse-shop.it\/fr\/wp-json\/wp\/v2\/product\/97113"}],"collection":[{"href":"https:\/\/www.erresse-shop.it\/fr\/wp-json\/wp\/v2\/product"}],"about":[{"href":"https:\/\/www.erresse-shop.it\/fr\/wp-json\/wp\/v2\/types\/product"}],"wp:featuredmedia":[{"embeddable":true,"href":"https:\/\/www.erresse-shop.it\/fr\/wp-json\/wp\/v2\/media\/502539"}],"wp:attachment":[{"href":"https:\/\/www.erresse-shop.it\/fr\/wp-json\/wp\/v2\/media?parent=97113"}],"wp:term":[{"taxonomy":"product_cat","embeddable":true,"href":"https:\/\/www.erresse-shop.it\/fr\/wp-json\/wp\/v2\/product_cat?post=97113"},{"taxonomy":"product_tag","embeddable":true,"href":"https:\/\/www.erresse-shop.it\/fr\/wp-json\/wp\/v2\/product_tag?post=97113"}],"curies":[{"name":"wp","href":"https:\/\/api.w.org\/{rel}","templated":true}]}}