{"id":96154,"date":"2021-04-14T10:50:56","date_gmt":"2021-04-14T10:50:57","guid":{"rendered":"https:\/\/www.erresse-shop.it\/?post_type=product&#038;p=96154"},"modified":"2025-01-13T14:58:38","modified_gmt":"2025-01-13T14:58:38","slug":"emile-henry-ciabatta-baker-rouge","status":"publish","type":"product","link":"https:\/\/www.erresse-shop.it\/fr\/shop\/poeles-pots\/cuiseur-a-pain\/emile-henry-ciabatta-baker-rouge\/","title":{"rendered":"EMILE HENRY Ciabatta Baker Rouge"},"content":{"rendered":"<p>Emile Henry a \u00e9t\u00e9 fond\u00e9 en 1850.La c\u00e9ramique Emile Henry vous permet de r\u00e9partir progressivement la chaleur de cuisson sur des aliments \u00e0 feu doux afin de pr\u00e9server les saveurs et les ar\u00f4mes ainsi que les \u00e9l\u00e9ments naturels pr\u00e9sents dans les aliments.Cuisine saine \u00e0 basse temp\u00e9rature de la c\u00e9ramique Emile Henry garde les saveurs, pr\u00e9serve les vitamines et les qualit\u00e9s nutritionnelles.Les produits d&#8217;Emile Henry sont fabriqu\u00e9s avec des composants naturels: argile non trait\u00e9e pour la p\u00e2te, sable, filtre \u00e0 eau, oxydes min\u00e9raux colorants naturels. Dans les produits fabriqu\u00e9s par Emile Henry, il n&#8217;y a pas de m\u00e9taux lourds nocifs pour la sant\u00e9: sans plomb, cadmium et nickel. Les produits Emile Henry sont r\u00e9sistants aux chocs et peuvent \u00eatre utilis\u00e9s avec de fortes variations de temp\u00e9rature. Ils peuvent \u00eatre utilis\u00e9s au lave-vaisselle.<\/p>\n<p>Fruit de 2 ann\u00e9es de recherche, notre Cloche \u00e0 pain deviendra rapidement votre meilleur ami! Notre c\u00e9ramique r\u00e9fractaire innovante vous permettra d&#8217;obtenir une belle cro\u00fbte \u00e9paisse avec un int\u00e9rieur ferme et l\u00e9ger. Red\u00e9couvrez les plaisirs de la fabrication du pain maison, avec des recettes originales et simples. Le livre de recettes inclus vous donne des conseils et des astuces pour faire votre propre pain comme vous ne l&#8217;avez jamais fait auparavant! Tous les produits Emile Henry sont fabriqu\u00e9s en France et offrent une garantie de dix ans.<\/p>\n<p><strong>CIABATTA :<\/strong><\/p>\n<p>Du pain artisanal italien &#8220;traditionnel&#8221; chez vous !<br \/>\nUn aliment de base pour tous les amateurs d&#8217;huile d&#8217;olive, ce pain m\u00e9diterran\u00e9en de style rural est appr\u00e9ci\u00e9 pour son int\u00e9rieur doux et moelleux et sa cro\u00fbte l\u00e9g\u00e8rement croustillante.<br \/>\nLa Ciabatta est un pain italien classique compos\u00e9 d&#8217;une p\u00e2te fine et tr\u00e8s fluide qui lui conf\u00e8re une texture humide, un int\u00e9rieur moelleux et une saveur unique.<br \/>\nGr\u00e2ce aux 2 cavit\u00e9s de la Ciabatta Baker, les pains (jusqu&#8217;\u00e0 250 g chacun) sont bien form\u00e9s, ce qui permet d&#8217;obtenir des tranches uniformes, mais aussi de pr\u00e9parer des sandwichs.<br \/>\nLe couvercle bomb\u00e9 permet de contr\u00f4ler les niveaux d&#8217;humidit\u00e9 pour garantir une cro\u00fbte l\u00e9g\u00e8rement croustillante, tout en gardant l&#8217;int\u00e9rieur humide et doux.<br \/>\nLes rainures profondes conviennent \u00e0 d&#8217;autres p\u00e2tes plus souples, comme celles sans gluten. Des ouvertures aux deux extr\u00e9mit\u00e9s du couvercle permettent de le manipuler facilement.<\/p>\n<p><strong>Longueur\/diam\u00e8tre :<\/strong> 39 cm<br \/>\n<strong>Largeur :<\/strong> 23 cm<br \/>\n<strong>Hauteur :<\/strong> 10,5 cm<br \/>\n<strong>Longueur\/diam\u00e8tre int\u00e9rieur :<\/strong> 36 cm<br \/>\n<strong>Largeur int\u00e9rieure :<\/strong> 210 cm<br \/>\n<strong>Hauteur int\u00e9rieure :<\/strong> 3,5 cm<br \/>\n<strong>Capacit\u00e9 utile :<\/strong> 0,5 L<br \/>\n<strong>Poids &#8211; KG :<\/strong> 3,4 KG<br \/>\n<strong>Temp\u00e9rature maximale :<\/strong> 270 \u00b0C<br \/>\n<strong>Temp\u00e9rature minimale :<\/strong> -20 \u00b0C<\/p>\n","protected":false},"excerpt":{"rendered":"<p>Emile Henry a \u00e9t\u00e9 fond\u00e9 en 1850.La c\u00e9ramique Emile Henry vous permet de r\u00e9partir progressivement la chaleur de cuisson sur<\/p>\n","protected":false},"featured_media":96261,"template":"","meta":{"_acf_changed":false,"inline_featured_image":false},"product_cat":[12458,26047],"product_tag":[25086,23910,13637,25021],"acf":[],"yoast_head":"<!-- This site is optimized with the Yoast SEO Premium plugin v18.6 (Yoast SEO v19.13) - https:\/\/yoast.com\/wordpress\/plugins\/seo\/ -->\n<title>EMILE HENRY Ciabatta Baker Rouge<\/title>\n<meta name=\"description\" content=\"D\u00e9couvrez EMILE HENRY Ciabatta Baker Rouge sur ErresseShop. Qualit\u00e9, prix r\u00e9duits et achat s\u00e9curis\u00e9 \u2013 commandez d\u00e8s maintenant en ligne !\" \/>\n<meta name=\"robots\" content=\"index, follow, max-snippet:-1, max-image-preview:large, max-video-preview:-1\" \/>\n<link rel=\"canonical\" href=\"https:\/\/www.erresse-shop.it\/fr\/shop\/poeles-pots\/cuiseur-a-pain\/emile-henry-ciabatta-baker-rouge\/\" \/>\n<meta property=\"og:locale\" content=\"fr_FR\" \/>\n<meta property=\"og:type\" content=\"article\" \/>\n<meta property=\"og:title\" content=\"EMILE HENRY Ciabatta Baker Rouge\" \/>\n<meta property=\"og:description\" content=\"D\u00e9couvrez EMILE HENRY Ciabatta Baker Rouge sur ErresseShop. Qualit\u00e9, prix r\u00e9duits et achat s\u00e9curis\u00e9 \u2013 commandez d\u00e8s maintenant en ligne !\" \/>\n<meta property=\"og:url\" content=\"https:\/\/www.erresse-shop.it\/fr\/shop\/poeles-pots\/cuiseur-a-pain\/emile-henry-ciabatta-baker-rouge\/\" \/>\n<meta property=\"og:site_name\" content=\"Erresse Shop\" \/>\n<meta property=\"article:modified_time\" content=\"2025-01-13T14:58:38+00:00\" \/>\n<meta property=\"og:image\" content=\"https:\/\/www.erresse-shop.it\/wp-content\/uploads\/2021\/04\/349502.1.jpg\" \/>\n\t<meta property=\"og:image:width\" content=\"800\" \/>\n\t<meta property=\"og:image:height\" content=\"800\" \/>\n\t<meta property=\"og:image:type\" content=\"image\/jpeg\" \/>\n<meta name=\"twitter:card\" content=\"summary_large_image\" \/>\n<script type=\"application\/ld+json\" class=\"yoast-schema-graph\">{\"@context\":\"https:\/\/schema.org\",\"@graph\":[{\"@type\":\"WebPage\",\"@id\":\"https:\/\/www.erresse-shop.it\/fr\/shop\/poeles-pots\/cuiseur-a-pain\/emile-henry-ciabatta-baker-rouge\/\",\"url\":\"https:\/\/www.erresse-shop.it\/fr\/shop\/poeles-pots\/cuiseur-a-pain\/emile-henry-ciabatta-baker-rouge\/\",\"name\":\"EMILE HENRY Ciabatta Baker Rouge\",\"isPartOf\":{\"@id\":\"https:\/\/www.erresse-shop.it\/fr\/#website\"},\"datePublished\":\"2021-04-14T10:50:57+00:00\",\"dateModified\":\"2025-01-13T14:58:38+00:00\",\"description\":\"D\u00e9couvrez EMILE HENRY Ciabatta Baker Rouge sur ErresseShop. Qualit\u00e9, prix r\u00e9duits et achat s\u00e9curis\u00e9 \u2013 commandez d\u00e8s maintenant en ligne !\",\"breadcrumb\":{\"@id\":\"https:\/\/www.erresse-shop.it\/fr\/shop\/poeles-pots\/cuiseur-a-pain\/emile-henry-ciabatta-baker-rouge\/#breadcrumb\"},\"inLanguage\":\"fr-FR\",\"potentialAction\":[{\"@type\":\"ReadAction\",\"target\":[\"https:\/\/www.erresse-shop.it\/fr\/shop\/poeles-pots\/cuiseur-a-pain\/emile-henry-ciabatta-baker-rouge\/\"]}]},{\"@type\":\"BreadcrumbList\",\"@id\":\"https:\/\/www.erresse-shop.it\/fr\/shop\/poeles-pots\/cuiseur-a-pain\/emile-henry-ciabatta-baker-rouge\/#breadcrumb\",\"itemListElement\":[{\"@type\":\"ListItem\",\"position\":1,\"name\":\"Home\",\"item\":\"https:\/\/www.erresse-shop.it\/fr\/\"},{\"@type\":\"ListItem\",\"position\":2,\"name\":\"Shop\",\"item\":\"https:\/\/www.erresse-shop.it\/fr\/shop\/\"},{\"@type\":\"ListItem\",\"position\":3,\"name\":\"EMILE HENRY Ciabatta Baker Rouge\"}]},{\"@type\":\"WebSite\",\"@id\":\"https:\/\/www.erresse-shop.it\/fr\/#website\",\"url\":\"https:\/\/www.erresse-shop.it\/fr\/\",\"name\":\"Erresse Shop\",\"description\":\"Articoli di qualit\u00e0 per la casa\",\"potentialAction\":[{\"@type\":\"SearchAction\",\"target\":{\"@type\":\"EntryPoint\",\"urlTemplate\":\"https:\/\/www.erresse-shop.it\/fr\/?s={search_term_string}\"},\"query-input\":\"required name=search_term_string\"}],\"inLanguage\":\"fr-FR\"}]}<\/script>\n<!-- \/ Yoast SEO Premium plugin. -->","yoast_head_json":{"title":"EMILE HENRY Ciabatta Baker Rouge","description":"D\u00e9couvrez EMILE HENRY Ciabatta Baker Rouge sur ErresseShop. Qualit\u00e9, prix r\u00e9duits et achat s\u00e9curis\u00e9 \u2013 commandez d\u00e8s maintenant en ligne !","robots":{"index":"index","follow":"follow","max-snippet":"max-snippet:-1","max-image-preview":"max-image-preview:large","max-video-preview":"max-video-preview:-1"},"canonical":"https:\/\/www.erresse-shop.it\/fr\/shop\/poeles-pots\/cuiseur-a-pain\/emile-henry-ciabatta-baker-rouge\/","og_locale":"fr_FR","og_type":"article","og_title":"EMILE HENRY Ciabatta Baker Rouge","og_description":"D\u00e9couvrez EMILE HENRY Ciabatta Baker Rouge sur ErresseShop. Qualit\u00e9, prix r\u00e9duits et achat s\u00e9curis\u00e9 \u2013 commandez d\u00e8s maintenant en ligne !","og_url":"https:\/\/www.erresse-shop.it\/fr\/shop\/poeles-pots\/cuiseur-a-pain\/emile-henry-ciabatta-baker-rouge\/","og_site_name":"Erresse Shop","article_modified_time":"2025-01-13T14:58:38+00:00","og_image":[{"width":800,"height":800,"url":"https:\/\/www.erresse-shop.it\/wp-content\/uploads\/2021\/04\/349502.1.jpg","type":"image\/jpeg"}],"twitter_card":"summary_large_image","schema":{"@context":"https:\/\/schema.org","@graph":[{"@type":"WebPage","@id":"https:\/\/www.erresse-shop.it\/fr\/shop\/poeles-pots\/cuiseur-a-pain\/emile-henry-ciabatta-baker-rouge\/","url":"https:\/\/www.erresse-shop.it\/fr\/shop\/poeles-pots\/cuiseur-a-pain\/emile-henry-ciabatta-baker-rouge\/","name":"EMILE HENRY Ciabatta Baker Rouge","isPartOf":{"@id":"https:\/\/www.erresse-shop.it\/fr\/#website"},"datePublished":"2021-04-14T10:50:57+00:00","dateModified":"2025-01-13T14:58:38+00:00","description":"D\u00e9couvrez EMILE HENRY Ciabatta Baker Rouge sur ErresseShop. Qualit\u00e9, prix r\u00e9duits et achat s\u00e9curis\u00e9 \u2013 commandez d\u00e8s maintenant en ligne !","breadcrumb":{"@id":"https:\/\/www.erresse-shop.it\/fr\/shop\/poeles-pots\/cuiseur-a-pain\/emile-henry-ciabatta-baker-rouge\/#breadcrumb"},"inLanguage":"fr-FR","potentialAction":[{"@type":"ReadAction","target":["https:\/\/www.erresse-shop.it\/fr\/shop\/poeles-pots\/cuiseur-a-pain\/emile-henry-ciabatta-baker-rouge\/"]}]},{"@type":"BreadcrumbList","@id":"https:\/\/www.erresse-shop.it\/fr\/shop\/poeles-pots\/cuiseur-a-pain\/emile-henry-ciabatta-baker-rouge\/#breadcrumb","itemListElement":[{"@type":"ListItem","position":1,"name":"Home","item":"https:\/\/www.erresse-shop.it\/fr\/"},{"@type":"ListItem","position":2,"name":"Shop","item":"https:\/\/www.erresse-shop.it\/fr\/shop\/"},{"@type":"ListItem","position":3,"name":"EMILE HENRY Ciabatta Baker Rouge"}]},{"@type":"WebSite","@id":"https:\/\/www.erresse-shop.it\/fr\/#website","url":"https:\/\/www.erresse-shop.it\/fr\/","name":"Erresse Shop","description":"Articoli di qualit\u00e0 per la casa","potentialAction":[{"@type":"SearchAction","target":{"@type":"EntryPoint","urlTemplate":"https:\/\/www.erresse-shop.it\/fr\/?s={search_term_string}"},"query-input":"required name=search_term_string"}],"inLanguage":"fr-FR"}]}},"df_price":107.25,"df_sale_price":107.25,"df_regular_price":137.5,"df_image_link":"https:\/\/www.erresse-shop.it\/wp-content\/uploads\/2021\/04\/349502.1-300x300.jpg","_links":{"self":[{"href":"https:\/\/www.erresse-shop.it\/fr\/wp-json\/wp\/v2\/product\/96154"}],"collection":[{"href":"https:\/\/www.erresse-shop.it\/fr\/wp-json\/wp\/v2\/product"}],"about":[{"href":"https:\/\/www.erresse-shop.it\/fr\/wp-json\/wp\/v2\/types\/product"}],"wp:featuredmedia":[{"embeddable":true,"href":"https:\/\/www.erresse-shop.it\/fr\/wp-json\/wp\/v2\/media\/96261"}],"wp:attachment":[{"href":"https:\/\/www.erresse-shop.it\/fr\/wp-json\/wp\/v2\/media?parent=96154"}],"wp:term":[{"taxonomy":"product_cat","embeddable":true,"href":"https:\/\/www.erresse-shop.it\/fr\/wp-json\/wp\/v2\/product_cat?post=96154"},{"taxonomy":"product_tag","embeddable":true,"href":"https:\/\/www.erresse-shop.it\/fr\/wp-json\/wp\/v2\/product_tag?post=96154"}],"curies":[{"name":"wp","href":"https:\/\/api.w.org\/{rel}","templated":true}]}}