{"id":95454,"date":"2021-04-07T09:59:49","date_gmt":"2021-04-07T09:59:55","guid":{"rendered":"https:\/\/www.erresse-shop.it\/?post_type=product&#038;p=95454"},"modified":"2025-01-13T14:58:00","modified_gmt":"2025-01-13T14:58:00","slug":"portmeirion-pomona-set-6-assiettes-plates","status":"publish","type":"product","link":"https:\/\/www.erresse-shop.it\/fr\/shop\/table-fr-2\/plats\/portmeirion-pomona-set-6-assiettes-plates\/","title":{"rendered":"PORTMEIRION Pomona Set 6 Assiettes Plates"},"content":{"rendered":"<p>Avec ses repr\u00e9sentations de fruits, <strong>Pomona<\/strong> est une gamme de vaisselle de style classique qui am\u00e8ne la nature au c\u0153ur de la maison. Nomm\u00e9e d&#8217;apr\u00e8s l&#8217;ancienne d\u00e9esse romaine des fruits, chaque pi\u00e8ce de <strong>Pomona<\/strong> est orn\u00e9e d&#8217;un des six fruits succulents tir\u00e9s de livres color\u00e9s \u00e0 la main des ann\u00e9es 1830. Ce produit est con\u00e7u dans nos studios de Stoke on Trent, en Angleterre.<\/p>\n<p><strong>Portmeirion<\/strong> a \u00e9t\u00e9 fond\u00e9 en 1960 par la l\u00e9gendaire cr\u00e9atrice de poteries <strong>Susan Williams-Ellis<\/strong> et son mari <strong>Euan Cooper-Willis<\/strong>.<br \/>\nAvec pr\u00e8s de cinquante ans de cr\u00e9ativit\u00e9, la contribution de Susan Williams-Ellis au style de design britannique, aux poteries Portmeirion et \u00e0 l&#8217;industrie c\u00e9ramique britannique est incommensurable et la place fermement en compagnie d&#8217;un petit groupe de grands et c\u00e9l\u00e8bres designers c\u00e9ramiques du 20e si\u00e8cle. Sa philosophie selon laquelle la vaisselle doit \u00eatre \u00e0 la fois belle et pratique continuera d&#8217;impr\u00e9gner les valeurs du design de Portmeirion et de d\u00e9terminer le succ\u00e8s de l&#8217;entreprise qu&#8217;elle a cr\u00e9\u00e9e.<\/p>\n<p><span style=\"text-decoration: underline;\"><strong>Peut aller au lave-vaisselle, au cong\u00e9lateur, au micro-ondes et au four jusqu&#8217;\u00e0 170\u00b0C.<\/strong><\/span><\/p>\n<p><a href=\"https:\/\/www.youtube.com\/watch?v=Hga03Fa-aBk&amp;t=5s\" target=\"_blank\" rel=\"noopener\"><span style=\"text-decoration: underline;\"><strong>Regardez la vid\u00e9o de Portmeirion<\/strong><\/span><\/a><\/p>\n","protected":false},"excerpt":{"rendered":"<p>Avec ses repr\u00e9sentations de fruits, Pomona est une gamme de vaisselle de style classique qui am\u00e8ne la nature au c\u0153ur<\/p>\n","protected":false},"featured_media":95481,"template":"","meta":{"_acf_changed":false,"inline_featured_image":false},"product_cat":[12788,12782],"product_tag":[19356,13169,23910,25021,13170,24603],"acf":[],"yoast_head":"<!-- This site is optimized with the Yoast SEO Premium plugin v18.6 (Yoast SEO v19.13) - https:\/\/yoast.com\/wordpress\/plugins\/seo\/ -->\n<title>PORTMEIRION Pomona Set 6 Assiettes Plates<\/title>\n<meta name=\"description\" content=\"D\u00e9couvrez PORTMEIRION Pomona Set 6 Assiettes Plates sur ErresseShop. Qualit\u00e9, prix r\u00e9duits et achat s\u00e9curis\u00e9 \u2013 commandez d\u00e8s maintenant en ligne !\" \/>\n<meta name=\"robots\" content=\"index, follow, max-snippet:-1, max-image-preview:large, max-video-preview:-1\" \/>\n<link rel=\"canonical\" href=\"https:\/\/www.erresse-shop.it\/fr\/shop\/table-fr-2\/plats\/portmeirion-pomona-set-6-assiettes-plates\/\" \/>\n<meta property=\"og:locale\" content=\"fr_FR\" \/>\n<meta property=\"og:type\" content=\"article\" \/>\n<meta property=\"og:title\" content=\"PORTMEIRION Pomona Set 6 Assiettes Plates\" \/>\n<meta property=\"og:description\" content=\"D\u00e9couvrez PORTMEIRION Pomona Set 6 Assiettes Plates sur ErresseShop. Qualit\u00e9, prix r\u00e9duits et achat s\u00e9curis\u00e9 \u2013 commandez d\u00e8s maintenant en ligne !\" \/>\n<meta property=\"og:url\" content=\"https:\/\/www.erresse-shop.it\/fr\/shop\/table-fr-2\/plats\/portmeirion-pomona-set-6-assiettes-plates\/\" \/>\n<meta property=\"og:site_name\" content=\"Erresse Shop\" \/>\n<meta property=\"article:modified_time\" content=\"2025-01-13T14:58:00+00:00\" \/>\n<meta property=\"og:image\" content=\"https:\/\/www.erresse-shop.it\/wp-content\/uploads\/2021\/04\/PORTMEIRION-Pomona-Piatti-Piani-Set-6-Pezzi.jpg\" \/>\n\t<meta property=\"og:image:width\" content=\"763\" \/>\n\t<meta property=\"og:image:height\" content=\"545\" \/>\n\t<meta property=\"og:image:type\" content=\"image\/jpeg\" \/>\n<meta name=\"twitter:card\" content=\"summary_large_image\" \/>\n<script type=\"application\/ld+json\" class=\"yoast-schema-graph\">{\"@context\":\"https:\/\/schema.org\",\"@graph\":[{\"@type\":\"WebPage\",\"@id\":\"https:\/\/www.erresse-shop.it\/fr\/shop\/table-fr-2\/plats\/portmeirion-pomona-set-6-assiettes-plates\/\",\"url\":\"https:\/\/www.erresse-shop.it\/fr\/shop\/table-fr-2\/plats\/portmeirion-pomona-set-6-assiettes-plates\/\",\"name\":\"PORTMEIRION Pomona Set 6 Assiettes Plates\",\"isPartOf\":{\"@id\":\"https:\/\/www.erresse-shop.it\/fr\/#website\"},\"datePublished\":\"2021-04-07T09:59:55+00:00\",\"dateModified\":\"2025-01-13T14:58:00+00:00\",\"description\":\"D\u00e9couvrez PORTMEIRION Pomona Set 6 Assiettes Plates sur ErresseShop. Qualit\u00e9, prix r\u00e9duits et achat s\u00e9curis\u00e9 \u2013 commandez d\u00e8s maintenant en ligne !\",\"breadcrumb\":{\"@id\":\"https:\/\/www.erresse-shop.it\/fr\/shop\/table-fr-2\/plats\/portmeirion-pomona-set-6-assiettes-plates\/#breadcrumb\"},\"inLanguage\":\"fr-FR\",\"potentialAction\":[{\"@type\":\"ReadAction\",\"target\":[\"https:\/\/www.erresse-shop.it\/fr\/shop\/table-fr-2\/plats\/portmeirion-pomona-set-6-assiettes-plates\/\"]}]},{\"@type\":\"BreadcrumbList\",\"@id\":\"https:\/\/www.erresse-shop.it\/fr\/shop\/table-fr-2\/plats\/portmeirion-pomona-set-6-assiettes-plates\/#breadcrumb\",\"itemListElement\":[{\"@type\":\"ListItem\",\"position\":1,\"name\":\"Home\",\"item\":\"https:\/\/www.erresse-shop.it\/fr\/\"},{\"@type\":\"ListItem\",\"position\":2,\"name\":\"Shop\",\"item\":\"https:\/\/www.erresse-shop.it\/fr\/shop\/\"},{\"@type\":\"ListItem\",\"position\":3,\"name\":\"PORTMEIRION Pomona Set 6 Assiettes Plates\"}]},{\"@type\":\"WebSite\",\"@id\":\"https:\/\/www.erresse-shop.it\/fr\/#website\",\"url\":\"https:\/\/www.erresse-shop.it\/fr\/\",\"name\":\"Erresse Shop\",\"description\":\"Articoli di qualit\u00e0 per la casa\",\"potentialAction\":[{\"@type\":\"SearchAction\",\"target\":{\"@type\":\"EntryPoint\",\"urlTemplate\":\"https:\/\/www.erresse-shop.it\/fr\/?s={search_term_string}\"},\"query-input\":\"required name=search_term_string\"}],\"inLanguage\":\"fr-FR\"}]}<\/script>\n<!-- \/ Yoast SEO Premium plugin. -->","yoast_head_json":{"title":"PORTMEIRION Pomona Set 6 Assiettes Plates","description":"D\u00e9couvrez PORTMEIRION Pomona Set 6 Assiettes Plates sur ErresseShop. Qualit\u00e9, prix r\u00e9duits et achat s\u00e9curis\u00e9 \u2013 commandez d\u00e8s maintenant en ligne !","robots":{"index":"index","follow":"follow","max-snippet":"max-snippet:-1","max-image-preview":"max-image-preview:large","max-video-preview":"max-video-preview:-1"},"canonical":"https:\/\/www.erresse-shop.it\/fr\/shop\/table-fr-2\/plats\/portmeirion-pomona-set-6-assiettes-plates\/","og_locale":"fr_FR","og_type":"article","og_title":"PORTMEIRION Pomona Set 6 Assiettes Plates","og_description":"D\u00e9couvrez PORTMEIRION Pomona Set 6 Assiettes Plates sur ErresseShop. Qualit\u00e9, prix r\u00e9duits et achat s\u00e9curis\u00e9 \u2013 commandez d\u00e8s maintenant en ligne !","og_url":"https:\/\/www.erresse-shop.it\/fr\/shop\/table-fr-2\/plats\/portmeirion-pomona-set-6-assiettes-plates\/","og_site_name":"Erresse Shop","article_modified_time":"2025-01-13T14:58:00+00:00","og_image":[{"width":763,"height":545,"url":"https:\/\/www.erresse-shop.it\/wp-content\/uploads\/2021\/04\/PORTMEIRION-Pomona-Piatti-Piani-Set-6-Pezzi.jpg","type":"image\/jpeg"}],"twitter_card":"summary_large_image","schema":{"@context":"https:\/\/schema.org","@graph":[{"@type":"WebPage","@id":"https:\/\/www.erresse-shop.it\/fr\/shop\/table-fr-2\/plats\/portmeirion-pomona-set-6-assiettes-plates\/","url":"https:\/\/www.erresse-shop.it\/fr\/shop\/table-fr-2\/plats\/portmeirion-pomona-set-6-assiettes-plates\/","name":"PORTMEIRION Pomona Set 6 Assiettes Plates","isPartOf":{"@id":"https:\/\/www.erresse-shop.it\/fr\/#website"},"datePublished":"2021-04-07T09:59:55+00:00","dateModified":"2025-01-13T14:58:00+00:00","description":"D\u00e9couvrez PORTMEIRION Pomona Set 6 Assiettes Plates sur ErresseShop. Qualit\u00e9, prix r\u00e9duits et achat s\u00e9curis\u00e9 \u2013 commandez d\u00e8s maintenant en ligne !","breadcrumb":{"@id":"https:\/\/www.erresse-shop.it\/fr\/shop\/table-fr-2\/plats\/portmeirion-pomona-set-6-assiettes-plates\/#breadcrumb"},"inLanguage":"fr-FR","potentialAction":[{"@type":"ReadAction","target":["https:\/\/www.erresse-shop.it\/fr\/shop\/table-fr-2\/plats\/portmeirion-pomona-set-6-assiettes-plates\/"]}]},{"@type":"BreadcrumbList","@id":"https:\/\/www.erresse-shop.it\/fr\/shop\/table-fr-2\/plats\/portmeirion-pomona-set-6-assiettes-plates\/#breadcrumb","itemListElement":[{"@type":"ListItem","position":1,"name":"Home","item":"https:\/\/www.erresse-shop.it\/fr\/"},{"@type":"ListItem","position":2,"name":"Shop","item":"https:\/\/www.erresse-shop.it\/fr\/shop\/"},{"@type":"ListItem","position":3,"name":"PORTMEIRION Pomona Set 6 Assiettes Plates"}]},{"@type":"WebSite","@id":"https:\/\/www.erresse-shop.it\/fr\/#website","url":"https:\/\/www.erresse-shop.it\/fr\/","name":"Erresse Shop","description":"Articoli di qualit\u00e0 per la casa","potentialAction":[{"@type":"SearchAction","target":{"@type":"EntryPoint","urlTemplate":"https:\/\/www.erresse-shop.it\/fr\/?s={search_term_string}"},"query-input":"required name=search_term_string"}],"inLanguage":"fr-FR"}]}},"df_price":112.45,"df_sale_price":112.45,"df_regular_price":173,"df_image_link":"https:\/\/www.erresse-shop.it\/wp-content\/uploads\/2021\/04\/PORTMEIRION-Pomona-Piatti-Piani-Set-6-Pezzi-300x214.jpg","_links":{"self":[{"href":"https:\/\/www.erresse-shop.it\/fr\/wp-json\/wp\/v2\/product\/95454"}],"collection":[{"href":"https:\/\/www.erresse-shop.it\/fr\/wp-json\/wp\/v2\/product"}],"about":[{"href":"https:\/\/www.erresse-shop.it\/fr\/wp-json\/wp\/v2\/types\/product"}],"wp:featuredmedia":[{"embeddable":true,"href":"https:\/\/www.erresse-shop.it\/fr\/wp-json\/wp\/v2\/media\/95481"}],"wp:attachment":[{"href":"https:\/\/www.erresse-shop.it\/fr\/wp-json\/wp\/v2\/media?parent=95454"}],"wp:term":[{"taxonomy":"product_cat","embeddable":true,"href":"https:\/\/www.erresse-shop.it\/fr\/wp-json\/wp\/v2\/product_cat?post=95454"},{"taxonomy":"product_tag","embeddable":true,"href":"https:\/\/www.erresse-shop.it\/fr\/wp-json\/wp\/v2\/product_tag?post=95454"}],"curies":[{"name":"wp","href":"https:\/\/api.w.org\/{rel}","templated":true}]}}