{"id":95285,"date":"2021-04-06T13:56:52","date_gmt":"2021-04-06T13:56:54","guid":{"rendered":"https:\/\/www.erresse-shop.it\/?post_type=product&#038;p=95285"},"modified":"2025-02-26T13:51:32","modified_gmt":"2025-02-26T13:51:32","slug":"portmeirion-botanic-garden-set-6-assiettes-a-dessert","status":"publish","type":"product","link":"https:\/\/www.erresse-shop.it\/fr\/shop\/table-fr-2\/plats\/portmeirion-botanic-garden-set-6-assiettes-a-dessert\/","title":{"rendered":"PORTMEIRION Botanic Garden Set 6 Assiettes \u00e0 Dessert"},"content":{"rendered":"<p>Classique intemporel, <strong>Botanic Garden<\/strong> est la collection la plus connue de la c\u00e9ramique britannique. De magnifiques motifs floraux et des papillons saisissants rendent les occasions quotidiennes sp\u00e9ciales, apportant du plaisir dans notre style de vie moderne. <strong>Botanic Garden<\/strong> contient un large \u00e9ventail de pi\u00e8ces, \u00e0 utiliser \u00e0 l&#8217;int\u00e9rieur et \u00e0 l&#8217;ext\u00e9rieur de la maison. Embrassez la magie naturelle et d\u00e9couvrez votre propre jardin secret.<\/p>\n<p><strong>Portmeirion<\/strong> a \u00e9t\u00e9 fond\u00e9 en 1960 par la l\u00e9gendaire cr\u00e9atrice de poteries <strong>Susan Williams-Ellis<\/strong> et son mari <strong>Euan Cooper-Willis<\/strong>.<br \/>\nAvec pr\u00e8s de cinquante ans de cr\u00e9ativit\u00e9, la contribution de Susan Williams-Ellis au style de design britannique, aux poteries Portmeirion et \u00e0 l&#8217;industrie c\u00e9ramique britannique est incommensurable et la place fermement en compagnie d&#8217;un petit groupe de grands et c\u00e9l\u00e8bres designers c\u00e9ramiques du 20e si\u00e8cle. Sa philosophie selon laquelle la vaisselle doit \u00eatre \u00e0 la fois belle et pratique continuera d&#8217;impr\u00e9gner les valeurs du design de Portmeirion et de d\u00e9terminer le succ\u00e8s de l&#8217;entreprise qu&#8217;elle a cr\u00e9\u00e9e.<\/p>\n<p><span style=\"text-decoration: underline;\"><strong>Peut aller au lave-vaisselle, au cong\u00e9lateur, au micro-ondes et au four jusqu&#8217;\u00e0 170\u00b0C.<\/strong><\/span><\/p>\n<p><strong>Dimensions :<\/strong> \u00f8 21,5 x H. 3 cm<\/p>\n<p><a href=\"https:\/\/www.youtube.com\/watch?v=Hga03Fa-aBk&amp;t=5s\" target=\"_blank\" rel=\"noopener\"><span style=\"text-decoration: underline;\"><strong>Regardez la vid\u00e9o de Portmeirion<\/strong><\/span><\/a><\/p>\n","protected":false},"excerpt":{"rendered":"<p>Classique intemporel, Botanic Garden est la collection la plus connue de la c\u00e9ramique britannique. De magnifiques motifs floraux et des<\/p>\n","protected":false},"featured_media":95262,"template":"","meta":{"_acf_changed":false,"inline_featured_image":false},"product_cat":[12788,12782],"product_tag":[19356,13169,14551,23910,25021,24603],"acf":[],"yoast_head":"<!-- This site is optimized with the Yoast SEO Premium plugin v18.6 (Yoast SEO v19.13) - https:\/\/yoast.com\/wordpress\/plugins\/seo\/ -->\n<title>PORTMEIRION Botanic Garden Set 6 Assiettes \u00e0 Dessert<\/title>\n<meta name=\"description\" content=\"D\u00e9couvrez PORTMEIRION Botanic Garden Set 6 Assiettes \u00e0 Dessert sur ErresseShop. Qualit\u00e9, prix r\u00e9duits et achat s\u00e9curis\u00e9 \u2013 commandez d\u00e8s maintenant en ligne !\" \/>\n<meta name=\"robots\" content=\"index, follow, max-snippet:-1, max-image-preview:large, max-video-preview:-1\" \/>\n<link rel=\"canonical\" href=\"https:\/\/www.erresse-shop.it\/fr\/shop\/table-fr-2\/plats\/portmeirion-botanic-garden-set-6-assiettes-a-dessert\/\" \/>\n<meta property=\"og:locale\" content=\"fr_FR\" \/>\n<meta property=\"og:type\" content=\"article\" \/>\n<meta property=\"og:title\" content=\"PORTMEIRION Botanic Garden Set 6 Assiettes \u00e0 Dessert\" \/>\n<meta property=\"og:description\" content=\"D\u00e9couvrez PORTMEIRION Botanic Garden Set 6 Assiettes \u00e0 Dessert sur ErresseShop. Qualit\u00e9, prix r\u00e9duits et achat s\u00e9curis\u00e9 \u2013 commandez d\u00e8s maintenant en ligne !\" \/>\n<meta property=\"og:url\" content=\"https:\/\/www.erresse-shop.it\/fr\/shop\/table-fr-2\/plats\/portmeirion-botanic-garden-set-6-assiettes-a-dessert\/\" \/>\n<meta property=\"og:site_name\" content=\"Erresse Shop\" \/>\n<meta property=\"article:modified_time\" content=\"2025-02-26T13:51:32+00:00\" \/>\n<meta property=\"og:image\" content=\"https:\/\/www.erresse-shop.it\/wp-content\/uploads\/2021\/04\/PORTMEIRION-Botanic-Garden-Piatti-Frutta-1.jpg\" \/>\n\t<meta property=\"og:image:width\" content=\"1000\" \/>\n\t<meta property=\"og:image:height\" content=\"1000\" \/>\n\t<meta property=\"og:image:type\" content=\"image\/jpeg\" \/>\n<meta name=\"twitter:card\" content=\"summary_large_image\" \/>\n<script type=\"application\/ld+json\" class=\"yoast-schema-graph\">{\"@context\":\"https:\/\/schema.org\",\"@graph\":[{\"@type\":\"WebPage\",\"@id\":\"https:\/\/www.erresse-shop.it\/fr\/shop\/table-fr-2\/plats\/portmeirion-botanic-garden-set-6-assiettes-a-dessert\/\",\"url\":\"https:\/\/www.erresse-shop.it\/fr\/shop\/table-fr-2\/plats\/portmeirion-botanic-garden-set-6-assiettes-a-dessert\/\",\"name\":\"PORTMEIRION Botanic Garden Set 6 Assiettes \u00e0 Dessert\",\"isPartOf\":{\"@id\":\"https:\/\/www.erresse-shop.it\/fr\/#website\"},\"datePublished\":\"2021-04-06T13:56:54+00:00\",\"dateModified\":\"2025-02-26T13:51:32+00:00\",\"description\":\"D\u00e9couvrez PORTMEIRION Botanic Garden Set 6 Assiettes \u00e0 Dessert sur ErresseShop. Qualit\u00e9, prix r\u00e9duits et achat s\u00e9curis\u00e9 \u2013 commandez d\u00e8s maintenant en ligne !\",\"breadcrumb\":{\"@id\":\"https:\/\/www.erresse-shop.it\/fr\/shop\/table-fr-2\/plats\/portmeirion-botanic-garden-set-6-assiettes-a-dessert\/#breadcrumb\"},\"inLanguage\":\"fr-FR\",\"potentialAction\":[{\"@type\":\"ReadAction\",\"target\":[\"https:\/\/www.erresse-shop.it\/fr\/shop\/table-fr-2\/plats\/portmeirion-botanic-garden-set-6-assiettes-a-dessert\/\"]}]},{\"@type\":\"BreadcrumbList\",\"@id\":\"https:\/\/www.erresse-shop.it\/fr\/shop\/table-fr-2\/plats\/portmeirion-botanic-garden-set-6-assiettes-a-dessert\/#breadcrumb\",\"itemListElement\":[{\"@type\":\"ListItem\",\"position\":1,\"name\":\"Home\",\"item\":\"https:\/\/www.erresse-shop.it\/fr\/\"},{\"@type\":\"ListItem\",\"position\":2,\"name\":\"Shop\",\"item\":\"https:\/\/www.erresse-shop.it\/fr\/shop\/\"},{\"@type\":\"ListItem\",\"position\":3,\"name\":\"PORTMEIRION Botanic Garden Set 6 Assiettes \u00e0 Dessert\"}]},{\"@type\":\"WebSite\",\"@id\":\"https:\/\/www.erresse-shop.it\/fr\/#website\",\"url\":\"https:\/\/www.erresse-shop.it\/fr\/\",\"name\":\"Erresse Shop\",\"description\":\"Articoli di qualit\u00e0 per la casa\",\"potentialAction\":[{\"@type\":\"SearchAction\",\"target\":{\"@type\":\"EntryPoint\",\"urlTemplate\":\"https:\/\/www.erresse-shop.it\/fr\/?s={search_term_string}\"},\"query-input\":\"required name=search_term_string\"}],\"inLanguage\":\"fr-FR\"}]}<\/script>\n<!-- \/ Yoast SEO Premium plugin. -->","yoast_head_json":{"title":"PORTMEIRION Botanic Garden Set 6 Assiettes \u00e0 Dessert","description":"D\u00e9couvrez PORTMEIRION Botanic Garden Set 6 Assiettes \u00e0 Dessert sur ErresseShop. Qualit\u00e9, prix r\u00e9duits et achat s\u00e9curis\u00e9 \u2013 commandez d\u00e8s maintenant en ligne !","robots":{"index":"index","follow":"follow","max-snippet":"max-snippet:-1","max-image-preview":"max-image-preview:large","max-video-preview":"max-video-preview:-1"},"canonical":"https:\/\/www.erresse-shop.it\/fr\/shop\/table-fr-2\/plats\/portmeirion-botanic-garden-set-6-assiettes-a-dessert\/","og_locale":"fr_FR","og_type":"article","og_title":"PORTMEIRION Botanic Garden Set 6 Assiettes \u00e0 Dessert","og_description":"D\u00e9couvrez PORTMEIRION Botanic Garden Set 6 Assiettes \u00e0 Dessert sur ErresseShop. Qualit\u00e9, prix r\u00e9duits et achat s\u00e9curis\u00e9 \u2013 commandez d\u00e8s maintenant en ligne !","og_url":"https:\/\/www.erresse-shop.it\/fr\/shop\/table-fr-2\/plats\/portmeirion-botanic-garden-set-6-assiettes-a-dessert\/","og_site_name":"Erresse Shop","article_modified_time":"2025-02-26T13:51:32+00:00","og_image":[{"width":1000,"height":1000,"url":"https:\/\/www.erresse-shop.it\/wp-content\/uploads\/2021\/04\/PORTMEIRION-Botanic-Garden-Piatti-Frutta-1.jpg","type":"image\/jpeg"}],"twitter_card":"summary_large_image","schema":{"@context":"https:\/\/schema.org","@graph":[{"@type":"WebPage","@id":"https:\/\/www.erresse-shop.it\/fr\/shop\/table-fr-2\/plats\/portmeirion-botanic-garden-set-6-assiettes-a-dessert\/","url":"https:\/\/www.erresse-shop.it\/fr\/shop\/table-fr-2\/plats\/portmeirion-botanic-garden-set-6-assiettes-a-dessert\/","name":"PORTMEIRION Botanic Garden Set 6 Assiettes \u00e0 Dessert","isPartOf":{"@id":"https:\/\/www.erresse-shop.it\/fr\/#website"},"datePublished":"2021-04-06T13:56:54+00:00","dateModified":"2025-02-26T13:51:32+00:00","description":"D\u00e9couvrez PORTMEIRION Botanic Garden Set 6 Assiettes \u00e0 Dessert sur ErresseShop. Qualit\u00e9, prix r\u00e9duits et achat s\u00e9curis\u00e9 \u2013 commandez d\u00e8s maintenant en ligne !","breadcrumb":{"@id":"https:\/\/www.erresse-shop.it\/fr\/shop\/table-fr-2\/plats\/portmeirion-botanic-garden-set-6-assiettes-a-dessert\/#breadcrumb"},"inLanguage":"fr-FR","potentialAction":[{"@type":"ReadAction","target":["https:\/\/www.erresse-shop.it\/fr\/shop\/table-fr-2\/plats\/portmeirion-botanic-garden-set-6-assiettes-a-dessert\/"]}]},{"@type":"BreadcrumbList","@id":"https:\/\/www.erresse-shop.it\/fr\/shop\/table-fr-2\/plats\/portmeirion-botanic-garden-set-6-assiettes-a-dessert\/#breadcrumb","itemListElement":[{"@type":"ListItem","position":1,"name":"Home","item":"https:\/\/www.erresse-shop.it\/fr\/"},{"@type":"ListItem","position":2,"name":"Shop","item":"https:\/\/www.erresse-shop.it\/fr\/shop\/"},{"@type":"ListItem","position":3,"name":"PORTMEIRION Botanic Garden Set 6 Assiettes \u00e0 Dessert"}]},{"@type":"WebSite","@id":"https:\/\/www.erresse-shop.it\/fr\/#website","url":"https:\/\/www.erresse-shop.it\/fr\/","name":"Erresse Shop","description":"Articoli di qualit\u00e0 per la casa","potentialAction":[{"@type":"SearchAction","target":{"@type":"EntryPoint","urlTemplate":"https:\/\/www.erresse-shop.it\/fr\/?s={search_term_string}"},"query-input":"required name=search_term_string"}],"inLanguage":"fr-FR"}]}},"df_price":107.2175,"df_sale_price":107.2175,"df_regular_price":164.95,"df_image_link":"https:\/\/www.erresse-shop.it\/wp-content\/uploads\/2021\/04\/PORTMEIRION-Botanic-Garden-Piatti-Frutta-1-300x300.jpg","_links":{"self":[{"href":"https:\/\/www.erresse-shop.it\/fr\/wp-json\/wp\/v2\/product\/95285"}],"collection":[{"href":"https:\/\/www.erresse-shop.it\/fr\/wp-json\/wp\/v2\/product"}],"about":[{"href":"https:\/\/www.erresse-shop.it\/fr\/wp-json\/wp\/v2\/types\/product"}],"wp:featuredmedia":[{"embeddable":true,"href":"https:\/\/www.erresse-shop.it\/fr\/wp-json\/wp\/v2\/media\/95262"}],"wp:attachment":[{"href":"https:\/\/www.erresse-shop.it\/fr\/wp-json\/wp\/v2\/media?parent=95285"}],"wp:term":[{"taxonomy":"product_cat","embeddable":true,"href":"https:\/\/www.erresse-shop.it\/fr\/wp-json\/wp\/v2\/product_cat?post=95285"},{"taxonomy":"product_tag","embeddable":true,"href":"https:\/\/www.erresse-shop.it\/fr\/wp-json\/wp\/v2\/product_tag?post=95285"}],"curies":[{"name":"wp","href":"https:\/\/api.w.org\/{rel}","templated":true}]}}