{"id":94681,"date":"2013-03-16T17:50:31","date_gmt":"2013-03-16T17:50:31","guid":{"rendered":"https:\/\/www.erresse-shop.it\/shop\/non%20class\u00e9\/zafferano-nuove-esperienze-set-6-verres-a-vin-sauvignon-blanc\/"},"modified":"2025-01-13T14:57:10","modified_gmt":"2025-01-13T14:57:10","slug":"zafferano-nuove-esperienze-set-6-verres-a-vin-sauvignon-blanc","status":"publish","type":"product","link":"https:\/\/www.erresse-shop.it\/fr\/shop\/table-fr-2\/vin\/zafferano-nuove-esperienze-set-6-verres-a-vin-sauvignon-blanc\/","title":{"rendered":"ZAFFERANO Nuove Esperienze Set 6 Verres \u00e0 Vin Sauvignon Blanc"},"content":{"rendered":"<p>Zafferano. En plus d&#8217;\u00eatre un lieu d&#8217;affirmation, d&#8217;\u00e9volution et d&#8217;ach\u00e8vement du vin, le verre est une \u0153uvre d&#8217;art.<br \/>\nLe design et la fonctionnalit\u00e9 inspirent le travail de Federico de Majo. Ses cr\u00e9ations vont des lignes les plus traditionnelles \u00e0 d&#8217;autres \u00e0 fort contenu technique, o\u00f9 s&#8217;expriment le go\u00fbt pour l&#8217;innovation et la recherche de produits.<\/p>\n<p>Avec Zafferano, l&#8217;exp\u00e9rience de la verrerie rencontre la culture du vin. L&#8217;histoire de Federico de Majo commence dans la verrerie familiale de Murano. C&#8217;est l\u00e0, au milieu des ann\u00e9es soixante-dix, que Federico de Majo a commenc\u00e9 \u00e0 se consacrer avec passion au verre souffl\u00e9 et artistique. Plus tard, l&#8217;attention et le go\u00fbt du bien boire feront na\u00eetre en lui le d\u00e9sir de cr\u00e9er une entreprise d\u00e9di\u00e9e \u00e0 la recherche et \u00e0 la production de verres de d\u00e9gustation.<\/p>\n<p>EXP\u00c9RIENCES &#8211; NOUVELLES EXP\u00c9RIENCES<br \/>\n&#8220;Parler de la conception et de la fabrication de ces lunettes est peut-\u00eatre le plus grand plaisir pour moi. Je cherchais une id\u00e9e qui ne r\u00e9p\u00e8te pas la seule coutume formellement agr\u00e9able de nombreux verres d\u00e9j\u00e0 existants.<br \/>\n\u00c7a m&#8217;est venu comme \u00e7a, assis \u00e0 un bureau dans une pi\u00e8ce chez Morgan, qui est sur Madison. Il pleuvait dehors, une myriade de cercles concentriques vibraient dans le miroir des flaques d&#8217;eau : une pens\u00e9e concr\u00e8te, imm\u00e9diate, r\u00e9alis\u00e9e&#8221;.<br \/>\nFederico de Majo<\/p>\n<p>Des exp\u00e9riences uniques sont celles que l&#8217;on peut vivre gr\u00e2ce \u00e0 ces gobelets avec leur grande surface de contact et l&#8217;ondulation particuli\u00e8re \u00e0 la base du buveur. La largeur de la surface, augment\u00e9e par les ondulations, favorise la centrifugation, l&#8217;oxyg\u00e9nation et le parcours \u00e9volutif du vin qui, \u00e0 partir de l&#8217;environnement r\u00e9duit de la bouteille, dans laquelle il est rest\u00e9 longtemps, se dirige vers une condition de parfaite buvabilit\u00e9.<br \/>\nCes m\u00eames ondulations permettent d&#8217;observer les tons et les reflets du vin sans avoir \u00e0 incliner le verre.<br \/>\nLa collection &#8220;Esperienze&#8221;, dont le brevet est d\u00e9pos\u00e9, est con\u00e7ue par Federico de Majo, r\u00e9alis\u00e9e en verre de sonorit\u00e9 sup\u00e9rieure et disponible en deux versions : souffl\u00e9e \u00e0 la bouche (Esperienze) et avec ex\u00e9cution m\u00e9canique (Nuove Esperienze).<br \/>\nGr\u00e2ce \u00e0 leurs caract\u00e9ristiques techniques, ainsi qu&#8217;\u00e0 leur esth\u00e9tique, les gobelets &#8220;Esperienze&#8221; sont un outil de d\u00e9gustation appr\u00e9ci\u00e9, fr\u00e9quemment s\u00e9lectionn\u00e9 pour mettre en valeur l&#8217;excellence de la production viticole internationale et pour accompagner des \u00e9v\u00e9nements \u0153nogastronomiques prestigieux, dont Vinitaly \u00e0 V\u00e9rone.<\/p>\n","protected":false},"excerpt":{"rendered":"<p>Zafferano. En plus d&#8217;\u00eatre un lieu d&#8217;affirmation, d&#8217;\u00e9volution et d&#8217;ach\u00e8vement du vin, le verre est une \u0153uvre d&#8217;art. Le design<\/p>\n","protected":false},"featured_media":94678,"template":"","meta":{"_acf_changed":false,"inline_featured_image":false},"product_cat":[12782,14460,12754],"product_tag":[25026,14894,25021,12827,12856,15896,12826,14889,23682],"acf":[],"yoast_head":"<!-- This site is optimized with the Yoast SEO Premium plugin v18.6 (Yoast SEO v19.13) - https:\/\/yoast.com\/wordpress\/plugins\/seo\/ -->\n<title>ZAFFERANO Nuove Esperienze Set 6 Verres \u00e0 Vin Sauvignon Blanc<\/title>\n<meta name=\"description\" content=\"D\u00e9couvrez ZAFFERANO Nuove Esperienze Set 6 Verres \u00e0 Vin Sauvignon Blanc sur ErresseShop. Qualit\u00e9, prix r\u00e9duits et achat s\u00e9curis\u00e9 \u2013 commandez d\u00e8s maintenant en ligne !\" \/>\n<meta name=\"robots\" content=\"index, follow, max-snippet:-1, max-image-preview:large, max-video-preview:-1\" \/>\n<link rel=\"canonical\" href=\"https:\/\/www.erresse-shop.it\/fr\/shop\/table-fr-2\/vin\/zafferano-nuove-esperienze-set-6-verres-a-vin-sauvignon-blanc\/\" \/>\n<meta property=\"og:locale\" content=\"fr_FR\" \/>\n<meta property=\"og:type\" content=\"article\" \/>\n<meta property=\"og:title\" content=\"ZAFFERANO Nuove Esperienze Set 6 Verres \u00e0 Vin Sauvignon Blanc\" \/>\n<meta property=\"og:description\" content=\"D\u00e9couvrez ZAFFERANO Nuove Esperienze Set 6 Verres \u00e0 Vin Sauvignon Blanc sur ErresseShop. Qualit\u00e9, prix r\u00e9duits et achat s\u00e9curis\u00e9 \u2013 commandez d\u00e8s maintenant en ligne !\" \/>\n<meta property=\"og:url\" content=\"https:\/\/www.erresse-shop.it\/fr\/shop\/table-fr-2\/vin\/zafferano-nuove-esperienze-set-6-verres-a-vin-sauvignon-blanc\/\" \/>\n<meta property=\"og:site_name\" content=\"Erresse Shop\" \/>\n<meta property=\"article:modified_time\" content=\"2025-01-13T14:57:10+00:00\" \/>\n<meta property=\"og:image\" content=\"https:\/\/www.erresse-shop.it\/wp-content\/uploads\/2013\/03\/ZAFFERANO-6-Calici-Sauvignon-Blanc-Esperienze.jpg\" \/>\n\t<meta property=\"og:image:width\" content=\"1000\" \/>\n\t<meta property=\"og:image:height\" content=\"1000\" \/>\n\t<meta property=\"og:image:type\" content=\"image\/jpeg\" \/>\n<meta name=\"twitter:card\" content=\"summary_large_image\" \/>\n<script type=\"application\/ld+json\" class=\"yoast-schema-graph\">{\"@context\":\"https:\/\/schema.org\",\"@graph\":[{\"@type\":\"WebPage\",\"@id\":\"https:\/\/www.erresse-shop.it\/fr\/shop\/table-fr-2\/vin\/zafferano-nuove-esperienze-set-6-verres-a-vin-sauvignon-blanc\/\",\"url\":\"https:\/\/www.erresse-shop.it\/fr\/shop\/table-fr-2\/vin\/zafferano-nuove-esperienze-set-6-verres-a-vin-sauvignon-blanc\/\",\"name\":\"ZAFFERANO Nuove Esperienze Set 6 Verres \u00e0 Vin Sauvignon Blanc\",\"isPartOf\":{\"@id\":\"https:\/\/www.erresse-shop.it\/fr\/#website\"},\"datePublished\":\"2013-03-16T17:50:31+00:00\",\"dateModified\":\"2025-01-13T14:57:10+00:00\",\"description\":\"D\u00e9couvrez ZAFFERANO Nuove Esperienze Set 6 Verres \u00e0 Vin Sauvignon Blanc sur ErresseShop. Qualit\u00e9, prix r\u00e9duits et achat s\u00e9curis\u00e9 \u2013 commandez d\u00e8s maintenant en ligne !\",\"breadcrumb\":{\"@id\":\"https:\/\/www.erresse-shop.it\/fr\/shop\/table-fr-2\/vin\/zafferano-nuove-esperienze-set-6-verres-a-vin-sauvignon-blanc\/#breadcrumb\"},\"inLanguage\":\"fr-FR\",\"potentialAction\":[{\"@type\":\"ReadAction\",\"target\":[\"https:\/\/www.erresse-shop.it\/fr\/shop\/table-fr-2\/vin\/zafferano-nuove-esperienze-set-6-verres-a-vin-sauvignon-blanc\/\"]}]},{\"@type\":\"BreadcrumbList\",\"@id\":\"https:\/\/www.erresse-shop.it\/fr\/shop\/table-fr-2\/vin\/zafferano-nuove-esperienze-set-6-verres-a-vin-sauvignon-blanc\/#breadcrumb\",\"itemListElement\":[{\"@type\":\"ListItem\",\"position\":1,\"name\":\"Home\",\"item\":\"https:\/\/www.erresse-shop.it\/fr\/\"},{\"@type\":\"ListItem\",\"position\":2,\"name\":\"Shop\",\"item\":\"https:\/\/www.erresse-shop.it\/fr\/shop\/\"},{\"@type\":\"ListItem\",\"position\":3,\"name\":\"ZAFFERANO Nuove Esperienze Set 6 Verres \u00e0 Vin Sauvignon Blanc\"}]},{\"@type\":\"WebSite\",\"@id\":\"https:\/\/www.erresse-shop.it\/fr\/#website\",\"url\":\"https:\/\/www.erresse-shop.it\/fr\/\",\"name\":\"Erresse Shop\",\"description\":\"Articoli di qualit\u00e0 per la casa\",\"potentialAction\":[{\"@type\":\"SearchAction\",\"target\":{\"@type\":\"EntryPoint\",\"urlTemplate\":\"https:\/\/www.erresse-shop.it\/fr\/?s={search_term_string}\"},\"query-input\":\"required name=search_term_string\"}],\"inLanguage\":\"fr-FR\"}]}<\/script>\n<!-- \/ Yoast SEO Premium plugin. -->","yoast_head_json":{"title":"ZAFFERANO Nuove Esperienze Set 6 Verres \u00e0 Vin Sauvignon Blanc","description":"D\u00e9couvrez ZAFFERANO Nuove Esperienze Set 6 Verres \u00e0 Vin Sauvignon Blanc sur ErresseShop. Qualit\u00e9, prix r\u00e9duits et achat s\u00e9curis\u00e9 \u2013 commandez d\u00e8s maintenant en ligne !","robots":{"index":"index","follow":"follow","max-snippet":"max-snippet:-1","max-image-preview":"max-image-preview:large","max-video-preview":"max-video-preview:-1"},"canonical":"https:\/\/www.erresse-shop.it\/fr\/shop\/table-fr-2\/vin\/zafferano-nuove-esperienze-set-6-verres-a-vin-sauvignon-blanc\/","og_locale":"fr_FR","og_type":"article","og_title":"ZAFFERANO Nuove Esperienze Set 6 Verres \u00e0 Vin Sauvignon Blanc","og_description":"D\u00e9couvrez ZAFFERANO Nuove Esperienze Set 6 Verres \u00e0 Vin Sauvignon Blanc sur ErresseShop. Qualit\u00e9, prix r\u00e9duits et achat s\u00e9curis\u00e9 \u2013 commandez d\u00e8s maintenant en ligne !","og_url":"https:\/\/www.erresse-shop.it\/fr\/shop\/table-fr-2\/vin\/zafferano-nuove-esperienze-set-6-verres-a-vin-sauvignon-blanc\/","og_site_name":"Erresse Shop","article_modified_time":"2025-01-13T14:57:10+00:00","og_image":[{"width":1000,"height":1000,"url":"https:\/\/www.erresse-shop.it\/wp-content\/uploads\/2013\/03\/ZAFFERANO-6-Calici-Sauvignon-Blanc-Esperienze.jpg","type":"image\/jpeg"}],"twitter_card":"summary_large_image","schema":{"@context":"https:\/\/schema.org","@graph":[{"@type":"WebPage","@id":"https:\/\/www.erresse-shop.it\/fr\/shop\/table-fr-2\/vin\/zafferano-nuove-esperienze-set-6-verres-a-vin-sauvignon-blanc\/","url":"https:\/\/www.erresse-shop.it\/fr\/shop\/table-fr-2\/vin\/zafferano-nuove-esperienze-set-6-verres-a-vin-sauvignon-blanc\/","name":"ZAFFERANO Nuove Esperienze Set 6 Verres \u00e0 Vin Sauvignon Blanc","isPartOf":{"@id":"https:\/\/www.erresse-shop.it\/fr\/#website"},"datePublished":"2013-03-16T17:50:31+00:00","dateModified":"2025-01-13T14:57:10+00:00","description":"D\u00e9couvrez ZAFFERANO Nuove Esperienze Set 6 Verres \u00e0 Vin Sauvignon Blanc sur ErresseShop. Qualit\u00e9, prix r\u00e9duits et achat s\u00e9curis\u00e9 \u2013 commandez d\u00e8s maintenant en ligne !","breadcrumb":{"@id":"https:\/\/www.erresse-shop.it\/fr\/shop\/table-fr-2\/vin\/zafferano-nuove-esperienze-set-6-verres-a-vin-sauvignon-blanc\/#breadcrumb"},"inLanguage":"fr-FR","potentialAction":[{"@type":"ReadAction","target":["https:\/\/www.erresse-shop.it\/fr\/shop\/table-fr-2\/vin\/zafferano-nuove-esperienze-set-6-verres-a-vin-sauvignon-blanc\/"]}]},{"@type":"BreadcrumbList","@id":"https:\/\/www.erresse-shop.it\/fr\/shop\/table-fr-2\/vin\/zafferano-nuove-esperienze-set-6-verres-a-vin-sauvignon-blanc\/#breadcrumb","itemListElement":[{"@type":"ListItem","position":1,"name":"Home","item":"https:\/\/www.erresse-shop.it\/fr\/"},{"@type":"ListItem","position":2,"name":"Shop","item":"https:\/\/www.erresse-shop.it\/fr\/shop\/"},{"@type":"ListItem","position":3,"name":"ZAFFERANO Nuove Esperienze Set 6 Verres \u00e0 Vin Sauvignon Blanc"}]},{"@type":"WebSite","@id":"https:\/\/www.erresse-shop.it\/fr\/#website","url":"https:\/\/www.erresse-shop.it\/fr\/","name":"Erresse Shop","description":"Articoli di qualit\u00e0 per la casa","potentialAction":[{"@type":"SearchAction","target":{"@type":"EntryPoint","urlTemplate":"https:\/\/www.erresse-shop.it\/fr\/?s={search_term_string}"},"query-input":"required name=search_term_string"}],"inLanguage":"fr-FR"}]}},"df_price":24.3,"df_sale_price":24.3,"df_regular_price":54,"df_image_link":"https:\/\/www.erresse-shop.it\/wp-content\/uploads\/2013\/03\/ZAFFERANO-6-Calici-Sauvignon-Blanc-Esperienze-300x300.jpg","_links":{"self":[{"href":"https:\/\/www.erresse-shop.it\/fr\/wp-json\/wp\/v2\/product\/94681"}],"collection":[{"href":"https:\/\/www.erresse-shop.it\/fr\/wp-json\/wp\/v2\/product"}],"about":[{"href":"https:\/\/www.erresse-shop.it\/fr\/wp-json\/wp\/v2\/types\/product"}],"wp:featuredmedia":[{"embeddable":true,"href":"https:\/\/www.erresse-shop.it\/fr\/wp-json\/wp\/v2\/media\/94678"}],"wp:attachment":[{"href":"https:\/\/www.erresse-shop.it\/fr\/wp-json\/wp\/v2\/media?parent=94681"}],"wp:term":[{"taxonomy":"product_cat","embeddable":true,"href":"https:\/\/www.erresse-shop.it\/fr\/wp-json\/wp\/v2\/product_cat?post=94681"},{"taxonomy":"product_tag","embeddable":true,"href":"https:\/\/www.erresse-shop.it\/fr\/wp-json\/wp\/v2\/product_tag?post=94681"}],"curies":[{"name":"wp","href":"https:\/\/api.w.org\/{rel}","templated":true}]}}