{"id":93997,"date":"2021-03-22T14:30:51","date_gmt":"2021-03-22T14:30:53","guid":{"rendered":"https:\/\/www.erresse-shop.it\/?post_type=product&#038;p=93997"},"modified":"2025-01-13T14:55:58","modified_gmt":"2025-01-13T14:55:58","slug":"carlo-moretti-vase-monde-i-piccoli-cristal-de-murano","status":"publish","type":"product","link":"https:\/\/www.erresse-shop.it\/fr\/shop\/ameublement-maison\/vases-fr\/carlo-moretti-vase-monde-i-piccoli-cristal-de-murano\/","title":{"rendered":"CARLO MORETTI Vase Monde I Piccoli Cristal de Murano"},"content":{"rendered":"<p>Vases en cristal de Murano souffl\u00e9s \u00e0 la bouche et finis \u00e0 la main, avec des applications \u00e0 chaud de diff\u00e9rents \u00e9l\u00e9ments d\u00e9coratifs.<\/p>\n<p>Les vases I Piccoli naissent du d\u00e9sir de proposer des objets de design de dimensions r\u00e9duites, mais toujours \u00e9l\u00e9gants et d&#8217;impact visuel. L&#8217;id\u00e9e de base est &#8220;petit mais pr\u00e9cieux&#8221; : gr\u00e2ce \u00e0 une hauteur de 17 centim\u00e8tres, ces vases sont aptes \u00e0 embellir n&#8217;importe quel coin de la maison en lui donnant couleur, lumi\u00e8re et \u00e9l\u00e9gance.<\/p>\n<p>Verre et cristal de Murano : des \u00e9l\u00e9ments de valeur enti\u00e8rement italiens qui trouvent leur expression maximale dans les pr\u00e9cieuses collections sign\u00e9es par Carlo Moretti, une entreprise bas\u00e9e parmi les petites \u00eeles qui composent Murano. Le prestige de cette entreprise de Murano est d\u00fb \u00e0 la grande ma\u00eetrise de l&#8217;utilisation du verre et du cristal, ce dernier ayant une plus grande r\u00e9sistance gr\u00e2ce \u00e0 l&#8217;ajout de plomb dans le m\u00e9lange.<\/p>\n<p><span style=\"text-decoration: underline;\"><strong>\u00c9dition limit\u00e9e : seulement 333 pi\u00e8ces dans le monde !<\/strong><\/span><br \/>\n<strong>Vase de Murano travaill\u00e9 et peint enti\u00e8rement \u00e0 la main. Chaque pi\u00e8ce est donc unique et inimitable. <\/strong><br \/>\n<strong>Commandez d&#8217;autres vases Carlo Moretti pour une collection unique.<\/strong><\/p>\n","protected":false},"excerpt":{"rendered":"<p>Vases en cristal de Murano souffl\u00e9s \u00e0 la bouche et finis \u00e0 la main, avec des applications \u00e0 chaud de<\/p>\n","protected":false},"featured_media":93961,"template":"","meta":{"_acf_changed":false,"inline_featured_image":false},"product_cat":[12738,14422],"product_tag":[25036,23910,14413,25021,24397,24680,12856,14592,13849,14424],"acf":[],"yoast_head":"<!-- This site is optimized with the Yoast SEO Premium plugin v18.6 (Yoast SEO v19.13) - https:\/\/yoast.com\/wordpress\/plugins\/seo\/ -->\n<title>CARLO MORETTI Vase Monde I Piccoli Cristal de Murano<\/title>\n<meta name=\"description\" content=\"D\u00e9couvrez CARLO MORETTI Vase Monde I Piccoli Cristal de Murano sur ErresseShop. Qualit\u00e9, prix r\u00e9duits et achat s\u00e9curis\u00e9 \u2013 commandez d\u00e8s maintenant en ligne !\" \/>\n<meta name=\"robots\" content=\"index, follow, max-snippet:-1, max-image-preview:large, max-video-preview:-1\" \/>\n<link rel=\"canonical\" href=\"https:\/\/www.erresse-shop.it\/fr\/shop\/ameublement-maison\/vases-fr\/carlo-moretti-vase-monde-i-piccoli-cristal-de-murano\/\" \/>\n<meta property=\"og:locale\" content=\"fr_FR\" \/>\n<meta property=\"og:type\" content=\"article\" \/>\n<meta property=\"og:title\" content=\"CARLO MORETTI Vase Monde I Piccoli Cristal de Murano\" \/>\n<meta property=\"og:description\" content=\"D\u00e9couvrez CARLO MORETTI Vase Monde I Piccoli Cristal de Murano sur ErresseShop. Qualit\u00e9, prix r\u00e9duits et achat s\u00e9curis\u00e9 \u2013 commandez d\u00e8s maintenant en ligne !\" \/>\n<meta property=\"og:url\" content=\"https:\/\/www.erresse-shop.it\/fr\/shop\/ameublement-maison\/vases-fr\/carlo-moretti-vase-monde-i-piccoli-cristal-de-murano\/\" \/>\n<meta property=\"og:site_name\" content=\"Erresse Shop\" \/>\n<meta property=\"article:modified_time\" content=\"2025-01-13T14:55:58+00:00\" \/>\n<meta property=\"og:image\" content=\"https:\/\/www.erresse-shop.it\/wp-content\/uploads\/2021\/03\/I-Piccoli-Vaso-Monde.jpg\" \/>\n\t<meta property=\"og:image:width\" content=\"1000\" \/>\n\t<meta property=\"og:image:height\" content=\"1000\" \/>\n\t<meta property=\"og:image:type\" content=\"image\/jpeg\" \/>\n<meta name=\"twitter:card\" content=\"summary_large_image\" \/>\n<script type=\"application\/ld+json\" class=\"yoast-schema-graph\">{\"@context\":\"https:\/\/schema.org\",\"@graph\":[{\"@type\":\"WebPage\",\"@id\":\"https:\/\/www.erresse-shop.it\/fr\/shop\/ameublement-maison\/vases-fr\/carlo-moretti-vase-monde-i-piccoli-cristal-de-murano\/\",\"url\":\"https:\/\/www.erresse-shop.it\/fr\/shop\/ameublement-maison\/vases-fr\/carlo-moretti-vase-monde-i-piccoli-cristal-de-murano\/\",\"name\":\"CARLO MORETTI Vase Monde I Piccoli Cristal de Murano\",\"isPartOf\":{\"@id\":\"https:\/\/www.erresse-shop.it\/fr\/#website\"},\"datePublished\":\"2021-03-22T14:30:53+00:00\",\"dateModified\":\"2025-01-13T14:55:58+00:00\",\"description\":\"D\u00e9couvrez CARLO MORETTI Vase Monde I Piccoli Cristal de Murano sur ErresseShop. Qualit\u00e9, prix r\u00e9duits et achat s\u00e9curis\u00e9 \u2013 commandez d\u00e8s maintenant en ligne !\",\"breadcrumb\":{\"@id\":\"https:\/\/www.erresse-shop.it\/fr\/shop\/ameublement-maison\/vases-fr\/carlo-moretti-vase-monde-i-piccoli-cristal-de-murano\/#breadcrumb\"},\"inLanguage\":\"fr-FR\",\"potentialAction\":[{\"@type\":\"ReadAction\",\"target\":[\"https:\/\/www.erresse-shop.it\/fr\/shop\/ameublement-maison\/vases-fr\/carlo-moretti-vase-monde-i-piccoli-cristal-de-murano\/\"]}]},{\"@type\":\"BreadcrumbList\",\"@id\":\"https:\/\/www.erresse-shop.it\/fr\/shop\/ameublement-maison\/vases-fr\/carlo-moretti-vase-monde-i-piccoli-cristal-de-murano\/#breadcrumb\",\"itemListElement\":[{\"@type\":\"ListItem\",\"position\":1,\"name\":\"Home\",\"item\":\"https:\/\/www.erresse-shop.it\/fr\/\"},{\"@type\":\"ListItem\",\"position\":2,\"name\":\"Shop\",\"item\":\"https:\/\/www.erresse-shop.it\/fr\/shop\/\"},{\"@type\":\"ListItem\",\"position\":3,\"name\":\"CARLO MORETTI Vase Monde I Piccoli Cristal de Murano\"}]},{\"@type\":\"WebSite\",\"@id\":\"https:\/\/www.erresse-shop.it\/fr\/#website\",\"url\":\"https:\/\/www.erresse-shop.it\/fr\/\",\"name\":\"Erresse Shop\",\"description\":\"Articoli di qualit\u00e0 per la casa\",\"potentialAction\":[{\"@type\":\"SearchAction\",\"target\":{\"@type\":\"EntryPoint\",\"urlTemplate\":\"https:\/\/www.erresse-shop.it\/fr\/?s={search_term_string}\"},\"query-input\":\"required name=search_term_string\"}],\"inLanguage\":\"fr-FR\"}]}<\/script>\n<!-- \/ Yoast SEO Premium plugin. -->","yoast_head_json":{"title":"CARLO MORETTI Vase Monde I Piccoli Cristal de Murano","description":"D\u00e9couvrez CARLO MORETTI Vase Monde I Piccoli Cristal de Murano sur ErresseShop. Qualit\u00e9, prix r\u00e9duits et achat s\u00e9curis\u00e9 \u2013 commandez d\u00e8s maintenant en ligne !","robots":{"index":"index","follow":"follow","max-snippet":"max-snippet:-1","max-image-preview":"max-image-preview:large","max-video-preview":"max-video-preview:-1"},"canonical":"https:\/\/www.erresse-shop.it\/fr\/shop\/ameublement-maison\/vases-fr\/carlo-moretti-vase-monde-i-piccoli-cristal-de-murano\/","og_locale":"fr_FR","og_type":"article","og_title":"CARLO MORETTI Vase Monde I Piccoli Cristal de Murano","og_description":"D\u00e9couvrez CARLO MORETTI Vase Monde I Piccoli Cristal de Murano sur ErresseShop. Qualit\u00e9, prix r\u00e9duits et achat s\u00e9curis\u00e9 \u2013 commandez d\u00e8s maintenant en ligne !","og_url":"https:\/\/www.erresse-shop.it\/fr\/shop\/ameublement-maison\/vases-fr\/carlo-moretti-vase-monde-i-piccoli-cristal-de-murano\/","og_site_name":"Erresse Shop","article_modified_time":"2025-01-13T14:55:58+00:00","og_image":[{"width":1000,"height":1000,"url":"https:\/\/www.erresse-shop.it\/wp-content\/uploads\/2021\/03\/I-Piccoli-Vaso-Monde.jpg","type":"image\/jpeg"}],"twitter_card":"summary_large_image","schema":{"@context":"https:\/\/schema.org","@graph":[{"@type":"WebPage","@id":"https:\/\/www.erresse-shop.it\/fr\/shop\/ameublement-maison\/vases-fr\/carlo-moretti-vase-monde-i-piccoli-cristal-de-murano\/","url":"https:\/\/www.erresse-shop.it\/fr\/shop\/ameublement-maison\/vases-fr\/carlo-moretti-vase-monde-i-piccoli-cristal-de-murano\/","name":"CARLO MORETTI Vase Monde I Piccoli Cristal de Murano","isPartOf":{"@id":"https:\/\/www.erresse-shop.it\/fr\/#website"},"datePublished":"2021-03-22T14:30:53+00:00","dateModified":"2025-01-13T14:55:58+00:00","description":"D\u00e9couvrez CARLO MORETTI Vase Monde I Piccoli Cristal de Murano sur ErresseShop. Qualit\u00e9, prix r\u00e9duits et achat s\u00e9curis\u00e9 \u2013 commandez d\u00e8s maintenant en ligne !","breadcrumb":{"@id":"https:\/\/www.erresse-shop.it\/fr\/shop\/ameublement-maison\/vases-fr\/carlo-moretti-vase-monde-i-piccoli-cristal-de-murano\/#breadcrumb"},"inLanguage":"fr-FR","potentialAction":[{"@type":"ReadAction","target":["https:\/\/www.erresse-shop.it\/fr\/shop\/ameublement-maison\/vases-fr\/carlo-moretti-vase-monde-i-piccoli-cristal-de-murano\/"]}]},{"@type":"BreadcrumbList","@id":"https:\/\/www.erresse-shop.it\/fr\/shop\/ameublement-maison\/vases-fr\/carlo-moretti-vase-monde-i-piccoli-cristal-de-murano\/#breadcrumb","itemListElement":[{"@type":"ListItem","position":1,"name":"Home","item":"https:\/\/www.erresse-shop.it\/fr\/"},{"@type":"ListItem","position":2,"name":"Shop","item":"https:\/\/www.erresse-shop.it\/fr\/shop\/"},{"@type":"ListItem","position":3,"name":"CARLO MORETTI Vase Monde I Piccoli Cristal de Murano"}]},{"@type":"WebSite","@id":"https:\/\/www.erresse-shop.it\/fr\/#website","url":"https:\/\/www.erresse-shop.it\/fr\/","name":"Erresse Shop","description":"Articoli di qualit\u00e0 per la casa","potentialAction":[{"@type":"SearchAction","target":{"@type":"EntryPoint","urlTemplate":"https:\/\/www.erresse-shop.it\/fr\/?s={search_term_string}"},"query-input":"required name=search_term_string"}],"inLanguage":"fr-FR"}]}},"df_price":229.35000000000002,"df_sale_price":229.35000000000002,"df_regular_price":417,"df_image_link":"https:\/\/www.erresse-shop.it\/wp-content\/uploads\/2021\/03\/I-Piccoli-Vaso-Monde-300x300.jpg","_links":{"self":[{"href":"https:\/\/www.erresse-shop.it\/fr\/wp-json\/wp\/v2\/product\/93997"}],"collection":[{"href":"https:\/\/www.erresse-shop.it\/fr\/wp-json\/wp\/v2\/product"}],"about":[{"href":"https:\/\/www.erresse-shop.it\/fr\/wp-json\/wp\/v2\/types\/product"}],"wp:featuredmedia":[{"embeddable":true,"href":"https:\/\/www.erresse-shop.it\/fr\/wp-json\/wp\/v2\/media\/93961"}],"wp:attachment":[{"href":"https:\/\/www.erresse-shop.it\/fr\/wp-json\/wp\/v2\/media?parent=93997"}],"wp:term":[{"taxonomy":"product_cat","embeddable":true,"href":"https:\/\/www.erresse-shop.it\/fr\/wp-json\/wp\/v2\/product_cat?post=93997"},{"taxonomy":"product_tag","embeddable":true,"href":"https:\/\/www.erresse-shop.it\/fr\/wp-json\/wp\/v2\/product_tag?post=93997"}],"curies":[{"name":"wp","href":"https:\/\/api.w.org\/{rel}","templated":true}]}}