{"id":91854,"date":"2021-03-08T08:57:37","date_gmt":"2021-03-08T08:57:39","guid":{"rendered":"https:\/\/www.erresse-shop.it\/?post_type=product&#038;p=91854"},"modified":"2025-01-13T14:53:29","modified_gmt":"2025-01-13T14:53:29","slug":"la-pavoni-machine-a-cafe-espresso-professional-rame-gold","status":"publish","type":"product","link":"https:\/\/www.erresse-shop.it\/fr\/shop\/petits-electromenagers\/machines-cafe\/a-levier\/la-pavoni-machine-a-cafe-espresso-professional-rame-gold\/","title":{"rendered":"LA PAVONI Machine \u00e0 Caf\u00e9 Espresso Professional Rame Gold"},"content":{"rendered":"<p><strong><span style=\"text-decoration: underline;\">Attention<\/span> :<\/strong> pour un r\u00e9sultat optimal, utilisez UNIQUEMENT du caf\u00e9 moulu avec un bon moulin \u00e0 caf\u00e9 (<span style=\"color: #0000ff;\"><a style=\"color: #0000ff;\" href=\"https:\/\/www.erresse-shop.it\/fr\/shop\/petits-electromenagers\/machines-cafe\/la-pavoni-moulin-a-cafe-jolly-dosato-noir\/\" target=\"_blank\" rel=\"noopener\">Jolly<\/a><\/span>, <span style=\"color: #0000ff;\"><a style=\"color: #0000ff;\" href=\"https:\/\/www.erresse-shop.it\/fr\/shop\/petits-electromenagers\/machines-cafe\/la-pavoni-moulin-a-cafe-kube-mill\/\" target=\"_blank\" rel=\"noopener\">Kube Mill<\/a><\/span>, <span style=\"color: #0000ff;\">Cylinder <\/span>&#8211; La Pavoni s\u00e9rie) ou achet\u00e9 directement aupr\u00e8s d&#8217;une entreprise de torr\u00e9faction. Dans le cas contraire, l&#8217;utilisation de caf\u00e9 de &#8220;supermarch\u00e9&#8221; ne garantit pas un excellent r\u00e9sultat.<\/p>\n<p>Les mod\u00e8les <strong>Europiccola<\/strong> et <strong>Professional<\/strong> repr\u00e9sentent l\u2019expression la plus haute de technologie combin\u00e9e avec des mat\u00e9riaux pr\u00e9cieux. Dor\u00e9s en or pur, ils sont une pr\u00e9cieuse pi\u00e8ce de d\u00e9coration pour des caf\u00e9s et cappuccinos cr\u00e9meux.<br \/>\nLe porte filtre est dou\u00e9 d\u2019une bague qui arr\u00eate et pr\u00e9vienne la chute du filtre pendant la phase d\u2019\u00e9jection des marcs de caf\u00e9. Tous les models \u00e0 levier sont \u00e9quip\u00e9s d\u2019un filtre 1 dose utilisable soit avec le caf\u00e9 moulu que avec les dosettes standard ESE.<br \/>\nEn soulevant le levier qui commande le piston \u00e0 l\u2019interieur du groupe, on obtient la pr\u00e9-infusion: le caf\u00e9 est d\u00e9bit\u00e9 en abaissant le levier; en dosant opportunement la pression de ce dernier, on a une exploitation optimale des poudres de caf\u00e9 et le d\u00e9bit de caf\u00e9s espresso personnalis\u00e9s selon tous les go\u00fbts.<br \/>\nLance vapeur: elle permet d\u2019obtenir un lait chaud, \u00e9mulsionn\u00e9, aussi que du th\u00e9 et toute autre boisson chaude; interchangeable avec le dispositif \u201c<strong>Cappuccino<\/strong> <strong>Automatic<\/strong>\u201d.<br \/>\nLe sp\u00e9cial \u00ab <strong>Cappuccino<\/strong> <strong>Automatic<\/strong> \u00bb duquel la machine est dot\u00e9e, est compos\u00e9 par un dispositif qui, par une extr\u00e8me facilit\u00e9 et instantan\u00e9it\u00e9, aspire automatiquement le lait directement du r\u00e9cipient, le vaporise et le distribue chaud et parfaitement mousseux dans la tasse.<\/p>\n<p>Tous les mod\u00e8les \u00e0 levier La Pavoni 230V sont certifi\u00e9s par:<br \/>\n<a href=\"https:\/\/www.erresse-shop.it\/wp-content\/uploads\/2021\/02\/La-Pavoni-Certificato-150x150.png\"><img decoding=\"async\" class=\"alignnone size-thumbnail wp-image-91734\" src=\"https:\/\/www.erresse-shop.it\/wp-content\/uploads\/2021\/02\/La-Pavoni-Certificato-150x150.png\" alt=\"La Pavoni Certificato\" width=\"150\" height=\"150\" \/><\/a><\/p>\n<ul>\n<li>Capacit\u00e9 de la chaudi\u00e8re litres 1,6<\/li>\n<li>Nombre de tasses de caf\u00e9 distribu\u00e9es 16<\/li>\n<li>D\u00e9bit de vapeur 15 min<\/li>\n<li>Pression dans la chaudi\u00e8re 0,7-0,8 bar<\/li>\n<li>Temps moyen de chauffage 5 min<\/li>\n<li>Soupape de s\u00e9curit\u00e9<\/li>\n<li>Robinet vapeur avec dispositif interchang\u00e9able tuyau vapeur \/ Cappuccino Automatic<\/li>\n<li>Indicateur de niveau de l\u2019eau<\/li>\n<li>Interrupteur on\/off<\/li>\n<li>Lampe t\u00e9moin d\u2019allumage<\/li>\n<li>Cappuccino Automatic<\/li>\n<li>Thermostat de s\u00e9curit\u00e9 qui peut \u00eatre r\u00e9tabli manuellement<\/li>\n<li>Pressostat pour garder une pression constante dans la chaudi\u00e8re<\/li>\n<li>R\u00e9sistance 950 W<\/li>\n<li>Alimentation \u00e9lectrique 220-240V 50\/60Hz \u2013 120V 60Hz<\/li>\n<\/ul>\n","protected":false},"excerpt":{"rendered":"<p>Attention : pour un r\u00e9sultat optimal, utilisez UNIQUEMENT du caf\u00e9 moulu avec un bon moulin \u00e0 caf\u00e9 (Jolly, Kube Mill,<\/p>\n","protected":false},"featured_media":91857,"template":"","meta":{"_acf_changed":false,"inline_featured_image":false},"product_cat":[25370,12764,12449],"product_tag":[25036,23563,25021,24397,23591,12856],"acf":[],"yoast_head":"<!-- This site is optimized with the Yoast SEO Premium plugin v18.6 (Yoast SEO v19.13) - https:\/\/yoast.com\/wordpress\/plugins\/seo\/ -->\n<title>LA PAVONI Machine \u00e0 Caf\u00e9 Espresso Professional Rame Gold<\/title>\n<meta name=\"description\" content=\"D\u00e9couvrez LA PAVONI Machine \u00e0 Caf\u00e9 Espresso Professional Rame Gold sur ErresseShop. Qualit\u00e9, prix r\u00e9duits et achat s\u00e9curis\u00e9 \u2013 commandez d\u00e8s maintenant en ligne !\" \/>\n<meta name=\"robots\" content=\"index, follow, max-snippet:-1, max-image-preview:large, max-video-preview:-1\" \/>\n<link rel=\"canonical\" href=\"https:\/\/www.erresse-shop.it\/fr\/shop\/petits-electromenagers\/machines-cafe\/a-levier\/la-pavoni-machine-a-cafe-espresso-professional-rame-gold\/\" \/>\n<meta property=\"og:locale\" content=\"fr_FR\" \/>\n<meta property=\"og:type\" content=\"article\" \/>\n<meta property=\"og:title\" content=\"LA PAVONI Machine \u00e0 Caf\u00e9 Espresso Professional Rame Gold\" \/>\n<meta property=\"og:description\" content=\"D\u00e9couvrez LA PAVONI Machine \u00e0 Caf\u00e9 Espresso Professional Rame Gold sur ErresseShop. Qualit\u00e9, prix r\u00e9duits et achat s\u00e9curis\u00e9 \u2013 commandez d\u00e8s maintenant en ligne !\" \/>\n<meta property=\"og:url\" content=\"https:\/\/www.erresse-shop.it\/fr\/shop\/petits-electromenagers\/machines-cafe\/a-levier\/la-pavoni-machine-a-cafe-espresso-professional-rame-gold\/\" \/>\n<meta property=\"og:site_name\" content=\"Erresse Shop\" \/>\n<meta property=\"article:modified_time\" content=\"2025-01-13T14:53:29+00:00\" \/>\n<meta property=\"og:image\" content=\"https:\/\/www.erresse-shop.it\/wp-content\/uploads\/2021\/03\/La-Pavoni-Professional-Rame-Gold.jpg\" \/>\n\t<meta property=\"og:image:width\" content=\"1300\" \/>\n\t<meta property=\"og:image:height\" content=\"1300\" \/>\n\t<meta property=\"og:image:type\" content=\"image\/jpeg\" \/>\n<meta name=\"twitter:card\" content=\"summary_large_image\" \/>\n<script type=\"application\/ld+json\" class=\"yoast-schema-graph\">{\"@context\":\"https:\/\/schema.org\",\"@graph\":[{\"@type\":\"WebPage\",\"@id\":\"https:\/\/www.erresse-shop.it\/fr\/shop\/petits-electromenagers\/machines-cafe\/a-levier\/la-pavoni-machine-a-cafe-espresso-professional-rame-gold\/\",\"url\":\"https:\/\/www.erresse-shop.it\/fr\/shop\/petits-electromenagers\/machines-cafe\/a-levier\/la-pavoni-machine-a-cafe-espresso-professional-rame-gold\/\",\"name\":\"LA PAVONI Machine \u00e0 Caf\u00e9 Espresso Professional Rame Gold\",\"isPartOf\":{\"@id\":\"https:\/\/www.erresse-shop.it\/fr\/#website\"},\"datePublished\":\"2021-03-08T08:57:39+00:00\",\"dateModified\":\"2025-01-13T14:53:29+00:00\",\"description\":\"D\u00e9couvrez LA PAVONI Machine \u00e0 Caf\u00e9 Espresso Professional Rame Gold sur ErresseShop. Qualit\u00e9, prix r\u00e9duits et achat s\u00e9curis\u00e9 \u2013 commandez d\u00e8s maintenant en ligne !\",\"breadcrumb\":{\"@id\":\"https:\/\/www.erresse-shop.it\/fr\/shop\/petits-electromenagers\/machines-cafe\/a-levier\/la-pavoni-machine-a-cafe-espresso-professional-rame-gold\/#breadcrumb\"},\"inLanguage\":\"fr-FR\",\"potentialAction\":[{\"@type\":\"ReadAction\",\"target\":[\"https:\/\/www.erresse-shop.it\/fr\/shop\/petits-electromenagers\/machines-cafe\/a-levier\/la-pavoni-machine-a-cafe-espresso-professional-rame-gold\/\"]}]},{\"@type\":\"BreadcrumbList\",\"@id\":\"https:\/\/www.erresse-shop.it\/fr\/shop\/petits-electromenagers\/machines-cafe\/a-levier\/la-pavoni-machine-a-cafe-espresso-professional-rame-gold\/#breadcrumb\",\"itemListElement\":[{\"@type\":\"ListItem\",\"position\":1,\"name\":\"Home\",\"item\":\"https:\/\/www.erresse-shop.it\/fr\/\"},{\"@type\":\"ListItem\",\"position\":2,\"name\":\"Shop\",\"item\":\"https:\/\/www.erresse-shop.it\/fr\/shop\/\"},{\"@type\":\"ListItem\",\"position\":3,\"name\":\"LA PAVONI Machine \u00e0 Caf\u00e9 Espresso Professional Rame Gold\"}]},{\"@type\":\"WebSite\",\"@id\":\"https:\/\/www.erresse-shop.it\/fr\/#website\",\"url\":\"https:\/\/www.erresse-shop.it\/fr\/\",\"name\":\"Erresse Shop\",\"description\":\"Articoli di qualit\u00e0 per la casa\",\"potentialAction\":[{\"@type\":\"SearchAction\",\"target\":{\"@type\":\"EntryPoint\",\"urlTemplate\":\"https:\/\/www.erresse-shop.it\/fr\/?s={search_term_string}\"},\"query-input\":\"required name=search_term_string\"}],\"inLanguage\":\"fr-FR\"}]}<\/script>\n<!-- \/ Yoast SEO Premium plugin. -->","yoast_head_json":{"title":"LA PAVONI Machine \u00e0 Caf\u00e9 Espresso Professional Rame Gold","description":"D\u00e9couvrez LA PAVONI Machine \u00e0 Caf\u00e9 Espresso Professional Rame Gold sur ErresseShop. Qualit\u00e9, prix r\u00e9duits et achat s\u00e9curis\u00e9 \u2013 commandez d\u00e8s maintenant en ligne !","robots":{"index":"index","follow":"follow","max-snippet":"max-snippet:-1","max-image-preview":"max-image-preview:large","max-video-preview":"max-video-preview:-1"},"canonical":"https:\/\/www.erresse-shop.it\/fr\/shop\/petits-electromenagers\/machines-cafe\/a-levier\/la-pavoni-machine-a-cafe-espresso-professional-rame-gold\/","og_locale":"fr_FR","og_type":"article","og_title":"LA PAVONI Machine \u00e0 Caf\u00e9 Espresso Professional Rame Gold","og_description":"D\u00e9couvrez LA PAVONI Machine \u00e0 Caf\u00e9 Espresso Professional Rame Gold sur ErresseShop. Qualit\u00e9, prix r\u00e9duits et achat s\u00e9curis\u00e9 \u2013 commandez d\u00e8s maintenant en ligne !","og_url":"https:\/\/www.erresse-shop.it\/fr\/shop\/petits-electromenagers\/machines-cafe\/a-levier\/la-pavoni-machine-a-cafe-espresso-professional-rame-gold\/","og_site_name":"Erresse Shop","article_modified_time":"2025-01-13T14:53:29+00:00","og_image":[{"width":1300,"height":1300,"url":"https:\/\/www.erresse-shop.it\/wp-content\/uploads\/2021\/03\/La-Pavoni-Professional-Rame-Gold.jpg","type":"image\/jpeg"}],"twitter_card":"summary_large_image","schema":{"@context":"https:\/\/schema.org","@graph":[{"@type":"WebPage","@id":"https:\/\/www.erresse-shop.it\/fr\/shop\/petits-electromenagers\/machines-cafe\/a-levier\/la-pavoni-machine-a-cafe-espresso-professional-rame-gold\/","url":"https:\/\/www.erresse-shop.it\/fr\/shop\/petits-electromenagers\/machines-cafe\/a-levier\/la-pavoni-machine-a-cafe-espresso-professional-rame-gold\/","name":"LA PAVONI Machine \u00e0 Caf\u00e9 Espresso Professional Rame Gold","isPartOf":{"@id":"https:\/\/www.erresse-shop.it\/fr\/#website"},"datePublished":"2021-03-08T08:57:39+00:00","dateModified":"2025-01-13T14:53:29+00:00","description":"D\u00e9couvrez LA PAVONI Machine \u00e0 Caf\u00e9 Espresso Professional Rame Gold sur ErresseShop. Qualit\u00e9, prix r\u00e9duits et achat s\u00e9curis\u00e9 \u2013 commandez d\u00e8s maintenant en ligne !","breadcrumb":{"@id":"https:\/\/www.erresse-shop.it\/fr\/shop\/petits-electromenagers\/machines-cafe\/a-levier\/la-pavoni-machine-a-cafe-espresso-professional-rame-gold\/#breadcrumb"},"inLanguage":"fr-FR","potentialAction":[{"@type":"ReadAction","target":["https:\/\/www.erresse-shop.it\/fr\/shop\/petits-electromenagers\/machines-cafe\/a-levier\/la-pavoni-machine-a-cafe-espresso-professional-rame-gold\/"]}]},{"@type":"BreadcrumbList","@id":"https:\/\/www.erresse-shop.it\/fr\/shop\/petits-electromenagers\/machines-cafe\/a-levier\/la-pavoni-machine-a-cafe-espresso-professional-rame-gold\/#breadcrumb","itemListElement":[{"@type":"ListItem","position":1,"name":"Home","item":"https:\/\/www.erresse-shop.it\/fr\/"},{"@type":"ListItem","position":2,"name":"Shop","item":"https:\/\/www.erresse-shop.it\/fr\/shop\/"},{"@type":"ListItem","position":3,"name":"LA PAVONI Machine \u00e0 Caf\u00e9 Espresso Professional Rame Gold"}]},{"@type":"WebSite","@id":"https:\/\/www.erresse-shop.it\/fr\/#website","url":"https:\/\/www.erresse-shop.it\/fr\/","name":"Erresse Shop","description":"Articoli di qualit\u00e0 per la casa","potentialAction":[{"@type":"SearchAction","target":{"@type":"EntryPoint","urlTemplate":"https:\/\/www.erresse-shop.it\/fr\/?s={search_term_string}"},"query-input":"required name=search_term_string"}],"inLanguage":"fr-FR"}]}},"df_price":549.45,"df_sale_price":549.45,"df_regular_price":999,"df_image_link":"https:\/\/www.erresse-shop.it\/wp-content\/uploads\/2021\/03\/La-Pavoni-Professional-Rame-Gold-300x300.jpg","_links":{"self":[{"href":"https:\/\/www.erresse-shop.it\/fr\/wp-json\/wp\/v2\/product\/91854"}],"collection":[{"href":"https:\/\/www.erresse-shop.it\/fr\/wp-json\/wp\/v2\/product"}],"about":[{"href":"https:\/\/www.erresse-shop.it\/fr\/wp-json\/wp\/v2\/types\/product"}],"wp:featuredmedia":[{"embeddable":true,"href":"https:\/\/www.erresse-shop.it\/fr\/wp-json\/wp\/v2\/media\/91857"}],"wp:attachment":[{"href":"https:\/\/www.erresse-shop.it\/fr\/wp-json\/wp\/v2\/media?parent=91854"}],"wp:term":[{"taxonomy":"product_cat","embeddable":true,"href":"https:\/\/www.erresse-shop.it\/fr\/wp-json\/wp\/v2\/product_cat?post=91854"},{"taxonomy":"product_tag","embeddable":true,"href":"https:\/\/www.erresse-shop.it\/fr\/wp-json\/wp\/v2\/product_tag?post=91854"}],"curies":[{"name":"wp","href":"https:\/\/api.w.org\/{rel}","templated":true}]}}