{"id":91789,"date":"2021-03-08T08:07:31","date_gmt":"2021-03-08T08:07:32","guid":{"rendered":"https:\/\/www.erresse-shop.it\/?post_type=product&#038;p=91789"},"modified":"2025-01-13T14:53:14","modified_gmt":"2025-01-13T14:53:14","slug":"la-pavoni-machine-a-cafe-espresso-stradivari-professional-avec-poigne-en-bois","status":"publish","type":"product","link":"https:\/\/www.erresse-shop.it\/fr\/shop\/petits-electromenagers\/machines-cafe\/a-levier\/la-pavoni-machine-a-cafe-espresso-stradivari-professional-avec-poigne-en-bois\/","title":{"rendered":"LA PAVONI Machine \u00e0 Caf\u00e9 Espresso Stradivari Professional avec Poigne en Bois"},"content":{"rendered":"<p><strong><span style=\"text-decoration: underline;\">Attention<\/span> :<\/strong> pour un r\u00e9sultat optimal, utilisez UNIQUEMENT du caf\u00e9 moulu avec un bon moulin \u00e0 caf\u00e9 (<span style=\"color: #0000ff;\"><a style=\"color: #0000ff;\" href=\"https:\/\/www.erresse-shop.it\/fr\/shop\/petits-electromenagers\/machines-cafe\/la-pavoni-moulin-a-cafe-jolly-dosato-noir\/\" target=\"_blank\" rel=\"noopener\">Jolly<\/a><\/span>, <span style=\"color: #0000ff;\"><a style=\"color: #0000ff;\" href=\"https:\/\/www.erresse-shop.it\/fr\/shop\/petits-electromenagers\/machines-cafe\/la-pavoni-moulin-a-cafe-kube-mill\/\" target=\"_blank\" rel=\"noopener\">Kube Mill<\/a><\/span>, <span style=\"color: #0000ff;\">Cylinder <\/span>&#8211; La Pavoni s\u00e9rie) ou achet\u00e9 directement aupr\u00e8s d&#8217;une entreprise de torr\u00e9faction. Dans le cas contraire, l&#8217;utilisation de caf\u00e9 de &#8220;supermarch\u00e9&#8221; ne garantit pas un excellent r\u00e9sultat.<\/p>\n<p>Apr\u00e8s le succ\u00e8s du model\u00a0<strong>Europiccola<\/strong>\u00a0(1950) et\u00a0<strong>Professional<\/strong>\u00a0(1970) na\u00eet Stradivari (2005), une machine qui synth\u00e9tise les formes les plus pures et la technique la plus fiable gr\u00e2ce \u00e0 l\u2019exp\u00e9rience centenaire de\u00a0<strong>La Pavoni<\/strong>.<br \/>\nLe model\u00a0<strong>Stradivari<\/strong>\u00a0avec le moulin \u00e0 caf\u00e9 Jolly et \u00e0 la base set sont la r\u00e9ponse fonctionnelle aux exigences du consommateur.<br \/>\nLe model\u00a0<strong>Stradivari<\/strong>\u00a0a \u00e9t\u00e9 \u00e9tudie s\u2019inspirant au violon, instrument de musique par excellence, devenu une oeuvre d\u2019art gr\u00e2ce au fameux luthier de Cremona, Antonio Stradivari. La base rappelle la caisse du violon et le levier l\u2019archet. Le r\u00e9sultat c\u2019est d\u2019obtenir une performance et un plaisir esth\u00e9tique et fonctionnel.<\/p>\n<p>Tous les mod\u00e8les \u00e0 levier La Pavoni 230V sont certifi\u00e9s par:<br \/>\n<a href=\"https:\/\/www.erresse-shop.it\/wp-content\/uploads\/2021\/02\/La-Pavoni-Certificato-150x150.png\"><img decoding=\"async\" class=\"alignnone size-thumbnail wp-image-91734\" src=\"https:\/\/www.erresse-shop.it\/wp-content\/uploads\/2021\/02\/La-Pavoni-Certificato-150x150.png\" alt=\"La Pavoni Certificato\" width=\"150\" height=\"150\" \/><\/a><\/p>\n<ul>\n<li>Capacit\u00e9 de la chaudi\u00e8re litres 1,6<\/li>\n<li>Nombre de tasses de caf\u00e9 distribu\u00e9es 16<\/li>\n<li>D\u00e9bit de vapeur 15 min<\/li>\n<li>Pression dans la chaudi\u00e8re 0,7-0,8 bar<\/li>\n<li>Temps moyen de chauffage 5 min<\/li>\n<li>Soupape de s\u00e9curit\u00e9<\/li>\n<li>Robinet vapeur avec dispositif interchang\u00e9able tuyau vapeur \/ Cappuccino Automatic<\/li>\n<li>Manom\u00e8tre<\/li>\n<li>Indicateur de niveau de l\u2019eau<\/li>\n<li>Interrupteur on\/off<\/li>\n<li>Lampe t\u00e9moin d\u2019allumage<\/li>\n<li>Cappuccino Automatic<\/li>\n<li>Thermostat de s\u00e9curit\u00e9 qui peut \u00eatre r\u00e9tabli manuellement<\/li>\n<li>Pressostat pour garder une pression constante dans la chaudi\u00e8re<\/li>\n<li>R\u00e9sistance 950 W<\/li>\n<li>Alimentation \u00e9lectrique 220-240V 50\/60Hz \u2013 120V 60Hz<\/li>\n<\/ul>\n","protected":false},"excerpt":{"rendered":"<p>Attention : pour un r\u00e9sultat optimal, utilisez UNIQUEMENT du caf\u00e9 moulu avec un bon moulin \u00e0 caf\u00e9 (Jolly, Kube Mill,<\/p>\n","protected":false},"featured_media":91800,"template":"","meta":{"_acf_changed":false,"inline_featured_image":false},"product_cat":[25370,12764,12449],"product_tag":[23563,13254,23591,12856,14152],"acf":[],"yoast_head":"<!-- This site is optimized with the Yoast SEO Premium plugin v18.6 (Yoast SEO v19.13) - https:\/\/yoast.com\/wordpress\/plugins\/seo\/ -->\n<title>LA PAVONI Machine \u00e0 Caf\u00e9 Espresso Stradivari Professional avec Poigne en Bois<\/title>\n<meta name=\"description\" content=\"D\u00e9couvrez LA PAVONI Machine \u00e0 Caf\u00e9 Espresso Stradivari Professional avec Poigne en Bois sur ErresseShop. Qualit\u00e9, prix r\u00e9duits et achat s\u00e9curis\u00e9 \u2013 commandez d\u00e8s maintenant en ligne !\" \/>\n<meta name=\"robots\" content=\"index, follow, max-snippet:-1, max-image-preview:large, max-video-preview:-1\" \/>\n<link rel=\"canonical\" href=\"https:\/\/www.erresse-shop.it\/fr\/shop\/petits-electromenagers\/machines-cafe\/a-levier\/la-pavoni-machine-a-cafe-espresso-stradivari-professional-avec-poigne-en-bois\/\" \/>\n<meta property=\"og:locale\" content=\"fr_FR\" \/>\n<meta property=\"og:type\" content=\"article\" \/>\n<meta property=\"og:title\" content=\"LA PAVONI Machine \u00e0 Caf\u00e9 Espresso Stradivari Professional avec Poigne en Bois\" \/>\n<meta property=\"og:description\" content=\"D\u00e9couvrez LA PAVONI Machine \u00e0 Caf\u00e9 Espresso Stradivari Professional avec Poigne en Bois sur ErresseShop. Qualit\u00e9, prix r\u00e9duits et achat s\u00e9curis\u00e9 \u2013 commandez d\u00e8s maintenant en ligne !\" \/>\n<meta property=\"og:url\" content=\"https:\/\/www.erresse-shop.it\/fr\/shop\/petits-electromenagers\/machines-cafe\/a-levier\/la-pavoni-machine-a-cafe-espresso-stradivari-professional-avec-poigne-en-bois\/\" \/>\n<meta property=\"og:site_name\" content=\"Erresse Shop\" \/>\n<meta property=\"article:modified_time\" content=\"2025-01-13T14:53:14+00:00\" \/>\n<meta property=\"og:image\" content=\"https:\/\/www.erresse-shop.it\/wp-content\/uploads\/2021\/03\/La-Pavoni-Stradivari-Professional-con-Manici-in-Legno.jpg\" \/>\n\t<meta property=\"og:image:width\" content=\"1300\" \/>\n\t<meta property=\"og:image:height\" content=\"1300\" \/>\n\t<meta property=\"og:image:type\" content=\"image\/jpeg\" \/>\n<meta name=\"twitter:card\" content=\"summary_large_image\" \/>\n<script type=\"application\/ld+json\" class=\"yoast-schema-graph\">{\"@context\":\"https:\/\/schema.org\",\"@graph\":[{\"@type\":\"WebPage\",\"@id\":\"https:\/\/www.erresse-shop.it\/fr\/shop\/petits-electromenagers\/machines-cafe\/a-levier\/la-pavoni-machine-a-cafe-espresso-stradivari-professional-avec-poigne-en-bois\/\",\"url\":\"https:\/\/www.erresse-shop.it\/fr\/shop\/petits-electromenagers\/machines-cafe\/a-levier\/la-pavoni-machine-a-cafe-espresso-stradivari-professional-avec-poigne-en-bois\/\",\"name\":\"LA PAVONI Machine \u00e0 Caf\u00e9 Espresso Stradivari Professional avec Poigne en Bois\",\"isPartOf\":{\"@id\":\"https:\/\/www.erresse-shop.it\/fr\/#website\"},\"datePublished\":\"2021-03-08T08:07:32+00:00\",\"dateModified\":\"2025-01-13T14:53:14+00:00\",\"description\":\"D\u00e9couvrez LA PAVONI Machine \u00e0 Caf\u00e9 Espresso Stradivari Professional avec Poigne en Bois sur ErresseShop. Qualit\u00e9, prix r\u00e9duits et achat s\u00e9curis\u00e9 \u2013 commandez d\u00e8s maintenant en ligne !\",\"breadcrumb\":{\"@id\":\"https:\/\/www.erresse-shop.it\/fr\/shop\/petits-electromenagers\/machines-cafe\/a-levier\/la-pavoni-machine-a-cafe-espresso-stradivari-professional-avec-poigne-en-bois\/#breadcrumb\"},\"inLanguage\":\"fr-FR\",\"potentialAction\":[{\"@type\":\"ReadAction\",\"target\":[\"https:\/\/www.erresse-shop.it\/fr\/shop\/petits-electromenagers\/machines-cafe\/a-levier\/la-pavoni-machine-a-cafe-espresso-stradivari-professional-avec-poigne-en-bois\/\"]}]},{\"@type\":\"BreadcrumbList\",\"@id\":\"https:\/\/www.erresse-shop.it\/fr\/shop\/petits-electromenagers\/machines-cafe\/a-levier\/la-pavoni-machine-a-cafe-espresso-stradivari-professional-avec-poigne-en-bois\/#breadcrumb\",\"itemListElement\":[{\"@type\":\"ListItem\",\"position\":1,\"name\":\"Home\",\"item\":\"https:\/\/www.erresse-shop.it\/fr\/\"},{\"@type\":\"ListItem\",\"position\":2,\"name\":\"Shop\",\"item\":\"https:\/\/www.erresse-shop.it\/fr\/shop\/\"},{\"@type\":\"ListItem\",\"position\":3,\"name\":\"LA PAVONI Machine \u00e0 Caf\u00e9 Espresso Stradivari Professional avec Poigne en Bois\"}]},{\"@type\":\"WebSite\",\"@id\":\"https:\/\/www.erresse-shop.it\/fr\/#website\",\"url\":\"https:\/\/www.erresse-shop.it\/fr\/\",\"name\":\"Erresse Shop\",\"description\":\"Articoli di qualit\u00e0 per la casa\",\"potentialAction\":[{\"@type\":\"SearchAction\",\"target\":{\"@type\":\"EntryPoint\",\"urlTemplate\":\"https:\/\/www.erresse-shop.it\/fr\/?s={search_term_string}\"},\"query-input\":\"required name=search_term_string\"}],\"inLanguage\":\"fr-FR\"}]}<\/script>\n<!-- \/ Yoast SEO Premium plugin. -->","yoast_head_json":{"title":"LA PAVONI Machine \u00e0 Caf\u00e9 Espresso Stradivari Professional avec Poigne en Bois","description":"D\u00e9couvrez LA PAVONI Machine \u00e0 Caf\u00e9 Espresso Stradivari Professional avec Poigne en Bois sur ErresseShop. Qualit\u00e9, prix r\u00e9duits et achat s\u00e9curis\u00e9 \u2013 commandez d\u00e8s maintenant en ligne !","robots":{"index":"index","follow":"follow","max-snippet":"max-snippet:-1","max-image-preview":"max-image-preview:large","max-video-preview":"max-video-preview:-1"},"canonical":"https:\/\/www.erresse-shop.it\/fr\/shop\/petits-electromenagers\/machines-cafe\/a-levier\/la-pavoni-machine-a-cafe-espresso-stradivari-professional-avec-poigne-en-bois\/","og_locale":"fr_FR","og_type":"article","og_title":"LA PAVONI Machine \u00e0 Caf\u00e9 Espresso Stradivari Professional avec Poigne en Bois","og_description":"D\u00e9couvrez LA PAVONI Machine \u00e0 Caf\u00e9 Espresso Stradivari Professional avec Poigne en Bois sur ErresseShop. Qualit\u00e9, prix r\u00e9duits et achat s\u00e9curis\u00e9 \u2013 commandez d\u00e8s maintenant en ligne !","og_url":"https:\/\/www.erresse-shop.it\/fr\/shop\/petits-electromenagers\/machines-cafe\/a-levier\/la-pavoni-machine-a-cafe-espresso-stradivari-professional-avec-poigne-en-bois\/","og_site_name":"Erresse Shop","article_modified_time":"2025-01-13T14:53:14+00:00","og_image":[{"width":1300,"height":1300,"url":"https:\/\/www.erresse-shop.it\/wp-content\/uploads\/2021\/03\/La-Pavoni-Stradivari-Professional-con-Manici-in-Legno.jpg","type":"image\/jpeg"}],"twitter_card":"summary_large_image","schema":{"@context":"https:\/\/schema.org","@graph":[{"@type":"WebPage","@id":"https:\/\/www.erresse-shop.it\/fr\/shop\/petits-electromenagers\/machines-cafe\/a-levier\/la-pavoni-machine-a-cafe-espresso-stradivari-professional-avec-poigne-en-bois\/","url":"https:\/\/www.erresse-shop.it\/fr\/shop\/petits-electromenagers\/machines-cafe\/a-levier\/la-pavoni-machine-a-cafe-espresso-stradivari-professional-avec-poigne-en-bois\/","name":"LA PAVONI Machine \u00e0 Caf\u00e9 Espresso Stradivari Professional avec Poigne en Bois","isPartOf":{"@id":"https:\/\/www.erresse-shop.it\/fr\/#website"},"datePublished":"2021-03-08T08:07:32+00:00","dateModified":"2025-01-13T14:53:14+00:00","description":"D\u00e9couvrez LA PAVONI Machine \u00e0 Caf\u00e9 Espresso Stradivari Professional avec Poigne en Bois sur ErresseShop. Qualit\u00e9, prix r\u00e9duits et achat s\u00e9curis\u00e9 \u2013 commandez d\u00e8s maintenant en ligne !","breadcrumb":{"@id":"https:\/\/www.erresse-shop.it\/fr\/shop\/petits-electromenagers\/machines-cafe\/a-levier\/la-pavoni-machine-a-cafe-espresso-stradivari-professional-avec-poigne-en-bois\/#breadcrumb"},"inLanguage":"fr-FR","potentialAction":[{"@type":"ReadAction","target":["https:\/\/www.erresse-shop.it\/fr\/shop\/petits-electromenagers\/machines-cafe\/a-levier\/la-pavoni-machine-a-cafe-espresso-stradivari-professional-avec-poigne-en-bois\/"]}]},{"@type":"BreadcrumbList","@id":"https:\/\/www.erresse-shop.it\/fr\/shop\/petits-electromenagers\/machines-cafe\/a-levier\/la-pavoni-machine-a-cafe-espresso-stradivari-professional-avec-poigne-en-bois\/#breadcrumb","itemListElement":[{"@type":"ListItem","position":1,"name":"Home","item":"https:\/\/www.erresse-shop.it\/fr\/"},{"@type":"ListItem","position":2,"name":"Shop","item":"https:\/\/www.erresse-shop.it\/fr\/shop\/"},{"@type":"ListItem","position":3,"name":"LA PAVONI Machine \u00e0 Caf\u00e9 Espresso Stradivari Professional avec Poigne en Bois"}]},{"@type":"WebSite","@id":"https:\/\/www.erresse-shop.it\/fr\/#website","url":"https:\/\/www.erresse-shop.it\/fr\/","name":"Erresse Shop","description":"Articoli di qualit\u00e0 per la casa","potentialAction":[{"@type":"SearchAction","target":{"@type":"EntryPoint","urlTemplate":"https:\/\/www.erresse-shop.it\/fr\/?s={search_term_string}"},"query-input":"required name=search_term_string"}],"inLanguage":"fr-FR"}]}},"df_price":549.45,"df_sale_price":549.45,"df_regular_price":999,"df_image_link":"https:\/\/www.erresse-shop.it\/wp-content\/uploads\/2021\/03\/La-Pavoni-Stradivari-Professional-con-Manici-in-Legno-300x300.jpg","_links":{"self":[{"href":"https:\/\/www.erresse-shop.it\/fr\/wp-json\/wp\/v2\/product\/91789"}],"collection":[{"href":"https:\/\/www.erresse-shop.it\/fr\/wp-json\/wp\/v2\/product"}],"about":[{"href":"https:\/\/www.erresse-shop.it\/fr\/wp-json\/wp\/v2\/types\/product"}],"wp:featuredmedia":[{"embeddable":true,"href":"https:\/\/www.erresse-shop.it\/fr\/wp-json\/wp\/v2\/media\/91800"}],"wp:attachment":[{"href":"https:\/\/www.erresse-shop.it\/fr\/wp-json\/wp\/v2\/media?parent=91789"}],"wp:term":[{"taxonomy":"product_cat","embeddable":true,"href":"https:\/\/www.erresse-shop.it\/fr\/wp-json\/wp\/v2\/product_cat?post=91789"},{"taxonomy":"product_tag","embeddable":true,"href":"https:\/\/www.erresse-shop.it\/fr\/wp-json\/wp\/v2\/product_tag?post=91789"}],"curies":[{"name":"wp","href":"https:\/\/api.w.org\/{rel}","templated":true}]}}