{"id":90415,"date":"2021-02-23T14:55:34","date_gmt":"2021-02-23T14:55:35","guid":{"rendered":"https:\/\/www.erresse-shop.it\/?post_type=product&#038;p=90415"},"modified":"2025-01-13T14:52:37","modified_gmt":"2025-01-13T14:52:37","slug":"brabantia-bloc-couteaux-avec-couteaux","status":"publish","type":"product","link":"https:\/\/www.erresse-shop.it\/fr\/shop\/cuisine\/couteaux\/brabantia-bloc-couteaux-avec-couteaux\/","title":{"rendered":"BRABANTIA Bloc couteaux avec Couteaux"},"content":{"rendered":"<p>Mettez fin au d\u00e9sordre sur votre plan de travail gr\u00e2ce \u00e0 un bloc couteaux fourni avec cinq couteaux performants TASTY+, con\u00e7us pour les chefs en herbe. Les lames en acier tremp\u00e9 \u00e0 froid restent aiguis\u00e9es plus longtemps et pr\u00e9sentent des propri\u00e9t\u00e9s \u00e0 la fois antirayures et anti rouille. Le manche sans soudure facilite le nettoyage et permet une utilisation plus hygi\u00e9nique. Un design de pointe pour votre plan de travail.<\/p>\n<ul>\n<li>Rangement pratique et organis\u00e9 des couteaux.<\/li>\n<li>Pour un rangement facile et compact sur votre plan de travail &#8211; des couteaux toujours \u00e0 port\u00e9e de main.<\/li>\n<li>Ajustement parfait &#8211; couteau d&#8217;office, couteau universel, couteau \u00e0 d\u00e9couper, couteau \u00e0 pain et couteau du chef, inclus.<\/li>\n<li>Les couteaux restent aff\u00fbt\u00e9s plus longtemps &#8211; lame en acier tremp\u00e9 \u00e0 la glace.<\/li>\n<li>Facile \u00e0 nettoyer &#8211; fond amovible.<\/li>\n<li>Fait partie de la collection TASTY+ de Brabantia &#8211; une solution color\u00e9e pour chaque t\u00e2che culinaire !<\/li>\n<\/ul>\n","protected":false},"excerpt":{"rendered":"<p>Mettez fin au d\u00e9sordre sur votre plan de travail gr\u00e2ce \u00e0 un bloc couteaux fourni avec cinq couteaux performants TASTY+,<\/p>\n","protected":false},"featured_media":90430,"template":"","meta":{"_acf_changed":false,"inline_featured_image":false},"product_cat":[12745,12742,12748],"product_tag":[25086,14045,19040,25021,24397],"acf":[],"yoast_head":"<!-- This site is optimized with the Yoast SEO Premium plugin v18.6 (Yoast SEO v19.13) - https:\/\/yoast.com\/wordpress\/plugins\/seo\/ -->\n<title>BRABANTIA Bloc couteaux avec Couteaux<\/title>\n<meta name=\"description\" content=\"D\u00e9couvrez BRABANTIA Bloc couteaux avec Couteaux sur ErresseShop. Qualit\u00e9, prix r\u00e9duits et achat s\u00e9curis\u00e9 \u2013 commandez d\u00e8s maintenant en ligne !\" \/>\n<meta name=\"robots\" content=\"index, follow, max-snippet:-1, max-image-preview:large, max-video-preview:-1\" \/>\n<link rel=\"canonical\" href=\"https:\/\/www.erresse-shop.it\/fr\/shop\/cuisine\/couteaux\/brabantia-bloc-couteaux-avec-couteaux\/\" \/>\n<meta property=\"og:locale\" content=\"fr_FR\" \/>\n<meta property=\"og:type\" content=\"article\" \/>\n<meta property=\"og:title\" content=\"BRABANTIA Bloc couteaux avec Couteaux\" \/>\n<meta property=\"og:description\" content=\"D\u00e9couvrez BRABANTIA Bloc couteaux avec Couteaux sur ErresseShop. Qualit\u00e9, prix r\u00e9duits et achat s\u00e9curis\u00e9 \u2013 commandez d\u00e8s maintenant en ligne !\" \/>\n<meta property=\"og:url\" content=\"https:\/\/www.erresse-shop.it\/fr\/shop\/cuisine\/couteaux\/brabantia-bloc-couteaux-avec-couteaux\/\" \/>\n<meta property=\"og:site_name\" content=\"Erresse Shop\" \/>\n<meta property=\"article:modified_time\" content=\"2025-01-13T14:52:37+00:00\" \/>\n<meta property=\"og:image\" content=\"https:\/\/www.erresse-shop.it\/wp-content\/uploads\/2021\/02\/Brabantia-Ceppo-per-Coltelli.jpg\" \/>\n\t<meta property=\"og:image:width\" content=\"1024\" \/>\n\t<meta property=\"og:image:height\" content=\"1024\" \/>\n\t<meta property=\"og:image:type\" content=\"image\/jpeg\" \/>\n<meta name=\"twitter:card\" content=\"summary_large_image\" \/>\n<script type=\"application\/ld+json\" class=\"yoast-schema-graph\">{\"@context\":\"https:\/\/schema.org\",\"@graph\":[{\"@type\":\"WebPage\",\"@id\":\"https:\/\/www.erresse-shop.it\/fr\/shop\/cuisine\/couteaux\/brabantia-bloc-couteaux-avec-couteaux\/\",\"url\":\"https:\/\/www.erresse-shop.it\/fr\/shop\/cuisine\/couteaux\/brabantia-bloc-couteaux-avec-couteaux\/\",\"name\":\"BRABANTIA Bloc couteaux avec Couteaux\",\"isPartOf\":{\"@id\":\"https:\/\/www.erresse-shop.it\/fr\/#website\"},\"datePublished\":\"2021-02-23T14:55:35+00:00\",\"dateModified\":\"2025-01-13T14:52:37+00:00\",\"description\":\"D\u00e9couvrez BRABANTIA Bloc couteaux avec Couteaux sur ErresseShop. Qualit\u00e9, prix r\u00e9duits et achat s\u00e9curis\u00e9 \u2013 commandez d\u00e8s maintenant en ligne !\",\"breadcrumb\":{\"@id\":\"https:\/\/www.erresse-shop.it\/fr\/shop\/cuisine\/couteaux\/brabantia-bloc-couteaux-avec-couteaux\/#breadcrumb\"},\"inLanguage\":\"fr-FR\",\"potentialAction\":[{\"@type\":\"ReadAction\",\"target\":[\"https:\/\/www.erresse-shop.it\/fr\/shop\/cuisine\/couteaux\/brabantia-bloc-couteaux-avec-couteaux\/\"]}]},{\"@type\":\"BreadcrumbList\",\"@id\":\"https:\/\/www.erresse-shop.it\/fr\/shop\/cuisine\/couteaux\/brabantia-bloc-couteaux-avec-couteaux\/#breadcrumb\",\"itemListElement\":[{\"@type\":\"ListItem\",\"position\":1,\"name\":\"Home\",\"item\":\"https:\/\/www.erresse-shop.it\/fr\/\"},{\"@type\":\"ListItem\",\"position\":2,\"name\":\"Shop\",\"item\":\"https:\/\/www.erresse-shop.it\/fr\/shop\/\"},{\"@type\":\"ListItem\",\"position\":3,\"name\":\"BRABANTIA Bloc couteaux avec Couteaux\"}]},{\"@type\":\"WebSite\",\"@id\":\"https:\/\/www.erresse-shop.it\/fr\/#website\",\"url\":\"https:\/\/www.erresse-shop.it\/fr\/\",\"name\":\"Erresse Shop\",\"description\":\"Articoli di qualit\u00e0 per la casa\",\"potentialAction\":[{\"@type\":\"SearchAction\",\"target\":{\"@type\":\"EntryPoint\",\"urlTemplate\":\"https:\/\/www.erresse-shop.it\/fr\/?s={search_term_string}\"},\"query-input\":\"required name=search_term_string\"}],\"inLanguage\":\"fr-FR\"}]}<\/script>\n<!-- \/ Yoast SEO Premium plugin. -->","yoast_head_json":{"title":"BRABANTIA Bloc couteaux avec Couteaux","description":"D\u00e9couvrez BRABANTIA Bloc couteaux avec Couteaux sur ErresseShop. Qualit\u00e9, prix r\u00e9duits et achat s\u00e9curis\u00e9 \u2013 commandez d\u00e8s maintenant en ligne !","robots":{"index":"index","follow":"follow","max-snippet":"max-snippet:-1","max-image-preview":"max-image-preview:large","max-video-preview":"max-video-preview:-1"},"canonical":"https:\/\/www.erresse-shop.it\/fr\/shop\/cuisine\/couteaux\/brabantia-bloc-couteaux-avec-couteaux\/","og_locale":"fr_FR","og_type":"article","og_title":"BRABANTIA Bloc couteaux avec Couteaux","og_description":"D\u00e9couvrez BRABANTIA Bloc couteaux avec Couteaux sur ErresseShop. Qualit\u00e9, prix r\u00e9duits et achat s\u00e9curis\u00e9 \u2013 commandez d\u00e8s maintenant en ligne !","og_url":"https:\/\/www.erresse-shop.it\/fr\/shop\/cuisine\/couteaux\/brabantia-bloc-couteaux-avec-couteaux\/","og_site_name":"Erresse Shop","article_modified_time":"2025-01-13T14:52:37+00:00","og_image":[{"width":1024,"height":1024,"url":"https:\/\/www.erresse-shop.it\/wp-content\/uploads\/2021\/02\/Brabantia-Ceppo-per-Coltelli.jpg","type":"image\/jpeg"}],"twitter_card":"summary_large_image","schema":{"@context":"https:\/\/schema.org","@graph":[{"@type":"WebPage","@id":"https:\/\/www.erresse-shop.it\/fr\/shop\/cuisine\/couteaux\/brabantia-bloc-couteaux-avec-couteaux\/","url":"https:\/\/www.erresse-shop.it\/fr\/shop\/cuisine\/couteaux\/brabantia-bloc-couteaux-avec-couteaux\/","name":"BRABANTIA Bloc couteaux avec Couteaux","isPartOf":{"@id":"https:\/\/www.erresse-shop.it\/fr\/#website"},"datePublished":"2021-02-23T14:55:35+00:00","dateModified":"2025-01-13T14:52:37+00:00","description":"D\u00e9couvrez BRABANTIA Bloc couteaux avec Couteaux sur ErresseShop. Qualit\u00e9, prix r\u00e9duits et achat s\u00e9curis\u00e9 \u2013 commandez d\u00e8s maintenant en ligne !","breadcrumb":{"@id":"https:\/\/www.erresse-shop.it\/fr\/shop\/cuisine\/couteaux\/brabantia-bloc-couteaux-avec-couteaux\/#breadcrumb"},"inLanguage":"fr-FR","potentialAction":[{"@type":"ReadAction","target":["https:\/\/www.erresse-shop.it\/fr\/shop\/cuisine\/couteaux\/brabantia-bloc-couteaux-avec-couteaux\/"]}]},{"@type":"BreadcrumbList","@id":"https:\/\/www.erresse-shop.it\/fr\/shop\/cuisine\/couteaux\/brabantia-bloc-couteaux-avec-couteaux\/#breadcrumb","itemListElement":[{"@type":"ListItem","position":1,"name":"Home","item":"https:\/\/www.erresse-shop.it\/fr\/"},{"@type":"ListItem","position":2,"name":"Shop","item":"https:\/\/www.erresse-shop.it\/fr\/shop\/"},{"@type":"ListItem","position":3,"name":"BRABANTIA Bloc couteaux avec Couteaux"}]},{"@type":"WebSite","@id":"https:\/\/www.erresse-shop.it\/fr\/#website","url":"https:\/\/www.erresse-shop.it\/fr\/","name":"Erresse Shop","description":"Articoli di qualit\u00e0 per la casa","potentialAction":[{"@type":"SearchAction","target":{"@type":"EntryPoint","urlTemplate":"https:\/\/www.erresse-shop.it\/fr\/?s={search_term_string}"},"query-input":"required name=search_term_string"}],"inLanguage":"fr-FR"}]}},"df_price":42.5,"df_sale_price":42.5,"df_regular_price":85,"df_image_link":"https:\/\/www.erresse-shop.it\/wp-content\/uploads\/2021\/02\/Brabantia-Ceppo-per-Coltelli-300x300.jpg","_links":{"self":[{"href":"https:\/\/www.erresse-shop.it\/fr\/wp-json\/wp\/v2\/product\/90415"}],"collection":[{"href":"https:\/\/www.erresse-shop.it\/fr\/wp-json\/wp\/v2\/product"}],"about":[{"href":"https:\/\/www.erresse-shop.it\/fr\/wp-json\/wp\/v2\/types\/product"}],"wp:featuredmedia":[{"embeddable":true,"href":"https:\/\/www.erresse-shop.it\/fr\/wp-json\/wp\/v2\/media\/90430"}],"wp:attachment":[{"href":"https:\/\/www.erresse-shop.it\/fr\/wp-json\/wp\/v2\/media?parent=90415"}],"wp:term":[{"taxonomy":"product_cat","embeddable":true,"href":"https:\/\/www.erresse-shop.it\/fr\/wp-json\/wp\/v2\/product_cat?post=90415"},{"taxonomy":"product_tag","embeddable":true,"href":"https:\/\/www.erresse-shop.it\/fr\/wp-json\/wp\/v2\/product_tag?post=90415"}],"curies":[{"name":"wp","href":"https:\/\/api.w.org\/{rel}","templated":true}]}}