{"id":89457,"date":"2021-02-16T15:24:43","date_gmt":"2021-02-16T15:24:45","guid":{"rendered":"https:\/\/www.erresse-shop.it\/?post_type=product&#038;p=89457"},"modified":"2025-01-13T14:51:20","modified_gmt":"2025-01-13T14:51:20","slug":"la-pavoni-machine-a-cafe-espresso-esperto-abile","status":"publish","type":"product","link":"https:\/\/www.erresse-shop.it\/fr\/shop\/petits-electromenagers\/machines-cafe\/a-levier\/la-pavoni-machine-a-cafe-espresso-esperto-abile\/","title":{"rendered":"LA PAVONI Machine \u00e0 Caf\u00e9 Espresso Esperto Abile"},"content":{"rendered":"<p><strong><span style=\"text-decoration: underline;\">Attention<\/span> :<\/strong> pour un r\u00e9sultat optimal, utilisez UNIQUEMENT du caf\u00e9 moulu avec un bon moulin \u00e0 caf\u00e9 (<span style=\"color: #0000ff;\"><a style=\"color: #0000ff;\" href=\"https:\/\/www.erresse-shop.it\/fr\/shop\/petits-electromenagers\/machines-cafe\/la-pavoni-moulin-a-cafe-jolly-dosato-noir\/\" target=\"_blank\" rel=\"noopener\">Jolly<\/a><\/span>, <span style=\"color: #0000ff;\"><a style=\"color: #0000ff;\" href=\"https:\/\/www.erresse-shop.it\/fr\/shop\/petits-electromenagers\/machines-cafe\/la-pavoni-moulin-a-cafe-kube-mill\/\" target=\"_blank\" rel=\"noopener\">Kube Mill<\/a><\/span>, <span style=\"color: #0000ff;\">Cylinder <\/span>&#8211; La Pavoni s\u00e9rie) ou achet\u00e9 directement aupr\u00e8s d&#8217;une entreprise de torr\u00e9faction. Dans le cas contraire, l&#8217;utilisation de caf\u00e9 de &#8220;supermarch\u00e9&#8221; ne garantit pas un excellent r\u00e9sultat.<\/p>\n<p>Machine de comp\u00e9tition pour les sp\u00e9cialistes de l\u2019espresso.<br \/>\nLe nouveau mod\u00e8le \u00e0 l\u2019avant-garde des machines \u00e0 levier domestiques.<br \/>\nMat\u00e9riaux pr\u00e9cieux et possibilit\u00e9 de contr\u00f4le constant de la pression de livraison<br \/>\nexerc\u00e9e en abaissant le levier satisfont m\u00eame les utilisateurs les plus exigeants \u00e0 la pr\u00e9paration d\u2019un caf\u00e9 expresso personnalis\u00e9 avec des courbes d\u2019extraction r\u00e9p\u00e9tables.<br \/>\nLa nouvelle ligne Espresso est \u00e9quip\u00e9e par accessoires professionnels comme:<br \/>\n\u2013 Verification du profil de pression de livraison<br \/>\n\u2013 Indicateur de temperature du group<br \/>\n\u2013 Deux lances \u00e0 vapeur<br \/>\n\u2013 Filtres \u201cCompetizione: 9,16, 20 gr<br \/>\n\u2013 Douchette \u201cCompetizione\u201d Photograv\u00e9e<br \/>\n\u2013 Presse \u00e0 caf\u00e9 en acier inoxydable AISI 304, 300 gr<br \/>\n\u2013 Le Portafiltre \u201cFascino\u201d permet d\u2019obtenir des caf\u00e9s cremeux<\/p>\n<p>Tous les mod\u00e8les \u00e0 levier La Pavoni 230V sont certifi\u00e9s par:<br \/>\n<a href=\"https:\/\/www.erresse-shop.it\/wp-content\/uploads\/2021\/02\/La-Pavoni-Certificato-150x150.png\"><img decoding=\"async\" class=\"alignnone size-thumbnail wp-image-91734\" src=\"https:\/\/www.erresse-shop.it\/wp-content\/uploads\/2021\/02\/La-Pavoni-Certificato-150x150.png\" alt=\"La Pavoni Certificato\" width=\"150\" height=\"150\" \/><\/a><\/p>\n<ul>\n<li>Capacit\u00e9 de la chaudi\u00e8re litres 1,6<\/li>\n<li>Nombre de tasses de caf\u00e9 distribu\u00e9es 16<\/li>\n<li>D\u00e9bit de vapeur 15 min<\/li>\n<li>Pression dans la chaudi\u00e8re 0,7-0,8 bar<\/li>\n<li>Temps moyen de chauffage 5 min<\/li>\n<li>Soupape de s\u00e9curit\u00e9<\/li>\n<li>Robinet vapeur avec dispositif interchang\u00e9able tuyau vapeur \/ Cappuccino Automatic<\/li>\n<li>Lance vapeur avec embout 1 trou \u00d8 1,5 mm<\/li>\n<li>Lance vapeur avec embout 1 trou \u00d8 2 mm<\/li>\n<li>Manom\u00e8tre pour le contr\u00f4le de la pression en chaudi\u00e8re<\/li>\n<li>Verification du profil de pression de livraison<\/li>\n<li>Indicateur de temperature du group<\/li>\n<li>Porte-filtre en laiton chrom\u00e9 professionnel<\/li>\n<li>Porte-filtre fascino en laiton chrom\u00e9 professionnel<\/li>\n<li>Filtre comp\u00e9tition 1 tasse 9 g<\/li>\n<li>Filtre comp\u00e9tition 2 tasses 14\/16 g<\/li>\n<li>Filtre comp\u00e9tition 20 g<\/li>\n<li>Douchette comp\u00e9tition avec filtration de 200 \u00b5m<\/li>\n<li>Indicateur du niveau de l\u2019eau<\/li>\n<li>Interrupteur on \/ offLampe t\u00e9moin d\u2019allumage<\/li>\n<li>Cappuccino Automatic<\/li>\n<li>Indicateur de temp\u00e9rature<\/li>\n<li>Thermostat de s\u00e9curit\u00e9 qui peut \u00eatre r\u00e9tabli manuellement<\/li>\n<li>Pressostat pour garder une pression constante dans la chaudi\u00e8re<\/li>\n<li>Resistance: 950 W<\/li>\n<li>Alimentation 220-240V 50\/60Hz; 120V 60Hz<\/li>\n<\/ul>\n","protected":false},"excerpt":{"rendered":"<p>Attention : pour un r\u00e9sultat optimal, utilisez UNIQUEMENT du caf\u00e9 moulu avec un bon moulin \u00e0 caf\u00e9 (Jolly, Kube Mill,<\/p>\n","protected":false},"featured_media":89460,"template":"","meta":{"_acf_changed":false,"inline_featured_image":false},"product_cat":[25370,12764,12449],"product_tag":[25036,23563,25021,24397,13254,23591,12856],"acf":[],"yoast_head":"<!-- This site is optimized with the Yoast SEO Premium plugin v18.6 (Yoast SEO v19.13) - https:\/\/yoast.com\/wordpress\/plugins\/seo\/ -->\n<title>LA PAVONI Machine \u00e0 Caf\u00e9 Espresso Esperto Abile<\/title>\n<meta name=\"description\" content=\"D\u00e9couvrez LA PAVONI Machine \u00e0 Caf\u00e9 Espresso Esperto Abile sur ErresseShop. Qualit\u00e9, prix r\u00e9duits et achat s\u00e9curis\u00e9 \u2013 commandez d\u00e8s maintenant en ligne !\" \/>\n<meta name=\"robots\" content=\"index, follow, max-snippet:-1, max-image-preview:large, max-video-preview:-1\" \/>\n<link rel=\"canonical\" href=\"https:\/\/www.erresse-shop.it\/fr\/shop\/petits-electromenagers\/machines-cafe\/a-levier\/la-pavoni-machine-a-cafe-espresso-esperto-abile\/\" \/>\n<meta property=\"og:locale\" content=\"fr_FR\" \/>\n<meta property=\"og:type\" content=\"article\" \/>\n<meta property=\"og:title\" content=\"LA PAVONI Machine \u00e0 Caf\u00e9 Espresso Esperto Abile\" \/>\n<meta property=\"og:description\" content=\"D\u00e9couvrez LA PAVONI Machine \u00e0 Caf\u00e9 Espresso Esperto Abile sur ErresseShop. Qualit\u00e9, prix r\u00e9duits et achat s\u00e9curis\u00e9 \u2013 commandez d\u00e8s maintenant en ligne !\" \/>\n<meta property=\"og:url\" content=\"https:\/\/www.erresse-shop.it\/fr\/shop\/petits-electromenagers\/machines-cafe\/a-levier\/la-pavoni-machine-a-cafe-espresso-esperto-abile\/\" \/>\n<meta property=\"og:site_name\" content=\"Erresse Shop\" \/>\n<meta property=\"article:modified_time\" content=\"2025-01-13T14:51:20+00:00\" \/>\n<meta property=\"og:image\" content=\"https:\/\/www.erresse-shop.it\/wp-content\/uploads\/2021\/02\/La-Pavoni-Esperto-Abile.jpg\" \/>\n\t<meta property=\"og:image:width\" content=\"1300\" \/>\n\t<meta property=\"og:image:height\" content=\"1300\" \/>\n\t<meta property=\"og:image:type\" content=\"image\/jpeg\" \/>\n<meta name=\"twitter:card\" content=\"summary_large_image\" \/>\n<script type=\"application\/ld+json\" class=\"yoast-schema-graph\">{\"@context\":\"https:\/\/schema.org\",\"@graph\":[{\"@type\":\"WebPage\",\"@id\":\"https:\/\/www.erresse-shop.it\/fr\/shop\/petits-electromenagers\/machines-cafe\/a-levier\/la-pavoni-machine-a-cafe-espresso-esperto-abile\/\",\"url\":\"https:\/\/www.erresse-shop.it\/fr\/shop\/petits-electromenagers\/machines-cafe\/a-levier\/la-pavoni-machine-a-cafe-espresso-esperto-abile\/\",\"name\":\"LA PAVONI Machine \u00e0 Caf\u00e9 Espresso Esperto Abile\",\"isPartOf\":{\"@id\":\"https:\/\/www.erresse-shop.it\/fr\/#website\"},\"datePublished\":\"2021-02-16T15:24:45+00:00\",\"dateModified\":\"2025-01-13T14:51:20+00:00\",\"description\":\"D\u00e9couvrez LA PAVONI Machine \u00e0 Caf\u00e9 Espresso Esperto Abile sur ErresseShop. Qualit\u00e9, prix r\u00e9duits et achat s\u00e9curis\u00e9 \u2013 commandez d\u00e8s maintenant en ligne !\",\"breadcrumb\":{\"@id\":\"https:\/\/www.erresse-shop.it\/fr\/shop\/petits-electromenagers\/machines-cafe\/a-levier\/la-pavoni-machine-a-cafe-espresso-esperto-abile\/#breadcrumb\"},\"inLanguage\":\"fr-FR\",\"potentialAction\":[{\"@type\":\"ReadAction\",\"target\":[\"https:\/\/www.erresse-shop.it\/fr\/shop\/petits-electromenagers\/machines-cafe\/a-levier\/la-pavoni-machine-a-cafe-espresso-esperto-abile\/\"]}]},{\"@type\":\"BreadcrumbList\",\"@id\":\"https:\/\/www.erresse-shop.it\/fr\/shop\/petits-electromenagers\/machines-cafe\/a-levier\/la-pavoni-machine-a-cafe-espresso-esperto-abile\/#breadcrumb\",\"itemListElement\":[{\"@type\":\"ListItem\",\"position\":1,\"name\":\"Home\",\"item\":\"https:\/\/www.erresse-shop.it\/fr\/\"},{\"@type\":\"ListItem\",\"position\":2,\"name\":\"Shop\",\"item\":\"https:\/\/www.erresse-shop.it\/fr\/shop\/\"},{\"@type\":\"ListItem\",\"position\":3,\"name\":\"LA PAVONI Machine \u00e0 Caf\u00e9 Espresso Esperto Abile\"}]},{\"@type\":\"WebSite\",\"@id\":\"https:\/\/www.erresse-shop.it\/fr\/#website\",\"url\":\"https:\/\/www.erresse-shop.it\/fr\/\",\"name\":\"Erresse Shop\",\"description\":\"Articoli di qualit\u00e0 per la casa\",\"potentialAction\":[{\"@type\":\"SearchAction\",\"target\":{\"@type\":\"EntryPoint\",\"urlTemplate\":\"https:\/\/www.erresse-shop.it\/fr\/?s={search_term_string}\"},\"query-input\":\"required name=search_term_string\"}],\"inLanguage\":\"fr-FR\"}]}<\/script>\n<!-- \/ Yoast SEO Premium plugin. -->","yoast_head_json":{"title":"LA PAVONI Machine \u00e0 Caf\u00e9 Espresso Esperto Abile","description":"D\u00e9couvrez LA PAVONI Machine \u00e0 Caf\u00e9 Espresso Esperto Abile sur ErresseShop. Qualit\u00e9, prix r\u00e9duits et achat s\u00e9curis\u00e9 \u2013 commandez d\u00e8s maintenant en ligne !","robots":{"index":"index","follow":"follow","max-snippet":"max-snippet:-1","max-image-preview":"max-image-preview:large","max-video-preview":"max-video-preview:-1"},"canonical":"https:\/\/www.erresse-shop.it\/fr\/shop\/petits-electromenagers\/machines-cafe\/a-levier\/la-pavoni-machine-a-cafe-espresso-esperto-abile\/","og_locale":"fr_FR","og_type":"article","og_title":"LA PAVONI Machine \u00e0 Caf\u00e9 Espresso Esperto Abile","og_description":"D\u00e9couvrez LA PAVONI Machine \u00e0 Caf\u00e9 Espresso Esperto Abile sur ErresseShop. Qualit\u00e9, prix r\u00e9duits et achat s\u00e9curis\u00e9 \u2013 commandez d\u00e8s maintenant en ligne !","og_url":"https:\/\/www.erresse-shop.it\/fr\/shop\/petits-electromenagers\/machines-cafe\/a-levier\/la-pavoni-machine-a-cafe-espresso-esperto-abile\/","og_site_name":"Erresse Shop","article_modified_time":"2025-01-13T14:51:20+00:00","og_image":[{"width":1300,"height":1300,"url":"https:\/\/www.erresse-shop.it\/wp-content\/uploads\/2021\/02\/La-Pavoni-Esperto-Abile.jpg","type":"image\/jpeg"}],"twitter_card":"summary_large_image","schema":{"@context":"https:\/\/schema.org","@graph":[{"@type":"WebPage","@id":"https:\/\/www.erresse-shop.it\/fr\/shop\/petits-electromenagers\/machines-cafe\/a-levier\/la-pavoni-machine-a-cafe-espresso-esperto-abile\/","url":"https:\/\/www.erresse-shop.it\/fr\/shop\/petits-electromenagers\/machines-cafe\/a-levier\/la-pavoni-machine-a-cafe-espresso-esperto-abile\/","name":"LA PAVONI Machine \u00e0 Caf\u00e9 Espresso Esperto Abile","isPartOf":{"@id":"https:\/\/www.erresse-shop.it\/fr\/#website"},"datePublished":"2021-02-16T15:24:45+00:00","dateModified":"2025-01-13T14:51:20+00:00","description":"D\u00e9couvrez LA PAVONI Machine \u00e0 Caf\u00e9 Espresso Esperto Abile sur ErresseShop. Qualit\u00e9, prix r\u00e9duits et achat s\u00e9curis\u00e9 \u2013 commandez d\u00e8s maintenant en ligne !","breadcrumb":{"@id":"https:\/\/www.erresse-shop.it\/fr\/shop\/petits-electromenagers\/machines-cafe\/a-levier\/la-pavoni-machine-a-cafe-espresso-esperto-abile\/#breadcrumb"},"inLanguage":"fr-FR","potentialAction":[{"@type":"ReadAction","target":["https:\/\/www.erresse-shop.it\/fr\/shop\/petits-electromenagers\/machines-cafe\/a-levier\/la-pavoni-machine-a-cafe-espresso-esperto-abile\/"]}]},{"@type":"BreadcrumbList","@id":"https:\/\/www.erresse-shop.it\/fr\/shop\/petits-electromenagers\/machines-cafe\/a-levier\/la-pavoni-machine-a-cafe-espresso-esperto-abile\/#breadcrumb","itemListElement":[{"@type":"ListItem","position":1,"name":"Home","item":"https:\/\/www.erresse-shop.it\/fr\/"},{"@type":"ListItem","position":2,"name":"Shop","item":"https:\/\/www.erresse-shop.it\/fr\/shop\/"},{"@type":"ListItem","position":3,"name":"LA PAVONI Machine \u00e0 Caf\u00e9 Espresso Esperto Abile"}]},{"@type":"WebSite","@id":"https:\/\/www.erresse-shop.it\/fr\/#website","url":"https:\/\/www.erresse-shop.it\/fr\/","name":"Erresse Shop","description":"Articoli di qualit\u00e0 per la casa","potentialAction":[{"@type":"SearchAction","target":{"@type":"EntryPoint","urlTemplate":"https:\/\/www.erresse-shop.it\/fr\/?s={search_term_string}"},"query-input":"required name=search_term_string"}],"inLanguage":"fr-FR"}]}},"df_price":769.45,"df_sale_price":769.45,"df_regular_price":1399,"df_image_link":"https:\/\/www.erresse-shop.it\/wp-content\/uploads\/2021\/02\/La-Pavoni-Esperto-Abile-300x300.jpg","_links":{"self":[{"href":"https:\/\/www.erresse-shop.it\/fr\/wp-json\/wp\/v2\/product\/89457"}],"collection":[{"href":"https:\/\/www.erresse-shop.it\/fr\/wp-json\/wp\/v2\/product"}],"about":[{"href":"https:\/\/www.erresse-shop.it\/fr\/wp-json\/wp\/v2\/types\/product"}],"wp:featuredmedia":[{"embeddable":true,"href":"https:\/\/www.erresse-shop.it\/fr\/wp-json\/wp\/v2\/media\/89460"}],"wp:attachment":[{"href":"https:\/\/www.erresse-shop.it\/fr\/wp-json\/wp\/v2\/media?parent=89457"}],"wp:term":[{"taxonomy":"product_cat","embeddable":true,"href":"https:\/\/www.erresse-shop.it\/fr\/wp-json\/wp\/v2\/product_cat?post=89457"},{"taxonomy":"product_tag","embeddable":true,"href":"https:\/\/www.erresse-shop.it\/fr\/wp-json\/wp\/v2\/product_tag?post=89457"}],"curies":[{"name":"wp","href":"https:\/\/api.w.org\/{rel}","templated":true}]}}