{"id":88106,"date":"2016-06-28T12:08:25","date_gmt":"2016-06-28T12:08:25","guid":{"rendered":"https:\/\/www.erresse-shop.it\/shop\/non%20class\u00e9\/gastrolux-sauteuse-2-poignees-24cm-induction\/"},"modified":"2025-01-13T14:50:29","modified_gmt":"2025-01-13T14:50:29","slug":"gastrolux-sauteuse-2-poignees-induction-24cm","status":"publish","type":"product","link":"https:\/\/www.erresse-shop.it\/fr\/shop\/poeles-pots\/sauteuses-et-faitout\/gastrolux-sauteuse-2-poignees-induction-24cm\/","title":{"rendered":"GASTROLUX Sauteuse 2 Poignees Induction 24cm"},"content":{"rendered":"<p>L&#8217;antiadh\u00e9sif \u00e0 l&#8217;\u00e9preuve de la cuisson ! Maintenant avec <strong>poign\u00e9e<\/strong> <strong>amovible<\/strong> brevet\u00e9e.<br \/>\nLa batterie de cuisine Gastrolux est la premi\u00e8re \u00e0 \u00eatre produite gr\u00e2ce \u00e0 l&#8217;application de la nanotechnologie, d\u00e9j\u00e0 utilis\u00e9e en astrophysique et, depuis peu, en chirurgie.<br \/>\nLe tout nouveau syst\u00e8me consiste \u00e0 projeter des microparticules sur la surface \u00e0 traiter \u00e0 deux fois la vitesse du son et \u00e0 des temp\u00e9ratures extr\u00eamement \u00e9lev\u00e9es.<br \/>\nCette technologie mol\u00e9culaire est enrichie par BIOTAN : un traitement de surface antiadh\u00e9sif \u00e0 base de bioorganismes naturels qui garantit une duret\u00e9 extraordinaire et une r\u00e9sistance \u00e9lev\u00e9e \u00e0 l&#8217;absorption d&#8217;huile, cr\u00e9ant ainsi un syst\u00e8me de cuisson pratique et sain pour une cuisine nutritive et savoureuse.<\/p>\n<p>Sauteuse basse antiadh\u00e9sive avec fond thermique ind\u00e9formable pour la distribution de la chaleur et l&#8217;\u00e9conomie d&#8217;\u00e9nergie.<br \/>\nCorps en fonte d&#8217;aluminium de 9 mm d&#8217;\u00e9paisseur, avec bord renforc\u00e9 antichoc et poign\u00e9e suppl\u00e9mentaire confortable.<br \/>\nPoign\u00e9e brevet\u00e9e sans vis ni rivets, r\u00e9sistante jusqu&#8217;\u00e0 260\u00b0, adapt\u00e9e aux sources de chaleur suivantes : gaz, four, \u00e9lectricit\u00e9, vitroc\u00e9ramique et induction.<br \/>\nLe sauteuse permet de cuisiner sans fum\u00e9e.<\/p>\n<p>SANS PFOA NI PFOS<\/p>\n<p>Rev\u00eatement garanti 2 ans, poign\u00e9e et fond chauffant garantis 10 ans.<\/p>\n","protected":false},"excerpt":{"rendered":"<p>L&#8217;antiadh\u00e9sif \u00e0 l&#8217;\u00e9preuve de la cuisson ! Maintenant avec poign\u00e9e amovible brevet\u00e9e. La batterie de cuisine Gastrolux est la premi\u00e8re<\/p>\n","protected":false},"featured_media":273573,"template":"","meta":{"_acf_changed":false,"inline_featured_image":false},"product_cat":[12458,14797],"product_tag":[22672,22673],"acf":[],"yoast_head":"<!-- This site is optimized with the Yoast SEO Premium plugin v18.6 (Yoast SEO v19.13) - https:\/\/yoast.com\/wordpress\/plugins\/seo\/ -->\n<title>GASTROLUX Sauteuse 2 Poignees Induction 24cm<\/title>\n<meta name=\"description\" content=\"D\u00e9couvrez GASTROLUX Sauteuse 2 Poignees Induction 24cm sur ErresseShop. Qualit\u00e9, prix r\u00e9duits et achat s\u00e9curis\u00e9 \u2013 commandez d\u00e8s maintenant en ligne !\" \/>\n<meta name=\"robots\" content=\"index, follow, max-snippet:-1, max-image-preview:large, max-video-preview:-1\" \/>\n<link rel=\"canonical\" href=\"https:\/\/www.erresse-shop.it\/fr\/shop\/poeles-pots\/sauteuses-et-faitout\/gastrolux-sauteuse-2-poignees-induction-24cm\/\" \/>\n<meta property=\"og:locale\" content=\"fr_FR\" \/>\n<meta property=\"og:type\" content=\"article\" \/>\n<meta property=\"og:title\" content=\"GASTROLUX Sauteuse 2 Poignees Induction 24cm\" \/>\n<meta property=\"og:description\" content=\"D\u00e9couvrez GASTROLUX Sauteuse 2 Poignees Induction 24cm sur ErresseShop. Qualit\u00e9, prix r\u00e9duits et achat s\u00e9curis\u00e9 \u2013 commandez d\u00e8s maintenant en ligne !\" \/>\n<meta property=\"og:url\" content=\"https:\/\/www.erresse-shop.it\/fr\/shop\/poeles-pots\/sauteuses-et-faitout\/gastrolux-sauteuse-2-poignees-induction-24cm\/\" \/>\n<meta property=\"og:site_name\" content=\"Erresse Shop\" \/>\n<meta property=\"article:modified_time\" content=\"2025-01-13T14:50:29+00:00\" \/>\n<meta property=\"og:image\" content=\"https:\/\/www.erresse-shop.it\/wp-content\/uploads\/2016\/06\/GASTROLUX-Tegame-Induzione-24-cm.jpg\" \/>\n\t<meta property=\"og:image:width\" content=\"800\" \/>\n\t<meta property=\"og:image:height\" content=\"800\" \/>\n\t<meta property=\"og:image:type\" content=\"image\/jpeg\" \/>\n<meta name=\"twitter:card\" content=\"summary_large_image\" \/>\n<script type=\"application\/ld+json\" class=\"yoast-schema-graph\">{\"@context\":\"https:\/\/schema.org\",\"@graph\":[{\"@type\":\"WebPage\",\"@id\":\"https:\/\/www.erresse-shop.it\/fr\/shop\/poeles-pots\/sauteuses-et-faitout\/gastrolux-sauteuse-2-poignees-induction-24cm\/\",\"url\":\"https:\/\/www.erresse-shop.it\/fr\/shop\/poeles-pots\/sauteuses-et-faitout\/gastrolux-sauteuse-2-poignees-induction-24cm\/\",\"name\":\"GASTROLUX Sauteuse 2 Poignees Induction 24cm\",\"isPartOf\":{\"@id\":\"https:\/\/www.erresse-shop.it\/fr\/#website\"},\"datePublished\":\"2016-06-28T12:08:25+00:00\",\"dateModified\":\"2025-01-13T14:50:29+00:00\",\"description\":\"D\u00e9couvrez GASTROLUX Sauteuse 2 Poignees Induction 24cm sur ErresseShop. Qualit\u00e9, prix r\u00e9duits et achat s\u00e9curis\u00e9 \u2013 commandez d\u00e8s maintenant en ligne !\",\"breadcrumb\":{\"@id\":\"https:\/\/www.erresse-shop.it\/fr\/shop\/poeles-pots\/sauteuses-et-faitout\/gastrolux-sauteuse-2-poignees-induction-24cm\/#breadcrumb\"},\"inLanguage\":\"fr-FR\",\"potentialAction\":[{\"@type\":\"ReadAction\",\"target\":[\"https:\/\/www.erresse-shop.it\/fr\/shop\/poeles-pots\/sauteuses-et-faitout\/gastrolux-sauteuse-2-poignees-induction-24cm\/\"]}]},{\"@type\":\"BreadcrumbList\",\"@id\":\"https:\/\/www.erresse-shop.it\/fr\/shop\/poeles-pots\/sauteuses-et-faitout\/gastrolux-sauteuse-2-poignees-induction-24cm\/#breadcrumb\",\"itemListElement\":[{\"@type\":\"ListItem\",\"position\":1,\"name\":\"Home\",\"item\":\"https:\/\/www.erresse-shop.it\/fr\/\"},{\"@type\":\"ListItem\",\"position\":2,\"name\":\"Shop\",\"item\":\"https:\/\/www.erresse-shop.it\/fr\/shop\/\"},{\"@type\":\"ListItem\",\"position\":3,\"name\":\"GASTROLUX Sauteuse 2 Poignees Induction 24cm\"}]},{\"@type\":\"WebSite\",\"@id\":\"https:\/\/www.erresse-shop.it\/fr\/#website\",\"url\":\"https:\/\/www.erresse-shop.it\/fr\/\",\"name\":\"Erresse Shop\",\"description\":\"Articoli di qualit\u00e0 per la casa\",\"potentialAction\":[{\"@type\":\"SearchAction\",\"target\":{\"@type\":\"EntryPoint\",\"urlTemplate\":\"https:\/\/www.erresse-shop.it\/fr\/?s={search_term_string}\"},\"query-input\":\"required name=search_term_string\"}],\"inLanguage\":\"fr-FR\"}]}<\/script>\n<!-- \/ Yoast SEO Premium plugin. -->","yoast_head_json":{"title":"GASTROLUX Sauteuse 2 Poignees Induction 24cm","description":"D\u00e9couvrez GASTROLUX Sauteuse 2 Poignees Induction 24cm sur ErresseShop. Qualit\u00e9, prix r\u00e9duits et achat s\u00e9curis\u00e9 \u2013 commandez d\u00e8s maintenant en ligne !","robots":{"index":"index","follow":"follow","max-snippet":"max-snippet:-1","max-image-preview":"max-image-preview:large","max-video-preview":"max-video-preview:-1"},"canonical":"https:\/\/www.erresse-shop.it\/fr\/shop\/poeles-pots\/sauteuses-et-faitout\/gastrolux-sauteuse-2-poignees-induction-24cm\/","og_locale":"fr_FR","og_type":"article","og_title":"GASTROLUX Sauteuse 2 Poignees Induction 24cm","og_description":"D\u00e9couvrez GASTROLUX Sauteuse 2 Poignees Induction 24cm sur ErresseShop. Qualit\u00e9, prix r\u00e9duits et achat s\u00e9curis\u00e9 \u2013 commandez d\u00e8s maintenant en ligne !","og_url":"https:\/\/www.erresse-shop.it\/fr\/shop\/poeles-pots\/sauteuses-et-faitout\/gastrolux-sauteuse-2-poignees-induction-24cm\/","og_site_name":"Erresse Shop","article_modified_time":"2025-01-13T14:50:29+00:00","og_image":[{"width":800,"height":800,"url":"https:\/\/www.erresse-shop.it\/wp-content\/uploads\/2016\/06\/GASTROLUX-Tegame-Induzione-24-cm.jpg","type":"image\/jpeg"}],"twitter_card":"summary_large_image","schema":{"@context":"https:\/\/schema.org","@graph":[{"@type":"WebPage","@id":"https:\/\/www.erresse-shop.it\/fr\/shop\/poeles-pots\/sauteuses-et-faitout\/gastrolux-sauteuse-2-poignees-induction-24cm\/","url":"https:\/\/www.erresse-shop.it\/fr\/shop\/poeles-pots\/sauteuses-et-faitout\/gastrolux-sauteuse-2-poignees-induction-24cm\/","name":"GASTROLUX Sauteuse 2 Poignees Induction 24cm","isPartOf":{"@id":"https:\/\/www.erresse-shop.it\/fr\/#website"},"datePublished":"2016-06-28T12:08:25+00:00","dateModified":"2025-01-13T14:50:29+00:00","description":"D\u00e9couvrez GASTROLUX Sauteuse 2 Poignees Induction 24cm sur ErresseShop. Qualit\u00e9, prix r\u00e9duits et achat s\u00e9curis\u00e9 \u2013 commandez d\u00e8s maintenant en ligne !","breadcrumb":{"@id":"https:\/\/www.erresse-shop.it\/fr\/shop\/poeles-pots\/sauteuses-et-faitout\/gastrolux-sauteuse-2-poignees-induction-24cm\/#breadcrumb"},"inLanguage":"fr-FR","potentialAction":[{"@type":"ReadAction","target":["https:\/\/www.erresse-shop.it\/fr\/shop\/poeles-pots\/sauteuses-et-faitout\/gastrolux-sauteuse-2-poignees-induction-24cm\/"]}]},{"@type":"BreadcrumbList","@id":"https:\/\/www.erresse-shop.it\/fr\/shop\/poeles-pots\/sauteuses-et-faitout\/gastrolux-sauteuse-2-poignees-induction-24cm\/#breadcrumb","itemListElement":[{"@type":"ListItem","position":1,"name":"Home","item":"https:\/\/www.erresse-shop.it\/fr\/"},{"@type":"ListItem","position":2,"name":"Shop","item":"https:\/\/www.erresse-shop.it\/fr\/shop\/"},{"@type":"ListItem","position":3,"name":"GASTROLUX Sauteuse 2 Poignees Induction 24cm"}]},{"@type":"WebSite","@id":"https:\/\/www.erresse-shop.it\/fr\/#website","url":"https:\/\/www.erresse-shop.it\/fr\/","name":"Erresse Shop","description":"Articoli di qualit\u00e0 per la casa","potentialAction":[{"@type":"SearchAction","target":{"@type":"EntryPoint","urlTemplate":"https:\/\/www.erresse-shop.it\/fr\/?s={search_term_string}"},"query-input":"required name=search_term_string"}],"inLanguage":"fr-FR"}]}},"df_price":99.95,"df_sale_price":99.95,"df_regular_price":164,"df_image_link":"https:\/\/www.erresse-shop.it\/wp-content\/uploads\/2016\/06\/GASTROLUX-Tegame-Induzione-24-cm-300x300.jpg","_links":{"self":[{"href":"https:\/\/www.erresse-shop.it\/fr\/wp-json\/wp\/v2\/product\/88106"}],"collection":[{"href":"https:\/\/www.erresse-shop.it\/fr\/wp-json\/wp\/v2\/product"}],"about":[{"href":"https:\/\/www.erresse-shop.it\/fr\/wp-json\/wp\/v2\/types\/product"}],"wp:featuredmedia":[{"embeddable":true,"href":"https:\/\/www.erresse-shop.it\/fr\/wp-json\/wp\/v2\/media\/273573"}],"wp:attachment":[{"href":"https:\/\/www.erresse-shop.it\/fr\/wp-json\/wp\/v2\/media?parent=88106"}],"wp:term":[{"taxonomy":"product_cat","embeddable":true,"href":"https:\/\/www.erresse-shop.it\/fr\/wp-json\/wp\/v2\/product_cat?post=88106"},{"taxonomy":"product_tag","embeddable":true,"href":"https:\/\/www.erresse-shop.it\/fr\/wp-json\/wp\/v2\/product_tag?post=88106"}],"curies":[{"name":"wp","href":"https:\/\/api.w.org\/{rel}","templated":true}]}}