{"id":87873,"date":"2017-02-27T10:19:03","date_gmt":"2017-02-27T10:19:03","guid":{"rendered":"https:\/\/www.erresse-shop.it\/shop\/non%20class\u00e9\/dualit-bouilloire-classique-17-l\/"},"modified":"2025-01-13T14:50:17","modified_gmt":"2025-01-13T14:50:17","slug":"dualit-bouilloire-classique-17-l","status":"publish","type":"product","link":"https:\/\/www.erresse-shop.it\/fr\/shop\/cuisine\/dualit-bouilloire-classique-17-l\/","title":{"rendered":"DUALIT Bouilloire Classique 1,7 L"},"content":{"rendered":"<p>La bouilloire CLASSIC multi-brevet\u00e9e est dot\u00e9e d&#8217;un \u00e9l\u00e9ment rempla\u00e7able r\u00e9volutionnaire qui prolonge consid\u00e9rablement sa dur\u00e9e de vie, tandis que la Whisper Boil\u2122 r\u00e9duit consid\u00e9rablement les bruits d&#8217;\u00e9bullition ind\u00e9sirables. La bouilloire Dualit Classic est disponible dans une s\u00e9lection de finitions* et est \u00e9quip\u00e9e d&#8217;un \u00e9l\u00e9ment super rapide de 3KW, permettant un temps d&#8217;\u00e9bullition rapide. Deux fen\u00eatres de mesure avec des indicateurs de niveau de tasse et de litres vous aident \u00e0 ne faire bouillir que la quantit\u00e9 d&#8217;eau n\u00e9cessaire d&#8217;une tasse \u00e0 1,7 litre.<br \/>\n\u00c9l\u00e9ment r\u00e9parable brevet\u00e9Cette bouilloire Dualit Classic est vraiment construite pour durer. Dot\u00e9e d&#8217;un \u00e9l\u00e9ment rempla\u00e7able r\u00e9volutionnaire brevet\u00e9, la dur\u00e9e de vie de votre bouilloire est consid\u00e9rablement prolong\u00e9e.<br \/>\nDouble fen\u00eatreLa bouilloire Dualit Classic est intelligemment con\u00e7ue avec deux fen\u00eatres de mesure diff\u00e9rentes. Pour les amateurs de th\u00e9, un c\u00f4t\u00e9 est \u00e9quip\u00e9 d&#8217;un indicateur de niveau de tasse et l&#8217;autre c\u00f4t\u00e9 mesure l&#8217;eau en litres.<br \/>\nFonction Whisper Boil\u2122 brevet\u00e9eLa Classic Kettle est la bouilloire la plus silencieuse que Dualit ait con\u00e7ue. Elle a re\u00e7u la Quiet Mark &#8211; la marque internationale d&#8217;approbation de la Noise Abatement Society.<br \/>\nDimensions<br \/>\nPoids : 1,61KG<br \/>\nLargeur : 15,4 cm<br \/>\nProfondeur : 23,5 cm<br \/>\nHauteur : 28,08<\/p>\n<p>Capacit\u00e9 : 1,7 litres**<br \/>\nTemps d&#8217;\u00e9bullition moyen d&#8217;une bouilloire classique<br \/>\n1 tasse (250ml) : 00:48<br \/>\n2 Tasse (500ml) : 01:22<br \/>\n4 Tasse (1000ml) : 02:14<br \/>\n6 Tasses (1500ml) : 03:30<br \/>\n1,7L Max (1700ml) : 03:50**<br \/>\nTests effectu\u00e9s avec de l&#8217;eau \u00e0 temp\u00e9rature ambiante<\/p>\n<p>Caract\u00e9ristiques<br \/>\nPoign\u00e9e ergonomique en silicone. Acier inoxydable de haute qualit\u00e9 avec une poign\u00e9e en silicone pour le confort<br \/>\nLe bec anti-goutte Pure Pour\u2122, con\u00e7u avec pr\u00e9cision, emp\u00eache l&#8217;eau de s&#8217;\u00e9goutter sur votre bouilloire ou votre plan de travail<br \/>\nCouvercle \u00e0 charni\u00e8re durable pour la long\u00e9vit\u00e9 et la fiabilit\u00e9 de notre marque, avec anneau et prot\u00e8ge-doigt r\u00e9sistant \u00e0 la chaleur<br \/>\nPieds anti-vibration brevet\u00e9s pour une stabilit\u00e9 accrue sur les surfaces de travail pendant l&#8217;\u00e9bullition<br \/>\nRangement int\u00e9gr\u00e9 des cordons pour maintenir votre surface de travail en ordre<br \/>\nFiltre \u00e0 calcaire amovible et lavable<br \/>\nFonctionnement sans fil avec base pivotante \u00e0 360<br \/>\nArr\u00eat de s\u00e9curit\u00e9 en cas d&#8217;\u00e9bullition \u00e0 sec\u00c9l\u00e9ment super rapide de 3KW<br \/>\nCon\u00e7u et r\u00e9alis\u00e9 au Royaume-Uni<\/p>\n<p>PRIX REMPORT\u00c9S<br \/>\nLaur\u00e9at du prix d&#8217;excellence en mati\u00e8re d&#8217;articles m\u00e9nagers<br \/>\nNous sommes ravis d&#8217;annoncer que la bouilloire Dualit Classic en cuivre a remport\u00e9 le prix de l&#8217;excellence en mati\u00e8re d&#8217;articles m\u00e9nagers 2015.<br \/>\nLa bouilloire Dualit Classic a re\u00e7u la marque Quiet<br \/>\nLa Classic Kettle est la bouilloire la plus silencieuse que Dualit ait con\u00e7ue. Elle a re\u00e7u la Quiet Mark &#8211; la marque internationale d&#8217;approbation de la Noise Abatement Society. Vous pouvez donc \u00eatre s\u00fbr que la bouilloire Classic Dualit est l&#8217;une des plus silencieuses que vous puissiez acheter.<\/p>\n<p><u style=\"font-size: 13px;\"><strong>MADE IN UK<\/strong><\/u><\/p>\n<p><u><strong>Italian Warranty<\/strong><\/u><\/p>\n<p><u style=\"font-size: 13px; line-height: 20.8px;\"><strong>Not for sale outside from Europe<\/strong><\/u><\/p>\n","protected":false},"excerpt":{"rendered":"<p>La bouilloire CLASSIC multi-brevet\u00e9e est dot\u00e9e d&#8217;un \u00e9l\u00e9ment rempla\u00e7able r\u00e9volutionnaire qui prolonge consid\u00e9rablement sa dur\u00e9e de vie, tandis que la<\/p>\n","protected":false},"featured_media":87874,"template":"","meta":{"_acf_changed":false,"inline_featured_image":false},"product_cat":[12748],"product_tag":[24365],"acf":[],"yoast_head":"<!-- This site is optimized with the Yoast SEO Premium plugin v18.6 (Yoast SEO v19.13) - https:\/\/yoast.com\/wordpress\/plugins\/seo\/ -->\n<title>DUALIT Bouilloire Classique 1,7 L<\/title>\n<meta name=\"description\" content=\"D\u00e9couvrez DUALIT Bouilloire Classique 1,7 L sur ErresseShop. Qualit\u00e9, prix r\u00e9duits et achat s\u00e9curis\u00e9 \u2013 commandez d\u00e8s maintenant en ligne !\" \/>\n<meta name=\"robots\" content=\"index, follow, max-snippet:-1, max-image-preview:large, max-video-preview:-1\" \/>\n<link rel=\"canonical\" href=\"https:\/\/www.erresse-shop.it\/fr\/shop\/cuisine\/dualit-bouilloire-classique-17-l\/\" \/>\n<meta property=\"og:locale\" content=\"fr_FR\" \/>\n<meta property=\"og:type\" content=\"article\" \/>\n<meta property=\"og:title\" content=\"DUALIT Bouilloire Classique 1,7 L\" \/>\n<meta property=\"og:description\" content=\"D\u00e9couvrez DUALIT Bouilloire Classique 1,7 L sur ErresseShop. Qualit\u00e9, prix r\u00e9duits et achat s\u00e9curis\u00e9 \u2013 commandez d\u00e8s maintenant en ligne !\" \/>\n<meta property=\"og:url\" content=\"https:\/\/www.erresse-shop.it\/fr\/shop\/cuisine\/dualit-bouilloire-classique-17-l\/\" \/>\n<meta property=\"og:site_name\" content=\"Erresse Shop\" \/>\n<meta property=\"article:modified_time\" content=\"2025-01-13T14:50:17+00:00\" \/>\n<meta property=\"og:image\" content=\"https:\/\/www.erresse-shop.it\/wp-content\/uploads\/2017\/02\/products-72835.jpg\" \/>\n\t<meta property=\"og:image:width\" content=\"1000\" \/>\n\t<meta property=\"og:image:height\" content=\"750\" \/>\n\t<meta property=\"og:image:type\" content=\"image\/jpeg\" \/>\n<meta name=\"twitter:card\" content=\"summary_large_image\" \/>\n<script type=\"application\/ld+json\" class=\"yoast-schema-graph\">{\"@context\":\"https:\/\/schema.org\",\"@graph\":[{\"@type\":\"WebPage\",\"@id\":\"https:\/\/www.erresse-shop.it\/fr\/shop\/cuisine\/dualit-bouilloire-classique-17-l\/\",\"url\":\"https:\/\/www.erresse-shop.it\/fr\/shop\/cuisine\/dualit-bouilloire-classique-17-l\/\",\"name\":\"DUALIT Bouilloire Classique 1,7 L\",\"isPartOf\":{\"@id\":\"https:\/\/www.erresse-shop.it\/fr\/#website\"},\"datePublished\":\"2017-02-27T10:19:03+00:00\",\"dateModified\":\"2025-01-13T14:50:17+00:00\",\"description\":\"D\u00e9couvrez DUALIT Bouilloire Classique 1,7 L sur ErresseShop. Qualit\u00e9, prix r\u00e9duits et achat s\u00e9curis\u00e9 \u2013 commandez d\u00e8s maintenant en ligne !\",\"breadcrumb\":{\"@id\":\"https:\/\/www.erresse-shop.it\/fr\/shop\/cuisine\/dualit-bouilloire-classique-17-l\/#breadcrumb\"},\"inLanguage\":\"fr-FR\",\"potentialAction\":[{\"@type\":\"ReadAction\",\"target\":[\"https:\/\/www.erresse-shop.it\/fr\/shop\/cuisine\/dualit-bouilloire-classique-17-l\/\"]}]},{\"@type\":\"BreadcrumbList\",\"@id\":\"https:\/\/www.erresse-shop.it\/fr\/shop\/cuisine\/dualit-bouilloire-classique-17-l\/#breadcrumb\",\"itemListElement\":[{\"@type\":\"ListItem\",\"position\":1,\"name\":\"Home\",\"item\":\"https:\/\/www.erresse-shop.it\/fr\/\"},{\"@type\":\"ListItem\",\"position\":2,\"name\":\"Shop\",\"item\":\"https:\/\/www.erresse-shop.it\/fr\/shop\/\"},{\"@type\":\"ListItem\",\"position\":3,\"name\":\"DUALIT Bouilloire Classique 1,7 L\"}]},{\"@type\":\"WebSite\",\"@id\":\"https:\/\/www.erresse-shop.it\/fr\/#website\",\"url\":\"https:\/\/www.erresse-shop.it\/fr\/\",\"name\":\"Erresse Shop\",\"description\":\"Articoli di qualit\u00e0 per la casa\",\"potentialAction\":[{\"@type\":\"SearchAction\",\"target\":{\"@type\":\"EntryPoint\",\"urlTemplate\":\"https:\/\/www.erresse-shop.it\/fr\/?s={search_term_string}\"},\"query-input\":\"required name=search_term_string\"}],\"inLanguage\":\"fr-FR\"}]}<\/script>\n<!-- \/ Yoast SEO Premium plugin. -->","yoast_head_json":{"title":"DUALIT Bouilloire Classique 1,7 L","description":"D\u00e9couvrez DUALIT Bouilloire Classique 1,7 L sur ErresseShop. Qualit\u00e9, prix r\u00e9duits et achat s\u00e9curis\u00e9 \u2013 commandez d\u00e8s maintenant en ligne !","robots":{"index":"index","follow":"follow","max-snippet":"max-snippet:-1","max-image-preview":"max-image-preview:large","max-video-preview":"max-video-preview:-1"},"canonical":"https:\/\/www.erresse-shop.it\/fr\/shop\/cuisine\/dualit-bouilloire-classique-17-l\/","og_locale":"fr_FR","og_type":"article","og_title":"DUALIT Bouilloire Classique 1,7 L","og_description":"D\u00e9couvrez DUALIT Bouilloire Classique 1,7 L sur ErresseShop. Qualit\u00e9, prix r\u00e9duits et achat s\u00e9curis\u00e9 \u2013 commandez d\u00e8s maintenant en ligne !","og_url":"https:\/\/www.erresse-shop.it\/fr\/shop\/cuisine\/dualit-bouilloire-classique-17-l\/","og_site_name":"Erresse Shop","article_modified_time":"2025-01-13T14:50:17+00:00","og_image":[{"width":1000,"height":750,"url":"https:\/\/www.erresse-shop.it\/wp-content\/uploads\/2017\/02\/products-72835.jpg","type":"image\/jpeg"}],"twitter_card":"summary_large_image","schema":{"@context":"https:\/\/schema.org","@graph":[{"@type":"WebPage","@id":"https:\/\/www.erresse-shop.it\/fr\/shop\/cuisine\/dualit-bouilloire-classique-17-l\/","url":"https:\/\/www.erresse-shop.it\/fr\/shop\/cuisine\/dualit-bouilloire-classique-17-l\/","name":"DUALIT Bouilloire Classique 1,7 L","isPartOf":{"@id":"https:\/\/www.erresse-shop.it\/fr\/#website"},"datePublished":"2017-02-27T10:19:03+00:00","dateModified":"2025-01-13T14:50:17+00:00","description":"D\u00e9couvrez DUALIT Bouilloire Classique 1,7 L sur ErresseShop. Qualit\u00e9, prix r\u00e9duits et achat s\u00e9curis\u00e9 \u2013 commandez d\u00e8s maintenant en ligne !","breadcrumb":{"@id":"https:\/\/www.erresse-shop.it\/fr\/shop\/cuisine\/dualit-bouilloire-classique-17-l\/#breadcrumb"},"inLanguage":"fr-FR","potentialAction":[{"@type":"ReadAction","target":["https:\/\/www.erresse-shop.it\/fr\/shop\/cuisine\/dualit-bouilloire-classique-17-l\/"]}]},{"@type":"BreadcrumbList","@id":"https:\/\/www.erresse-shop.it\/fr\/shop\/cuisine\/dualit-bouilloire-classique-17-l\/#breadcrumb","itemListElement":[{"@type":"ListItem","position":1,"name":"Home","item":"https:\/\/www.erresse-shop.it\/fr\/"},{"@type":"ListItem","position":2,"name":"Shop","item":"https:\/\/www.erresse-shop.it\/fr\/shop\/"},{"@type":"ListItem","position":3,"name":"DUALIT Bouilloire Classique 1,7 L"}]},{"@type":"WebSite","@id":"https:\/\/www.erresse-shop.it\/fr\/#website","url":"https:\/\/www.erresse-shop.it\/fr\/","name":"Erresse Shop","description":"Articoli di qualit\u00e0 per la casa","potentialAction":[{"@type":"SearchAction","target":{"@type":"EntryPoint","urlTemplate":"https:\/\/www.erresse-shop.it\/fr\/?s={search_term_string}"},"query-input":"required name=search_term_string"}],"inLanguage":"fr-FR"}]}},"df_price":239.92,"df_sale_price":239.92,"df_regular_price":299.9,"df_image_link":"https:\/\/www.erresse-shop.it\/wp-content\/uploads\/2017\/02\/products-72835-300x225.jpg","_links":{"self":[{"href":"https:\/\/www.erresse-shop.it\/fr\/wp-json\/wp\/v2\/product\/87873"}],"collection":[{"href":"https:\/\/www.erresse-shop.it\/fr\/wp-json\/wp\/v2\/product"}],"about":[{"href":"https:\/\/www.erresse-shop.it\/fr\/wp-json\/wp\/v2\/types\/product"}],"wp:featuredmedia":[{"embeddable":true,"href":"https:\/\/www.erresse-shop.it\/fr\/wp-json\/wp\/v2\/media\/87874"}],"wp:attachment":[{"href":"https:\/\/www.erresse-shop.it\/fr\/wp-json\/wp\/v2\/media?parent=87873"}],"wp:term":[{"taxonomy":"product_cat","embeddable":true,"href":"https:\/\/www.erresse-shop.it\/fr\/wp-json\/wp\/v2\/product_cat?post=87873"},{"taxonomy":"product_tag","embeddable":true,"href":"https:\/\/www.erresse-shop.it\/fr\/wp-json\/wp\/v2\/product_tag?post=87873"}],"curies":[{"name":"wp","href":"https:\/\/api.w.org\/{rel}","templated":true}]}}