{"id":87866,"date":"2018-06-06T18:25:40","date_gmt":"2018-06-06T18:25:40","guid":{"rendered":"https:\/\/www.erresse-shop.it\/shop\/non%20class\u00e9\/dualit-toaster-a-4-slots-newgen-inox\/"},"modified":"2025-01-13T14:50:15","modified_gmt":"2025-01-13T14:50:15","slug":"dualit-toaster-a-4-slots-newgen-inox","status":"publish","type":"product","link":"https:\/\/www.erresse-shop.it\/fr\/shop\/cuisine\/dualit-toaster-a-4-slots-newgen-inox\/","title":{"rendered":"DUALIT Toaster \u00e0 4 slots &#8220;NewGen&#8221; Inox"},"content":{"rendered":"<p>Le succ\u00e8s de Dualit repose sur une vision unique de l&#8217;entreprise et de ses produits, qui n&#8217;a pas chang\u00e9 depuis que Max Gort-Barten a cr\u00e9\u00e9 la soci\u00e9t\u00e9 dans les ann\u00e9es 1940. L&#8217;\u00e9thique de l&#8217;entreprise peut \u00eatre r\u00e9sum\u00e9e par ces principes directeurs : Dualit Quality : Beaucoup d&#8217;entreprises parlent de qualit\u00e9 ; pour Dualit, c&#8217;est un \u00e9l\u00e9ment fondamental de l&#8217;entreprise. Notre politique de qualit\u00e9 a pour but de fournir aux employ\u00e9s et aux fournisseurs un cadre qui leur permet de tenir les promesses faites aux clients, qu&#8217;il s&#8217;agisse de produits ou de services. Son succ\u00e8s est la cons\u00e9quence de plusieurs facteurs cl\u00e9s : un processus continu de contr\u00f4le et d&#8217;am\u00e9lioration, des cadres sup\u00e9rieurs &#8220;champions&#8221;, des relations avec les fournisseurs qui fonctionnent comme de v\u00e9ritables partenariats, et des employ\u00e9s qui font souvent &#8220;un effort suppl\u00e9mentaire&#8221; pour le b\u00e9n\u00e9fice de leurs clients.Dualit Responsability : Nos clients ont des attentes \u00e9lev\u00e9es en ce qui concerne nos normes \u00e9thiques et nous devons nous assurer que nous pouvons r\u00e9pondre \u00e0 ces attentes. C&#8217;est pourquoi Dualit a mis en place une proc\u00e9dure d&#8217;approvisionnement \u00e9thique bas\u00e9e sur des normes internationales telles que les conventions de l&#8217;Organisation internationale du travail. Nous visitons r\u00e9guli\u00e8rement nos fournisseurs et effectuons des inspections et des audits sur site pour nous assurer de leur conformit\u00e9 \u00e0 nos normes : Dualit est conscient de ses responsabilit\u00e9s environnementales et nous avons mis en place des proc\u00e9dures pour pr\u00e9venir la pollution, minimiser les d\u00e9chets, r\u00e9duire nos \u00e9missions et g\u00e9rer les risques et les dangers. Nous nous effor\u00e7ons de r\u00e9duire la consommation d&#8217;\u00e9nergie de nos produits et nous encourageons activement le recyclage de nos propres d\u00e9chets et de ceux de nos clients dans le but de r\u00e9duire la quantit\u00e9 mise en d\u00e9charge.60 Depuis le premier grille-pain \u00e0 deux faces en 1946, en passant par la croissance constante d&#8217;une gamme de produits commerciaux dans les ann\u00e9es 50 et 60, jusqu&#8217;\u00e0 son explosion sur le march\u00e9 de la consommation \u00e0 la fin des ann\u00e9es 70, Dualit est rest\u00e9 fid\u00e8le \u00e0 la vision initiale de Max Gort-Barten. Aujourd&#8217;hui, la soci\u00e9t\u00e9 continue \u00e0 fournir aux professionnels et aux chefs en herbe une large gamme d&#8217;\u00e9quipements de cuisine. Toast pour quatre personnes : le grille-pain NewGen \u00e0 4 fentes est le plus compact des grille-pain Dualit. Il offre tout le style et toutes les fonctionnalit\u00e9s que l&#8217;on peut attendre d&#8217;un grille-pain Dualit, ainsi que les fonctions suppl\u00e9mentaires d&#8217;un r\u00e9glage de d\u00e9cong\u00e9lation pour le pain surgel\u00e9 et la possibilit\u00e9 de griller des petits pains et des bagels. La commande du s\u00e9lecteur vous permet de chauffer l&#8217;une ou l&#8217;autre ou les deux fentes.<\/p>\n<p>cage \u00e0 sandwich non incluse<\/p>\n<p><u style=\"font-size: 13px; line-height: 20.8px;\"><strong>Not for sale outside from Europe<\/strong><\/u><\/p>\n","protected":false},"excerpt":{"rendered":"<p>Le succ\u00e8s de Dualit repose sur une vision unique de l&#8217;entreprise et de ses produits, qui n&#8217;a pas chang\u00e9 depuis<\/p>\n","protected":false},"featured_media":87867,"template":"","meta":{"_acf_changed":false,"inline_featured_image":false},"product_cat":[12748],"product_tag":[24365],"acf":[],"yoast_head":"<!-- This site is optimized with the Yoast SEO Premium plugin v18.6 (Yoast SEO v19.13) - https:\/\/yoast.com\/wordpress\/plugins\/seo\/ -->\n<title>DUALIT Toaster \u00e0 4 slots &quot;NewGen&quot; Inox<\/title>\n<meta name=\"description\" content=\"D\u00e9couvrez DUALIT Toaster \u00e0 4 slots &quot;NewGen&quot; Inox sur ErresseShop. Qualit\u00e9, prix r\u00e9duits et achat s\u00e9curis\u00e9 \u2013 commandez d\u00e8s maintenant en ligne !\" \/>\n<meta name=\"robots\" content=\"index, follow, max-snippet:-1, max-image-preview:large, max-video-preview:-1\" \/>\n<link rel=\"canonical\" href=\"https:\/\/www.erresse-shop.it\/fr\/shop\/cuisine\/dualit-toaster-a-4-slots-newgen-inox\/\" \/>\n<meta property=\"og:locale\" content=\"fr_FR\" \/>\n<meta property=\"og:type\" content=\"article\" \/>\n<meta property=\"og:title\" content=\"DUALIT Toaster \u00e0 4 slots &quot;NewGen&quot; Inox\" \/>\n<meta property=\"og:description\" content=\"D\u00e9couvrez DUALIT Toaster \u00e0 4 slots &quot;NewGen&quot; Inox sur ErresseShop. Qualit\u00e9, prix r\u00e9duits et achat s\u00e9curis\u00e9 \u2013 commandez d\u00e8s maintenant en ligne !\" \/>\n<meta property=\"og:url\" content=\"https:\/\/www.erresse-shop.it\/fr\/shop\/cuisine\/dualit-toaster-a-4-slots-newgen-inox\/\" \/>\n<meta property=\"og:site_name\" content=\"Erresse Shop\" \/>\n<meta property=\"article:modified_time\" content=\"2025-01-13T14:50:15+00:00\" \/>\n<meta property=\"og:image\" content=\"https:\/\/www.erresse-shop.it\/wp-content\/uploads\/2015\/01\/products-detail_794.jpg\" \/>\n\t<meta property=\"og:image:width\" content=\"448\" \/>\n\t<meta property=\"og:image:height\" content=\"400\" \/>\n\t<meta property=\"og:image:type\" content=\"image\/jpeg\" \/>\n<meta name=\"twitter:card\" content=\"summary_large_image\" \/>\n<script type=\"application\/ld+json\" class=\"yoast-schema-graph\">{\"@context\":\"https:\/\/schema.org\",\"@graph\":[{\"@type\":\"WebPage\",\"@id\":\"https:\/\/www.erresse-shop.it\/fr\/shop\/cuisine\/dualit-toaster-a-4-slots-newgen-inox\/\",\"url\":\"https:\/\/www.erresse-shop.it\/fr\/shop\/cuisine\/dualit-toaster-a-4-slots-newgen-inox\/\",\"name\":\"DUALIT Toaster \u00e0 4 slots \\\"NewGen\\\" Inox\",\"isPartOf\":{\"@id\":\"https:\/\/www.erresse-shop.it\/fr\/#website\"},\"datePublished\":\"2018-06-06T18:25:40+00:00\",\"dateModified\":\"2025-01-13T14:50:15+00:00\",\"description\":\"D\u00e9couvrez DUALIT Toaster \u00e0 4 slots \\\"NewGen\\\" Inox sur ErresseShop. Qualit\u00e9, prix r\u00e9duits et achat s\u00e9curis\u00e9 \u2013 commandez d\u00e8s maintenant en ligne !\",\"breadcrumb\":{\"@id\":\"https:\/\/www.erresse-shop.it\/fr\/shop\/cuisine\/dualit-toaster-a-4-slots-newgen-inox\/#breadcrumb\"},\"inLanguage\":\"fr-FR\",\"potentialAction\":[{\"@type\":\"ReadAction\",\"target\":[\"https:\/\/www.erresse-shop.it\/fr\/shop\/cuisine\/dualit-toaster-a-4-slots-newgen-inox\/\"]}]},{\"@type\":\"BreadcrumbList\",\"@id\":\"https:\/\/www.erresse-shop.it\/fr\/shop\/cuisine\/dualit-toaster-a-4-slots-newgen-inox\/#breadcrumb\",\"itemListElement\":[{\"@type\":\"ListItem\",\"position\":1,\"name\":\"Home\",\"item\":\"https:\/\/www.erresse-shop.it\/fr\/\"},{\"@type\":\"ListItem\",\"position\":2,\"name\":\"Shop\",\"item\":\"https:\/\/www.erresse-shop.it\/fr\/shop\/\"},{\"@type\":\"ListItem\",\"position\":3,\"name\":\"DUALIT Toaster \u00e0 4 slots &#8220;NewGen&#8221; Inox\"}]},{\"@type\":\"WebSite\",\"@id\":\"https:\/\/www.erresse-shop.it\/fr\/#website\",\"url\":\"https:\/\/www.erresse-shop.it\/fr\/\",\"name\":\"Erresse Shop\",\"description\":\"Articoli di qualit\u00e0 per la casa\",\"potentialAction\":[{\"@type\":\"SearchAction\",\"target\":{\"@type\":\"EntryPoint\",\"urlTemplate\":\"https:\/\/www.erresse-shop.it\/fr\/?s={search_term_string}\"},\"query-input\":\"required name=search_term_string\"}],\"inLanguage\":\"fr-FR\"}]}<\/script>\n<!-- \/ Yoast SEO Premium plugin. -->","yoast_head_json":{"title":"DUALIT Toaster \u00e0 4 slots \"NewGen\" Inox","description":"D\u00e9couvrez DUALIT Toaster \u00e0 4 slots \"NewGen\" Inox sur ErresseShop. Qualit\u00e9, prix r\u00e9duits et achat s\u00e9curis\u00e9 \u2013 commandez d\u00e8s maintenant en ligne !","robots":{"index":"index","follow":"follow","max-snippet":"max-snippet:-1","max-image-preview":"max-image-preview:large","max-video-preview":"max-video-preview:-1"},"canonical":"https:\/\/www.erresse-shop.it\/fr\/shop\/cuisine\/dualit-toaster-a-4-slots-newgen-inox\/","og_locale":"fr_FR","og_type":"article","og_title":"DUALIT Toaster \u00e0 4 slots \"NewGen\" Inox","og_description":"D\u00e9couvrez DUALIT Toaster \u00e0 4 slots \"NewGen\" Inox sur ErresseShop. Qualit\u00e9, prix r\u00e9duits et achat s\u00e9curis\u00e9 \u2013 commandez d\u00e8s maintenant en ligne !","og_url":"https:\/\/www.erresse-shop.it\/fr\/shop\/cuisine\/dualit-toaster-a-4-slots-newgen-inox\/","og_site_name":"Erresse Shop","article_modified_time":"2025-01-13T14:50:15+00:00","og_image":[{"width":448,"height":400,"url":"https:\/\/www.erresse-shop.it\/wp-content\/uploads\/2015\/01\/products-detail_794.jpg","type":"image\/jpeg"}],"twitter_card":"summary_large_image","schema":{"@context":"https:\/\/schema.org","@graph":[{"@type":"WebPage","@id":"https:\/\/www.erresse-shop.it\/fr\/shop\/cuisine\/dualit-toaster-a-4-slots-newgen-inox\/","url":"https:\/\/www.erresse-shop.it\/fr\/shop\/cuisine\/dualit-toaster-a-4-slots-newgen-inox\/","name":"DUALIT Toaster \u00e0 4 slots \"NewGen\" Inox","isPartOf":{"@id":"https:\/\/www.erresse-shop.it\/fr\/#website"},"datePublished":"2018-06-06T18:25:40+00:00","dateModified":"2025-01-13T14:50:15+00:00","description":"D\u00e9couvrez DUALIT Toaster \u00e0 4 slots \"NewGen\" Inox sur ErresseShop. Qualit\u00e9, prix r\u00e9duits et achat s\u00e9curis\u00e9 \u2013 commandez d\u00e8s maintenant en ligne !","breadcrumb":{"@id":"https:\/\/www.erresse-shop.it\/fr\/shop\/cuisine\/dualit-toaster-a-4-slots-newgen-inox\/#breadcrumb"},"inLanguage":"fr-FR","potentialAction":[{"@type":"ReadAction","target":["https:\/\/www.erresse-shop.it\/fr\/shop\/cuisine\/dualit-toaster-a-4-slots-newgen-inox\/"]}]},{"@type":"BreadcrumbList","@id":"https:\/\/www.erresse-shop.it\/fr\/shop\/cuisine\/dualit-toaster-a-4-slots-newgen-inox\/#breadcrumb","itemListElement":[{"@type":"ListItem","position":1,"name":"Home","item":"https:\/\/www.erresse-shop.it\/fr\/"},{"@type":"ListItem","position":2,"name":"Shop","item":"https:\/\/www.erresse-shop.it\/fr\/shop\/"},{"@type":"ListItem","position":3,"name":"DUALIT Toaster \u00e0 4 slots &#8220;NewGen&#8221; Inox"}]},{"@type":"WebSite","@id":"https:\/\/www.erresse-shop.it\/fr\/#website","url":"https:\/\/www.erresse-shop.it\/fr\/","name":"Erresse Shop","description":"Articoli di qualit\u00e0 per la casa","potentialAction":[{"@type":"SearchAction","target":{"@type":"EntryPoint","urlTemplate":"https:\/\/www.erresse-shop.it\/fr\/?s={search_term_string}"},"query-input":"required name=search_term_string"}],"inLanguage":"fr-FR"}]}},"df_price":329.95,"df_sale_price":329.95,"df_regular_price":399.9,"df_image_link":"https:\/\/www.erresse-shop.it\/wp-content\/uploads\/2015\/01\/products-detail_794-300x268.jpg","_links":{"self":[{"href":"https:\/\/www.erresse-shop.it\/fr\/wp-json\/wp\/v2\/product\/87866"}],"collection":[{"href":"https:\/\/www.erresse-shop.it\/fr\/wp-json\/wp\/v2\/product"}],"about":[{"href":"https:\/\/www.erresse-shop.it\/fr\/wp-json\/wp\/v2\/types\/product"}],"wp:featuredmedia":[{"embeddable":true,"href":"https:\/\/www.erresse-shop.it\/fr\/wp-json\/wp\/v2\/media\/87867"}],"wp:attachment":[{"href":"https:\/\/www.erresse-shop.it\/fr\/wp-json\/wp\/v2\/media?parent=87866"}],"wp:term":[{"taxonomy":"product_cat","embeddable":true,"href":"https:\/\/www.erresse-shop.it\/fr\/wp-json\/wp\/v2\/product_cat?post=87866"},{"taxonomy":"product_tag","embeddable":true,"href":"https:\/\/www.erresse-shop.it\/fr\/wp-json\/wp\/v2\/product_tag?post=87866"}],"curies":[{"name":"wp","href":"https:\/\/api.w.org\/{rel}","templated":true}]}}