{"id":87788,"date":"2016-05-04T18:26:05","date_gmt":"2016-05-04T18:26:05","guid":{"rendered":"https:\/\/www.erresse-shop.it\/shop\/non%20class\u00e9\/magimix-cook-expert-rouge\/"},"modified":"2025-01-13T14:50:10","modified_gmt":"2025-01-13T14:50:10","slug":"magimix-cook-expert-rouge","status":"publish","type":"product","link":"https:\/\/www.erresse-shop.it\/fr\/shop\/petits-electromenagers\/robots-de-cuisine\/magimix-cook-expert-rouge\/","title":{"rendered":"MAGIMIX Cook Expert rouge"},"content":{"rendered":"<p><strong>COOK EXPERT<\/strong><\/p>\n<p><a href=\"https:\/\/www.youtube.com\/watch?v=jhKd1485KKc\" target=\"_blank\" rel=\"noopener\">Watch the video 1<\/a>\u00a0 <a href=\"https:\/\/www.youtube.com\/watch?v=OissgQLox0o\" target=\"_blank\" rel=\"noopener\">Watch the video 2<\/a><\/p>\n<p>Le Robot Cooking vraiment multifonctionnel! Il vous aide \u00e0 cuisiner rapidement et facilement tous vos plats pr\u00e9f\u00e9r\u00e9s de l&#8217;entr\u00e9e au dessert!<\/p>\n<p>Avec l&#8217;application Cook Expert, passez gratuitement \u00e0 plusieurs centaines de recettes.Facile \u00e0 utiliser avec son \u00e9cran couleur num\u00e9rique et facilement lisible, Cook Expert est un robot simple d&#8217;utilisation et facile \u00e0 programmer.La minuterie (de 5 secondes \u00e0 2 heures ) vous permet de mesurer facilement le temps de vos recettes.<br \/>\nAvec son programme AUTO, Cook Expert Magimix poss\u00e8de 12 recettes programm\u00e9es automatiquement pour une cuisson facile au quotidien: juste un bouton pour l&#8217;activer.<br \/>\n&#8211; Cuisson: soupe de l\u00e9gumes, velout\u00e9e, cuisson \u00e0 feu lent, cuisson \u00e0 vaporeper cuisine l\u00e9g\u00e8re<br \/>\n&#8211; Boulangerie: pr\u00e9paration et lev\u00e9e de la p\u00e2te pour pain et croissants<br \/>\n&#8211; P\u00e2tisserie: pr\u00e9parer la p\u00e2te pour tartes, tartes, p\u00e2tes fra\u00eeches &#8230;<br \/>\n&#8211; Blender: pr\u00e9paration de smoothies, sorbets et glacesMagimix avec Cook Expert repr\u00e9sente l&#8217;\u00e9tat du robot de cuisson, un robot multifonctionnel et capable de cuisiner, ce qui vous permet de supprimer tout le mat\u00e9riel encombrant de cuisine.<br \/>\nMagimix Cook Expert est \u00e9quip\u00e9 de 4 plateaux et de nombreux accessoires, le Robot Cook Expert Magimix est polyvalent et complet.Dans chacun des Cook Expert vous avez trouv\u00e9 une casserole m\u00e9tallique pour la cuisson et 3 r\u00e9cipients transparents qui servent \u00e0 la pr\u00e9paration des bases \u00e0 \u00eatre Cook Expert Magimix est un vrai cuisinier, gr\u00e2ce \u00e0 son syst\u00e8me de chauffage \u00e0 induction, cuire de 31 \u00e0 140 \u00b0 C, ce qui en fait l&#8217;un des robots culinaires avec le rendement de chaleur le plus \u00e9lev\u00e9 du march\u00e9.<br \/>\nLe Robot Magimix Kitchen Cook Expert dispose d&#8217;un syst\u00e8me de contr\u00f4le de temp\u00e9rature tr\u00e8s pr\u00e9cis, et vous pouvez cuire vos aliments en toute confiance pour tirer le meilleur parti de vos pr\u00e9parations.<br \/>\nVous pouvez cuire \u00e0 feu doux, faire fondre lentement le chocolat et garder une sauce ou une soupe en temp\u00e9rature.<br \/>\nHaute performance, est capable de monter rapidement en temp\u00e9rature et permet d&#8217;ajuster rapidement la cuisson. Cook Expert Magimix dispose d&#8217;une fonction de nettoyage tr\u00e8s pratique: le &#8220;rin\u00e7age automatique&#8221; qui facilite le nettoyage apr\u00e8s utilisation.<br \/>\nAjoutez de l&#8217;eau froide avec une petite dose de savon pour lave-vaisselle, votre Cook Expert Magimix chauffe l&#8217;eau \u00e0 40 \u00b0 et se lave automatiquement en 40 secondes.Nous ne devons rien faire d&#8217;autre si vous ne rincez pas.<br \/>\nGr\u00e2ce \u00e0 son plateau en m\u00e9tal, d&#8217;une capacit\u00e9 de 3,5 litres, vous pouvez cuisiner: &#8211; 2,5 litres de soupe ou de soupe<br \/>\n&#8211; 2,5 litres d&#8217;aliments \u00e0 cuisson lente (riz, tajine, rago\u00fbt, rago\u00fbt)<br \/>\n&#8211; 1 kg de pur\u00e9e &#8211; 6 blancs d&#8217;\u0153ufs battus raides (pour souffl\u00e9, g\u00e9noise) &#8211; 0,6 kg de l\u00e9gumes cuits \u00e0 la vapeur (pommes de terre, carottes, brocoli)<br \/>\n&#8211; 0,8 kg de p\u00e2te \u00e0 pain ou \u00e0 pizza &#8211; 0,6 kg de p\u00e2te \u00e0 croissants<br \/>\n&#8211; 1,2 kg de p\u00e2te \u00e0 g\u00e2teaux &#8211; 400 g de fruits surgel\u00e9s (pour la pr\u00e9paration de glaces)<br \/>\nDot\u00e9 d&#8217;une double paroi en acier inoxydable, le plateau Thermo vous permet de pr\u00e9parer vos repas \u00e0 l&#8217;avance et de les garder au chaud pendant 2 heures.Son couvercle en verre avec joint \u00e0 100%, permet un 360 \u00b0 \u00e0 l&#8217;int\u00e9rieur du bol.<br \/>\nLe bol en m\u00e9tal est plein de 4 accessoires:<br \/>\n&#8211; 1 couteau universel pour braiser, mixer, p\u00e9trir, broyer la glace, m\u00e9langer directement dans le bol<br \/>\n&#8211; 1 panier vapeur avec grille interm\u00e9diaire pour la cuisson de plats pauvres en gras<br \/>\n&#8211; 1 m\u00e9langeur pour monter les blancs d&#8217;oeufs jusqu&#8217;\u00e0 ce qu&#8217;ils soient fermes<br \/>\n&#8211; 1 spatule sp\u00e9cialement pour le bassin permet de le vider et de mieux le nettoyerAvec 3 plateaux transparents, il remplit toutes les fonctions d&#8217;un robot culinaire: &#8211; 1 grand bol de 3,6 litres pour hacher et m\u00e9langer de grandes quantit\u00e9s (1,4 kg \u00e0 1,4 kg de l\u00e9gumes ou Viande)<br \/>\n&#8211; 1 bol moyen de 2,6 litres pour trancher et r\u00e2per (concombres, carottes, chou)<br \/>\n&#8211; 1 petit bol de 1,2 litre pour pr\u00e9parer des portions individuelles.<br \/>\nId\u00e9al pour m\u00e9langer les aliments pour b\u00e9b\u00e9s \/ enfants ou personnes \u00e2g\u00e9es, le petit bol de Cook Expert facilite le hachage de l&#8217;ail, des herbes et des assaisonnements.Veuillez<\/p>\n<p><strong>noter: la prise d&#8217;alimentation est europ\u00e9enne SchukoNon en vente en dehors de l&#8217;Europe<\/strong><\/p>\n","protected":false},"excerpt":{"rendered":"<p>COOK EXPERT Watch the video 1\u00a0 Watch the video 2 Le Robot Cooking vraiment multifonctionnel! Il vous aide \u00e0 cuisiner<\/p>\n","protected":false},"featured_media":87790,"template":"","meta":{"_acf_changed":false,"inline_featured_image":false},"product_cat":[12449,12768],"product_tag":[15731,12948,25021,12994,15610,21327,23260],"acf":[],"yoast_head":"<!-- This site is optimized with the Yoast SEO Premium plugin v18.6 (Yoast SEO v19.13) - https:\/\/yoast.com\/wordpress\/plugins\/seo\/ -->\n<title>MAGIMIX Cook Expert rouge<\/title>\n<meta name=\"description\" content=\"D\u00e9couvrez MAGIMIX Cook Expert rouge sur ErresseShop. Qualit\u00e9, prix r\u00e9duits et achat s\u00e9curis\u00e9 \u2013 commandez d\u00e8s maintenant en ligne !\" \/>\n<meta name=\"robots\" content=\"index, follow, max-snippet:-1, max-image-preview:large, max-video-preview:-1\" \/>\n<link rel=\"canonical\" href=\"https:\/\/www.erresse-shop.it\/fr\/shop\/petits-electromenagers\/robots-de-cuisine\/magimix-cook-expert-rouge\/\" \/>\n<meta property=\"og:locale\" content=\"fr_FR\" \/>\n<meta property=\"og:type\" content=\"article\" \/>\n<meta property=\"og:title\" content=\"MAGIMIX Cook Expert rouge\" \/>\n<meta property=\"og:description\" content=\"D\u00e9couvrez MAGIMIX Cook Expert rouge sur ErresseShop. Qualit\u00e9, prix r\u00e9duits et achat s\u00e9curis\u00e9 \u2013 commandez d\u00e8s maintenant en ligne !\" \/>\n<meta property=\"og:url\" content=\"https:\/\/www.erresse-shop.it\/fr\/shop\/petits-electromenagers\/robots-de-cuisine\/magimix-cook-expert-rouge\/\" \/>\n<meta property=\"og:site_name\" content=\"Erresse Shop\" \/>\n<meta property=\"article:modified_time\" content=\"2025-01-13T14:50:10+00:00\" \/>\n<meta property=\"og:image\" content=\"https:\/\/www.erresse-shop.it\/wp-content\/uploads\/2019\/07\/Cook-expertrosso-1.jpg\" \/>\n\t<meta property=\"og:image:width\" content=\"570\" \/>\n\t<meta property=\"og:image:height\" content=\"555\" \/>\n\t<meta property=\"og:image:type\" content=\"image\/jpeg\" \/>\n<meta name=\"twitter:card\" content=\"summary_large_image\" \/>\n<script type=\"application\/ld+json\" class=\"yoast-schema-graph\">{\"@context\":\"https:\/\/schema.org\",\"@graph\":[{\"@type\":\"WebPage\",\"@id\":\"https:\/\/www.erresse-shop.it\/fr\/shop\/petits-electromenagers\/robots-de-cuisine\/magimix-cook-expert-rouge\/\",\"url\":\"https:\/\/www.erresse-shop.it\/fr\/shop\/petits-electromenagers\/robots-de-cuisine\/magimix-cook-expert-rouge\/\",\"name\":\"MAGIMIX Cook Expert rouge\",\"isPartOf\":{\"@id\":\"https:\/\/www.erresse-shop.it\/fr\/#website\"},\"datePublished\":\"2016-05-04T18:26:05+00:00\",\"dateModified\":\"2025-01-13T14:50:10+00:00\",\"description\":\"D\u00e9couvrez MAGIMIX Cook Expert rouge sur ErresseShop. Qualit\u00e9, prix r\u00e9duits et achat s\u00e9curis\u00e9 \u2013 commandez d\u00e8s maintenant en ligne !\",\"breadcrumb\":{\"@id\":\"https:\/\/www.erresse-shop.it\/fr\/shop\/petits-electromenagers\/robots-de-cuisine\/magimix-cook-expert-rouge\/#breadcrumb\"},\"inLanguage\":\"fr-FR\",\"potentialAction\":[{\"@type\":\"ReadAction\",\"target\":[\"https:\/\/www.erresse-shop.it\/fr\/shop\/petits-electromenagers\/robots-de-cuisine\/magimix-cook-expert-rouge\/\"]}]},{\"@type\":\"BreadcrumbList\",\"@id\":\"https:\/\/www.erresse-shop.it\/fr\/shop\/petits-electromenagers\/robots-de-cuisine\/magimix-cook-expert-rouge\/#breadcrumb\",\"itemListElement\":[{\"@type\":\"ListItem\",\"position\":1,\"name\":\"Home\",\"item\":\"https:\/\/www.erresse-shop.it\/fr\/\"},{\"@type\":\"ListItem\",\"position\":2,\"name\":\"Shop\",\"item\":\"https:\/\/www.erresse-shop.it\/fr\/shop\/\"},{\"@type\":\"ListItem\",\"position\":3,\"name\":\"MAGIMIX Cook Expert rouge\"}]},{\"@type\":\"WebSite\",\"@id\":\"https:\/\/www.erresse-shop.it\/fr\/#website\",\"url\":\"https:\/\/www.erresse-shop.it\/fr\/\",\"name\":\"Erresse Shop\",\"description\":\"Articoli di qualit\u00e0 per la casa\",\"potentialAction\":[{\"@type\":\"SearchAction\",\"target\":{\"@type\":\"EntryPoint\",\"urlTemplate\":\"https:\/\/www.erresse-shop.it\/fr\/?s={search_term_string}\"},\"query-input\":\"required name=search_term_string\"}],\"inLanguage\":\"fr-FR\"}]}<\/script>\n<!-- \/ Yoast SEO Premium plugin. -->","yoast_head_json":{"title":"MAGIMIX Cook Expert rouge","description":"D\u00e9couvrez MAGIMIX Cook Expert rouge sur ErresseShop. Qualit\u00e9, prix r\u00e9duits et achat s\u00e9curis\u00e9 \u2013 commandez d\u00e8s maintenant en ligne !","robots":{"index":"index","follow":"follow","max-snippet":"max-snippet:-1","max-image-preview":"max-image-preview:large","max-video-preview":"max-video-preview:-1"},"canonical":"https:\/\/www.erresse-shop.it\/fr\/shop\/petits-electromenagers\/robots-de-cuisine\/magimix-cook-expert-rouge\/","og_locale":"fr_FR","og_type":"article","og_title":"MAGIMIX Cook Expert rouge","og_description":"D\u00e9couvrez MAGIMIX Cook Expert rouge sur ErresseShop. Qualit\u00e9, prix r\u00e9duits et achat s\u00e9curis\u00e9 \u2013 commandez d\u00e8s maintenant en ligne !","og_url":"https:\/\/www.erresse-shop.it\/fr\/shop\/petits-electromenagers\/robots-de-cuisine\/magimix-cook-expert-rouge\/","og_site_name":"Erresse Shop","article_modified_time":"2025-01-13T14:50:10+00:00","og_image":[{"width":570,"height":555,"url":"https:\/\/www.erresse-shop.it\/wp-content\/uploads\/2019\/07\/Cook-expertrosso-1.jpg","type":"image\/jpeg"}],"twitter_card":"summary_large_image","schema":{"@context":"https:\/\/schema.org","@graph":[{"@type":"WebPage","@id":"https:\/\/www.erresse-shop.it\/fr\/shop\/petits-electromenagers\/robots-de-cuisine\/magimix-cook-expert-rouge\/","url":"https:\/\/www.erresse-shop.it\/fr\/shop\/petits-electromenagers\/robots-de-cuisine\/magimix-cook-expert-rouge\/","name":"MAGIMIX Cook Expert rouge","isPartOf":{"@id":"https:\/\/www.erresse-shop.it\/fr\/#website"},"datePublished":"2016-05-04T18:26:05+00:00","dateModified":"2025-01-13T14:50:10+00:00","description":"D\u00e9couvrez MAGIMIX Cook Expert rouge sur ErresseShop. Qualit\u00e9, prix r\u00e9duits et achat s\u00e9curis\u00e9 \u2013 commandez d\u00e8s maintenant en ligne !","breadcrumb":{"@id":"https:\/\/www.erresse-shop.it\/fr\/shop\/petits-electromenagers\/robots-de-cuisine\/magimix-cook-expert-rouge\/#breadcrumb"},"inLanguage":"fr-FR","potentialAction":[{"@type":"ReadAction","target":["https:\/\/www.erresse-shop.it\/fr\/shop\/petits-electromenagers\/robots-de-cuisine\/magimix-cook-expert-rouge\/"]}]},{"@type":"BreadcrumbList","@id":"https:\/\/www.erresse-shop.it\/fr\/shop\/petits-electromenagers\/robots-de-cuisine\/magimix-cook-expert-rouge\/#breadcrumb","itemListElement":[{"@type":"ListItem","position":1,"name":"Home","item":"https:\/\/www.erresse-shop.it\/fr\/"},{"@type":"ListItem","position":2,"name":"Shop","item":"https:\/\/www.erresse-shop.it\/fr\/shop\/"},{"@type":"ListItem","position":3,"name":"MAGIMIX Cook Expert rouge"}]},{"@type":"WebSite","@id":"https:\/\/www.erresse-shop.it\/fr\/#website","url":"https:\/\/www.erresse-shop.it\/fr\/","name":"Erresse Shop","description":"Articoli di qualit\u00e0 per la casa","potentialAction":[{"@type":"SearchAction","target":{"@type":"EntryPoint","urlTemplate":"https:\/\/www.erresse-shop.it\/fr\/?s={search_term_string}"},"query-input":"required name=search_term_string"}],"inLanguage":"fr-FR"}]}},"df_price":910,"df_sale_price":910,"df_regular_price":1400,"df_image_link":"https:\/\/www.erresse-shop.it\/wp-content\/uploads\/2019\/07\/Cook-expertrosso-1-300x292.jpg","_links":{"self":[{"href":"https:\/\/www.erresse-shop.it\/fr\/wp-json\/wp\/v2\/product\/87788"}],"collection":[{"href":"https:\/\/www.erresse-shop.it\/fr\/wp-json\/wp\/v2\/product"}],"about":[{"href":"https:\/\/www.erresse-shop.it\/fr\/wp-json\/wp\/v2\/types\/product"}],"wp:featuredmedia":[{"embeddable":true,"href":"https:\/\/www.erresse-shop.it\/fr\/wp-json\/wp\/v2\/media\/87790"}],"wp:attachment":[{"href":"https:\/\/www.erresse-shop.it\/fr\/wp-json\/wp\/v2\/media?parent=87788"}],"wp:term":[{"taxonomy":"product_cat","embeddable":true,"href":"https:\/\/www.erresse-shop.it\/fr\/wp-json\/wp\/v2\/product_cat?post=87788"},{"taxonomy":"product_tag","embeddable":true,"href":"https:\/\/www.erresse-shop.it\/fr\/wp-json\/wp\/v2\/product_tag?post=87788"}],"curies":[{"name":"wp","href":"https:\/\/api.w.org\/{rel}","templated":true}]}}