{"id":85094,"date":"2020-12-10T11:47:10","date_gmt":"2020-12-10T11:47:13","guid":{"rendered":"https:\/\/www.erresse-shop.it\/?post_type=product&#038;p=85094"},"modified":"2025-06-01T12:40:28","modified_gmt":"2025-06-01T12:40:28","slug":"emile-henry-pain-fait-maison-eh349508-grand-cru","status":"publish","type":"product","link":"https:\/\/www.erresse-shop.it\/fr\/shop\/poeles-pots\/cuiseur-a-pain\/emile-henry-pain-fait-maison-eh349508-grand-cru\/","title":{"rendered":"EMILE HENRY Pain fait maison Grand Cru"},"content":{"rendered":"<p>\u00c9mile Henry a \u00e9t\u00e9 fond\u00e9 en 1850.<br \/>\nLa c\u00e9ramique d&#8217;Emile Henry permet de diffuser progressivement la chaleur pour une cuisson \u00e0 feu doux des aliments afin de conserver intacts les saveurs et les ar\u00f4mes ainsi que les \u00e9l\u00e9ments naturels pr\u00e9sents dans les aliments.<br \/>\nLa cuisson saine \u00e0 basse temp\u00e9rature des c\u00e9ramiques Emile Henry pr\u00e9serve les saveurs, pr\u00e9serve les vitamines et les qualit\u00e9s nutritionnelles.<br \/>\nLes produits Emile Henry sont fabriqu\u00e9s avec des composants naturels : argile non trait\u00e9e pour le m\u00e9lange, sable, eau filtr\u00e9e, oxydes min\u00e9raux naturels pour les couleurs. Les m\u00e9taux lourds nocifs pour la sant\u00e9 sont absents des produits Emile Henry : sans plomb, sans cadmium et sans nickel.<br \/>\nLes produits Emile Henry r\u00e9sistent aux chocs et peuvent \u00eatre utilis\u00e9s avec des changements de temp\u00e9rature importants. Ils peuvent \u00eatre utilis\u00e9s au lave-vaisselle.<\/p>\n<p><strong>34 x 34 x 16,5 cm<br \/>\nL&#8217;alli\u00e9 du bon pain maison<br \/>\nLa courbe de sa cloche recr\u00e9e exactement la coupole des fours traditionnels<br \/>\nIl assure au pain un bon taux d&#8217;humidit\u00e9 indispensable lors de la cuisson.<br \/>\nLa c\u00e9ramique r\u00e9fractaire permet d&#8217;obtenir une cro\u00fbte parfaite et une mie ferme et a\u00e9r\u00e9e.<\/strong><\/p>\n<p>France. Garantie 10 ans.<\/p>\n","protected":false},"excerpt":{"rendered":"<p>\u00c9mile Henry a \u00e9t\u00e9 fond\u00e9 en 1850. La c\u00e9ramique d&#8217;Emile Henry permet de diffuser progressivement la chaleur pour une cuisson<\/p>\n","protected":false},"featured_media":85099,"template":"","meta":{"_acf_changed":false,"inline_featured_image":false},"product_cat":[12458,26047],"product_tag":[13637,21723,21724,21725],"acf":[],"yoast_head":"<!-- This site is optimized with the Yoast SEO Premium plugin v18.6 (Yoast SEO v19.13) - https:\/\/yoast.com\/wordpress\/plugins\/seo\/ -->\n<title>EMILE HENRY Pain fait maison EH349508 Grand Cru<\/title>\n<meta name=\"description\" content=\"D\u00e9couvrez EMILE HENRY Pain fait maison EH349508 Grand Cru sur ErresseShop. Qualit\u00e9, prix r\u00e9duits et achat s\u00e9curis\u00e9 \u2013 commandez d\u00e8s maintenant en ligne !\" \/>\n<meta name=\"robots\" content=\"index, follow, max-snippet:-1, max-image-preview:large, max-video-preview:-1\" \/>\n<link rel=\"canonical\" href=\"https:\/\/www.erresse-shop.it\/fr\/shop\/poeles-pots\/cuiseur-a-pain\/emile-henry-pain-fait-maison-eh349508-grand-cru\/\" \/>\n<meta property=\"og:locale\" content=\"fr_FR\" \/>\n<meta property=\"og:type\" content=\"article\" \/>\n<meta property=\"og:title\" content=\"EMILE HENRY Pain fait maison Grand Cru\" \/>\n<meta property=\"og:description\" content=\"D\u00e9couvrez EMILE HENRY Pain fait maison EH349508 Grand Cru sur ErresseShop. Qualit\u00e9, prix r\u00e9duits et achat s\u00e9curis\u00e9 \u2013 commandez d\u00e8s maintenant en ligne !\" \/>\n<meta property=\"og:url\" content=\"https:\/\/www.erresse-shop.it\/fr\/shop\/poeles-pots\/cuiseur-a-pain\/emile-henry-pain-fait-maison-eh349508-grand-cru\/\" \/>\n<meta property=\"og:site_name\" content=\"Erresse Shop\" \/>\n<meta property=\"article:modified_time\" content=\"2025-06-01T12:40:28+00:00\" \/>\n<meta property=\"og:image\" content=\"https:\/\/www.erresse-shop.it\/wp-content\/uploads\/2020\/12\/EH349508.jpg\" \/>\n\t<meta property=\"og:image:width\" content=\"1500\" \/>\n\t<meta property=\"og:image:height\" content=\"857\" \/>\n\t<meta property=\"og:image:type\" content=\"image\/jpeg\" \/>\n<meta name=\"twitter:card\" content=\"summary_large_image\" \/>\n<script type=\"application\/ld+json\" class=\"yoast-schema-graph\">{\"@context\":\"https:\/\/schema.org\",\"@graph\":[{\"@type\":\"WebPage\",\"@id\":\"https:\/\/www.erresse-shop.it\/fr\/shop\/poeles-pots\/cuiseur-a-pain\/emile-henry-pain-fait-maison-eh349508-grand-cru\/\",\"url\":\"https:\/\/www.erresse-shop.it\/fr\/shop\/poeles-pots\/cuiseur-a-pain\/emile-henry-pain-fait-maison-eh349508-grand-cru\/\",\"name\":\"EMILE HENRY Pain fait maison EH349508 Grand Cru\",\"isPartOf\":{\"@id\":\"https:\/\/www.erresse-shop.it\/fr\/#website\"},\"datePublished\":\"2020-12-10T11:47:13+00:00\",\"dateModified\":\"2025-06-01T12:40:28+00:00\",\"description\":\"D\u00e9couvrez EMILE HENRY Pain fait maison EH349508 Grand Cru sur ErresseShop. Qualit\u00e9, prix r\u00e9duits et achat s\u00e9curis\u00e9 \u2013 commandez d\u00e8s maintenant en ligne !\",\"breadcrumb\":{\"@id\":\"https:\/\/www.erresse-shop.it\/fr\/shop\/poeles-pots\/cuiseur-a-pain\/emile-henry-pain-fait-maison-eh349508-grand-cru\/#breadcrumb\"},\"inLanguage\":\"fr-FR\",\"potentialAction\":[{\"@type\":\"ReadAction\",\"target\":[\"https:\/\/www.erresse-shop.it\/fr\/shop\/poeles-pots\/cuiseur-a-pain\/emile-henry-pain-fait-maison-eh349508-grand-cru\/\"]}]},{\"@type\":\"BreadcrumbList\",\"@id\":\"https:\/\/www.erresse-shop.it\/fr\/shop\/poeles-pots\/cuiseur-a-pain\/emile-henry-pain-fait-maison-eh349508-grand-cru\/#breadcrumb\",\"itemListElement\":[{\"@type\":\"ListItem\",\"position\":1,\"name\":\"Home\",\"item\":\"https:\/\/www.erresse-shop.it\/fr\/\"},{\"@type\":\"ListItem\",\"position\":2,\"name\":\"Shop\",\"item\":\"https:\/\/www.erresse-shop.it\/fr\/shop\/\"},{\"@type\":\"ListItem\",\"position\":3,\"name\":\"EMILE HENRY Pain fait maison Grand Cru\"}]},{\"@type\":\"WebSite\",\"@id\":\"https:\/\/www.erresse-shop.it\/fr\/#website\",\"url\":\"https:\/\/www.erresse-shop.it\/fr\/\",\"name\":\"Erresse Shop\",\"description\":\"Articoli di qualit\u00e0 per la casa\",\"potentialAction\":[{\"@type\":\"SearchAction\",\"target\":{\"@type\":\"EntryPoint\",\"urlTemplate\":\"https:\/\/www.erresse-shop.it\/fr\/?s={search_term_string}\"},\"query-input\":\"required name=search_term_string\"}],\"inLanguage\":\"fr-FR\"}]}<\/script>\n<!-- \/ Yoast SEO Premium plugin. -->","yoast_head_json":{"title":"EMILE HENRY Pain fait maison EH349508 Grand Cru","description":"D\u00e9couvrez EMILE HENRY Pain fait maison EH349508 Grand Cru sur ErresseShop. Qualit\u00e9, prix r\u00e9duits et achat s\u00e9curis\u00e9 \u2013 commandez d\u00e8s maintenant en ligne !","robots":{"index":"index","follow":"follow","max-snippet":"max-snippet:-1","max-image-preview":"max-image-preview:large","max-video-preview":"max-video-preview:-1"},"canonical":"https:\/\/www.erresse-shop.it\/fr\/shop\/poeles-pots\/cuiseur-a-pain\/emile-henry-pain-fait-maison-eh349508-grand-cru\/","og_locale":"fr_FR","og_type":"article","og_title":"EMILE HENRY Pain fait maison Grand Cru","og_description":"D\u00e9couvrez EMILE HENRY Pain fait maison EH349508 Grand Cru sur ErresseShop. Qualit\u00e9, prix r\u00e9duits et achat s\u00e9curis\u00e9 \u2013 commandez d\u00e8s maintenant en ligne !","og_url":"https:\/\/www.erresse-shop.it\/fr\/shop\/poeles-pots\/cuiseur-a-pain\/emile-henry-pain-fait-maison-eh349508-grand-cru\/","og_site_name":"Erresse Shop","article_modified_time":"2025-06-01T12:40:28+00:00","og_image":[{"width":1500,"height":857,"url":"https:\/\/www.erresse-shop.it\/wp-content\/uploads\/2020\/12\/EH349508.jpg","type":"image\/jpeg"}],"twitter_card":"summary_large_image","schema":{"@context":"https:\/\/schema.org","@graph":[{"@type":"WebPage","@id":"https:\/\/www.erresse-shop.it\/fr\/shop\/poeles-pots\/cuiseur-a-pain\/emile-henry-pain-fait-maison-eh349508-grand-cru\/","url":"https:\/\/www.erresse-shop.it\/fr\/shop\/poeles-pots\/cuiseur-a-pain\/emile-henry-pain-fait-maison-eh349508-grand-cru\/","name":"EMILE HENRY Pain fait maison EH349508 Grand Cru","isPartOf":{"@id":"https:\/\/www.erresse-shop.it\/fr\/#website"},"datePublished":"2020-12-10T11:47:13+00:00","dateModified":"2025-06-01T12:40:28+00:00","description":"D\u00e9couvrez EMILE HENRY Pain fait maison EH349508 Grand Cru sur ErresseShop. Qualit\u00e9, prix r\u00e9duits et achat s\u00e9curis\u00e9 \u2013 commandez d\u00e8s maintenant en ligne !","breadcrumb":{"@id":"https:\/\/www.erresse-shop.it\/fr\/shop\/poeles-pots\/cuiseur-a-pain\/emile-henry-pain-fait-maison-eh349508-grand-cru\/#breadcrumb"},"inLanguage":"fr-FR","potentialAction":[{"@type":"ReadAction","target":["https:\/\/www.erresse-shop.it\/fr\/shop\/poeles-pots\/cuiseur-a-pain\/emile-henry-pain-fait-maison-eh349508-grand-cru\/"]}]},{"@type":"BreadcrumbList","@id":"https:\/\/www.erresse-shop.it\/fr\/shop\/poeles-pots\/cuiseur-a-pain\/emile-henry-pain-fait-maison-eh349508-grand-cru\/#breadcrumb","itemListElement":[{"@type":"ListItem","position":1,"name":"Home","item":"https:\/\/www.erresse-shop.it\/fr\/"},{"@type":"ListItem","position":2,"name":"Shop","item":"https:\/\/www.erresse-shop.it\/fr\/shop\/"},{"@type":"ListItem","position":3,"name":"EMILE HENRY Pain fait maison Grand Cru"}]},{"@type":"WebSite","@id":"https:\/\/www.erresse-shop.it\/fr\/#website","url":"https:\/\/www.erresse-shop.it\/fr\/","name":"Erresse Shop","description":"Articoli di qualit\u00e0 per la casa","potentialAction":[{"@type":"SearchAction","target":{"@type":"EntryPoint","urlTemplate":"https:\/\/www.erresse-shop.it\/fr\/?s={search_term_string}"},"query-input":"required name=search_term_string"}],"inLanguage":"fr-FR"}]}},"df_price":96.95,"df_sale_price":96.95,"df_regular_price":152.5,"df_image_link":"https:\/\/www.erresse-shop.it\/wp-content\/uploads\/2020\/12\/EH349508-300x171.jpg","_links":{"self":[{"href":"https:\/\/www.erresse-shop.it\/fr\/wp-json\/wp\/v2\/product\/85094"}],"collection":[{"href":"https:\/\/www.erresse-shop.it\/fr\/wp-json\/wp\/v2\/product"}],"about":[{"href":"https:\/\/www.erresse-shop.it\/fr\/wp-json\/wp\/v2\/types\/product"}],"wp:featuredmedia":[{"embeddable":true,"href":"https:\/\/www.erresse-shop.it\/fr\/wp-json\/wp\/v2\/media\/85099"}],"wp:attachment":[{"href":"https:\/\/www.erresse-shop.it\/fr\/wp-json\/wp\/v2\/media?parent=85094"}],"wp:term":[{"taxonomy":"product_cat","embeddable":true,"href":"https:\/\/www.erresse-shop.it\/fr\/wp-json\/wp\/v2\/product_cat?post=85094"},{"taxonomy":"product_tag","embeddable":true,"href":"https:\/\/www.erresse-shop.it\/fr\/wp-json\/wp\/v2\/product_tag?post=85094"}],"curies":[{"name":"wp","href":"https:\/\/api.w.org\/{rel}","templated":true}]}}