{"id":81342,"date":"2020-11-13T11:18:39","date_gmt":"2020-11-13T11:18:43","guid":{"rendered":"https:\/\/www.erresse-shop.it\/?post_type=product&#038;p=81342"},"modified":"2025-01-13T14:49:22","modified_gmt":"2025-01-13T14:49:22","slug":"zwilling-enfinigy-bouilloire-electrique","status":"publish","type":"product","link":"https:\/\/www.erresse-shop.it\/fr\/shop\/petits-electromenagers\/bouilloires-electriques\/zwilling-enfinigy-bouilloire-electrique\/","title":{"rendered":"ZWILLING Enfinigy Bouilloire \u00c9lectrique"},"content":{"rendered":"<p>Une pi\u00e8ce de design pour un usage quotidien : la bouilloire \u00e9lectrique ENFINIGY avec isolation thermique se distingue par son design contemporain intemporel. La construction double paroi de la bouilloire garde votre eau bien au chaud plus longtemps et reste froide au toucher.<br \/>\nLe couvercle \u00e0 ouverture progressive jusqu\u2019\u00e0 70\u00b0 maximum emp\u00eache l\u2019\u00e9vacuation soudaine de la vapeur chaude.<br \/>\nLa cuve \u00e0 double paroi de 1,5 l, est en acier inoxydable sans soudure, particuli\u00e8rement facile \u00e0 nettoyer et le filtre anticalcaire int\u00e9gr\u00e9, pr\u00e9serve toutes les qualit\u00e9s de l\u2019eau.<br \/>\nPour une s\u00e9curit\u00e9 optimale, le filtre parfaitement ajust\u00e9 ferme le bec verseur de la bouilloire lorsque le couvercle est ferm\u00e9 &#8211; donc m\u00eame si la bouilloire \u00e9lectrique est accidentellement renvers\u00e9e, seules de tr\u00e8s petites quantit\u00e9s d&#8217;eau s&#8217;\u00e9chapperont. Sont \u00e9galement compris dans le dispositif de s\u00e9curit\u00e9 l\u2019arr\u00eat automatique de la bouilloire en cas d\u2019\u00e9bullition \u00e0 sec et de surchauffe.<br \/>\nPratique, sa base \u00e0 360\u00b0 avec connexion \u00e9lectrique et enrouleur de cordon int\u00e9gr\u00e9.<\/p>\n<p>&#8211; Conception monobloc en acier inoxydable avec graduation interne du niveau d\u2019eau<br \/>\n&#8211; La cuve double paroi garde votre eau bien au chaud plus longtemps et reste froide au toucher<br \/>\n&#8211; Dispositif de s\u00e9curit\u00e9 anti-\u00e9bullition \u00e0 sec et surchauffe avec arr\u00eat automatique<br \/>\n&#8211; Une ouverture \u00e0 70 degr\u00e9s emp\u00eache le contact direct avec la vapeur chaude<br \/>\n&#8211; Capacit\u00e9 totale de 1.5 l (6 tasses)<br \/>\n&#8211; Cuve en acier inoxydable sans soudure pour un nettoyage facile et sans r\u00e9sidus<br \/>\n&#8211; Filtre \u00e0 chaux partiellement en acier inoxydable pour un meilleur go\u00fbt et moins de d\u00e9p\u00f4ts de calcaire dans le th\u00e9 et le caf\u00e9<br \/>\n&#8211; Range-cordon int\u00e9gr\u00e9 pour un rangement pratique<br \/>\n&#8211; D\u00e9velopp\u00e9e par ZWILLING en Allemagne, con\u00e7ue \u00e0 Milan, Italie, par le Studio Matteo Thun &amp; Antonio Rodriguez<\/p>\n<p>Donn\u00e9es Techiniques<br \/>\n&#8211; Couleur: silver<br \/>\n&#8211; Mat\u00e9riau: Plastique<br \/>\n&#8211; Tension: 220-240 V<br \/>\n&#8211; Fr\u00e9quence: 50\/60 Hz<br \/>\n&#8211; Stockage du cordon: Oui<br \/>\n&#8211; Puissance: 1.850 W<\/p>\n<p>Dimensions<br \/>\n&#8211; Poids net: 1,30 kg<br \/>\n&#8211; Capacit\u00e9: 1,50 l<br \/>\n&#8211; Longueur totale du produit: 15,20 cm<br \/>\n&#8211; Longueur ou largeur du produit: 15,20 cm<br \/>\n&#8211; Hauteur du produit: 24,40 cm<\/p>\n<p><u style=\"font-size: 13px; line-height: 20.8px;\"><strong>Not for sale outside from Europe<\/strong><\/u><\/p>\n","protected":false},"excerpt":{"rendered":"<p>Une pi\u00e8ce de design pour un usage quotidien : la bouilloire \u00e9lectrique ENFINIGY avec isolation thermique se distingue par son<\/p>\n","protected":false},"featured_media":81350,"template":"","meta":{"_acf_changed":false,"inline_featured_image":false},"product_cat":[12763,12449],"product_tag":[13265,12820,12948,13718],"acf":[],"yoast_head":"<!-- This site is optimized with the Yoast SEO Premium plugin v18.6 (Yoast SEO v19.13) - https:\/\/yoast.com\/wordpress\/plugins\/seo\/ -->\n<title>ZWILLING Enfinigy Bouilloire \u00c9lectrique<\/title>\n<meta name=\"description\" content=\"D\u00e9couvrez ZWILLING Enfinigy Bouilloire \u00c9lectrique sur ErresseShop. Qualit\u00e9, prix r\u00e9duits et achat s\u00e9curis\u00e9 \u2013 commandez d\u00e8s maintenant en ligne !\" \/>\n<meta name=\"robots\" content=\"index, follow, max-snippet:-1, max-image-preview:large, max-video-preview:-1\" \/>\n<link rel=\"canonical\" href=\"https:\/\/www.erresse-shop.it\/fr\/shop\/petits-electromenagers\/bouilloires-electriques\/zwilling-enfinigy-bouilloire-electrique\/\" \/>\n<meta property=\"og:locale\" content=\"fr_FR\" \/>\n<meta property=\"og:type\" content=\"article\" \/>\n<meta property=\"og:title\" content=\"ZWILLING Enfinigy Bouilloire \u00c9lectrique\" \/>\n<meta property=\"og:description\" content=\"D\u00e9couvrez ZWILLING Enfinigy Bouilloire \u00c9lectrique sur ErresseShop. Qualit\u00e9, prix r\u00e9duits et achat s\u00e9curis\u00e9 \u2013 commandez d\u00e8s maintenant en ligne !\" \/>\n<meta property=\"og:url\" content=\"https:\/\/www.erresse-shop.it\/fr\/shop\/petits-electromenagers\/bouilloires-electriques\/zwilling-enfinigy-bouilloire-electrique\/\" \/>\n<meta property=\"og:site_name\" content=\"Erresse Shop\" \/>\n<meta property=\"article:modified_time\" content=\"2025-01-13T14:49:22+00:00\" \/>\n<meta property=\"og:image\" content=\"https:\/\/www.erresse-shop.it\/wp-content\/uploads\/2020\/11\/53005-000.jpg\" \/>\n\t<meta property=\"og:image:width\" content=\"1350\" \/>\n\t<meta property=\"og:image:height\" content=\"1350\" \/>\n\t<meta property=\"og:image:type\" content=\"image\/jpeg\" \/>\n<meta name=\"twitter:card\" content=\"summary_large_image\" \/>\n<script type=\"application\/ld+json\" class=\"yoast-schema-graph\">{\"@context\":\"https:\/\/schema.org\",\"@graph\":[{\"@type\":\"WebPage\",\"@id\":\"https:\/\/www.erresse-shop.it\/fr\/shop\/petits-electromenagers\/bouilloires-electriques\/zwilling-enfinigy-bouilloire-electrique\/\",\"url\":\"https:\/\/www.erresse-shop.it\/fr\/shop\/petits-electromenagers\/bouilloires-electriques\/zwilling-enfinigy-bouilloire-electrique\/\",\"name\":\"ZWILLING Enfinigy Bouilloire \u00c9lectrique\",\"isPartOf\":{\"@id\":\"https:\/\/www.erresse-shop.it\/fr\/#website\"},\"datePublished\":\"2020-11-13T11:18:43+00:00\",\"dateModified\":\"2025-01-13T14:49:22+00:00\",\"description\":\"D\u00e9couvrez ZWILLING Enfinigy Bouilloire \u00c9lectrique sur ErresseShop. Qualit\u00e9, prix r\u00e9duits et achat s\u00e9curis\u00e9 \u2013 commandez d\u00e8s maintenant en ligne !\",\"breadcrumb\":{\"@id\":\"https:\/\/www.erresse-shop.it\/fr\/shop\/petits-electromenagers\/bouilloires-electriques\/zwilling-enfinigy-bouilloire-electrique\/#breadcrumb\"},\"inLanguage\":\"fr-FR\",\"potentialAction\":[{\"@type\":\"ReadAction\",\"target\":[\"https:\/\/www.erresse-shop.it\/fr\/shop\/petits-electromenagers\/bouilloires-electriques\/zwilling-enfinigy-bouilloire-electrique\/\"]}]},{\"@type\":\"BreadcrumbList\",\"@id\":\"https:\/\/www.erresse-shop.it\/fr\/shop\/petits-electromenagers\/bouilloires-electriques\/zwilling-enfinigy-bouilloire-electrique\/#breadcrumb\",\"itemListElement\":[{\"@type\":\"ListItem\",\"position\":1,\"name\":\"Home\",\"item\":\"https:\/\/www.erresse-shop.it\/fr\/\"},{\"@type\":\"ListItem\",\"position\":2,\"name\":\"Shop\",\"item\":\"https:\/\/www.erresse-shop.it\/fr\/shop\/\"},{\"@type\":\"ListItem\",\"position\":3,\"name\":\"ZWILLING Enfinigy Bouilloire \u00c9lectrique\"}]},{\"@type\":\"WebSite\",\"@id\":\"https:\/\/www.erresse-shop.it\/fr\/#website\",\"url\":\"https:\/\/www.erresse-shop.it\/fr\/\",\"name\":\"Erresse Shop\",\"description\":\"Articoli di qualit\u00e0 per la casa\",\"potentialAction\":[{\"@type\":\"SearchAction\",\"target\":{\"@type\":\"EntryPoint\",\"urlTemplate\":\"https:\/\/www.erresse-shop.it\/fr\/?s={search_term_string}\"},\"query-input\":\"required name=search_term_string\"}],\"inLanguage\":\"fr-FR\"}]}<\/script>\n<!-- \/ Yoast SEO Premium plugin. -->","yoast_head_json":{"title":"ZWILLING Enfinigy Bouilloire \u00c9lectrique","description":"D\u00e9couvrez ZWILLING Enfinigy Bouilloire \u00c9lectrique sur ErresseShop. Qualit\u00e9, prix r\u00e9duits et achat s\u00e9curis\u00e9 \u2013 commandez d\u00e8s maintenant en ligne !","robots":{"index":"index","follow":"follow","max-snippet":"max-snippet:-1","max-image-preview":"max-image-preview:large","max-video-preview":"max-video-preview:-1"},"canonical":"https:\/\/www.erresse-shop.it\/fr\/shop\/petits-electromenagers\/bouilloires-electriques\/zwilling-enfinigy-bouilloire-electrique\/","og_locale":"fr_FR","og_type":"article","og_title":"ZWILLING Enfinigy Bouilloire \u00c9lectrique","og_description":"D\u00e9couvrez ZWILLING Enfinigy Bouilloire \u00c9lectrique sur ErresseShop. Qualit\u00e9, prix r\u00e9duits et achat s\u00e9curis\u00e9 \u2013 commandez d\u00e8s maintenant en ligne !","og_url":"https:\/\/www.erresse-shop.it\/fr\/shop\/petits-electromenagers\/bouilloires-electriques\/zwilling-enfinigy-bouilloire-electrique\/","og_site_name":"Erresse Shop","article_modified_time":"2025-01-13T14:49:22+00:00","og_image":[{"width":1350,"height":1350,"url":"https:\/\/www.erresse-shop.it\/wp-content\/uploads\/2020\/11\/53005-000.jpg","type":"image\/jpeg"}],"twitter_card":"summary_large_image","schema":{"@context":"https:\/\/schema.org","@graph":[{"@type":"WebPage","@id":"https:\/\/www.erresse-shop.it\/fr\/shop\/petits-electromenagers\/bouilloires-electriques\/zwilling-enfinigy-bouilloire-electrique\/","url":"https:\/\/www.erresse-shop.it\/fr\/shop\/petits-electromenagers\/bouilloires-electriques\/zwilling-enfinigy-bouilloire-electrique\/","name":"ZWILLING Enfinigy Bouilloire \u00c9lectrique","isPartOf":{"@id":"https:\/\/www.erresse-shop.it\/fr\/#website"},"datePublished":"2020-11-13T11:18:43+00:00","dateModified":"2025-01-13T14:49:22+00:00","description":"D\u00e9couvrez ZWILLING Enfinigy Bouilloire \u00c9lectrique sur ErresseShop. Qualit\u00e9, prix r\u00e9duits et achat s\u00e9curis\u00e9 \u2013 commandez d\u00e8s maintenant en ligne !","breadcrumb":{"@id":"https:\/\/www.erresse-shop.it\/fr\/shop\/petits-electromenagers\/bouilloires-electriques\/zwilling-enfinigy-bouilloire-electrique\/#breadcrumb"},"inLanguage":"fr-FR","potentialAction":[{"@type":"ReadAction","target":["https:\/\/www.erresse-shop.it\/fr\/shop\/petits-electromenagers\/bouilloires-electriques\/zwilling-enfinigy-bouilloire-electrique\/"]}]},{"@type":"BreadcrumbList","@id":"https:\/\/www.erresse-shop.it\/fr\/shop\/petits-electromenagers\/bouilloires-electriques\/zwilling-enfinigy-bouilloire-electrique\/#breadcrumb","itemListElement":[{"@type":"ListItem","position":1,"name":"Home","item":"https:\/\/www.erresse-shop.it\/fr\/"},{"@type":"ListItem","position":2,"name":"Shop","item":"https:\/\/www.erresse-shop.it\/fr\/shop\/"},{"@type":"ListItem","position":3,"name":"ZWILLING Enfinigy Bouilloire \u00c9lectrique"}]},{"@type":"WebSite","@id":"https:\/\/www.erresse-shop.it\/fr\/#website","url":"https:\/\/www.erresse-shop.it\/fr\/","name":"Erresse Shop","description":"Articoli di qualit\u00e0 per la casa","potentialAction":[{"@type":"SearchAction","target":{"@type":"EntryPoint","urlTemplate":"https:\/\/www.erresse-shop.it\/fr\/?s={search_term_string}"},"query-input":"required name=search_term_string"}],"inLanguage":"fr-FR"}]}},"df_price":44.975,"df_sale_price":44.975,"df_regular_price":89.95,"df_image_link":"https:\/\/www.erresse-shop.it\/wp-content\/uploads\/2020\/11\/53005-000-300x300.jpg","_links":{"self":[{"href":"https:\/\/www.erresse-shop.it\/fr\/wp-json\/wp\/v2\/product\/81342"}],"collection":[{"href":"https:\/\/www.erresse-shop.it\/fr\/wp-json\/wp\/v2\/product"}],"about":[{"href":"https:\/\/www.erresse-shop.it\/fr\/wp-json\/wp\/v2\/types\/product"}],"wp:featuredmedia":[{"embeddable":true,"href":"https:\/\/www.erresse-shop.it\/fr\/wp-json\/wp\/v2\/media\/81350"}],"wp:attachment":[{"href":"https:\/\/www.erresse-shop.it\/fr\/wp-json\/wp\/v2\/media?parent=81342"}],"wp:term":[{"taxonomy":"product_cat","embeddable":true,"href":"https:\/\/www.erresse-shop.it\/fr\/wp-json\/wp\/v2\/product_cat?post=81342"},{"taxonomy":"product_tag","embeddable":true,"href":"https:\/\/www.erresse-shop.it\/fr\/wp-json\/wp\/v2\/product_tag?post=81342"}],"curies":[{"name":"wp","href":"https:\/\/api.w.org\/{rel}","templated":true}]}}