{"id":79502,"date":"2020-10-21T12:50:19","date_gmt":"2020-10-21T12:50:21","guid":{"rendered":"https:\/\/www.erresse-shop.it\/?post_type=product&#038;p=79502"},"modified":"2026-02-05T22:40:07","modified_gmt":"2026-02-05T22:40:07","slug":"zwilling-enfinigy-bouilloire-electrique-pro","status":"publish","type":"product","link":"https:\/\/www.erresse-shop.it\/fr\/shop\/petits-electromenagers\/bouilloires-electriques\/zwilling-enfinigy-bouilloire-electrique-pro\/","title":{"rendered":"ZWILLING Enfinigy Bouilloire \u00c9lectrique Pro"},"content":{"rendered":"<p>La bouilloire \u00e9lectrique PRO ENFINIGY va vous s\u00e9duire par son design unique et intemporel et ses multiples fonctionnalit\u00e9s.<br \/>\nVotre bouilloire vous permet de r\u00e9gler votre temp\u00e9rature parmi 7 programmes qui peuvent \u00eatre s\u00e9lectionn\u00e9s via l\u2019\u00e9cran tactile de la base rotative de 360\u00b0.<br \/>\nAjustez ainsi la temp\u00e9rature selon vos pr\u00e9parations : le caf\u00e9 et les diff\u00e9rentes vari\u00e9t\u00e9s de th\u00e9, pour r\u00e9chauffer les biberons de b\u00e9b\u00e9 et plus encore. Gr\u00e2ce \u00e0 sa fonction de maintien au chaud int\u00e9gr\u00e9e, l&#8217;eau reste \u00e0 la temp\u00e9rature souhait\u00e9e jusqu&#8217;\u00e0 30 minutes.<br \/>\nLa construction double paroi de la bouilloire garde votre eau bien au chaud plus longtemps et reste froide au toucher. Le r\u00e9cipient en acier inoxydable de 1,5 l sans soudure est particuli\u00e8rement facile \u00e0 nettoyer et le filtre anticalcaire int\u00e9gr\u00e9 pr\u00e9serve toutes les qualit\u00e9s de l\u2019eau.<br \/>\nPour une s\u00e9curit\u00e9 optimale, le filtre parfaitement ajust\u00e9 ferme le bec verseur de la bouilloire lorsque le couvercle est ferm\u00e9 &#8211; donc m\u00eame si celle-ci est accidentellement renvers\u00e9e, seules de tr\u00e8s petites quantit\u00e9s d&#8217;eau s&#8217;\u00e9chapperont. De plus le couvercle \u00e0 ouverture progressive emp\u00eache l\u2019\u00e9vacuation soudaine de la vapeur chaude.<\/p>\n<p>&#8211; 7 niveaux de temp\u00e9ratures adapt\u00e9es pour le caf\u00e9, le th\u00e9 ou les aliments pour b\u00e9b\u00e9s<br \/>\n&#8211; Fonction de maintien au chaud qui garde l&#8217;eau \u00e0 la temp\u00e9rature souhait\u00e9e jusqu&#8217;\u00e0 30 minutes<br \/>\n&#8211; Le maintien au chaud \u00e0 100 \u00b0 C permet la st\u00e9rilisation des biberons<br \/>\n&#8211; Conception monobloc en acier inoxydable avec graduation interne du niveau d\u2019eau<br \/>\n&#8211; La cuve double paroi garde votre eau bien au chaud plus longtemps et reste froide au toucher<br \/>\n&#8211; Une ouverture \u00e0 70 degr\u00e9s emp\u00eache le contact direct avec la vapeur chaude<br \/>\n&#8211; Capacit\u00e9 totale de 1.5 l (6 tasses)<br \/>\n&#8211; Cuve en acier inoxydable sans soudure pour un nettoyage facile et sans r\u00e9sidus<br \/>\n&#8211; Filtre \u00e0 chaux partiellement en acier inoxydable pour un meilleur go\u00fbt et moins de d\u00e9p\u00f4ts de calcaire dans le th\u00e9 et le caf\u00e9<br \/>\n&#8211; Range-cordon int\u00e9gr\u00e9 pour un rangement pratique<br \/>\n&#8211; D\u00e9velopp\u00e9e par ZWILLING en Allemagne, con\u00e7ue \u00e0 Milan, Italie, par le Studio Matteo Thun &amp; Antonio Rodriguez<\/p>\n<p>Donn\u00e9es Techniques<br \/>\n&#8211; Couleur: Silver<br \/>\n&#8211; Mat\u00e9riau: Plastique<br \/>\n&#8211; Tension: 220-240 V<br \/>\n&#8211; R\u00e9gulation de la temp\u00e9rature: Oui<br \/>\n&#8211; Fr\u00e9quence: 50\/60 Hz<br \/>\n&#8211; Stockage du cordon: Oui<br \/>\n&#8211; \u00c9cran LCD: Oui<br \/>\n&#8211; Puissance: 1.850 W<\/p>\n<p>Dimensions<br \/>\n&#8211; Poids net: 1,70 kg<br \/>\n&#8211; Capacit\u00e9: 1,50 l<br \/>\n&#8211; Longueur totale du produit: 22,30 cm<br \/>\n&#8211; Longueur ou largeur du produit: 15,20 cm<br \/>\n&#8211; Hauteur du produit: 24,40 cm<\/p>\n<p><u style=\"font-size: 13px; line-height: 20.8px;\"><strong>Not for sale outside from Europe<\/strong><\/u><\/p>\n","protected":false},"excerpt":{"rendered":"<p>La bouilloire \u00e9lectrique PRO ENFINIGY va vous s\u00e9duire par son design unique et intemporel et ses multiples fonctionnalit\u00e9s. Votre bouilloire<\/p>\n","protected":false},"featured_media":79505,"template":"","meta":{"_acf_changed":false,"inline_featured_image":false},"product_cat":[12763,12449],"product_tag":[13265,12820,12948,13718],"acf":[],"yoast_head":"<!-- This site is optimized with the Yoast SEO Premium plugin v18.6 (Yoast SEO v19.13) - https:\/\/yoast.com\/wordpress\/plugins\/seo\/ -->\n<title>ZWILLING Enfinigy Bouilloire \u00c9lectrique Pro<\/title>\n<meta name=\"description\" content=\"D\u00e9couvrez ZWILLING Enfinigy Bouilloire \u00c9lectrique Pro sur ErresseShop. Qualit\u00e9, prix r\u00e9duits et achat s\u00e9curis\u00e9 \u2013 commandez d\u00e8s maintenant en ligne !\" \/>\n<meta name=\"robots\" content=\"index, follow, max-snippet:-1, max-image-preview:large, max-video-preview:-1\" \/>\n<link rel=\"canonical\" href=\"https:\/\/www.erresse-shop.it\/fr\/shop\/petits-electromenagers\/bouilloires-electriques\/zwilling-enfinigy-bouilloire-electrique-pro\/\" \/>\n<meta property=\"og:locale\" content=\"fr_FR\" \/>\n<meta property=\"og:type\" content=\"article\" \/>\n<meta property=\"og:title\" content=\"ZWILLING Enfinigy Bouilloire \u00c9lectrique Pro\" \/>\n<meta property=\"og:description\" content=\"D\u00e9couvrez ZWILLING Enfinigy Bouilloire \u00c9lectrique Pro sur ErresseShop. Qualit\u00e9, prix r\u00e9duits et achat s\u00e9curis\u00e9 \u2013 commandez d\u00e8s maintenant en ligne !\" \/>\n<meta property=\"og:url\" content=\"https:\/\/www.erresse-shop.it\/fr\/shop\/petits-electromenagers\/bouilloires-electriques\/zwilling-enfinigy-bouilloire-electrique-pro\/\" \/>\n<meta property=\"og:site_name\" content=\"Erresse Shop\" \/>\n<meta property=\"article:modified_time\" content=\"2026-02-05T22:40:07+00:00\" \/>\n<meta property=\"og:image\" content=\"https:\/\/www.erresse-shop.it\/wp-content\/uploads\/2020\/10\/53006-000.jpg\" \/>\n\t<meta property=\"og:image:width\" content=\"1350\" \/>\n\t<meta property=\"og:image:height\" content=\"1350\" \/>\n\t<meta property=\"og:image:type\" content=\"image\/jpeg\" \/>\n<meta name=\"twitter:card\" content=\"summary_large_image\" \/>\n<script type=\"application\/ld+json\" class=\"yoast-schema-graph\">{\"@context\":\"https:\/\/schema.org\",\"@graph\":[{\"@type\":\"WebPage\",\"@id\":\"https:\/\/www.erresse-shop.it\/fr\/shop\/petits-electromenagers\/bouilloires-electriques\/zwilling-enfinigy-bouilloire-electrique-pro\/\",\"url\":\"https:\/\/www.erresse-shop.it\/fr\/shop\/petits-electromenagers\/bouilloires-electriques\/zwilling-enfinigy-bouilloire-electrique-pro\/\",\"name\":\"ZWILLING Enfinigy Bouilloire \u00c9lectrique Pro\",\"isPartOf\":{\"@id\":\"https:\/\/www.erresse-shop.it\/fr\/#website\"},\"datePublished\":\"2020-10-21T12:50:21+00:00\",\"dateModified\":\"2026-02-05T22:40:07+00:00\",\"description\":\"D\u00e9couvrez ZWILLING Enfinigy Bouilloire \u00c9lectrique Pro sur ErresseShop. Qualit\u00e9, prix r\u00e9duits et achat s\u00e9curis\u00e9 \u2013 commandez d\u00e8s maintenant en ligne !\",\"breadcrumb\":{\"@id\":\"https:\/\/www.erresse-shop.it\/fr\/shop\/petits-electromenagers\/bouilloires-electriques\/zwilling-enfinigy-bouilloire-electrique-pro\/#breadcrumb\"},\"inLanguage\":\"fr-FR\",\"potentialAction\":[{\"@type\":\"ReadAction\",\"target\":[\"https:\/\/www.erresse-shop.it\/fr\/shop\/petits-electromenagers\/bouilloires-electriques\/zwilling-enfinigy-bouilloire-electrique-pro\/\"]}]},{\"@type\":\"BreadcrumbList\",\"@id\":\"https:\/\/www.erresse-shop.it\/fr\/shop\/petits-electromenagers\/bouilloires-electriques\/zwilling-enfinigy-bouilloire-electrique-pro\/#breadcrumb\",\"itemListElement\":[{\"@type\":\"ListItem\",\"position\":1,\"name\":\"Home\",\"item\":\"https:\/\/www.erresse-shop.it\/fr\/\"},{\"@type\":\"ListItem\",\"position\":2,\"name\":\"Shop\",\"item\":\"https:\/\/www.erresse-shop.it\/fr\/shop\/\"},{\"@type\":\"ListItem\",\"position\":3,\"name\":\"ZWILLING Enfinigy Bouilloire \u00c9lectrique Pro\"}]},{\"@type\":\"WebSite\",\"@id\":\"https:\/\/www.erresse-shop.it\/fr\/#website\",\"url\":\"https:\/\/www.erresse-shop.it\/fr\/\",\"name\":\"Erresse Shop\",\"description\":\"Articoli di qualit\u00e0 per la casa\",\"potentialAction\":[{\"@type\":\"SearchAction\",\"target\":{\"@type\":\"EntryPoint\",\"urlTemplate\":\"https:\/\/www.erresse-shop.it\/fr\/?s={search_term_string}\"},\"query-input\":\"required name=search_term_string\"}],\"inLanguage\":\"fr-FR\"}]}<\/script>\n<!-- \/ Yoast SEO Premium plugin. -->","yoast_head_json":{"title":"ZWILLING Enfinigy Bouilloire \u00c9lectrique Pro","description":"D\u00e9couvrez ZWILLING Enfinigy Bouilloire \u00c9lectrique Pro sur ErresseShop. Qualit\u00e9, prix r\u00e9duits et achat s\u00e9curis\u00e9 \u2013 commandez d\u00e8s maintenant en ligne !","robots":{"index":"index","follow":"follow","max-snippet":"max-snippet:-1","max-image-preview":"max-image-preview:large","max-video-preview":"max-video-preview:-1"},"canonical":"https:\/\/www.erresse-shop.it\/fr\/shop\/petits-electromenagers\/bouilloires-electriques\/zwilling-enfinigy-bouilloire-electrique-pro\/","og_locale":"fr_FR","og_type":"article","og_title":"ZWILLING Enfinigy Bouilloire \u00c9lectrique Pro","og_description":"D\u00e9couvrez ZWILLING Enfinigy Bouilloire \u00c9lectrique Pro sur ErresseShop. Qualit\u00e9, prix r\u00e9duits et achat s\u00e9curis\u00e9 \u2013 commandez d\u00e8s maintenant en ligne !","og_url":"https:\/\/www.erresse-shop.it\/fr\/shop\/petits-electromenagers\/bouilloires-electriques\/zwilling-enfinigy-bouilloire-electrique-pro\/","og_site_name":"Erresse Shop","article_modified_time":"2026-02-05T22:40:07+00:00","og_image":[{"width":1350,"height":1350,"url":"https:\/\/www.erresse-shop.it\/wp-content\/uploads\/2020\/10\/53006-000.jpg","type":"image\/jpeg"}],"twitter_card":"summary_large_image","schema":{"@context":"https:\/\/schema.org","@graph":[{"@type":"WebPage","@id":"https:\/\/www.erresse-shop.it\/fr\/shop\/petits-electromenagers\/bouilloires-electriques\/zwilling-enfinigy-bouilloire-electrique-pro\/","url":"https:\/\/www.erresse-shop.it\/fr\/shop\/petits-electromenagers\/bouilloires-electriques\/zwilling-enfinigy-bouilloire-electrique-pro\/","name":"ZWILLING Enfinigy Bouilloire \u00c9lectrique Pro","isPartOf":{"@id":"https:\/\/www.erresse-shop.it\/fr\/#website"},"datePublished":"2020-10-21T12:50:21+00:00","dateModified":"2026-02-05T22:40:07+00:00","description":"D\u00e9couvrez ZWILLING Enfinigy Bouilloire \u00c9lectrique Pro sur ErresseShop. Qualit\u00e9, prix r\u00e9duits et achat s\u00e9curis\u00e9 \u2013 commandez d\u00e8s maintenant en ligne !","breadcrumb":{"@id":"https:\/\/www.erresse-shop.it\/fr\/shop\/petits-electromenagers\/bouilloires-electriques\/zwilling-enfinigy-bouilloire-electrique-pro\/#breadcrumb"},"inLanguage":"fr-FR","potentialAction":[{"@type":"ReadAction","target":["https:\/\/www.erresse-shop.it\/fr\/shop\/petits-electromenagers\/bouilloires-electriques\/zwilling-enfinigy-bouilloire-electrique-pro\/"]}]},{"@type":"BreadcrumbList","@id":"https:\/\/www.erresse-shop.it\/fr\/shop\/petits-electromenagers\/bouilloires-electriques\/zwilling-enfinigy-bouilloire-electrique-pro\/#breadcrumb","itemListElement":[{"@type":"ListItem","position":1,"name":"Home","item":"https:\/\/www.erresse-shop.it\/fr\/"},{"@type":"ListItem","position":2,"name":"Shop","item":"https:\/\/www.erresse-shop.it\/fr\/shop\/"},{"@type":"ListItem","position":3,"name":"ZWILLING Enfinigy Bouilloire \u00c9lectrique Pro"}]},{"@type":"WebSite","@id":"https:\/\/www.erresse-shop.it\/fr\/#website","url":"https:\/\/www.erresse-shop.it\/fr\/","name":"Erresse Shop","description":"Articoli di qualit\u00e0 per la casa","potentialAction":[{"@type":"SearchAction","target":{"@type":"EntryPoint","urlTemplate":"https:\/\/www.erresse-shop.it\/fr\/?s={search_term_string}"},"query-input":"required name=search_term_string"}],"inLanguage":"fr-FR"}]}},"df_price":104.5,"df_sale_price":104.5,"df_regular_price":139,"df_image_link":"https:\/\/www.erresse-shop.it\/wp-content\/uploads\/2020\/10\/53006-000-300x300.jpg","_links":{"self":[{"href":"https:\/\/www.erresse-shop.it\/fr\/wp-json\/wp\/v2\/product\/79502"}],"collection":[{"href":"https:\/\/www.erresse-shop.it\/fr\/wp-json\/wp\/v2\/product"}],"about":[{"href":"https:\/\/www.erresse-shop.it\/fr\/wp-json\/wp\/v2\/types\/product"}],"wp:featuredmedia":[{"embeddable":true,"href":"https:\/\/www.erresse-shop.it\/fr\/wp-json\/wp\/v2\/media\/79505"}],"wp:attachment":[{"href":"https:\/\/www.erresse-shop.it\/fr\/wp-json\/wp\/v2\/media?parent=79502"}],"wp:term":[{"taxonomy":"product_cat","embeddable":true,"href":"https:\/\/www.erresse-shop.it\/fr\/wp-json\/wp\/v2\/product_cat?post=79502"},{"taxonomy":"product_tag","embeddable":true,"href":"https:\/\/www.erresse-shop.it\/fr\/wp-json\/wp\/v2\/product_tag?post=79502"}],"curies":[{"name":"wp","href":"https:\/\/api.w.org\/{rel}","templated":true}]}}