{"id":79266,"date":"2020-10-20T12:30:21","date_gmt":"2020-10-20T12:30:23","guid":{"rendered":"https:\/\/www.erresse-shop.it\/?post_type=product&#038;p=79266"},"modified":"2025-01-13T14:48:22","modified_gmt":"2025-01-13T14:48:22","slug":"zwilling-enfinigy-power-blender-pro","status":"publish","type":"product","link":"https:\/\/www.erresse-shop.it\/fr\/shop\/petits-electromenagers\/mixeurs\/zwilling-enfinigy-power-blender-pro\/","title":{"rendered":"ZWILLING Enfinigy Blender Power Pro"},"content":{"rendered":"<p>Les composants les plus importants d\u2019un mixeur sont la lame et le moteur. C&#8217;est pourquoi chaque mixeur ZWILLING est \u00e9quip\u00e9 de lames en acier inoxydable ZWILLING d&#8217;origine. Le moteur, le bol mixeur et la lame sont tous calibr\u00e9s de mani\u00e8re optimale les uns par rapport aux autres. L&#8217;effet? Un r\u00e9sultat de mixage digne de la marque ZWILLING.<\/p>\n<p>LES D\u00c9TAILS FONT LA DIFF\u00c9RENCE<br \/>\nLame ZWILLING avec denture sp\u00e9ciale Piranha<br \/>\nLame ZWILLING qui offre une excellente r\u00e9sistance et un excellent tranchant<br \/>\nLame ZWILLING &#8211; d\u00e9velopp\u00e9e \u00e0 Solingen, Allemagne<\/p>\n<p>R\u00c9DUISEZ TOUTE TAILLE.<br \/>\nIntuitif, comme un couteau. Jusqu&#8217;\u00e0 sept programmes automatiques et 12 r\u00e9glages de vitesse vous permettent de trouver sans effort le bon r\u00e9glage pour toute occasion, d&#8217;une simple rotation d&#8217;un bouton.<\/p>\n<p>APPAREILS PREMIUM POUR CUISINES MODERNES\u00a0: FONCTIONS<br \/>\n&#8211; Pulse : Le mixeur fonctionne \u00e0 la vitesse minimale et maximale. Convient pour un m\u00e9lange manuel court et pour un m\u00e9lange suppl\u00e9mentaire, pour des r\u00e9sultats encore plus raffin\u00e9s.<br \/>\n&#8211; Smoothie : Transformez les fruits et l\u00e9gumes en d\u00e9licieux smoothies cr\u00e9meux.<br \/>\n&#8211; Cocktails : Convient aux boissons telles que les cocktails \u00e0 base de glace comme les Margaritas, ainsi qu&#8217;aux smoothies verts riches en chlorophylle et aux boissons aux noix faites maison.<br \/>\n&#8211; Glaces : Pour pr\u00e9parer vos sp\u00e9cialit\u00e9s glac\u00e9es rapidement et facilement. Il peut s&#8217;agir de sorbets de fruits frais ou surgel\u00e9s associ\u00e9s \u00e0 des gla\u00e7ons. Ou essayez la d\u00e9licieuse glace aux produits laitiers.<br \/>\n&#8211; Ice Crusher : Transforme tout type de gla\u00e7on en glace finement pil\u00e9e.<br \/>\n&#8211; Soupe : Hachez et faites chauffer les ingr\u00e9dients, avec la chaleur de la rotation de la lame. En seulement 10 minutes, les soupes et pur\u00e9es sont r\u00e9chauff\u00e9es et sont imm\u00e9diatement pr\u00eates \u00e0 \u00eatre servies.<br \/>\n&#8211; Nettoyage : La fa\u00e7on la plus simple de nettoyer votre mixeur : il suffit d&#8217;ajouter un peu d&#8217;eau et une goutte de d\u00e9tergent, de lancer le programme de nettoyage puis de rincer.<\/p>\n<p>DUR\u00c9E DE VIE PROLONG\u00c9E.<br \/>\nNon seulement le design des mixeurs ZWILLING est intemporel, mais les appareils eux-m\u00eames sont \u00e9galement incroyablement durables. Les lames sont en acier inoxydable et les pichets sont en Tritan r\u00e9sistant. Le Tritan est un mat\u00e9riau de haute qualit\u00e9 qui p\u00e8se deux fois moins que le verre et est beaucoup plus robuste. Il r\u00e9siste aussi bien \u00e0 la chaleur qu\u2019au froid et est tr\u00e8s r\u00e9sistant \u00e0 la casse.<\/p>\n<p>COUPER TOUT. SAUF VOTRE DOIGT.<br \/>\nLe verrou de s\u00e9curit\u00e9 du mixeur et la denture sp\u00e9ciale Piranha garantissent un m\u00e9lange en toute s\u00e9curit\u00e9.<br \/>\nVerrouillage de s\u00e9curit\u00e9 : l&#8217;appareil ne d\u00e9marre que lorsque le couvercle est correctement ins\u00e9r\u00e9.<br \/>\nFonction d&#8217;arr\u00eat automatique : le mixeur s&#8217;\u00e9teint automatiquement \u00e0 chaque fois qu&#8217;il est ouvert pendant le mixage.<br \/>\nDentelure sp\u00e9ciale Piranha : seule la petite dentelure \u00e0 l&#8217;int\u00e9rieur de la lame est tranchante. Cela garantit un nettoyage des mains en toute s\u00e9curit\u00e9.<\/p>\n<p>M\u00c9LANGEUR PUISSANT PRO<br \/>\nLe haut de gamme Power Blender Pro est \u00e9quip\u00e9 d&#8217;un moteur particuli\u00e8rement silencieux et \u00e0 faible consommation tout en d\u00e9livrant 1200 W de puissance. Vitesse de lame constante, arr\u00eat de s\u00e9curit\u00e9 automatique. Il y a 7 fonctions s\u00e9lectionnables : smoothie, cocktail, sorbeti\u00e8re, broyeur \u00e0 glace, soupe, nettoyage et impulsion, tandis que la vitesse de rotation des lames peut \u00eatre r\u00e9gl\u00e9e sur 12 niveaux variables en continu. La carafe robuste et spacieuse de 1,8 litre est fabriqu\u00e9e en Tritan, le polym\u00e8re recyclable innovant sans composants potentiellement nocifs (sans BPA). De plus, le Power Blender Pro est \u00e9quip\u00e9 d&#8217;une balance int\u00e9gr\u00e9e avec fonction tare.<\/p>\n<p><span style=\"text-decoration: underline;\"><strong>Pas \u00e0 vendre en dehors de l&#8217;Europe<\/strong><\/span><\/p>\n","protected":false},"excerpt":{"rendered":"<p>Les composants les plus importants d\u2019un mixeur sont la lame et le moteur. C&#8217;est pourquoi chaque mixeur ZWILLING est \u00e9quip\u00e9<\/p>\n","protected":false},"featured_media":79269,"template":"","meta":{"_acf_changed":false,"inline_featured_image":false},"product_cat":[12766,12449],"product_tag":[12820,12948,13718,13260],"acf":[],"yoast_head":"<!-- This site is optimized with the Yoast SEO Premium plugin v18.6 (Yoast SEO v19.13) - https:\/\/yoast.com\/wordpress\/plugins\/seo\/ -->\n<title>ZWILLING Enfinigy Blender Power Pro<\/title>\n<meta name=\"description\" content=\"D\u00e9couvrez ZWILLING Enfinigy Blender Power Pro sur ErresseShop. Qualit\u00e9, prix r\u00e9duits et achat s\u00e9curis\u00e9 \u2013 commandez d\u00e8s maintenant en ligne !\" \/>\n<meta name=\"robots\" content=\"index, follow, max-snippet:-1, max-image-preview:large, max-video-preview:-1\" \/>\n<link rel=\"canonical\" href=\"https:\/\/www.erresse-shop.it\/fr\/shop\/petits-electromenagers\/mixeurs\/zwilling-enfinigy-power-blender-pro\/\" \/>\n<meta property=\"og:locale\" content=\"fr_FR\" \/>\n<meta property=\"og:type\" content=\"article\" \/>\n<meta property=\"og:title\" content=\"ZWILLING Enfinigy Blender Power Pro\" \/>\n<meta property=\"og:description\" content=\"D\u00e9couvrez ZWILLING Enfinigy Blender Power Pro sur ErresseShop. Qualit\u00e9, prix r\u00e9duits et achat s\u00e9curis\u00e9 \u2013 commandez d\u00e8s maintenant en ligne !\" \/>\n<meta property=\"og:url\" content=\"https:\/\/www.erresse-shop.it\/fr\/shop\/petits-electromenagers\/mixeurs\/zwilling-enfinigy-power-blender-pro\/\" \/>\n<meta property=\"og:site_name\" content=\"Erresse Shop\" \/>\n<meta property=\"article:modified_time\" content=\"2025-01-13T14:48:22+00:00\" \/>\n<meta property=\"og:image\" content=\"https:\/\/www.erresse-shop.it\/wp-content\/uploads\/2020\/10\/53001-000.jpg\" \/>\n\t<meta property=\"og:image:width\" content=\"1350\" \/>\n\t<meta property=\"og:image:height\" content=\"1350\" \/>\n\t<meta property=\"og:image:type\" content=\"image\/jpeg\" \/>\n<meta name=\"twitter:card\" content=\"summary_large_image\" \/>\n<script type=\"application\/ld+json\" class=\"yoast-schema-graph\">{\"@context\":\"https:\/\/schema.org\",\"@graph\":[{\"@type\":\"WebPage\",\"@id\":\"https:\/\/www.erresse-shop.it\/fr\/shop\/petits-electromenagers\/mixeurs\/zwilling-enfinigy-power-blender-pro\/\",\"url\":\"https:\/\/www.erresse-shop.it\/fr\/shop\/petits-electromenagers\/mixeurs\/zwilling-enfinigy-power-blender-pro\/\",\"name\":\"ZWILLING Enfinigy Blender Power Pro\",\"isPartOf\":{\"@id\":\"https:\/\/www.erresse-shop.it\/fr\/#website\"},\"datePublished\":\"2020-10-20T12:30:23+00:00\",\"dateModified\":\"2025-01-13T14:48:22+00:00\",\"description\":\"D\u00e9couvrez ZWILLING Enfinigy Blender Power Pro sur ErresseShop. Qualit\u00e9, prix r\u00e9duits et achat s\u00e9curis\u00e9 \u2013 commandez d\u00e8s maintenant en ligne !\",\"breadcrumb\":{\"@id\":\"https:\/\/www.erresse-shop.it\/fr\/shop\/petits-electromenagers\/mixeurs\/zwilling-enfinigy-power-blender-pro\/#breadcrumb\"},\"inLanguage\":\"fr-FR\",\"potentialAction\":[{\"@type\":\"ReadAction\",\"target\":[\"https:\/\/www.erresse-shop.it\/fr\/shop\/petits-electromenagers\/mixeurs\/zwilling-enfinigy-power-blender-pro\/\"]}]},{\"@type\":\"BreadcrumbList\",\"@id\":\"https:\/\/www.erresse-shop.it\/fr\/shop\/petits-electromenagers\/mixeurs\/zwilling-enfinigy-power-blender-pro\/#breadcrumb\",\"itemListElement\":[{\"@type\":\"ListItem\",\"position\":1,\"name\":\"Home\",\"item\":\"https:\/\/www.erresse-shop.it\/fr\/\"},{\"@type\":\"ListItem\",\"position\":2,\"name\":\"Shop\",\"item\":\"https:\/\/www.erresse-shop.it\/fr\/shop\/\"},{\"@type\":\"ListItem\",\"position\":3,\"name\":\"ZWILLING Enfinigy Blender Power Pro\"}]},{\"@type\":\"WebSite\",\"@id\":\"https:\/\/www.erresse-shop.it\/fr\/#website\",\"url\":\"https:\/\/www.erresse-shop.it\/fr\/\",\"name\":\"Erresse Shop\",\"description\":\"Articoli di qualit\u00e0 per la casa\",\"potentialAction\":[{\"@type\":\"SearchAction\",\"target\":{\"@type\":\"EntryPoint\",\"urlTemplate\":\"https:\/\/www.erresse-shop.it\/fr\/?s={search_term_string}\"},\"query-input\":\"required name=search_term_string\"}],\"inLanguage\":\"fr-FR\"}]}<\/script>\n<!-- \/ Yoast SEO Premium plugin. -->","yoast_head_json":{"title":"ZWILLING Enfinigy Blender Power Pro","description":"D\u00e9couvrez ZWILLING Enfinigy Blender Power Pro sur ErresseShop. Qualit\u00e9, prix r\u00e9duits et achat s\u00e9curis\u00e9 \u2013 commandez d\u00e8s maintenant en ligne !","robots":{"index":"index","follow":"follow","max-snippet":"max-snippet:-1","max-image-preview":"max-image-preview:large","max-video-preview":"max-video-preview:-1"},"canonical":"https:\/\/www.erresse-shop.it\/fr\/shop\/petits-electromenagers\/mixeurs\/zwilling-enfinigy-power-blender-pro\/","og_locale":"fr_FR","og_type":"article","og_title":"ZWILLING Enfinigy Blender Power Pro","og_description":"D\u00e9couvrez ZWILLING Enfinigy Blender Power Pro sur ErresseShop. Qualit\u00e9, prix r\u00e9duits et achat s\u00e9curis\u00e9 \u2013 commandez d\u00e8s maintenant en ligne !","og_url":"https:\/\/www.erresse-shop.it\/fr\/shop\/petits-electromenagers\/mixeurs\/zwilling-enfinigy-power-blender-pro\/","og_site_name":"Erresse Shop","article_modified_time":"2025-01-13T14:48:22+00:00","og_image":[{"width":1350,"height":1350,"url":"https:\/\/www.erresse-shop.it\/wp-content\/uploads\/2020\/10\/53001-000.jpg","type":"image\/jpeg"}],"twitter_card":"summary_large_image","schema":{"@context":"https:\/\/schema.org","@graph":[{"@type":"WebPage","@id":"https:\/\/www.erresse-shop.it\/fr\/shop\/petits-electromenagers\/mixeurs\/zwilling-enfinigy-power-blender-pro\/","url":"https:\/\/www.erresse-shop.it\/fr\/shop\/petits-electromenagers\/mixeurs\/zwilling-enfinigy-power-blender-pro\/","name":"ZWILLING Enfinigy Blender Power Pro","isPartOf":{"@id":"https:\/\/www.erresse-shop.it\/fr\/#website"},"datePublished":"2020-10-20T12:30:23+00:00","dateModified":"2025-01-13T14:48:22+00:00","description":"D\u00e9couvrez ZWILLING Enfinigy Blender Power Pro sur ErresseShop. Qualit\u00e9, prix r\u00e9duits et achat s\u00e9curis\u00e9 \u2013 commandez d\u00e8s maintenant en ligne !","breadcrumb":{"@id":"https:\/\/www.erresse-shop.it\/fr\/shop\/petits-electromenagers\/mixeurs\/zwilling-enfinigy-power-blender-pro\/#breadcrumb"},"inLanguage":"fr-FR","potentialAction":[{"@type":"ReadAction","target":["https:\/\/www.erresse-shop.it\/fr\/shop\/petits-electromenagers\/mixeurs\/zwilling-enfinigy-power-blender-pro\/"]}]},{"@type":"BreadcrumbList","@id":"https:\/\/www.erresse-shop.it\/fr\/shop\/petits-electromenagers\/mixeurs\/zwilling-enfinigy-power-blender-pro\/#breadcrumb","itemListElement":[{"@type":"ListItem","position":1,"name":"Home","item":"https:\/\/www.erresse-shop.it\/fr\/"},{"@type":"ListItem","position":2,"name":"Shop","item":"https:\/\/www.erresse-shop.it\/fr\/shop\/"},{"@type":"ListItem","position":3,"name":"ZWILLING Enfinigy Blender Power Pro"}]},{"@type":"WebSite","@id":"https:\/\/www.erresse-shop.it\/fr\/#website","url":"https:\/\/www.erresse-shop.it\/fr\/","name":"Erresse Shop","description":"Articoli di qualit\u00e0 per la casa","potentialAction":[{"@type":"SearchAction","target":{"@type":"EntryPoint","urlTemplate":"https:\/\/www.erresse-shop.it\/fr\/?s={search_term_string}"},"query-input":"required name=search_term_string"}],"inLanguage":"fr-FR"}]}},"df_price":219,"df_sale_price":219,"df_regular_price":699,"df_image_link":"https:\/\/www.erresse-shop.it\/wp-content\/uploads\/2020\/10\/53001-000-300x300.jpg","_links":{"self":[{"href":"https:\/\/www.erresse-shop.it\/fr\/wp-json\/wp\/v2\/product\/79266"}],"collection":[{"href":"https:\/\/www.erresse-shop.it\/fr\/wp-json\/wp\/v2\/product"}],"about":[{"href":"https:\/\/www.erresse-shop.it\/fr\/wp-json\/wp\/v2\/types\/product"}],"wp:featuredmedia":[{"embeddable":true,"href":"https:\/\/www.erresse-shop.it\/fr\/wp-json\/wp\/v2\/media\/79269"}],"wp:attachment":[{"href":"https:\/\/www.erresse-shop.it\/fr\/wp-json\/wp\/v2\/media?parent=79266"}],"wp:term":[{"taxonomy":"product_cat","embeddable":true,"href":"https:\/\/www.erresse-shop.it\/fr\/wp-json\/wp\/v2\/product_cat?post=79266"},{"taxonomy":"product_tag","embeddable":true,"href":"https:\/\/www.erresse-shop.it\/fr\/wp-json\/wp\/v2\/product_tag?post=79266"}],"curies":[{"name":"wp","href":"https:\/\/api.w.org\/{rel}","templated":true}]}}