{"id":79229,"date":"2020-10-20T10:35:31","date_gmt":"2020-10-20T10:35:33","guid":{"rendered":"https:\/\/www.erresse-shop.it\/?post_type=product&#038;p=79229"},"modified":"2025-01-13T14:48:20","modified_gmt":"2025-01-13T14:48:20","slug":"zwilling-enfinigy-balance-digitale","status":"publish","type":"product","link":"https:\/\/www.erresse-shop.it\/fr\/shop\/petits-electromenagers\/balances\/zwilling-enfinigy-balance-digitale\/","title":{"rendered":"ZWILLING Enfinigy Balance Digitale"},"content":{"rendered":"<p>La nouvelle balance de cuisine num\u00e9rique Enfinigy combine un design \u00e9pur\u00e9 et moderne \u00e0 une pr\u00e9cision absolue. Cette balance digitale poss\u00e8de une batterie lithium-ion rechargeable int\u00e9gr\u00e9e dans le bo\u00eetier blanc, facile \u00e0 recharger via un c\u00e2ble USB. Elle s&#8217;allume et s&#8217;\u00e9teint via son \u00e9cran tactile tandis que la fonction arr\u00eat automatique permet d\u2019\u00e9conomiser l\u2019autonomie de la batterie.<br \/>\nLa surface de pes\u00e9e en verre renforc\u00e9 est tr\u00e8s facile \u00e0 nettoyer et vous pouvez directement y peser la viande, les fruits ou bien un r\u00e9cipient chaud. De plus, le plateau de pes\u00e9e est suffisamment grand pour que l&#8217;\u00e9cran LCD int\u00e9gr\u00e9 reste toujours lisible m\u00eame avec de grandes quantit\u00e9s. La fonction g-kg \/oz-lb permet de passer facilement des grammes aux onces, pour les fans de recettes anglo-saxonnes.<br \/>\nLa balance digitale Enfinigy peut peser jusqu\u2019\u00e0 10 kg, et avec un degr\u00e9 de pr\u00e9cision allant au gramme pr\u00e8s, elle donne des mesures encore plus exactes ! Pratique, la fonction Tare vous permet de peser plusieurs ingr\u00e9dients sans avoir \u00e0 retirer les aliments pr\u00e9c\u00e9dents.<br \/>\nOptez pour une balance de cuisine pr\u00e9cise, pratique et facile de nettoyage pour cuisiner comme un chef !<\/p>\n<p>&#8211; Balance de cuisine num\u00e9rique avec batterie lithium-ion int\u00e9gr\u00e9e, rechargeable via un c\u00e2ble USB<br \/>\n&#8211; Gr\u00e2ce \u00e0 la grande surface de pes\u00e9e, l&#8217;\u00e9cran LCD reste visible m\u00eame lors du pesage de grandes quantit\u00e9s<br \/>\n&#8211; La surface en verre facile \u00e0 nettoyer permet de peser directement les ingr\u00e9dients<br \/>\n&#8211; Fonction tare pour un pesage facile<br \/>\n&#8211; Passez facilement des grammes aux onces<br \/>\n&#8211; P\u00e8se jusqu&#8217;\u00e0 10 kg<br \/>\n&#8211; \u00c9cran LCD avec commande tactile et arr\u00eat automatique<br \/>\n&#8211; D\u00e9velopp\u00e9e par ZWILLING en Allemagne, con\u00e7ue \u00e0 Milan, Italie, par le Studio Matteo Thun &amp; Antonio Rodriguez<\/p>\n<p>Donn\u00e9es Techniques<br \/>\n&#8211; Couleur: Silver<br \/>\n&#8211; Mat\u00e9riau: Plastique<br \/>\n&#8211; \u00c9cran LCD: Oui<\/p>\n<p>Dimensions<br \/>\n&#8211; Poids net: 0,60 kg<br \/>\n&#8211; Longueur totale du produit: 24,50 cm<br \/>\n&#8211; Longueur ou largeur du produit: 18,80 cm<br \/>\n&#8211; Hauteur du produit: 2,00 cm<\/p>\n","protected":false},"excerpt":{"rendered":"<p>La nouvelle balance de cuisine num\u00e9rique Enfinigy combine un design \u00e9pur\u00e9 et moderne \u00e0 une pr\u00e9cision absolue. Cette balance digitale<\/p>\n","protected":false},"featured_media":79238,"template":"","meta":{"_acf_changed":false,"inline_featured_image":false},"product_cat":[25977,12449],"product_tag":[25036,13726,12820,12948,13718,25021,21821,12824],"acf":[],"yoast_head":"<!-- This site is optimized with the Yoast SEO Premium plugin v18.6 (Yoast SEO v19.13) - https:\/\/yoast.com\/wordpress\/plugins\/seo\/ -->\n<title>ZWILLING Enfinigy Balance Digitale<\/title>\n<meta name=\"description\" content=\"D\u00e9couvrez ZWILLING Enfinigy Balance Digitale sur ErresseShop. Qualit\u00e9, prix r\u00e9duits et achat s\u00e9curis\u00e9 \u2013 commandez d\u00e8s maintenant en ligne !\" \/>\n<meta name=\"robots\" content=\"index, follow, max-snippet:-1, max-image-preview:large, max-video-preview:-1\" \/>\n<link rel=\"canonical\" href=\"https:\/\/www.erresse-shop.it\/fr\/shop\/petits-electromenagers\/balances\/zwilling-enfinigy-balance-digitale\/\" \/>\n<meta property=\"og:locale\" content=\"fr_FR\" \/>\n<meta property=\"og:type\" content=\"article\" \/>\n<meta property=\"og:title\" content=\"ZWILLING Enfinigy Balance Digitale\" \/>\n<meta property=\"og:description\" content=\"D\u00e9couvrez ZWILLING Enfinigy Balance Digitale sur ErresseShop. Qualit\u00e9, prix r\u00e9duits et achat s\u00e9curis\u00e9 \u2013 commandez d\u00e8s maintenant en ligne !\" \/>\n<meta property=\"og:url\" content=\"https:\/\/www.erresse-shop.it\/fr\/shop\/petits-electromenagers\/balances\/zwilling-enfinigy-balance-digitale\/\" \/>\n<meta property=\"og:site_name\" content=\"Erresse Shop\" \/>\n<meta property=\"article:modified_time\" content=\"2025-01-13T14:48:20+00:00\" \/>\n<meta property=\"og:image\" content=\"https:\/\/www.erresse-shop.it\/wp-content\/uploads\/2020\/10\/53011-050.jpg\" \/>\n\t<meta property=\"og:image:width\" content=\"1350\" \/>\n\t<meta property=\"og:image:height\" content=\"1350\" \/>\n\t<meta property=\"og:image:type\" content=\"image\/jpeg\" \/>\n<meta name=\"twitter:card\" content=\"summary_large_image\" \/>\n<script type=\"application\/ld+json\" class=\"yoast-schema-graph\">{\"@context\":\"https:\/\/schema.org\",\"@graph\":[{\"@type\":\"WebPage\",\"@id\":\"https:\/\/www.erresse-shop.it\/fr\/shop\/petits-electromenagers\/balances\/zwilling-enfinigy-balance-digitale\/\",\"url\":\"https:\/\/www.erresse-shop.it\/fr\/shop\/petits-electromenagers\/balances\/zwilling-enfinigy-balance-digitale\/\",\"name\":\"ZWILLING Enfinigy Balance Digitale\",\"isPartOf\":{\"@id\":\"https:\/\/www.erresse-shop.it\/fr\/#website\"},\"datePublished\":\"2020-10-20T10:35:33+00:00\",\"dateModified\":\"2025-01-13T14:48:20+00:00\",\"description\":\"D\u00e9couvrez ZWILLING Enfinigy Balance Digitale sur ErresseShop. Qualit\u00e9, prix r\u00e9duits et achat s\u00e9curis\u00e9 \u2013 commandez d\u00e8s maintenant en ligne !\",\"breadcrumb\":{\"@id\":\"https:\/\/www.erresse-shop.it\/fr\/shop\/petits-electromenagers\/balances\/zwilling-enfinigy-balance-digitale\/#breadcrumb\"},\"inLanguage\":\"fr-FR\",\"potentialAction\":[{\"@type\":\"ReadAction\",\"target\":[\"https:\/\/www.erresse-shop.it\/fr\/shop\/petits-electromenagers\/balances\/zwilling-enfinigy-balance-digitale\/\"]}]},{\"@type\":\"BreadcrumbList\",\"@id\":\"https:\/\/www.erresse-shop.it\/fr\/shop\/petits-electromenagers\/balances\/zwilling-enfinigy-balance-digitale\/#breadcrumb\",\"itemListElement\":[{\"@type\":\"ListItem\",\"position\":1,\"name\":\"Home\",\"item\":\"https:\/\/www.erresse-shop.it\/fr\/\"},{\"@type\":\"ListItem\",\"position\":2,\"name\":\"Shop\",\"item\":\"https:\/\/www.erresse-shop.it\/fr\/shop\/\"},{\"@type\":\"ListItem\",\"position\":3,\"name\":\"ZWILLING Enfinigy Balance Digitale\"}]},{\"@type\":\"WebSite\",\"@id\":\"https:\/\/www.erresse-shop.it\/fr\/#website\",\"url\":\"https:\/\/www.erresse-shop.it\/fr\/\",\"name\":\"Erresse Shop\",\"description\":\"Articoli di qualit\u00e0 per la casa\",\"potentialAction\":[{\"@type\":\"SearchAction\",\"target\":{\"@type\":\"EntryPoint\",\"urlTemplate\":\"https:\/\/www.erresse-shop.it\/fr\/?s={search_term_string}\"},\"query-input\":\"required name=search_term_string\"}],\"inLanguage\":\"fr-FR\"}]}<\/script>\n<!-- \/ Yoast SEO Premium plugin. -->","yoast_head_json":{"title":"ZWILLING Enfinigy Balance Digitale","description":"D\u00e9couvrez ZWILLING Enfinigy Balance Digitale sur ErresseShop. Qualit\u00e9, prix r\u00e9duits et achat s\u00e9curis\u00e9 \u2013 commandez d\u00e8s maintenant en ligne !","robots":{"index":"index","follow":"follow","max-snippet":"max-snippet:-1","max-image-preview":"max-image-preview:large","max-video-preview":"max-video-preview:-1"},"canonical":"https:\/\/www.erresse-shop.it\/fr\/shop\/petits-electromenagers\/balances\/zwilling-enfinigy-balance-digitale\/","og_locale":"fr_FR","og_type":"article","og_title":"ZWILLING Enfinigy Balance Digitale","og_description":"D\u00e9couvrez ZWILLING Enfinigy Balance Digitale sur ErresseShop. Qualit\u00e9, prix r\u00e9duits et achat s\u00e9curis\u00e9 \u2013 commandez d\u00e8s maintenant en ligne !","og_url":"https:\/\/www.erresse-shop.it\/fr\/shop\/petits-electromenagers\/balances\/zwilling-enfinigy-balance-digitale\/","og_site_name":"Erresse Shop","article_modified_time":"2025-01-13T14:48:20+00:00","og_image":[{"width":1350,"height":1350,"url":"https:\/\/www.erresse-shop.it\/wp-content\/uploads\/2020\/10\/53011-050.jpg","type":"image\/jpeg"}],"twitter_card":"summary_large_image","schema":{"@context":"https:\/\/schema.org","@graph":[{"@type":"WebPage","@id":"https:\/\/www.erresse-shop.it\/fr\/shop\/petits-electromenagers\/balances\/zwilling-enfinigy-balance-digitale\/","url":"https:\/\/www.erresse-shop.it\/fr\/shop\/petits-electromenagers\/balances\/zwilling-enfinigy-balance-digitale\/","name":"ZWILLING Enfinigy Balance Digitale","isPartOf":{"@id":"https:\/\/www.erresse-shop.it\/fr\/#website"},"datePublished":"2020-10-20T10:35:33+00:00","dateModified":"2025-01-13T14:48:20+00:00","description":"D\u00e9couvrez ZWILLING Enfinigy Balance Digitale sur ErresseShop. Qualit\u00e9, prix r\u00e9duits et achat s\u00e9curis\u00e9 \u2013 commandez d\u00e8s maintenant en ligne !","breadcrumb":{"@id":"https:\/\/www.erresse-shop.it\/fr\/shop\/petits-electromenagers\/balances\/zwilling-enfinigy-balance-digitale\/#breadcrumb"},"inLanguage":"fr-FR","potentialAction":[{"@type":"ReadAction","target":["https:\/\/www.erresse-shop.it\/fr\/shop\/petits-electromenagers\/balances\/zwilling-enfinigy-balance-digitale\/"]}]},{"@type":"BreadcrumbList","@id":"https:\/\/www.erresse-shop.it\/fr\/shop\/petits-electromenagers\/balances\/zwilling-enfinigy-balance-digitale\/#breadcrumb","itemListElement":[{"@type":"ListItem","position":1,"name":"Home","item":"https:\/\/www.erresse-shop.it\/fr\/"},{"@type":"ListItem","position":2,"name":"Shop","item":"https:\/\/www.erresse-shop.it\/fr\/shop\/"},{"@type":"ListItem","position":3,"name":"ZWILLING Enfinigy Balance Digitale"}]},{"@type":"WebSite","@id":"https:\/\/www.erresse-shop.it\/fr\/#website","url":"https:\/\/www.erresse-shop.it\/fr\/","name":"Erresse Shop","description":"Articoli di qualit\u00e0 per la casa","potentialAction":[{"@type":"SearchAction","target":{"@type":"EntryPoint","urlTemplate":"https:\/\/www.erresse-shop.it\/fr\/?s={search_term_string}"},"query-input":"required name=search_term_string"}],"inLanguage":"fr-FR"}]}},"df_price":19.975,"df_sale_price":19.975,"df_regular_price":39.95,"df_image_link":"https:\/\/www.erresse-shop.it\/wp-content\/uploads\/2020\/10\/53011-050-300x300.jpg","_links":{"self":[{"href":"https:\/\/www.erresse-shop.it\/fr\/wp-json\/wp\/v2\/product\/79229"}],"collection":[{"href":"https:\/\/www.erresse-shop.it\/fr\/wp-json\/wp\/v2\/product"}],"about":[{"href":"https:\/\/www.erresse-shop.it\/fr\/wp-json\/wp\/v2\/types\/product"}],"wp:featuredmedia":[{"embeddable":true,"href":"https:\/\/www.erresse-shop.it\/fr\/wp-json\/wp\/v2\/media\/79238"}],"wp:attachment":[{"href":"https:\/\/www.erresse-shop.it\/fr\/wp-json\/wp\/v2\/media?parent=79229"}],"wp:term":[{"taxonomy":"product_cat","embeddable":true,"href":"https:\/\/www.erresse-shop.it\/fr\/wp-json\/wp\/v2\/product_cat?post=79229"},{"taxonomy":"product_tag","embeddable":true,"href":"https:\/\/www.erresse-shop.it\/fr\/wp-json\/wp\/v2\/product_tag?post=79229"}],"curies":[{"name":"wp","href":"https:\/\/api.w.org\/{rel}","templated":true}]}}