{"id":79133,"date":"2020-10-19T14:20:50","date_gmt":"2020-10-19T14:20:53","guid":{"rendered":"https:\/\/www.erresse-shop.it\/?post_type=product&#038;p=79133"},"modified":"2025-01-13T14:48:17","modified_gmt":"2025-01-13T14:48:17","slug":"zwilling-enfinigy-grille-pain-2-slots","status":"publish","type":"product","link":"https:\/\/www.erresse-shop.it\/fr\/shop\/petits-electromenagers\/grille-pains\/zwilling-enfinigy-grille-pain-2-slots\/","title":{"rendered":"ZWILLING Enfinigy Grille Pain 2 Slots"},"content":{"rendered":"<p>Savourez votre toast exactement comme vous l&#8217;aimez. Votre grille-pain ZWILLING &#8211; au design intemporel &#8211; vous permet d&#8217;obtenir toasts et baguettes grill\u00e9s uniform\u00e9ment de chaque c\u00f4t\u00e9 et adapte son thermostat et la dur\u00e9e de brunissement au r\u00e9sultat souhait\u00e9.<br \/>\nSes 2 chambres de grillage variables associ\u00e9es \u00e0 une puissance de 1000 W vous permettent de dorer vos toasts \u00e0 la perfection et vous garantissent chaque tranche grill\u00e9e croustillante \u00e0 l&#8217;ext\u00e9rieur et moelleuse \u00e0 l&#8217;int\u00e9rieur.<br \/>\nUne fois les toasts dor\u00e9s, la fonction &#8220;Soft-lift&#8221; les fait remonter progressivement et votre toaster Enfinigy dispose d&#8217;une remont\u00e9e extra haute de la tartine, qui permet de r\u00e9cup\u00e9rer votre pain grill\u00e9 &#8211; m\u00eame les plus petites tranches &#8211; sans vous br\u00fbler.<br \/>\nAvec son thermostat 7 positions et ses 3 programmes automatiques, vous avez le choix d&#8217;une tartine plus ou moins grill\u00e9e selon votre souhait.<br \/>\nImpossible aussi de bruler vos tartines gr\u00e2ce \u00e0 la touche Stop pour interrompre le dorage \u00e0 tout moment. Le tiroir ramasse-miettes, quant \u00e0 lui, vous garantit une utilisation en toute propret\u00e9.<br \/>\nGr\u00e2ce \u00e0 la fonction R\u00e9chauffage, il est possible de r\u00e9chauffer ses toasts ou tranches de pain ou bien de continuer le brunissement si le r\u00e9sultat n\u2019est pas satisfaisant. La fonction D\u00e9cong\u00e9lation d\u00e9cong\u00e8le doucement et grille votre pain congel\u00e9. Et la fonction Bagel est parfaite pour les petits pains ronds et les pains hamburger : bien centr\u00e9s, croustillants \u00e0 l\u2019ext\u00e9rieur et chauds \u00e0 l\u2019int\u00e9rieur<br \/>\nGr\u00e2ce \u00e0 son plateau amovible, 2 petits pains suppl\u00e9mentaires peuvent \u00eatre r\u00e9chauff\u00e9s ou grill\u00e9s.<\/p>\n<p>&#8211; Grille-pain 2 tranches courtes<br \/>\n&#8211; R\u00e9glage automatique de la dur\u00e9e de chauffe pour un brunissement uniforme m\u00eame avec plusieurs toasts<br \/>\n&#8211; 3 programmes automatiques : fonctions D\u00e9cong\u00e9lation, R\u00e9chauffage et Bagel<br \/>\n&#8211; Remont\u00e9e progressive des tranches avec la fonction \u00ab Soft-lift \u00bb<br \/>\n&#8211; Fonction de s\u00e9curit\u00e9 avec arr\u00eat automatique pour emp\u00eacher les toasts de br\u00fbler<br \/>\n&#8211; Grille pour r\u00e9chauffer les paninis, fougaces ou viennoiseries et les servir chauds, directement \u00e0 table.<br \/>\n&#8211; Range-cordon int\u00e9gr\u00e9 pour un rangement pratique<br \/>\n&#8211; D\u00e9velopp\u00e9 par ZWILLING en Allemagne, con\u00e7u \u00e0 Milan, Italie, par le Studio Matteo Thun &amp; Antonio Rodriguez<\/p>\n<p>Donn\u00e9es Techniques<br \/>\n&#8211; Couleur: Silver<br \/>\n&#8211; Mat\u00e9riau: Acier<br \/>\n&#8211; Tension: 220-240 V<br \/>\n&#8211; Fr\u00e9quence: 50\/60 Hz<br \/>\n&#8211; Stockage du cordon: Oui<br \/>\n&#8211; Puissance: 1.000 W<\/p>\n<p>Dimensions<br \/>\n&#8211; Poids net: 2,00 kg<br \/>\n&#8211; Longueur totale du produit: 29,20 cm<br \/>\n&#8211; Longueur ou largeur du produit: 16,80 cm<br \/>\n&#8211; Hauteur du produit: 20,60 cm<\/p>\n","protected":false},"excerpt":{"rendered":"<p>Savourez votre toast exactement comme vous l&#8217;aimez. Votre grille-pain ZWILLING &#8211; au design intemporel &#8211; vous permet d&#8217;obtenir toasts et<\/p>\n","protected":false},"featured_media":79139,"template":"","meta":{"_acf_changed":false,"inline_featured_image":false},"product_cat":[12770,12449],"product_tag":[25036,23660,12820,12948,13718,25021,24415,13251,12822],"acf":[],"yoast_head":"<!-- This site is optimized with the Yoast SEO Premium plugin v18.6 (Yoast SEO v19.13) - https:\/\/yoast.com\/wordpress\/plugins\/seo\/ -->\n<title>ZWILLING Enfinigy Grille Pain 2 Slots<\/title>\n<meta name=\"description\" content=\"D\u00e9couvrez ZWILLING Enfinigy Grille Pain 2 Slots sur ErresseShop. Qualit\u00e9, prix r\u00e9duits et achat s\u00e9curis\u00e9 \u2013 commandez d\u00e8s maintenant en ligne !\" \/>\n<meta name=\"robots\" content=\"index, follow, max-snippet:-1, max-image-preview:large, max-video-preview:-1\" \/>\n<link rel=\"canonical\" href=\"https:\/\/www.erresse-shop.it\/fr\/shop\/petits-electromenagers\/grille-pains\/zwilling-enfinigy-grille-pain-2-slots\/\" \/>\n<meta property=\"og:locale\" content=\"fr_FR\" \/>\n<meta property=\"og:type\" content=\"article\" \/>\n<meta property=\"og:title\" content=\"ZWILLING Enfinigy Grille Pain 2 Slots\" \/>\n<meta property=\"og:description\" content=\"D\u00e9couvrez ZWILLING Enfinigy Grille Pain 2 Slots sur ErresseShop. Qualit\u00e9, prix r\u00e9duits et achat s\u00e9curis\u00e9 \u2013 commandez d\u00e8s maintenant en ligne !\" \/>\n<meta property=\"og:url\" content=\"https:\/\/www.erresse-shop.it\/fr\/shop\/petits-electromenagers\/grille-pains\/zwilling-enfinigy-grille-pain-2-slots\/\" \/>\n<meta property=\"og:site_name\" content=\"Erresse Shop\" \/>\n<meta property=\"article:modified_time\" content=\"2025-01-13T14:48:17+00:00\" \/>\n<meta property=\"og:image\" content=\"https:\/\/www.erresse-shop.it\/wp-content\/uploads\/2020\/10\/53008-001.jpg\" \/>\n\t<meta property=\"og:image:width\" content=\"800\" \/>\n\t<meta property=\"og:image:height\" content=\"800\" \/>\n\t<meta property=\"og:image:type\" content=\"image\/jpeg\" \/>\n<meta name=\"twitter:card\" content=\"summary_large_image\" \/>\n<script type=\"application\/ld+json\" class=\"yoast-schema-graph\">{\"@context\":\"https:\/\/schema.org\",\"@graph\":[{\"@type\":\"WebPage\",\"@id\":\"https:\/\/www.erresse-shop.it\/fr\/shop\/petits-electromenagers\/grille-pains\/zwilling-enfinigy-grille-pain-2-slots\/\",\"url\":\"https:\/\/www.erresse-shop.it\/fr\/shop\/petits-electromenagers\/grille-pains\/zwilling-enfinigy-grille-pain-2-slots\/\",\"name\":\"ZWILLING Enfinigy Grille Pain 2 Slots\",\"isPartOf\":{\"@id\":\"https:\/\/www.erresse-shop.it\/fr\/#website\"},\"datePublished\":\"2020-10-19T14:20:53+00:00\",\"dateModified\":\"2025-01-13T14:48:17+00:00\",\"description\":\"D\u00e9couvrez ZWILLING Enfinigy Grille Pain 2 Slots sur ErresseShop. Qualit\u00e9, prix r\u00e9duits et achat s\u00e9curis\u00e9 \u2013 commandez d\u00e8s maintenant en ligne !\",\"breadcrumb\":{\"@id\":\"https:\/\/www.erresse-shop.it\/fr\/shop\/petits-electromenagers\/grille-pains\/zwilling-enfinigy-grille-pain-2-slots\/#breadcrumb\"},\"inLanguage\":\"fr-FR\",\"potentialAction\":[{\"@type\":\"ReadAction\",\"target\":[\"https:\/\/www.erresse-shop.it\/fr\/shop\/petits-electromenagers\/grille-pains\/zwilling-enfinigy-grille-pain-2-slots\/\"]}]},{\"@type\":\"BreadcrumbList\",\"@id\":\"https:\/\/www.erresse-shop.it\/fr\/shop\/petits-electromenagers\/grille-pains\/zwilling-enfinigy-grille-pain-2-slots\/#breadcrumb\",\"itemListElement\":[{\"@type\":\"ListItem\",\"position\":1,\"name\":\"Home\",\"item\":\"https:\/\/www.erresse-shop.it\/fr\/\"},{\"@type\":\"ListItem\",\"position\":2,\"name\":\"Shop\",\"item\":\"https:\/\/www.erresse-shop.it\/fr\/shop\/\"},{\"@type\":\"ListItem\",\"position\":3,\"name\":\"ZWILLING Enfinigy Grille Pain 2 Slots\"}]},{\"@type\":\"WebSite\",\"@id\":\"https:\/\/www.erresse-shop.it\/fr\/#website\",\"url\":\"https:\/\/www.erresse-shop.it\/fr\/\",\"name\":\"Erresse Shop\",\"description\":\"Articoli di qualit\u00e0 per la casa\",\"potentialAction\":[{\"@type\":\"SearchAction\",\"target\":{\"@type\":\"EntryPoint\",\"urlTemplate\":\"https:\/\/www.erresse-shop.it\/fr\/?s={search_term_string}\"},\"query-input\":\"required name=search_term_string\"}],\"inLanguage\":\"fr-FR\"}]}<\/script>\n<!-- \/ Yoast SEO Premium plugin. -->","yoast_head_json":{"title":"ZWILLING Enfinigy Grille Pain 2 Slots","description":"D\u00e9couvrez ZWILLING Enfinigy Grille Pain 2 Slots sur ErresseShop. Qualit\u00e9, prix r\u00e9duits et achat s\u00e9curis\u00e9 \u2013 commandez d\u00e8s maintenant en ligne !","robots":{"index":"index","follow":"follow","max-snippet":"max-snippet:-1","max-image-preview":"max-image-preview:large","max-video-preview":"max-video-preview:-1"},"canonical":"https:\/\/www.erresse-shop.it\/fr\/shop\/petits-electromenagers\/grille-pains\/zwilling-enfinigy-grille-pain-2-slots\/","og_locale":"fr_FR","og_type":"article","og_title":"ZWILLING Enfinigy Grille Pain 2 Slots","og_description":"D\u00e9couvrez ZWILLING Enfinigy Grille Pain 2 Slots sur ErresseShop. Qualit\u00e9, prix r\u00e9duits et achat s\u00e9curis\u00e9 \u2013 commandez d\u00e8s maintenant en ligne !","og_url":"https:\/\/www.erresse-shop.it\/fr\/shop\/petits-electromenagers\/grille-pains\/zwilling-enfinigy-grille-pain-2-slots\/","og_site_name":"Erresse Shop","article_modified_time":"2025-01-13T14:48:17+00:00","og_image":[{"width":800,"height":800,"url":"https:\/\/www.erresse-shop.it\/wp-content\/uploads\/2020\/10\/53008-001.jpg","type":"image\/jpeg"}],"twitter_card":"summary_large_image","schema":{"@context":"https:\/\/schema.org","@graph":[{"@type":"WebPage","@id":"https:\/\/www.erresse-shop.it\/fr\/shop\/petits-electromenagers\/grille-pains\/zwilling-enfinigy-grille-pain-2-slots\/","url":"https:\/\/www.erresse-shop.it\/fr\/shop\/petits-electromenagers\/grille-pains\/zwilling-enfinigy-grille-pain-2-slots\/","name":"ZWILLING Enfinigy Grille Pain 2 Slots","isPartOf":{"@id":"https:\/\/www.erresse-shop.it\/fr\/#website"},"datePublished":"2020-10-19T14:20:53+00:00","dateModified":"2025-01-13T14:48:17+00:00","description":"D\u00e9couvrez ZWILLING Enfinigy Grille Pain 2 Slots sur ErresseShop. Qualit\u00e9, prix r\u00e9duits et achat s\u00e9curis\u00e9 \u2013 commandez d\u00e8s maintenant en ligne !","breadcrumb":{"@id":"https:\/\/www.erresse-shop.it\/fr\/shop\/petits-electromenagers\/grille-pains\/zwilling-enfinigy-grille-pain-2-slots\/#breadcrumb"},"inLanguage":"fr-FR","potentialAction":[{"@type":"ReadAction","target":["https:\/\/www.erresse-shop.it\/fr\/shop\/petits-electromenagers\/grille-pains\/zwilling-enfinigy-grille-pain-2-slots\/"]}]},{"@type":"BreadcrumbList","@id":"https:\/\/www.erresse-shop.it\/fr\/shop\/petits-electromenagers\/grille-pains\/zwilling-enfinigy-grille-pain-2-slots\/#breadcrumb","itemListElement":[{"@type":"ListItem","position":1,"name":"Home","item":"https:\/\/www.erresse-shop.it\/fr\/"},{"@type":"ListItem","position":2,"name":"Shop","item":"https:\/\/www.erresse-shop.it\/fr\/shop\/"},{"@type":"ListItem","position":3,"name":"ZWILLING Enfinigy Grille Pain 2 Slots"}]},{"@type":"WebSite","@id":"https:\/\/www.erresse-shop.it\/fr\/#website","url":"https:\/\/www.erresse-shop.it\/fr\/","name":"Erresse Shop","description":"Articoli di qualit\u00e0 per la casa","potentialAction":[{"@type":"SearchAction","target":{"@type":"EntryPoint","urlTemplate":"https:\/\/www.erresse-shop.it\/fr\/?s={search_term_string}"},"query-input":"required name=search_term_string"}],"inLanguage":"fr-FR"}]}},"df_price":44.975,"df_sale_price":44.975,"df_regular_price":89.95,"df_image_link":"https:\/\/www.erresse-shop.it\/wp-content\/uploads\/2020\/10\/53008-001-300x300.jpg","_links":{"self":[{"href":"https:\/\/www.erresse-shop.it\/fr\/wp-json\/wp\/v2\/product\/79133"}],"collection":[{"href":"https:\/\/www.erresse-shop.it\/fr\/wp-json\/wp\/v2\/product"}],"about":[{"href":"https:\/\/www.erresse-shop.it\/fr\/wp-json\/wp\/v2\/types\/product"}],"wp:featuredmedia":[{"embeddable":true,"href":"https:\/\/www.erresse-shop.it\/fr\/wp-json\/wp\/v2\/media\/79139"}],"wp:attachment":[{"href":"https:\/\/www.erresse-shop.it\/fr\/wp-json\/wp\/v2\/media?parent=79133"}],"wp:term":[{"taxonomy":"product_cat","embeddable":true,"href":"https:\/\/www.erresse-shop.it\/fr\/wp-json\/wp\/v2\/product_cat?post=79133"},{"taxonomy":"product_tag","embeddable":true,"href":"https:\/\/www.erresse-shop.it\/fr\/wp-json\/wp\/v2\/product_tag?post=79133"}],"curies":[{"name":"wp","href":"https:\/\/api.w.org\/{rel}","templated":true}]}}