{"id":78320,"date":"2020-10-09T07:04:37","date_gmt":"2020-10-09T07:04:40","guid":{"rendered":"https:\/\/www.erresse-shop.it\/?post_type=product&#038;p=78320"},"modified":"2025-01-13T14:48:00","modified_gmt":"2025-01-13T14:48:00","slug":"le-creuset-faitout-en-fonte-emaillee-26cm-shell-pink","status":"publish","type":"product","link":"https:\/\/www.erresse-shop.it\/fr\/shop\/poeles-pots\/sauteuses-et-faitout\/le-creuset-faitout-en-fonte-emaillee-26cm-shell-pink\/","title":{"rendered":"LE CREUSET Faitout en Fonte \u00c9maill\u00e9e 26 cm Shell Pink"},"content":{"rendered":"<p>Les faitouts en fonte \u00e9maill\u00e9e Le Creuset emmagasinent lentement une tr\u00e8s grande quantit\u00e9 de chaleur et la restituent peu \u00e0 peu. Gr\u00e2ce \u00e0 leurs parois basses et \u00e0 leur large surface de cuisson, ils permettent de r\u00e9aliser de succulents mijot\u00e9s de viandes, des saut\u00e9s de l\u00e9gumes, des crustac\u00e9s, voire des desserts gourmands.<\/p>\n<p>&nbsp;<\/p>\n<p><a href=\"https:\/\/www.youtube.com\/watch?v=HDOljJrHsg0\" target=\"_blank\" rel=\"noopener\">See Movie 1<\/a><br \/>\n<a href=\"https:\/\/www.youtube.com\/watch?v=ro9F2zRA4gE\" target=\"_blank\" rel=\"noopener\">See Movie 2<\/a><\/p>\n","protected":false},"excerpt":{"rendered":"<p>Les faitouts en fonte \u00e9maill\u00e9e Le Creuset emmagasinent lentement une tr\u00e8s grande quantit\u00e9 de chaleur et la restituent peu \u00e0<\/p>\n","protected":false},"featured_media":502790,"template":"","meta":{"_acf_changed":false,"inline_featured_image":false},"product_cat":[12458,14797],"product_tag":[13270,12994,12460,12461,12468,13179],"acf":[],"yoast_head":"<!-- This site is optimized with the Yoast SEO Premium plugin v18.6 (Yoast SEO v19.13) - https:\/\/yoast.com\/wordpress\/plugins\/seo\/ -->\n<title>LE CREUSET Faitout en Fonte \u00c9maill\u00e9e 26 cm Shell Pink<\/title>\n<meta name=\"description\" content=\"D\u00e9couvrez LE CREUSET Faitout en Fonte \u00c9maill\u00e9e 26 cm Shell Pink sur ErresseShop. Qualit\u00e9, prix r\u00e9duits et achat s\u00e9curis\u00e9 \u2013 commandez d\u00e8s maintenant en ligne !\" \/>\n<meta name=\"robots\" content=\"index, follow, max-snippet:-1, max-image-preview:large, max-video-preview:-1\" \/>\n<link rel=\"canonical\" href=\"https:\/\/www.erresse-shop.it\/fr\/shop\/poeles-pots\/sauteuses-et-faitout\/le-creuset-faitout-en-fonte-emaillee-26cm-shell-pink\/\" \/>\n<meta property=\"og:locale\" content=\"fr_FR\" \/>\n<meta property=\"og:type\" content=\"article\" \/>\n<meta property=\"og:title\" content=\"LE CREUSET Faitout en Fonte \u00c9maill\u00e9e 26 cm Shell Pink\" \/>\n<meta property=\"og:description\" content=\"D\u00e9couvrez LE CREUSET Faitout en Fonte \u00c9maill\u00e9e 26 cm Shell Pink sur ErresseShop. Qualit\u00e9, prix r\u00e9duits et achat s\u00e9curis\u00e9 \u2013 commandez d\u00e8s maintenant en ligne !\" \/>\n<meta property=\"og:url\" content=\"https:\/\/www.erresse-shop.it\/fr\/shop\/poeles-pots\/sauteuses-et-faitout\/le-creuset-faitout-en-fonte-emaillee-26cm-shell-pink\/\" \/>\n<meta property=\"og:site_name\" content=\"Erresse Shop\" \/>\n<meta property=\"article:modified_time\" content=\"2025-01-13T14:48:00+00:00\" \/>\n<meta property=\"og:image\" content=\"https:\/\/www.erresse-shop.it\/wp-content\/uploads\/2020\/10\/LE-CREUSET-Tegame-Basso-Evolution-in-Ghisa-26-cm-Shell-Pink.png\" \/>\n\t<meta property=\"og:image:width\" content=\"800\" \/>\n\t<meta property=\"og:image:height\" content=\"800\" \/>\n\t<meta property=\"og:image:type\" content=\"image\/png\" \/>\n<meta name=\"twitter:card\" content=\"summary_large_image\" \/>\n<script type=\"application\/ld+json\" class=\"yoast-schema-graph\">{\"@context\":\"https:\/\/schema.org\",\"@graph\":[{\"@type\":\"WebPage\",\"@id\":\"https:\/\/www.erresse-shop.it\/fr\/shop\/poeles-pots\/sauteuses-et-faitout\/le-creuset-faitout-en-fonte-emaillee-26cm-shell-pink\/\",\"url\":\"https:\/\/www.erresse-shop.it\/fr\/shop\/poeles-pots\/sauteuses-et-faitout\/le-creuset-faitout-en-fonte-emaillee-26cm-shell-pink\/\",\"name\":\"LE CREUSET Faitout en Fonte \u00c9maill\u00e9e 26 cm Shell Pink\",\"isPartOf\":{\"@id\":\"https:\/\/www.erresse-shop.it\/fr\/#website\"},\"datePublished\":\"2020-10-09T07:04:40+00:00\",\"dateModified\":\"2025-01-13T14:48:00+00:00\",\"description\":\"D\u00e9couvrez LE CREUSET Faitout en Fonte \u00c9maill\u00e9e 26 cm Shell Pink sur ErresseShop. Qualit\u00e9, prix r\u00e9duits et achat s\u00e9curis\u00e9 \u2013 commandez d\u00e8s maintenant en ligne !\",\"breadcrumb\":{\"@id\":\"https:\/\/www.erresse-shop.it\/fr\/shop\/poeles-pots\/sauteuses-et-faitout\/le-creuset-faitout-en-fonte-emaillee-26cm-shell-pink\/#breadcrumb\"},\"inLanguage\":\"fr-FR\",\"potentialAction\":[{\"@type\":\"ReadAction\",\"target\":[\"https:\/\/www.erresse-shop.it\/fr\/shop\/poeles-pots\/sauteuses-et-faitout\/le-creuset-faitout-en-fonte-emaillee-26cm-shell-pink\/\"]}]},{\"@type\":\"BreadcrumbList\",\"@id\":\"https:\/\/www.erresse-shop.it\/fr\/shop\/poeles-pots\/sauteuses-et-faitout\/le-creuset-faitout-en-fonte-emaillee-26cm-shell-pink\/#breadcrumb\",\"itemListElement\":[{\"@type\":\"ListItem\",\"position\":1,\"name\":\"Home\",\"item\":\"https:\/\/www.erresse-shop.it\/fr\/\"},{\"@type\":\"ListItem\",\"position\":2,\"name\":\"Shop\",\"item\":\"https:\/\/www.erresse-shop.it\/fr\/shop\/\"},{\"@type\":\"ListItem\",\"position\":3,\"name\":\"LE CREUSET Faitout en Fonte \u00c9maill\u00e9e 26 cm Shell Pink\"}]},{\"@type\":\"WebSite\",\"@id\":\"https:\/\/www.erresse-shop.it\/fr\/#website\",\"url\":\"https:\/\/www.erresse-shop.it\/fr\/\",\"name\":\"Erresse Shop\",\"description\":\"Articoli di qualit\u00e0 per la casa\",\"potentialAction\":[{\"@type\":\"SearchAction\",\"target\":{\"@type\":\"EntryPoint\",\"urlTemplate\":\"https:\/\/www.erresse-shop.it\/fr\/?s={search_term_string}\"},\"query-input\":\"required name=search_term_string\"}],\"inLanguage\":\"fr-FR\"}]}<\/script>\n<!-- \/ Yoast SEO Premium plugin. -->","yoast_head_json":{"title":"LE CREUSET Faitout en Fonte \u00c9maill\u00e9e 26 cm Shell Pink","description":"D\u00e9couvrez LE CREUSET Faitout en Fonte \u00c9maill\u00e9e 26 cm Shell Pink sur ErresseShop. Qualit\u00e9, prix r\u00e9duits et achat s\u00e9curis\u00e9 \u2013 commandez d\u00e8s maintenant en ligne !","robots":{"index":"index","follow":"follow","max-snippet":"max-snippet:-1","max-image-preview":"max-image-preview:large","max-video-preview":"max-video-preview:-1"},"canonical":"https:\/\/www.erresse-shop.it\/fr\/shop\/poeles-pots\/sauteuses-et-faitout\/le-creuset-faitout-en-fonte-emaillee-26cm-shell-pink\/","og_locale":"fr_FR","og_type":"article","og_title":"LE CREUSET Faitout en Fonte \u00c9maill\u00e9e 26 cm Shell Pink","og_description":"D\u00e9couvrez LE CREUSET Faitout en Fonte \u00c9maill\u00e9e 26 cm Shell Pink sur ErresseShop. Qualit\u00e9, prix r\u00e9duits et achat s\u00e9curis\u00e9 \u2013 commandez d\u00e8s maintenant en ligne !","og_url":"https:\/\/www.erresse-shop.it\/fr\/shop\/poeles-pots\/sauteuses-et-faitout\/le-creuset-faitout-en-fonte-emaillee-26cm-shell-pink\/","og_site_name":"Erresse Shop","article_modified_time":"2025-01-13T14:48:00+00:00","og_image":[{"width":800,"height":800,"url":"https:\/\/www.erresse-shop.it\/wp-content\/uploads\/2020\/10\/LE-CREUSET-Tegame-Basso-Evolution-in-Ghisa-26-cm-Shell-Pink.png","type":"image\/png"}],"twitter_card":"summary_large_image","schema":{"@context":"https:\/\/schema.org","@graph":[{"@type":"WebPage","@id":"https:\/\/www.erresse-shop.it\/fr\/shop\/poeles-pots\/sauteuses-et-faitout\/le-creuset-faitout-en-fonte-emaillee-26cm-shell-pink\/","url":"https:\/\/www.erresse-shop.it\/fr\/shop\/poeles-pots\/sauteuses-et-faitout\/le-creuset-faitout-en-fonte-emaillee-26cm-shell-pink\/","name":"LE CREUSET Faitout en Fonte \u00c9maill\u00e9e 26 cm Shell Pink","isPartOf":{"@id":"https:\/\/www.erresse-shop.it\/fr\/#website"},"datePublished":"2020-10-09T07:04:40+00:00","dateModified":"2025-01-13T14:48:00+00:00","description":"D\u00e9couvrez LE CREUSET Faitout en Fonte \u00c9maill\u00e9e 26 cm Shell Pink sur ErresseShop. Qualit\u00e9, prix r\u00e9duits et achat s\u00e9curis\u00e9 \u2013 commandez d\u00e8s maintenant en ligne !","breadcrumb":{"@id":"https:\/\/www.erresse-shop.it\/fr\/shop\/poeles-pots\/sauteuses-et-faitout\/le-creuset-faitout-en-fonte-emaillee-26cm-shell-pink\/#breadcrumb"},"inLanguage":"fr-FR","potentialAction":[{"@type":"ReadAction","target":["https:\/\/www.erresse-shop.it\/fr\/shop\/poeles-pots\/sauteuses-et-faitout\/le-creuset-faitout-en-fonte-emaillee-26cm-shell-pink\/"]}]},{"@type":"BreadcrumbList","@id":"https:\/\/www.erresse-shop.it\/fr\/shop\/poeles-pots\/sauteuses-et-faitout\/le-creuset-faitout-en-fonte-emaillee-26cm-shell-pink\/#breadcrumb","itemListElement":[{"@type":"ListItem","position":1,"name":"Home","item":"https:\/\/www.erresse-shop.it\/fr\/"},{"@type":"ListItem","position":2,"name":"Shop","item":"https:\/\/www.erresse-shop.it\/fr\/shop\/"},{"@type":"ListItem","position":3,"name":"LE CREUSET Faitout en Fonte \u00c9maill\u00e9e 26 cm Shell Pink"}]},{"@type":"WebSite","@id":"https:\/\/www.erresse-shop.it\/fr\/#website","url":"https:\/\/www.erresse-shop.it\/fr\/","name":"Erresse Shop","description":"Articoli di qualit\u00e0 per la casa","potentialAction":[{"@type":"SearchAction","target":{"@type":"EntryPoint","urlTemplate":"https:\/\/www.erresse-shop.it\/fr\/?s={search_term_string}"},"query-input":"required name=search_term_string"}],"inLanguage":"fr-FR"}]}},"df_price":134.55,"df_sale_price":134.55,"df_regular_price":299,"df_image_link":"https:\/\/www.erresse-shop.it\/wp-content\/uploads\/2020\/10\/LE-CREUSET-Tegame-Basso-Evolution-in-Ghisa-26-cm-Shell-Pink-300x300.jpg","_links":{"self":[{"href":"https:\/\/www.erresse-shop.it\/fr\/wp-json\/wp\/v2\/product\/78320"}],"collection":[{"href":"https:\/\/www.erresse-shop.it\/fr\/wp-json\/wp\/v2\/product"}],"about":[{"href":"https:\/\/www.erresse-shop.it\/fr\/wp-json\/wp\/v2\/types\/product"}],"wp:featuredmedia":[{"embeddable":true,"href":"https:\/\/www.erresse-shop.it\/fr\/wp-json\/wp\/v2\/media\/502790"}],"wp:attachment":[{"href":"https:\/\/www.erresse-shop.it\/fr\/wp-json\/wp\/v2\/media?parent=78320"}],"wp:term":[{"taxonomy":"product_cat","embeddable":true,"href":"https:\/\/www.erresse-shop.it\/fr\/wp-json\/wp\/v2\/product_cat?post=78320"},{"taxonomy":"product_tag","embeddable":true,"href":"https:\/\/www.erresse-shop.it\/fr\/wp-json\/wp\/v2\/product_tag?post=78320"}],"curies":[{"name":"wp","href":"https:\/\/api.w.org\/{rel}","templated":true}]}}