{"id":75873,"date":"2020-09-24T07:32:06","date_gmt":"2020-09-24T07:32:07","guid":{"rendered":"https:\/\/www.erresse-shop.it\/?post_type=product&#038;p=75873"},"modified":"2025-02-26T06:52:10","modified_gmt":"2025-02-26T06:52:10","slug":"alessi-set-de-casseroles-et-pots-7-pcs","status":"publish","type":"product","link":"https:\/\/www.erresse-shop.it\/fr\/shop\/poeles-pots\/batteries-de-cuisine\/alessi-set-de-casseroles-et-pots-7-pcs\/","title":{"rendered":"ALESSI Set de Casseroles et Pots 7 pcs"},"content":{"rendered":"<p>Les pots de la collection Mami, cr\u00e9\u00e9s par le designer Stefano Giovannoni, sont un hymne aux formes douces et arrondies des outils qui composent la tradition italienne et dont les d\u00e9licieuses senteurs du d\u00e9jeuner dominical pour toute la famille se r\u00e9pandent dans toute la maison. Le set de casseroles Mami est en acier inoxydable 18\/10, avec une finition brillante<\/p>\n<p>Batterie de cuisine :<br \/>\n&#8211; Marmite 20 cm (SG100\/20)<br \/>\n&#8211; Casserole \u00e0 deux poign\u00e9es 20 cm (SG101\/20)<br \/>\n&#8211; Cocotte basse \u00e0 deux poign\u00e9es 24 cm (SG102\/24)<br \/>\n&#8211; Casserole 14 cm (SG105\/14)<br \/>\n&#8211; Couvercle 14 cm (SG200\/14)<br \/>\n&#8211; Couvercle 20 cm (SG200\/20)<br \/>\n&#8211; Couvercle 24 cm (SG200\/24)<\/p>\n<p>Convient pour l&#8217;int\u00e9gration<br \/>\nLavable au lave-vaisselle<\/p>\n","protected":false},"excerpt":{"rendered":"<p>Les pots de la collection Mami, cr\u00e9\u00e9s par le designer Stefano Giovannoni, sont un hymne aux formes douces et arrondies<\/p>\n","protected":false},"featured_media":472004,"template":"","meta":{"_acf_changed":false,"inline_featured_image":false},"product_cat":[12458,14780],"product_tag":[13307,23467,12469,13685],"acf":[],"yoast_head":"<!-- This site is optimized with the Yoast SEO Premium plugin v18.6 (Yoast SEO v19.13) - https:\/\/yoast.com\/wordpress\/plugins\/seo\/ -->\n<title>ALESSI Set de Casseroles et Pots 7 pcs - Erresse Shop<\/title>\n<meta name=\"description\" content=\"Les pots de la collection Mami, cr\u00e9\u00e9s par le designer Stefano Giovannoni, sont un hymne aux formes douces et arrondies des outils qui composent la\" \/>\n<meta name=\"robots\" content=\"index, follow, max-snippet:-1, max-image-preview:large, max-video-preview:-1\" \/>\n<link rel=\"canonical\" href=\"https:\/\/www.erresse-shop.it\/fr\/shop\/poeles-pots\/batteries-de-cuisine\/alessi-set-de-casseroles-et-pots-7-pcs\/\" \/>\n<meta property=\"og:locale\" content=\"fr_FR\" \/>\n<meta property=\"og:type\" content=\"article\" \/>\n<meta property=\"og:title\" content=\"ALESSI Set de Casseroles et Pots 7 pcs\" \/>\n<meta property=\"og:description\" content=\"Les pots de la collection Mami, cr\u00e9\u00e9s par le designer Stefano Giovannoni, sont un hymne aux formes douces et arrondies des outils qui composent la\" \/>\n<meta property=\"og:url\" content=\"https:\/\/www.erresse-shop.it\/fr\/shop\/poeles-pots\/batteries-de-cuisine\/alessi-set-de-casseroles-et-pots-7-pcs\/\" \/>\n<meta property=\"og:site_name\" content=\"Erresse Shop\" \/>\n<meta property=\"article:modified_time\" content=\"2025-02-26T06:52:10+00:00\" \/>\n<meta property=\"og:image\" content=\"https:\/\/www.erresse-shop.it\/wp-content\/uploads\/2020\/09\/ALESSI-Mami-Set-di-Pentole-7-pz.jpg\" \/>\n\t<meta property=\"og:image:width\" content=\"1200\" \/>\n\t<meta property=\"og:image:height\" content=\"1200\" \/>\n\t<meta property=\"og:image:type\" content=\"image\/jpeg\" \/>\n<meta name=\"twitter:card\" content=\"summary_large_image\" \/>\n<script type=\"application\/ld+json\" class=\"yoast-schema-graph\">{\"@context\":\"https:\/\/schema.org\",\"@graph\":[{\"@type\":\"WebPage\",\"@id\":\"https:\/\/www.erresse-shop.it\/fr\/shop\/poeles-pots\/batteries-de-cuisine\/alessi-set-de-casseroles-et-pots-7-pcs\/\",\"url\":\"https:\/\/www.erresse-shop.it\/fr\/shop\/poeles-pots\/batteries-de-cuisine\/alessi-set-de-casseroles-et-pots-7-pcs\/\",\"name\":\"ALESSI Set de Casseroles et Pots 7 pcs - Erresse Shop\",\"isPartOf\":{\"@id\":\"https:\/\/www.erresse-shop.it\/fr\/#website\"},\"datePublished\":\"2020-09-24T07:32:07+00:00\",\"dateModified\":\"2025-02-26T06:52:10+00:00\",\"description\":\"Les pots de la collection Mami, cr\u00e9\u00e9s par le designer Stefano Giovannoni, sont un hymne aux formes douces et arrondies des outils qui composent la\",\"breadcrumb\":{\"@id\":\"https:\/\/www.erresse-shop.it\/fr\/shop\/poeles-pots\/batteries-de-cuisine\/alessi-set-de-casseroles-et-pots-7-pcs\/#breadcrumb\"},\"inLanguage\":\"fr-FR\",\"potentialAction\":[{\"@type\":\"ReadAction\",\"target\":[\"https:\/\/www.erresse-shop.it\/fr\/shop\/poeles-pots\/batteries-de-cuisine\/alessi-set-de-casseroles-et-pots-7-pcs\/\"]}]},{\"@type\":\"BreadcrumbList\",\"@id\":\"https:\/\/www.erresse-shop.it\/fr\/shop\/poeles-pots\/batteries-de-cuisine\/alessi-set-de-casseroles-et-pots-7-pcs\/#breadcrumb\",\"itemListElement\":[{\"@type\":\"ListItem\",\"position\":1,\"name\":\"Home\",\"item\":\"https:\/\/www.erresse-shop.it\/fr\/\"},{\"@type\":\"ListItem\",\"position\":2,\"name\":\"Shop\",\"item\":\"https:\/\/www.erresse-shop.it\/fr\/shop\/\"},{\"@type\":\"ListItem\",\"position\":3,\"name\":\"ALESSI Set de Casseroles et Pots 7 pcs\"}]},{\"@type\":\"WebSite\",\"@id\":\"https:\/\/www.erresse-shop.it\/fr\/#website\",\"url\":\"https:\/\/www.erresse-shop.it\/fr\/\",\"name\":\"Erresse Shop\",\"description\":\"Articoli di qualit\u00e0 per la casa\",\"potentialAction\":[{\"@type\":\"SearchAction\",\"target\":{\"@type\":\"EntryPoint\",\"urlTemplate\":\"https:\/\/www.erresse-shop.it\/fr\/?s={search_term_string}\"},\"query-input\":\"required name=search_term_string\"}],\"inLanguage\":\"fr-FR\"}]}<\/script>\n<!-- \/ Yoast SEO Premium plugin. -->","yoast_head_json":{"title":"ALESSI Set de Casseroles et Pots 7 pcs - Erresse Shop","description":"Les pots de la collection Mami, cr\u00e9\u00e9s par le designer Stefano Giovannoni, sont un hymne aux formes douces et arrondies des outils qui composent la","robots":{"index":"index","follow":"follow","max-snippet":"max-snippet:-1","max-image-preview":"max-image-preview:large","max-video-preview":"max-video-preview:-1"},"canonical":"https:\/\/www.erresse-shop.it\/fr\/shop\/poeles-pots\/batteries-de-cuisine\/alessi-set-de-casseroles-et-pots-7-pcs\/","og_locale":"fr_FR","og_type":"article","og_title":"ALESSI Set de Casseroles et Pots 7 pcs","og_description":"Les pots de la collection Mami, cr\u00e9\u00e9s par le designer Stefano Giovannoni, sont un hymne aux formes douces et arrondies des outils qui composent la","og_url":"https:\/\/www.erresse-shop.it\/fr\/shop\/poeles-pots\/batteries-de-cuisine\/alessi-set-de-casseroles-et-pots-7-pcs\/","og_site_name":"Erresse Shop","article_modified_time":"2025-02-26T06:52:10+00:00","og_image":[{"width":1200,"height":1200,"url":"https:\/\/www.erresse-shop.it\/wp-content\/uploads\/2020\/09\/ALESSI-Mami-Set-di-Pentole-7-pz.jpg","type":"image\/jpeg"}],"twitter_card":"summary_large_image","schema":{"@context":"https:\/\/schema.org","@graph":[{"@type":"WebPage","@id":"https:\/\/www.erresse-shop.it\/fr\/shop\/poeles-pots\/batteries-de-cuisine\/alessi-set-de-casseroles-et-pots-7-pcs\/","url":"https:\/\/www.erresse-shop.it\/fr\/shop\/poeles-pots\/batteries-de-cuisine\/alessi-set-de-casseroles-et-pots-7-pcs\/","name":"ALESSI Set de Casseroles et Pots 7 pcs - Erresse Shop","isPartOf":{"@id":"https:\/\/www.erresse-shop.it\/fr\/#website"},"datePublished":"2020-09-24T07:32:07+00:00","dateModified":"2025-02-26T06:52:10+00:00","description":"Les pots de la collection Mami, cr\u00e9\u00e9s par le designer Stefano Giovannoni, sont un hymne aux formes douces et arrondies des outils qui composent la","breadcrumb":{"@id":"https:\/\/www.erresse-shop.it\/fr\/shop\/poeles-pots\/batteries-de-cuisine\/alessi-set-de-casseroles-et-pots-7-pcs\/#breadcrumb"},"inLanguage":"fr-FR","potentialAction":[{"@type":"ReadAction","target":["https:\/\/www.erresse-shop.it\/fr\/shop\/poeles-pots\/batteries-de-cuisine\/alessi-set-de-casseroles-et-pots-7-pcs\/"]}]},{"@type":"BreadcrumbList","@id":"https:\/\/www.erresse-shop.it\/fr\/shop\/poeles-pots\/batteries-de-cuisine\/alessi-set-de-casseroles-et-pots-7-pcs\/#breadcrumb","itemListElement":[{"@type":"ListItem","position":1,"name":"Home","item":"https:\/\/www.erresse-shop.it\/fr\/"},{"@type":"ListItem","position":2,"name":"Shop","item":"https:\/\/www.erresse-shop.it\/fr\/shop\/"},{"@type":"ListItem","position":3,"name":"ALESSI Set de Casseroles et Pots 7 pcs"}]},{"@type":"WebSite","@id":"https:\/\/www.erresse-shop.it\/fr\/#website","url":"https:\/\/www.erresse-shop.it\/fr\/","name":"Erresse Shop","description":"Articoli di qualit\u00e0 per la casa","potentialAction":[{"@type":"SearchAction","target":{"@type":"EntryPoint","urlTemplate":"https:\/\/www.erresse-shop.it\/fr\/?s={search_term_string}"},"query-input":"required name=search_term_string"}],"inLanguage":"fr-FR"}]}},"df_price":289.95,"df_sale_price":289.95,"df_regular_price":400,"df_image_link":"https:\/\/www.erresse-shop.it\/wp-content\/uploads\/2020\/09\/ALESSI-Mami-Set-di-Pentole-7-pz-300x300.jpg","_links":{"self":[{"href":"https:\/\/www.erresse-shop.it\/fr\/wp-json\/wp\/v2\/product\/75873"}],"collection":[{"href":"https:\/\/www.erresse-shop.it\/fr\/wp-json\/wp\/v2\/product"}],"about":[{"href":"https:\/\/www.erresse-shop.it\/fr\/wp-json\/wp\/v2\/types\/product"}],"wp:featuredmedia":[{"embeddable":true,"href":"https:\/\/www.erresse-shop.it\/fr\/wp-json\/wp\/v2\/media\/472004"}],"wp:attachment":[{"href":"https:\/\/www.erresse-shop.it\/fr\/wp-json\/wp\/v2\/media?parent=75873"}],"wp:term":[{"taxonomy":"product_cat","embeddable":true,"href":"https:\/\/www.erresse-shop.it\/fr\/wp-json\/wp\/v2\/product_cat?post=75873"},{"taxonomy":"product_tag","embeddable":true,"href":"https:\/\/www.erresse-shop.it\/fr\/wp-json\/wp\/v2\/product_tag?post=75873"}],"curies":[{"name":"wp","href":"https:\/\/api.w.org\/{rel}","templated":true}]}}