{"id":75852,"date":"2020-09-24T07:14:01","date_gmt":"2020-09-24T07:14:03","guid":{"rendered":"https:\/\/www.erresse-shop.it\/?post_type=product&#038;p=75852"},"modified":"2025-03-04T10:22:14","modified_gmt":"2025-03-04T10:22:14","slug":"alessi-panier-rond-en-fil-de-fer","status":"publish","type":"product","link":"https:\/\/www.erresse-shop.it\/fr\/shop\/table-fr-2\/recipients-et-bols\/alessi-panier-rond-en-fil-de-fer\/","title":{"rendered":"ALESSI Panier rond en fil de fer 24 cm"},"content":{"rendered":"<p>Le panier &#8220;826&#8221; appartient \u00e0 une cat\u00e9gorie d&#8217;objets pr\u00e9sents dans le m\u00e9nage depuis des si\u00e8cles : le panier en fil de m\u00e9tal. Il s&#8217;agit du premier objet issu de la recherche technologique sur le fil m\u00e9tallique pli\u00e9 men\u00e9e par le Bureau technique d&#8217;Alessi dans la seconde moiti\u00e9 des ann\u00e9es 1940.<\/p>\n<p>Panier en fil m\u00e9tallique rond en acier inoxydable 18\/10<\/p>\n<p>Dimensions<br \/>\n&#8211; Diam\u00e8tre : 24,50 cm<br \/>\n&#8211; Hauteur : 8,50 cm<\/p>\n","protected":false},"excerpt":{"rendered":"<p>Le panier &#8220;826&#8221; appartient \u00e0 une cat\u00e9gorie d&#8217;objets pr\u00e9sents dans le m\u00e9nage depuis des si\u00e8cles : le panier en fil<\/p>\n","protected":false},"featured_media":474096,"template":"","meta":{"_acf_changed":false,"inline_featured_image":false},"product_cat":[14244,12782],"product_tag":[13485],"acf":[],"yoast_head":"<!-- This site is optimized with the Yoast SEO Premium plugin v18.6 (Yoast SEO v19.13) - https:\/\/yoast.com\/wordpress\/plugins\/seo\/ -->\n<title>ALESSI Panier rond en fil de fer 24 cm - Erresse Shop<\/title>\n<meta name=\"description\" content=\"Le panier &quot;826&quot; appartient \u00e0 une cat\u00e9gorie d&#039;objets pr\u00e9sents dans le m\u00e9nage depuis des si\u00e8cles : le panier en fil de m\u00e9tal. Il s&#039;agit du premier objet\" \/>\n<meta name=\"robots\" content=\"index, follow, max-snippet:-1, max-image-preview:large, max-video-preview:-1\" \/>\n<link rel=\"canonical\" href=\"https:\/\/www.erresse-shop.it\/fr\/shop\/table-fr-2\/recipients-et-bols\/alessi-panier-rond-en-fil-de-fer\/\" \/>\n<meta property=\"og:locale\" content=\"fr_FR\" \/>\n<meta property=\"og:type\" content=\"article\" \/>\n<meta property=\"og:title\" content=\"ALESSI Panier rond en fil de fer 24 cm\" \/>\n<meta property=\"og:description\" content=\"Le panier &quot;826&quot; appartient \u00e0 une cat\u00e9gorie d&#039;objets pr\u00e9sents dans le m\u00e9nage depuis des si\u00e8cles : le panier en fil de m\u00e9tal. Il s&#039;agit du premier objet\" \/>\n<meta property=\"og:url\" content=\"https:\/\/www.erresse-shop.it\/fr\/shop\/table-fr-2\/recipients-et-bols\/alessi-panier-rond-en-fil-de-fer\/\" \/>\n<meta property=\"og:site_name\" content=\"Erresse Shop\" \/>\n<meta property=\"article:modified_time\" content=\"2025-03-04T10:22:14+00:00\" \/>\n<meta property=\"og:image\" content=\"https:\/\/www.erresse-shop.it\/wp-content\/uploads\/2020\/09\/ALESSI-Cestino-a-Filo-Rotondo-24-cm.jpg\" \/>\n\t<meta property=\"og:image:width\" content=\"1200\" \/>\n\t<meta property=\"og:image:height\" content=\"1200\" \/>\n\t<meta property=\"og:image:type\" content=\"image\/jpeg\" \/>\n<meta name=\"twitter:card\" content=\"summary_large_image\" \/>\n<script type=\"application\/ld+json\" class=\"yoast-schema-graph\">{\"@context\":\"https:\/\/schema.org\",\"@graph\":[{\"@type\":\"WebPage\",\"@id\":\"https:\/\/www.erresse-shop.it\/fr\/shop\/table-fr-2\/recipients-et-bols\/alessi-panier-rond-en-fil-de-fer\/\",\"url\":\"https:\/\/www.erresse-shop.it\/fr\/shop\/table-fr-2\/recipients-et-bols\/alessi-panier-rond-en-fil-de-fer\/\",\"name\":\"ALESSI Panier rond en fil de fer 24 cm - Erresse Shop\",\"isPartOf\":{\"@id\":\"https:\/\/www.erresse-shop.it\/fr\/#website\"},\"datePublished\":\"2020-09-24T07:14:03+00:00\",\"dateModified\":\"2025-03-04T10:22:14+00:00\",\"description\":\"Le panier \\\"826\\\" appartient \u00e0 une cat\u00e9gorie d'objets pr\u00e9sents dans le m\u00e9nage depuis des si\u00e8cles : le panier en fil de m\u00e9tal. Il s'agit du premier objet\",\"breadcrumb\":{\"@id\":\"https:\/\/www.erresse-shop.it\/fr\/shop\/table-fr-2\/recipients-et-bols\/alessi-panier-rond-en-fil-de-fer\/#breadcrumb\"},\"inLanguage\":\"fr-FR\",\"potentialAction\":[{\"@type\":\"ReadAction\",\"target\":[\"https:\/\/www.erresse-shop.it\/fr\/shop\/table-fr-2\/recipients-et-bols\/alessi-panier-rond-en-fil-de-fer\/\"]}]},{\"@type\":\"BreadcrumbList\",\"@id\":\"https:\/\/www.erresse-shop.it\/fr\/shop\/table-fr-2\/recipients-et-bols\/alessi-panier-rond-en-fil-de-fer\/#breadcrumb\",\"itemListElement\":[{\"@type\":\"ListItem\",\"position\":1,\"name\":\"Home\",\"item\":\"https:\/\/www.erresse-shop.it\/fr\/\"},{\"@type\":\"ListItem\",\"position\":2,\"name\":\"Shop\",\"item\":\"https:\/\/www.erresse-shop.it\/fr\/shop\/\"},{\"@type\":\"ListItem\",\"position\":3,\"name\":\"ALESSI Panier rond en fil de fer 24 cm\"}]},{\"@type\":\"WebSite\",\"@id\":\"https:\/\/www.erresse-shop.it\/fr\/#website\",\"url\":\"https:\/\/www.erresse-shop.it\/fr\/\",\"name\":\"Erresse Shop\",\"description\":\"Articoli di qualit\u00e0 per la casa\",\"potentialAction\":[{\"@type\":\"SearchAction\",\"target\":{\"@type\":\"EntryPoint\",\"urlTemplate\":\"https:\/\/www.erresse-shop.it\/fr\/?s={search_term_string}\"},\"query-input\":\"required name=search_term_string\"}],\"inLanguage\":\"fr-FR\"}]}<\/script>\n<!-- \/ Yoast SEO Premium plugin. -->","yoast_head_json":{"title":"ALESSI Panier rond en fil de fer 24 cm - Erresse Shop","description":"Le panier \"826\" appartient \u00e0 une cat\u00e9gorie d'objets pr\u00e9sents dans le m\u00e9nage depuis des si\u00e8cles : le panier en fil de m\u00e9tal. Il s'agit du premier objet","robots":{"index":"index","follow":"follow","max-snippet":"max-snippet:-1","max-image-preview":"max-image-preview:large","max-video-preview":"max-video-preview:-1"},"canonical":"https:\/\/www.erresse-shop.it\/fr\/shop\/table-fr-2\/recipients-et-bols\/alessi-panier-rond-en-fil-de-fer\/","og_locale":"fr_FR","og_type":"article","og_title":"ALESSI Panier rond en fil de fer 24 cm","og_description":"Le panier \"826\" appartient \u00e0 une cat\u00e9gorie d'objets pr\u00e9sents dans le m\u00e9nage depuis des si\u00e8cles : le panier en fil de m\u00e9tal. Il s'agit du premier objet","og_url":"https:\/\/www.erresse-shop.it\/fr\/shop\/table-fr-2\/recipients-et-bols\/alessi-panier-rond-en-fil-de-fer\/","og_site_name":"Erresse Shop","article_modified_time":"2025-03-04T10:22:14+00:00","og_image":[{"width":1200,"height":1200,"url":"https:\/\/www.erresse-shop.it\/wp-content\/uploads\/2020\/09\/ALESSI-Cestino-a-Filo-Rotondo-24-cm.jpg","type":"image\/jpeg"}],"twitter_card":"summary_large_image","schema":{"@context":"https:\/\/schema.org","@graph":[{"@type":"WebPage","@id":"https:\/\/www.erresse-shop.it\/fr\/shop\/table-fr-2\/recipients-et-bols\/alessi-panier-rond-en-fil-de-fer\/","url":"https:\/\/www.erresse-shop.it\/fr\/shop\/table-fr-2\/recipients-et-bols\/alessi-panier-rond-en-fil-de-fer\/","name":"ALESSI Panier rond en fil de fer 24 cm - Erresse Shop","isPartOf":{"@id":"https:\/\/www.erresse-shop.it\/fr\/#website"},"datePublished":"2020-09-24T07:14:03+00:00","dateModified":"2025-03-04T10:22:14+00:00","description":"Le panier \"826\" appartient \u00e0 une cat\u00e9gorie d'objets pr\u00e9sents dans le m\u00e9nage depuis des si\u00e8cles : le panier en fil de m\u00e9tal. Il s'agit du premier objet","breadcrumb":{"@id":"https:\/\/www.erresse-shop.it\/fr\/shop\/table-fr-2\/recipients-et-bols\/alessi-panier-rond-en-fil-de-fer\/#breadcrumb"},"inLanguage":"fr-FR","potentialAction":[{"@type":"ReadAction","target":["https:\/\/www.erresse-shop.it\/fr\/shop\/table-fr-2\/recipients-et-bols\/alessi-panier-rond-en-fil-de-fer\/"]}]},{"@type":"BreadcrumbList","@id":"https:\/\/www.erresse-shop.it\/fr\/shop\/table-fr-2\/recipients-et-bols\/alessi-panier-rond-en-fil-de-fer\/#breadcrumb","itemListElement":[{"@type":"ListItem","position":1,"name":"Home","item":"https:\/\/www.erresse-shop.it\/fr\/"},{"@type":"ListItem","position":2,"name":"Shop","item":"https:\/\/www.erresse-shop.it\/fr\/shop\/"},{"@type":"ListItem","position":3,"name":"ALESSI Panier rond en fil de fer 24 cm"}]},{"@type":"WebSite","@id":"https:\/\/www.erresse-shop.it\/fr\/#website","url":"https:\/\/www.erresse-shop.it\/fr\/","name":"Erresse Shop","description":"Articoli di qualit\u00e0 per la casa","potentialAction":[{"@type":"SearchAction","target":{"@type":"EntryPoint","urlTemplate":"https:\/\/www.erresse-shop.it\/fr\/?s={search_term_string}"},"query-input":"required name=search_term_string"}],"inLanguage":"fr-FR"}]}},"df_price":52.5,"df_sale_price":52.5,"df_regular_price":105,"df_image_link":"https:\/\/www.erresse-shop.it\/wp-content\/uploads\/2020\/09\/ALESSI-Cestino-a-Filo-Rotondo-24-cm-300x300.jpg","_links":{"self":[{"href":"https:\/\/www.erresse-shop.it\/fr\/wp-json\/wp\/v2\/product\/75852"}],"collection":[{"href":"https:\/\/www.erresse-shop.it\/fr\/wp-json\/wp\/v2\/product"}],"about":[{"href":"https:\/\/www.erresse-shop.it\/fr\/wp-json\/wp\/v2\/types\/product"}],"wp:featuredmedia":[{"embeddable":true,"href":"https:\/\/www.erresse-shop.it\/fr\/wp-json\/wp\/v2\/media\/474096"}],"wp:attachment":[{"href":"https:\/\/www.erresse-shop.it\/fr\/wp-json\/wp\/v2\/media?parent=75852"}],"wp:term":[{"taxonomy":"product_cat","embeddable":true,"href":"https:\/\/www.erresse-shop.it\/fr\/wp-json\/wp\/v2\/product_cat?post=75852"},{"taxonomy":"product_tag","embeddable":true,"href":"https:\/\/www.erresse-shop.it\/fr\/wp-json\/wp\/v2\/product_tag?post=75852"}],"curies":[{"name":"wp","href":"https:\/\/api.w.org\/{rel}","templated":true}]}}