{"id":75673,"date":"2020-09-22T12:52:25","date_gmt":"2020-09-22T12:52:27","guid":{"rendered":"https:\/\/www.erresse-shop.it\/?post_type=product&#038;p=75673"},"modified":"2025-03-06T10:27:23","modified_gmt":"2025-03-06T10:27:23","slug":"alessi-bark-centre-de-table","status":"publish","type":"product","link":"https:\/\/www.erresse-shop.it\/fr\/shop\/table-fr-2\/plateaux\/alessi-bark-centre-de-table\/","title":{"rendered":"ALESSI Bark Centre de Table"},"content":{"rendered":"<p>Le centre de table Bark, de l&#8217;anglais &#8220;bark&#8221;, est un objet hautement po\u00e9tique mais en m\u00eame temps fonctionnel. Inspir\u00e9 de la nature des bois, le design perfor\u00e9 permet le passage de l&#8217;air, n\u00e9cessaire pour laisser respirer les fruits et les conserver au mieux. Son profil profil\u00e9 et ses grandes dimensions le rendent adapt\u00e9 \u00e0 une utilisation aussi bien comme r\u00e9cipient que comme pi\u00e8ce ma\u00eetresse. La collection Bark est fabriqu\u00e9e en acier inoxydable.<\/p>\n<p>Caract\u00e9ristiques<br \/>\n&#8211; Hauteur : 5 cm<br \/>\n&#8211; Longueur : 51,50 cm<br \/>\n&#8211; Largeur : 19,50 cm<\/p>\n","protected":false},"excerpt":{"rendered":"<p>Le centre de table Bark, de l&#8217;anglais &#8220;bark&#8221;, est un objet hautement po\u00e9tique mais en m\u00eame temps fonctionnel. Inspir\u00e9 de<\/p>\n","protected":false},"featured_media":475109,"template":"","meta":{"_acf_changed":false,"inline_featured_image":false},"product_cat":[12792,12782],"product_tag":[13671,12817],"acf":[],"yoast_head":"<!-- This site is optimized with the Yoast SEO Premium plugin v18.6 (Yoast SEO v19.13) - https:\/\/yoast.com\/wordpress\/plugins\/seo\/ -->\n<title>ALESSI Bark Centre de Table - Erresse Shop<\/title>\n<meta name=\"description\" content=\"Le centre de table Bark, de l&#039;anglais &quot;bark&quot;, est un objet hautement po\u00e9tique mais en m\u00eame temps fonctionnel. Inspir\u00e9 de la nature des bois, le design\" \/>\n<meta name=\"robots\" content=\"index, follow, max-snippet:-1, max-image-preview:large, max-video-preview:-1\" \/>\n<link rel=\"canonical\" href=\"https:\/\/www.erresse-shop.it\/fr\/shop\/table-fr-2\/plateaux\/alessi-bark-centre-de-table\/\" \/>\n<meta property=\"og:locale\" content=\"fr_FR\" \/>\n<meta property=\"og:type\" content=\"article\" \/>\n<meta property=\"og:title\" content=\"ALESSI Bark Centre de Table\" \/>\n<meta property=\"og:description\" content=\"Le centre de table Bark, de l&#039;anglais &quot;bark&quot;, est un objet hautement po\u00e9tique mais en m\u00eame temps fonctionnel. Inspir\u00e9 de la nature des bois, le design\" \/>\n<meta property=\"og:url\" content=\"https:\/\/www.erresse-shop.it\/fr\/shop\/table-fr-2\/plateaux\/alessi-bark-centre-de-table\/\" \/>\n<meta property=\"og:site_name\" content=\"Erresse Shop\" \/>\n<meta property=\"article:modified_time\" content=\"2025-03-06T10:27:23+00:00\" \/>\n<meta property=\"og:image\" content=\"https:\/\/www.erresse-shop.it\/wp-content\/uploads\/2020\/09\/ALESSI-Bark-Centrotavola.jpg\" \/>\n\t<meta property=\"og:image:width\" content=\"1200\" \/>\n\t<meta property=\"og:image:height\" content=\"1200\" \/>\n\t<meta property=\"og:image:type\" content=\"image\/jpeg\" \/>\n<meta name=\"twitter:card\" content=\"summary_large_image\" \/>\n<script type=\"application\/ld+json\" class=\"yoast-schema-graph\">{\"@context\":\"https:\/\/schema.org\",\"@graph\":[{\"@type\":\"WebPage\",\"@id\":\"https:\/\/www.erresse-shop.it\/fr\/shop\/table-fr-2\/plateaux\/alessi-bark-centre-de-table\/\",\"url\":\"https:\/\/www.erresse-shop.it\/fr\/shop\/table-fr-2\/plateaux\/alessi-bark-centre-de-table\/\",\"name\":\"ALESSI Bark Centre de Table - Erresse Shop\",\"isPartOf\":{\"@id\":\"https:\/\/www.erresse-shop.it\/fr\/#website\"},\"datePublished\":\"2020-09-22T12:52:27+00:00\",\"dateModified\":\"2025-03-06T10:27:23+00:00\",\"description\":\"Le centre de table Bark, de l'anglais \\\"bark\\\", est un objet hautement po\u00e9tique mais en m\u00eame temps fonctionnel. Inspir\u00e9 de la nature des bois, le design\",\"breadcrumb\":{\"@id\":\"https:\/\/www.erresse-shop.it\/fr\/shop\/table-fr-2\/plateaux\/alessi-bark-centre-de-table\/#breadcrumb\"},\"inLanguage\":\"fr-FR\",\"potentialAction\":[{\"@type\":\"ReadAction\",\"target\":[\"https:\/\/www.erresse-shop.it\/fr\/shop\/table-fr-2\/plateaux\/alessi-bark-centre-de-table\/\"]}]},{\"@type\":\"BreadcrumbList\",\"@id\":\"https:\/\/www.erresse-shop.it\/fr\/shop\/table-fr-2\/plateaux\/alessi-bark-centre-de-table\/#breadcrumb\",\"itemListElement\":[{\"@type\":\"ListItem\",\"position\":1,\"name\":\"Home\",\"item\":\"https:\/\/www.erresse-shop.it\/fr\/\"},{\"@type\":\"ListItem\",\"position\":2,\"name\":\"Shop\",\"item\":\"https:\/\/www.erresse-shop.it\/fr\/shop\/\"},{\"@type\":\"ListItem\",\"position\":3,\"name\":\"ALESSI Bark Centre de Table\"}]},{\"@type\":\"WebSite\",\"@id\":\"https:\/\/www.erresse-shop.it\/fr\/#website\",\"url\":\"https:\/\/www.erresse-shop.it\/fr\/\",\"name\":\"Erresse Shop\",\"description\":\"Articoli di qualit\u00e0 per la casa\",\"potentialAction\":[{\"@type\":\"SearchAction\",\"target\":{\"@type\":\"EntryPoint\",\"urlTemplate\":\"https:\/\/www.erresse-shop.it\/fr\/?s={search_term_string}\"},\"query-input\":\"required name=search_term_string\"}],\"inLanguage\":\"fr-FR\"}]}<\/script>\n<!-- \/ Yoast SEO Premium plugin. -->","yoast_head_json":{"title":"ALESSI Bark Centre de Table - Erresse Shop","description":"Le centre de table Bark, de l'anglais \"bark\", est un objet hautement po\u00e9tique mais en m\u00eame temps fonctionnel. Inspir\u00e9 de la nature des bois, le design","robots":{"index":"index","follow":"follow","max-snippet":"max-snippet:-1","max-image-preview":"max-image-preview:large","max-video-preview":"max-video-preview:-1"},"canonical":"https:\/\/www.erresse-shop.it\/fr\/shop\/table-fr-2\/plateaux\/alessi-bark-centre-de-table\/","og_locale":"fr_FR","og_type":"article","og_title":"ALESSI Bark Centre de Table","og_description":"Le centre de table Bark, de l'anglais \"bark\", est un objet hautement po\u00e9tique mais en m\u00eame temps fonctionnel. Inspir\u00e9 de la nature des bois, le design","og_url":"https:\/\/www.erresse-shop.it\/fr\/shop\/table-fr-2\/plateaux\/alessi-bark-centre-de-table\/","og_site_name":"Erresse Shop","article_modified_time":"2025-03-06T10:27:23+00:00","og_image":[{"width":1200,"height":1200,"url":"https:\/\/www.erresse-shop.it\/wp-content\/uploads\/2020\/09\/ALESSI-Bark-Centrotavola.jpg","type":"image\/jpeg"}],"twitter_card":"summary_large_image","schema":{"@context":"https:\/\/schema.org","@graph":[{"@type":"WebPage","@id":"https:\/\/www.erresse-shop.it\/fr\/shop\/table-fr-2\/plateaux\/alessi-bark-centre-de-table\/","url":"https:\/\/www.erresse-shop.it\/fr\/shop\/table-fr-2\/plateaux\/alessi-bark-centre-de-table\/","name":"ALESSI Bark Centre de Table - Erresse Shop","isPartOf":{"@id":"https:\/\/www.erresse-shop.it\/fr\/#website"},"datePublished":"2020-09-22T12:52:27+00:00","dateModified":"2025-03-06T10:27:23+00:00","description":"Le centre de table Bark, de l'anglais \"bark\", est un objet hautement po\u00e9tique mais en m\u00eame temps fonctionnel. Inspir\u00e9 de la nature des bois, le design","breadcrumb":{"@id":"https:\/\/www.erresse-shop.it\/fr\/shop\/table-fr-2\/plateaux\/alessi-bark-centre-de-table\/#breadcrumb"},"inLanguage":"fr-FR","potentialAction":[{"@type":"ReadAction","target":["https:\/\/www.erresse-shop.it\/fr\/shop\/table-fr-2\/plateaux\/alessi-bark-centre-de-table\/"]}]},{"@type":"BreadcrumbList","@id":"https:\/\/www.erresse-shop.it\/fr\/shop\/table-fr-2\/plateaux\/alessi-bark-centre-de-table\/#breadcrumb","itemListElement":[{"@type":"ListItem","position":1,"name":"Home","item":"https:\/\/www.erresse-shop.it\/fr\/"},{"@type":"ListItem","position":2,"name":"Shop","item":"https:\/\/www.erresse-shop.it\/fr\/shop\/"},{"@type":"ListItem","position":3,"name":"ALESSI Bark Centre de Table"}]},{"@type":"WebSite","@id":"https:\/\/www.erresse-shop.it\/fr\/#website","url":"https:\/\/www.erresse-shop.it\/fr\/","name":"Erresse Shop","description":"Articoli di qualit\u00e0 per la casa","potentialAction":[{"@type":"SearchAction","target":{"@type":"EntryPoint","urlTemplate":"https:\/\/www.erresse-shop.it\/fr\/?s={search_term_string}"},"query-input":"required name=search_term_string"}],"inLanguage":"fr-FR"}]}},"df_price":72.5,"df_sale_price":72.5,"df_regular_price":145,"df_image_link":"https:\/\/www.erresse-shop.it\/wp-content\/uploads\/2020\/09\/ALESSI-Bark-Centrotavola-300x300.jpg","_links":{"self":[{"href":"https:\/\/www.erresse-shop.it\/fr\/wp-json\/wp\/v2\/product\/75673"}],"collection":[{"href":"https:\/\/www.erresse-shop.it\/fr\/wp-json\/wp\/v2\/product"}],"about":[{"href":"https:\/\/www.erresse-shop.it\/fr\/wp-json\/wp\/v2\/types\/product"}],"wp:featuredmedia":[{"embeddable":true,"href":"https:\/\/www.erresse-shop.it\/fr\/wp-json\/wp\/v2\/media\/475109"}],"wp:attachment":[{"href":"https:\/\/www.erresse-shop.it\/fr\/wp-json\/wp\/v2\/media?parent=75673"}],"wp:term":[{"taxonomy":"product_cat","embeddable":true,"href":"https:\/\/www.erresse-shop.it\/fr\/wp-json\/wp\/v2\/product_cat?post=75673"},{"taxonomy":"product_tag","embeddable":true,"href":"https:\/\/www.erresse-shop.it\/fr\/wp-json\/wp\/v2\/product_tag?post=75673"}],"curies":[{"name":"wp","href":"https:\/\/api.w.org\/{rel}","templated":true}]}}