{"id":75267,"date":"2020-09-18T12:43:16","date_gmt":"2020-09-18T12:43:18","guid":{"rendered":"https:\/\/www.erresse-shop.it\/?post_type=product&#038;p=75267"},"modified":"2025-03-06T13:28:11","modified_gmt":"2025-03-06T13:28:11","slug":"alessi-barket-grand-panier","status":"publish","type":"product","link":"https:\/\/www.erresse-shop.it\/fr\/shop\/table-fr-2\/recipients-et-bols\/alessi-barket-grand-panier\/","title":{"rendered":"ALESSI Barket Grand Panier"},"content":{"rendered":"<p>Barket est un panier perfor\u00e9, con\u00e7u pour apporter \u00e0 la table les parfums et les couleurs des aliments du quotidien, ajoutant une touche d&#8217;\u00e9l\u00e9gance \u00e0 la mise en place.<\/p>\n<p>Panier rond en acier.<\/p>\n<div id=\"shopify-section-product-specifications\" class=\"shopify-section\">\n<p>Caract\u00e9ristiques:<\/p>\n<ul class=\"product-specifications\">\n<li class=\"product-specifications__item\"><span class=\"product-specifications__title\">Diam\u00e8tre (cm)\u00a0:\u00a0<\/span><span class=\"product-specifications__value\">21,00<\/span><\/li>\n<li class=\"product-specifications__item\"><span class=\"product-specifications__title\">Hauteur (cm) : 10,00<\/span><\/li>\n<\/ul>\n<\/div>\n","protected":false},"excerpt":{"rendered":"<p>Barket est un panier perfor\u00e9, con\u00e7u pour apporter \u00e0 la table les parfums et les couleurs des aliments du quotidien,<\/p>\n","protected":false},"featured_media":475272,"template":"","meta":{"_acf_changed":false,"inline_featured_image":false},"product_cat":[14244,12782],"product_tag":[12838,13485,12817],"acf":[],"yoast_head":"<!-- This site is optimized with the Yoast SEO Premium plugin v18.6 (Yoast SEO v19.13) - https:\/\/yoast.com\/wordpress\/plugins\/seo\/ -->\n<title>ALESSI Barket Grand Panier - Erresse Shop<\/title>\n<meta name=\"description\" content=\"Barket est un panier perfor\u00e9, con\u00e7u pour apporter \u00e0 la table les parfums et les couleurs des aliments du quotidien, ajoutant une touche d&#039;\u00e9l\u00e9gance \u00e0 la\" \/>\n<meta name=\"robots\" content=\"index, follow, max-snippet:-1, max-image-preview:large, max-video-preview:-1\" \/>\n<link rel=\"canonical\" href=\"https:\/\/www.erresse-shop.it\/fr\/shop\/table-fr-2\/recipients-et-bols\/alessi-barket-grand-panier\/\" \/>\n<meta property=\"og:locale\" content=\"fr_FR\" \/>\n<meta property=\"og:type\" content=\"article\" \/>\n<meta property=\"og:title\" content=\"ALESSI Barket Grand Panier\" \/>\n<meta property=\"og:description\" content=\"Barket est un panier perfor\u00e9, con\u00e7u pour apporter \u00e0 la table les parfums et les couleurs des aliments du quotidien, ajoutant une touche d&#039;\u00e9l\u00e9gance \u00e0 la\" \/>\n<meta property=\"og:url\" content=\"https:\/\/www.erresse-shop.it\/fr\/shop\/table-fr-2\/recipients-et-bols\/alessi-barket-grand-panier\/\" \/>\n<meta property=\"og:site_name\" content=\"Erresse Shop\" \/>\n<meta property=\"article:modified_time\" content=\"2025-03-06T13:28:11+00:00\" \/>\n<meta property=\"og:image\" content=\"https:\/\/www.erresse-shop.it\/wp-content\/uploads\/2020\/09\/ALESSI-Barket-Cestino-Grande.jpg\" \/>\n\t<meta property=\"og:image:width\" content=\"1200\" \/>\n\t<meta property=\"og:image:height\" content=\"1200\" \/>\n\t<meta property=\"og:image:type\" content=\"image\/jpeg\" \/>\n<meta name=\"twitter:card\" content=\"summary_large_image\" \/>\n<script type=\"application\/ld+json\" class=\"yoast-schema-graph\">{\"@context\":\"https:\/\/schema.org\",\"@graph\":[{\"@type\":\"WebPage\",\"@id\":\"https:\/\/www.erresse-shop.it\/fr\/shop\/table-fr-2\/recipients-et-bols\/alessi-barket-grand-panier\/\",\"url\":\"https:\/\/www.erresse-shop.it\/fr\/shop\/table-fr-2\/recipients-et-bols\/alessi-barket-grand-panier\/\",\"name\":\"ALESSI Barket Grand Panier - Erresse Shop\",\"isPartOf\":{\"@id\":\"https:\/\/www.erresse-shop.it\/fr\/#website\"},\"datePublished\":\"2020-09-18T12:43:18+00:00\",\"dateModified\":\"2025-03-06T13:28:11+00:00\",\"description\":\"Barket est un panier perfor\u00e9, con\u00e7u pour apporter \u00e0 la table les parfums et les couleurs des aliments du quotidien, ajoutant une touche d'\u00e9l\u00e9gance \u00e0 la\",\"breadcrumb\":{\"@id\":\"https:\/\/www.erresse-shop.it\/fr\/shop\/table-fr-2\/recipients-et-bols\/alessi-barket-grand-panier\/#breadcrumb\"},\"inLanguage\":\"fr-FR\",\"potentialAction\":[{\"@type\":\"ReadAction\",\"target\":[\"https:\/\/www.erresse-shop.it\/fr\/shop\/table-fr-2\/recipients-et-bols\/alessi-barket-grand-panier\/\"]}]},{\"@type\":\"BreadcrumbList\",\"@id\":\"https:\/\/www.erresse-shop.it\/fr\/shop\/table-fr-2\/recipients-et-bols\/alessi-barket-grand-panier\/#breadcrumb\",\"itemListElement\":[{\"@type\":\"ListItem\",\"position\":1,\"name\":\"Home\",\"item\":\"https:\/\/www.erresse-shop.it\/fr\/\"},{\"@type\":\"ListItem\",\"position\":2,\"name\":\"Shop\",\"item\":\"https:\/\/www.erresse-shop.it\/fr\/shop\/\"},{\"@type\":\"ListItem\",\"position\":3,\"name\":\"ALESSI Barket Grand Panier\"}]},{\"@type\":\"WebSite\",\"@id\":\"https:\/\/www.erresse-shop.it\/fr\/#website\",\"url\":\"https:\/\/www.erresse-shop.it\/fr\/\",\"name\":\"Erresse Shop\",\"description\":\"Articoli di qualit\u00e0 per la casa\",\"potentialAction\":[{\"@type\":\"SearchAction\",\"target\":{\"@type\":\"EntryPoint\",\"urlTemplate\":\"https:\/\/www.erresse-shop.it\/fr\/?s={search_term_string}\"},\"query-input\":\"required name=search_term_string\"}],\"inLanguage\":\"fr-FR\"}]}<\/script>\n<!-- \/ Yoast SEO Premium plugin. -->","yoast_head_json":{"title":"ALESSI Barket Grand Panier - Erresse Shop","description":"Barket est un panier perfor\u00e9, con\u00e7u pour apporter \u00e0 la table les parfums et les couleurs des aliments du quotidien, ajoutant une touche d'\u00e9l\u00e9gance \u00e0 la","robots":{"index":"index","follow":"follow","max-snippet":"max-snippet:-1","max-image-preview":"max-image-preview:large","max-video-preview":"max-video-preview:-1"},"canonical":"https:\/\/www.erresse-shop.it\/fr\/shop\/table-fr-2\/recipients-et-bols\/alessi-barket-grand-panier\/","og_locale":"fr_FR","og_type":"article","og_title":"ALESSI Barket Grand Panier","og_description":"Barket est un panier perfor\u00e9, con\u00e7u pour apporter \u00e0 la table les parfums et les couleurs des aliments du quotidien, ajoutant une touche d'\u00e9l\u00e9gance \u00e0 la","og_url":"https:\/\/www.erresse-shop.it\/fr\/shop\/table-fr-2\/recipients-et-bols\/alessi-barket-grand-panier\/","og_site_name":"Erresse Shop","article_modified_time":"2025-03-06T13:28:11+00:00","og_image":[{"width":1200,"height":1200,"url":"https:\/\/www.erresse-shop.it\/wp-content\/uploads\/2020\/09\/ALESSI-Barket-Cestino-Grande.jpg","type":"image\/jpeg"}],"twitter_card":"summary_large_image","schema":{"@context":"https:\/\/schema.org","@graph":[{"@type":"WebPage","@id":"https:\/\/www.erresse-shop.it\/fr\/shop\/table-fr-2\/recipients-et-bols\/alessi-barket-grand-panier\/","url":"https:\/\/www.erresse-shop.it\/fr\/shop\/table-fr-2\/recipients-et-bols\/alessi-barket-grand-panier\/","name":"ALESSI Barket Grand Panier - Erresse Shop","isPartOf":{"@id":"https:\/\/www.erresse-shop.it\/fr\/#website"},"datePublished":"2020-09-18T12:43:18+00:00","dateModified":"2025-03-06T13:28:11+00:00","description":"Barket est un panier perfor\u00e9, con\u00e7u pour apporter \u00e0 la table les parfums et les couleurs des aliments du quotidien, ajoutant une touche d'\u00e9l\u00e9gance \u00e0 la","breadcrumb":{"@id":"https:\/\/www.erresse-shop.it\/fr\/shop\/table-fr-2\/recipients-et-bols\/alessi-barket-grand-panier\/#breadcrumb"},"inLanguage":"fr-FR","potentialAction":[{"@type":"ReadAction","target":["https:\/\/www.erresse-shop.it\/fr\/shop\/table-fr-2\/recipients-et-bols\/alessi-barket-grand-panier\/"]}]},{"@type":"BreadcrumbList","@id":"https:\/\/www.erresse-shop.it\/fr\/shop\/table-fr-2\/recipients-et-bols\/alessi-barket-grand-panier\/#breadcrumb","itemListElement":[{"@type":"ListItem","position":1,"name":"Home","item":"https:\/\/www.erresse-shop.it\/fr\/"},{"@type":"ListItem","position":2,"name":"Shop","item":"https:\/\/www.erresse-shop.it\/fr\/shop\/"},{"@type":"ListItem","position":3,"name":"ALESSI Barket Grand Panier"}]},{"@type":"WebSite","@id":"https:\/\/www.erresse-shop.it\/fr\/#website","url":"https:\/\/www.erresse-shop.it\/fr\/","name":"Erresse Shop","description":"Articoli di qualit\u00e0 per la casa","potentialAction":[{"@type":"SearchAction","target":{"@type":"EntryPoint","urlTemplate":"https:\/\/www.erresse-shop.it\/fr\/?s={search_term_string}"},"query-input":"required name=search_term_string"}],"inLanguage":"fr-FR"}]}},"df_price":47.5,"df_sale_price":47.5,"df_regular_price":95,"df_image_link":"https:\/\/www.erresse-shop.it\/wp-content\/uploads\/2020\/09\/ALESSI-Barket-Cestino-Grande-300x300.jpg","_links":{"self":[{"href":"https:\/\/www.erresse-shop.it\/fr\/wp-json\/wp\/v2\/product\/75267"}],"collection":[{"href":"https:\/\/www.erresse-shop.it\/fr\/wp-json\/wp\/v2\/product"}],"about":[{"href":"https:\/\/www.erresse-shop.it\/fr\/wp-json\/wp\/v2\/types\/product"}],"wp:featuredmedia":[{"embeddable":true,"href":"https:\/\/www.erresse-shop.it\/fr\/wp-json\/wp\/v2\/media\/475272"}],"wp:attachment":[{"href":"https:\/\/www.erresse-shop.it\/fr\/wp-json\/wp\/v2\/media?parent=75267"}],"wp:term":[{"taxonomy":"product_cat","embeddable":true,"href":"https:\/\/www.erresse-shop.it\/fr\/wp-json\/wp\/v2\/product_cat?post=75267"},{"taxonomy":"product_tag","embeddable":true,"href":"https:\/\/www.erresse-shop.it\/fr\/wp-json\/wp\/v2\/product_tag?post=75267"}],"curies":[{"name":"wp","href":"https:\/\/api.w.org\/{rel}","templated":true}]}}