{"id":73612,"date":"2020-09-01T07:09:44","date_gmt":"2020-09-01T07:09:46","guid":{"rendered":"https:\/\/www.erresse-shop.it\/?post_type=product&#038;p=73612"},"modified":"2025-01-13T14:46:31","modified_gmt":"2025-01-13T14:46:31","slug":"staub-sauteuse-chistera-24-cm-grenadine","status":"publish","type":"product","link":"https:\/\/www.erresse-shop.it\/fr\/shop\/poeles-pots\/sauteuses-et-faitout\/staub-sauteuse-chistera-24-cm-grenadine\/","title":{"rendered":"STAUB Sauteuse Chistera 24 cm Grenadine"},"content":{"rendered":"<p>Cette sauteuse Chistera en fonte \u00e9maill\u00e9e STAUB Grenadine de 24 cm, allie la polyvalence d\u2019une sauteuse avec la qualit\u00e9 de cuisson de la fonte STAUB. Son secret : un couvercle garni d\u2019\u00e9l\u00e9ments d\u2019une forme unique inspir\u00e9e du chistera de la pelote basque, assurant un arrosage continu pendant la cuisson. Compatible, tous feux et four, elle s\u2019utilise \u00e9galement sur induction. D\u2019une capacit\u00e9 de 2,4l, elle peut convenir pour 3 \u00e0 4 personnes et plus suivant la pr\u00e9paration. La couleur Grenadine de l&#8217;\u00e9mail est obtenue avec la finition sp\u00e9ciale &#8220;Majolique&#8221;, une technique particuli\u00e8re appliqu\u00e9e \u00e0 l\u2019\u00e9mail permet d\u2019obtenir une brillance unique et une teinte d\u2019une profonde intensit\u00e9. V\u00e9ritable savoir-faire authentique de cr\u00e9ation fran\u00e7aise, cette sauteuse est une pi\u00e8ce unique, issue d\u2019un processus de fabrication traditionnel. Avec son design \u00e9labor\u00e9 et son poids optimis\u00e9, elle passe de la cuisine \u00e0 la table en toute simplicit\u00e9. Son couvercle bomb\u00e9 associ\u00e9 au Chistera Drop-Structure, pr\u00e9sente d\u2019excellentes propri\u00e9t\u00e9s de r\u00e9tention de l\u2019humidit\u00e9 et assure un arrosage homog\u00e8ne en cuisson, pour des plats qui mijotent longtemps. L\u2019int\u00e9rieur de cette sauteuse est \u00e9maill\u00e9 noir mat, la marque de fabrique STAUB. Cet \u00e9mail de qualit\u00e9 sup\u00e9rieure permet d\u2019obtenir une meilleure r\u00e9sistance aux rayures et facilite l\u2019entretien. Il poss\u00e8de des propri\u00e9t\u00e9s id\u00e9ales pour saisir, r\u00f4tir et caram\u00e9liser les aliments. Compos\u00e9e de fonte, un alliage de fer riche en carbone, un des mat\u00e9riaux qui retiennent le mieux la chaleur. Une fois, la sauteuse suffisamment chaude, ses propri\u00e9t\u00e9s de r\u00e9tention de la chaleur permettent de r\u00e9duire le feu au minimum, afin de laisser mijoter doucement les plats.<\/p>\n<p>&#8211; Id\u00e9al pour saisir, cuire ou laisser mijoter de la viande, du poisson ou des l\u00e9gumes<br \/>\n&#8211; Une cuisson juteuse et tendre gr\u00e2ce \u00e0 son couvercle sp\u00e9cial et ses picots\u00ae<br \/>\n&#8211; L&#8217;\u00e9maillage int\u00e9rieur noir mat tr\u00e8s r\u00e9sistant \u00e0 l&#8217;usure, convient particuli\u00e8rement pour saisir, r\u00f4tir et caram\u00e9liser les aliments<br \/>\n&#8211; Adapt\u00e9 pour toutes les sources de chaleur y compris induction, peut \u00eatre utilis\u00e9 aussi au four<\/p>\n<p>Donn\u00e9es Techniques<br \/>\n&#8211; Couleur: Grenadine-Red<br \/>\n&#8211; Mat\u00e9riau: Fonte<br \/>\n&#8211; Induction: Oui<br \/>\n&#8211; Compatible four: Oui<br \/>\n&#8211; Compatible tous feux: Oui<br \/>\n&#8211; Compatible lave-vaisselle: Oui<\/p>\n<p>Dimensions<br \/>\n&#8211; Poids net: 4,24 kg<br \/>\n&#8211; Capacit\u00e9: 2,40 l<br \/>\n&#8211; Longueur totale du produit: 31,70 cm<br \/>\n&#8211; Longueur ou largeur du produit: 24,00 cm<br \/>\n&#8211; Hauteur du produit: 11,60 cm<br \/>\n&#8211; Hauteur sans couvercle: 7,00 cm<br \/>\n&#8211; \u00c9paisseur du fond: 0,40 cm<br \/>\n&#8211; Diam\u00e8tre ou longueur: 24,00 cm<br \/>\n&#8211; Diam\u00e8tre ou largeur: 18,50 cm<\/p>\n","protected":false},"excerpt":{"rendered":"<p>Cette sauteuse Chistera en fonte \u00e9maill\u00e9e STAUB Grenadine de 24 cm, allie la polyvalence d\u2019une sauteuse avec la qualit\u00e9 de<\/p>\n","protected":false},"featured_media":73600,"template":"","meta":{"_acf_changed":false,"inline_featured_image":false},"product_cat":[12458,14797],"product_tag":[25086,15562,25021,12994,13269,12461,13179],"acf":[],"yoast_head":"<!-- This site is optimized with the Yoast SEO Premium plugin v18.6 (Yoast SEO v19.13) - https:\/\/yoast.com\/wordpress\/plugins\/seo\/ -->\n<title>STAUB Sauteuse Chistera 24 cm Grenadine<\/title>\n<meta name=\"description\" content=\"D\u00e9couvrez STAUB Sauteuse Chistera 24 cm Grenadine sur ErresseShop. Qualit\u00e9, prix r\u00e9duits et achat s\u00e9curis\u00e9 \u2013 commandez d\u00e8s maintenant en ligne !\" \/>\n<meta name=\"robots\" content=\"index, follow, max-snippet:-1, max-image-preview:large, max-video-preview:-1\" \/>\n<link rel=\"canonical\" href=\"https:\/\/www.erresse-shop.it\/fr\/shop\/poeles-pots\/sauteuses-et-faitout\/staub-sauteuse-chistera-24-cm-grenadine\/\" \/>\n<meta property=\"og:locale\" content=\"fr_FR\" \/>\n<meta property=\"og:type\" content=\"article\" \/>\n<meta property=\"og:title\" content=\"STAUB Sauteuse Chistera 24 cm Grenadine\" \/>\n<meta property=\"og:description\" content=\"D\u00e9couvrez STAUB Sauteuse Chistera 24 cm Grenadine sur ErresseShop. Qualit\u00e9, prix r\u00e9duits et achat s\u00e9curis\u00e9 \u2013 commandez d\u00e8s maintenant en ligne !\" \/>\n<meta property=\"og:url\" content=\"https:\/\/www.erresse-shop.it\/fr\/shop\/poeles-pots\/sauteuses-et-faitout\/staub-sauteuse-chistera-24-cm-grenadine\/\" \/>\n<meta property=\"og:site_name\" content=\"Erresse Shop\" \/>\n<meta property=\"article:modified_time\" content=\"2025-01-13T14:46:31+00:00\" \/>\n<meta property=\"og:image\" content=\"https:\/\/www.erresse-shop.it\/wp-content\/uploads\/2020\/09\/tegame-granata-40511-513.jpg\" \/>\n\t<meta property=\"og:image:width\" content=\"1350\" \/>\n\t<meta property=\"og:image:height\" content=\"1350\" \/>\n\t<meta property=\"og:image:type\" content=\"image\/jpeg\" \/>\n<meta name=\"twitter:card\" content=\"summary_large_image\" \/>\n<script type=\"application\/ld+json\" class=\"yoast-schema-graph\">{\"@context\":\"https:\/\/schema.org\",\"@graph\":[{\"@type\":\"WebPage\",\"@id\":\"https:\/\/www.erresse-shop.it\/fr\/shop\/poeles-pots\/sauteuses-et-faitout\/staub-sauteuse-chistera-24-cm-grenadine\/\",\"url\":\"https:\/\/www.erresse-shop.it\/fr\/shop\/poeles-pots\/sauteuses-et-faitout\/staub-sauteuse-chistera-24-cm-grenadine\/\",\"name\":\"STAUB Sauteuse Chistera 24 cm Grenadine\",\"isPartOf\":{\"@id\":\"https:\/\/www.erresse-shop.it\/fr\/#website\"},\"datePublished\":\"2020-09-01T07:09:46+00:00\",\"dateModified\":\"2025-01-13T14:46:31+00:00\",\"description\":\"D\u00e9couvrez STAUB Sauteuse Chistera 24 cm Grenadine sur ErresseShop. Qualit\u00e9, prix r\u00e9duits et achat s\u00e9curis\u00e9 \u2013 commandez d\u00e8s maintenant en ligne !\",\"breadcrumb\":{\"@id\":\"https:\/\/www.erresse-shop.it\/fr\/shop\/poeles-pots\/sauteuses-et-faitout\/staub-sauteuse-chistera-24-cm-grenadine\/#breadcrumb\"},\"inLanguage\":\"fr-FR\",\"potentialAction\":[{\"@type\":\"ReadAction\",\"target\":[\"https:\/\/www.erresse-shop.it\/fr\/shop\/poeles-pots\/sauteuses-et-faitout\/staub-sauteuse-chistera-24-cm-grenadine\/\"]}]},{\"@type\":\"BreadcrumbList\",\"@id\":\"https:\/\/www.erresse-shop.it\/fr\/shop\/poeles-pots\/sauteuses-et-faitout\/staub-sauteuse-chistera-24-cm-grenadine\/#breadcrumb\",\"itemListElement\":[{\"@type\":\"ListItem\",\"position\":1,\"name\":\"Home\",\"item\":\"https:\/\/www.erresse-shop.it\/fr\/\"},{\"@type\":\"ListItem\",\"position\":2,\"name\":\"Shop\",\"item\":\"https:\/\/www.erresse-shop.it\/fr\/shop\/\"},{\"@type\":\"ListItem\",\"position\":3,\"name\":\"STAUB Sauteuse Chistera 24 cm Grenadine\"}]},{\"@type\":\"WebSite\",\"@id\":\"https:\/\/www.erresse-shop.it\/fr\/#website\",\"url\":\"https:\/\/www.erresse-shop.it\/fr\/\",\"name\":\"Erresse Shop\",\"description\":\"Articoli di qualit\u00e0 per la casa\",\"potentialAction\":[{\"@type\":\"SearchAction\",\"target\":{\"@type\":\"EntryPoint\",\"urlTemplate\":\"https:\/\/www.erresse-shop.it\/fr\/?s={search_term_string}\"},\"query-input\":\"required name=search_term_string\"}],\"inLanguage\":\"fr-FR\"}]}<\/script>\n<!-- \/ Yoast SEO Premium plugin. -->","yoast_head_json":{"title":"STAUB Sauteuse Chistera 24 cm Grenadine","description":"D\u00e9couvrez STAUB Sauteuse Chistera 24 cm Grenadine sur ErresseShop. Qualit\u00e9, prix r\u00e9duits et achat s\u00e9curis\u00e9 \u2013 commandez d\u00e8s maintenant en ligne !","robots":{"index":"index","follow":"follow","max-snippet":"max-snippet:-1","max-image-preview":"max-image-preview:large","max-video-preview":"max-video-preview:-1"},"canonical":"https:\/\/www.erresse-shop.it\/fr\/shop\/poeles-pots\/sauteuses-et-faitout\/staub-sauteuse-chistera-24-cm-grenadine\/","og_locale":"fr_FR","og_type":"article","og_title":"STAUB Sauteuse Chistera 24 cm Grenadine","og_description":"D\u00e9couvrez STAUB Sauteuse Chistera 24 cm Grenadine sur ErresseShop. Qualit\u00e9, prix r\u00e9duits et achat s\u00e9curis\u00e9 \u2013 commandez d\u00e8s maintenant en ligne !","og_url":"https:\/\/www.erresse-shop.it\/fr\/shop\/poeles-pots\/sauteuses-et-faitout\/staub-sauteuse-chistera-24-cm-grenadine\/","og_site_name":"Erresse Shop","article_modified_time":"2025-01-13T14:46:31+00:00","og_image":[{"width":1350,"height":1350,"url":"https:\/\/www.erresse-shop.it\/wp-content\/uploads\/2020\/09\/tegame-granata-40511-513.jpg","type":"image\/jpeg"}],"twitter_card":"summary_large_image","schema":{"@context":"https:\/\/schema.org","@graph":[{"@type":"WebPage","@id":"https:\/\/www.erresse-shop.it\/fr\/shop\/poeles-pots\/sauteuses-et-faitout\/staub-sauteuse-chistera-24-cm-grenadine\/","url":"https:\/\/www.erresse-shop.it\/fr\/shop\/poeles-pots\/sauteuses-et-faitout\/staub-sauteuse-chistera-24-cm-grenadine\/","name":"STAUB Sauteuse Chistera 24 cm Grenadine","isPartOf":{"@id":"https:\/\/www.erresse-shop.it\/fr\/#website"},"datePublished":"2020-09-01T07:09:46+00:00","dateModified":"2025-01-13T14:46:31+00:00","description":"D\u00e9couvrez STAUB Sauteuse Chistera 24 cm Grenadine sur ErresseShop. Qualit\u00e9, prix r\u00e9duits et achat s\u00e9curis\u00e9 \u2013 commandez d\u00e8s maintenant en ligne !","breadcrumb":{"@id":"https:\/\/www.erresse-shop.it\/fr\/shop\/poeles-pots\/sauteuses-et-faitout\/staub-sauteuse-chistera-24-cm-grenadine\/#breadcrumb"},"inLanguage":"fr-FR","potentialAction":[{"@type":"ReadAction","target":["https:\/\/www.erresse-shop.it\/fr\/shop\/poeles-pots\/sauteuses-et-faitout\/staub-sauteuse-chistera-24-cm-grenadine\/"]}]},{"@type":"BreadcrumbList","@id":"https:\/\/www.erresse-shop.it\/fr\/shop\/poeles-pots\/sauteuses-et-faitout\/staub-sauteuse-chistera-24-cm-grenadine\/#breadcrumb","itemListElement":[{"@type":"ListItem","position":1,"name":"Home","item":"https:\/\/www.erresse-shop.it\/fr\/"},{"@type":"ListItem","position":2,"name":"Shop","item":"https:\/\/www.erresse-shop.it\/fr\/shop\/"},{"@type":"ListItem","position":3,"name":"STAUB Sauteuse Chistera 24 cm Grenadine"}]},{"@type":"WebSite","@id":"https:\/\/www.erresse-shop.it\/fr\/#website","url":"https:\/\/www.erresse-shop.it\/fr\/","name":"Erresse Shop","description":"Articoli di qualit\u00e0 per la casa","potentialAction":[{"@type":"SearchAction","target":{"@type":"EntryPoint","urlTemplate":"https:\/\/www.erresse-shop.it\/fr\/?s={search_term_string}"},"query-input":"required name=search_term_string"}],"inLanguage":"fr-FR"}]}},"df_price":119.5,"df_sale_price":119.5,"df_regular_price":239,"df_image_link":"https:\/\/www.erresse-shop.it\/wp-content\/uploads\/2020\/09\/tegame-granata-40511-513-300x300.jpg","_links":{"self":[{"href":"https:\/\/www.erresse-shop.it\/fr\/wp-json\/wp\/v2\/product\/73612"}],"collection":[{"href":"https:\/\/www.erresse-shop.it\/fr\/wp-json\/wp\/v2\/product"}],"about":[{"href":"https:\/\/www.erresse-shop.it\/fr\/wp-json\/wp\/v2\/types\/product"}],"wp:featuredmedia":[{"embeddable":true,"href":"https:\/\/www.erresse-shop.it\/fr\/wp-json\/wp\/v2\/media\/73600"}],"wp:attachment":[{"href":"https:\/\/www.erresse-shop.it\/fr\/wp-json\/wp\/v2\/media?parent=73612"}],"wp:term":[{"taxonomy":"product_cat","embeddable":true,"href":"https:\/\/www.erresse-shop.it\/fr\/wp-json\/wp\/v2\/product_cat?post=73612"},{"taxonomy":"product_tag","embeddable":true,"href":"https:\/\/www.erresse-shop.it\/fr\/wp-json\/wp\/v2\/product_tag?post=73612"}],"curies":[{"name":"wp","href":"https:\/\/api.w.org\/{rel}","templated":true}]}}