{"id":72551,"date":"2020-08-20T12:43:06","date_gmt":"2020-08-20T12:43:09","guid":{"rendered":"https:\/\/www.erresse-shop.it\/?post_type=product&#038;p=72551"},"modified":"2025-03-06T11:46:40","modified_gmt":"2025-03-06T11:46:40","slug":"alessi-potspans-set-9-mrc","status":"publish","type":"product","link":"https:\/\/www.erresse-shop.it\/fr\/shop\/poeles-pots\/batteries-de-cuisine\/alessi-potspans-set-9-mrc\/","title":{"rendered":"ALESSI Pots&#038;Pans Ensemble 9 pi\u00e8ces"},"content":{"rendered":"<p>Les \u00e9l\u00e9ments de la s\u00e9rie Pots&amp;Pans, r\u00e9alis\u00e9s en acier inoxydable 18\/10, se distinguent par leur style rigoureux et lin\u00e9aire et par l&#8217;attention port\u00e9e aux d\u00e9tails fonctionnels, tels que le bord \u00e9vas\u00e9 adapt\u00e9 au versement, l&#8217;\u00e9chelle gradu\u00e9e \u00e0 l&#8217;int\u00e9rieur des casseroles, le bouton sur les couvercles qui permet de les soulever avec une cuill\u00e8re de cuisine.<\/p>\n<p>L&#8217;ensemble comprend :<\/p>\n<ul>\n<li>Pot \u00d8 20 cm &#8211; H 17 cm,<\/li>\n<li>Casserole \u00e0 deux anses \u00d8 16 cm &#8211; H 9 cm,<\/li>\n<li>Casserole \u00e0 deux anses \u00d8 20 cm &#8211; H 11 cm,<\/li>\n<li>Casserole \u00e0 deux anses \u00d8 24 cm &#8211; H 13 cm,<\/li>\n<li>Casserole \u00e0 long manche \u00d8 16 cm &#8211; H 12 cm,<\/li>\n<li>Chaudi\u00e8re \u00e0 lait \u00d8 14 cm &#8211; H 13 cm,<\/li>\n<li>Couvercle \u00d816 cm,<\/li>\n<li>Couvercle \u00d8 20 cm,<\/li>\n<li>Couvercle \u00d8 24 cm.<\/li>\n<\/ul>\n<p><strong>Made In Italy<\/strong><\/p>\n","protected":false},"excerpt":{"rendered":"<p>Les \u00e9l\u00e9ments de la s\u00e9rie Pots&amp;Pans, r\u00e9alis\u00e9s en acier inoxydable 18\/10, se distinguent par leur style rigoureux et lin\u00e9aire et<\/p>\n","protected":false},"featured_media":475242,"template":"","meta":{"_acf_changed":false,"inline_featured_image":false},"product_cat":[12458,14780],"product_tag":[12838,23467,13685],"acf":[],"yoast_head":"<!-- This site is optimized with the Yoast SEO Premium plugin v18.6 (Yoast SEO v19.13) - https:\/\/yoast.com\/wordpress\/plugins\/seo\/ -->\n<title>ALESSI Pots&amp;Pans Ensemble 9 pi\u00e8ces - Erresse Shop<\/title>\n<meta name=\"description\" content=\"Les \u00e9l\u00e9ments de la s\u00e9rie Pots&amp;Pans, r\u00e9alis\u00e9s en acier inoxydable 18\/10, se distinguent par leur style rigoureux et lin\u00e9aire et par l&#039;attention port\u00e9e\" \/>\n<meta name=\"robots\" content=\"index, follow, max-snippet:-1, max-image-preview:large, max-video-preview:-1\" \/>\n<link rel=\"canonical\" href=\"https:\/\/www.erresse-shop.it\/fr\/shop\/poeles-pots\/batteries-de-cuisine\/alessi-potspans-set-9-mrc\/\" \/>\n<meta property=\"og:locale\" content=\"fr_FR\" \/>\n<meta property=\"og:type\" content=\"article\" \/>\n<meta property=\"og:title\" content=\"ALESSI Pots&amp;Pans Ensemble 9 pi\u00e8ces\" \/>\n<meta property=\"og:description\" content=\"Les \u00e9l\u00e9ments de la s\u00e9rie Pots&amp;Pans, r\u00e9alis\u00e9s en acier inoxydable 18\/10, se distinguent par leur style rigoureux et lin\u00e9aire et par l&#039;attention port\u00e9e\" \/>\n<meta property=\"og:url\" content=\"https:\/\/www.erresse-shop.it\/fr\/shop\/poeles-pots\/batteries-de-cuisine\/alessi-potspans-set-9-mrc\/\" \/>\n<meta property=\"og:site_name\" content=\"Erresse Shop\" \/>\n<meta property=\"article:modified_time\" content=\"2025-03-06T11:46:40+00:00\" \/>\n<meta property=\"og:image\" content=\"https:\/\/www.erresse-shop.it\/wp-content\/uploads\/2020\/08\/ALESSI-PotsPans-Pentole-Set-9-pz.jpg\" \/>\n\t<meta property=\"og:image:width\" content=\"1200\" \/>\n\t<meta property=\"og:image:height\" content=\"1200\" \/>\n\t<meta property=\"og:image:type\" content=\"image\/jpeg\" \/>\n<meta name=\"twitter:card\" content=\"summary_large_image\" \/>\n<script type=\"application\/ld+json\" class=\"yoast-schema-graph\">{\"@context\":\"https:\/\/schema.org\",\"@graph\":[{\"@type\":\"WebPage\",\"@id\":\"https:\/\/www.erresse-shop.it\/fr\/shop\/poeles-pots\/batteries-de-cuisine\/alessi-potspans-set-9-mrc\/\",\"url\":\"https:\/\/www.erresse-shop.it\/fr\/shop\/poeles-pots\/batteries-de-cuisine\/alessi-potspans-set-9-mrc\/\",\"name\":\"ALESSI Pots&Pans Ensemble 9 pi\u00e8ces - Erresse Shop\",\"isPartOf\":{\"@id\":\"https:\/\/www.erresse-shop.it\/fr\/#website\"},\"datePublished\":\"2020-08-20T12:43:09+00:00\",\"dateModified\":\"2025-03-06T11:46:40+00:00\",\"description\":\"Les \u00e9l\u00e9ments de la s\u00e9rie Pots&amp;Pans, r\u00e9alis\u00e9s en acier inoxydable 18\/10, se distinguent par leur style rigoureux et lin\u00e9aire et par l'attention port\u00e9e\",\"breadcrumb\":{\"@id\":\"https:\/\/www.erresse-shop.it\/fr\/shop\/poeles-pots\/batteries-de-cuisine\/alessi-potspans-set-9-mrc\/#breadcrumb\"},\"inLanguage\":\"fr-FR\",\"potentialAction\":[{\"@type\":\"ReadAction\",\"target\":[\"https:\/\/www.erresse-shop.it\/fr\/shop\/poeles-pots\/batteries-de-cuisine\/alessi-potspans-set-9-mrc\/\"]}]},{\"@type\":\"BreadcrumbList\",\"@id\":\"https:\/\/www.erresse-shop.it\/fr\/shop\/poeles-pots\/batteries-de-cuisine\/alessi-potspans-set-9-mrc\/#breadcrumb\",\"itemListElement\":[{\"@type\":\"ListItem\",\"position\":1,\"name\":\"Home\",\"item\":\"https:\/\/www.erresse-shop.it\/fr\/\"},{\"@type\":\"ListItem\",\"position\":2,\"name\":\"Shop\",\"item\":\"https:\/\/www.erresse-shop.it\/fr\/shop\/\"},{\"@type\":\"ListItem\",\"position\":3,\"name\":\"ALESSI Pots&#038;Pans Ensemble 9 pi\u00e8ces\"}]},{\"@type\":\"WebSite\",\"@id\":\"https:\/\/www.erresse-shop.it\/fr\/#website\",\"url\":\"https:\/\/www.erresse-shop.it\/fr\/\",\"name\":\"Erresse Shop\",\"description\":\"Articoli di qualit\u00e0 per la casa\",\"potentialAction\":[{\"@type\":\"SearchAction\",\"target\":{\"@type\":\"EntryPoint\",\"urlTemplate\":\"https:\/\/www.erresse-shop.it\/fr\/?s={search_term_string}\"},\"query-input\":\"required name=search_term_string\"}],\"inLanguage\":\"fr-FR\"}]}<\/script>\n<!-- \/ Yoast SEO Premium plugin. -->","yoast_head_json":{"title":"ALESSI Pots&Pans Ensemble 9 pi\u00e8ces - Erresse Shop","description":"Les \u00e9l\u00e9ments de la s\u00e9rie Pots&amp;Pans, r\u00e9alis\u00e9s en acier inoxydable 18\/10, se distinguent par leur style rigoureux et lin\u00e9aire et par l'attention port\u00e9e","robots":{"index":"index","follow":"follow","max-snippet":"max-snippet:-1","max-image-preview":"max-image-preview:large","max-video-preview":"max-video-preview:-1"},"canonical":"https:\/\/www.erresse-shop.it\/fr\/shop\/poeles-pots\/batteries-de-cuisine\/alessi-potspans-set-9-mrc\/","og_locale":"fr_FR","og_type":"article","og_title":"ALESSI Pots&Pans Ensemble 9 pi\u00e8ces","og_description":"Les \u00e9l\u00e9ments de la s\u00e9rie Pots&amp;Pans, r\u00e9alis\u00e9s en acier inoxydable 18\/10, se distinguent par leur style rigoureux et lin\u00e9aire et par l'attention port\u00e9e","og_url":"https:\/\/www.erresse-shop.it\/fr\/shop\/poeles-pots\/batteries-de-cuisine\/alessi-potspans-set-9-mrc\/","og_site_name":"Erresse Shop","article_modified_time":"2025-03-06T11:46:40+00:00","og_image":[{"width":1200,"height":1200,"url":"https:\/\/www.erresse-shop.it\/wp-content\/uploads\/2020\/08\/ALESSI-PotsPans-Pentole-Set-9-pz.jpg","type":"image\/jpeg"}],"twitter_card":"summary_large_image","schema":{"@context":"https:\/\/schema.org","@graph":[{"@type":"WebPage","@id":"https:\/\/www.erresse-shop.it\/fr\/shop\/poeles-pots\/batteries-de-cuisine\/alessi-potspans-set-9-mrc\/","url":"https:\/\/www.erresse-shop.it\/fr\/shop\/poeles-pots\/batteries-de-cuisine\/alessi-potspans-set-9-mrc\/","name":"ALESSI Pots&Pans Ensemble 9 pi\u00e8ces - Erresse Shop","isPartOf":{"@id":"https:\/\/www.erresse-shop.it\/fr\/#website"},"datePublished":"2020-08-20T12:43:09+00:00","dateModified":"2025-03-06T11:46:40+00:00","description":"Les \u00e9l\u00e9ments de la s\u00e9rie Pots&amp;Pans, r\u00e9alis\u00e9s en acier inoxydable 18\/10, se distinguent par leur style rigoureux et lin\u00e9aire et par l'attention port\u00e9e","breadcrumb":{"@id":"https:\/\/www.erresse-shop.it\/fr\/shop\/poeles-pots\/batteries-de-cuisine\/alessi-potspans-set-9-mrc\/#breadcrumb"},"inLanguage":"fr-FR","potentialAction":[{"@type":"ReadAction","target":["https:\/\/www.erresse-shop.it\/fr\/shop\/poeles-pots\/batteries-de-cuisine\/alessi-potspans-set-9-mrc\/"]}]},{"@type":"BreadcrumbList","@id":"https:\/\/www.erresse-shop.it\/fr\/shop\/poeles-pots\/batteries-de-cuisine\/alessi-potspans-set-9-mrc\/#breadcrumb","itemListElement":[{"@type":"ListItem","position":1,"name":"Home","item":"https:\/\/www.erresse-shop.it\/fr\/"},{"@type":"ListItem","position":2,"name":"Shop","item":"https:\/\/www.erresse-shop.it\/fr\/shop\/"},{"@type":"ListItem","position":3,"name":"ALESSI Pots&#038;Pans Ensemble 9 pi\u00e8ces"}]},{"@type":"WebSite","@id":"https:\/\/www.erresse-shop.it\/fr\/#website","url":"https:\/\/www.erresse-shop.it\/fr\/","name":"Erresse Shop","description":"Articoli di qualit\u00e0 per la casa","potentialAction":[{"@type":"SearchAction","target":{"@type":"EntryPoint","urlTemplate":"https:\/\/www.erresse-shop.it\/fr\/?s={search_term_string}"},"query-input":"required name=search_term_string"}],"inLanguage":"fr-FR"}]}},"df_price":239,"df_sale_price":239,"df_regular_price":478,"df_image_link":"https:\/\/www.erresse-shop.it\/wp-content\/uploads\/2020\/08\/ALESSI-PotsPans-Pentole-Set-9-pz-300x300.jpg","_links":{"self":[{"href":"https:\/\/www.erresse-shop.it\/fr\/wp-json\/wp\/v2\/product\/72551"}],"collection":[{"href":"https:\/\/www.erresse-shop.it\/fr\/wp-json\/wp\/v2\/product"}],"about":[{"href":"https:\/\/www.erresse-shop.it\/fr\/wp-json\/wp\/v2\/types\/product"}],"wp:featuredmedia":[{"embeddable":true,"href":"https:\/\/www.erresse-shop.it\/fr\/wp-json\/wp\/v2\/media\/475242"}],"wp:attachment":[{"href":"https:\/\/www.erresse-shop.it\/fr\/wp-json\/wp\/v2\/media?parent=72551"}],"wp:term":[{"taxonomy":"product_cat","embeddable":true,"href":"https:\/\/www.erresse-shop.it\/fr\/wp-json\/wp\/v2\/product_cat?post=72551"},{"taxonomy":"product_tag","embeddable":true,"href":"https:\/\/www.erresse-shop.it\/fr\/wp-json\/wp\/v2\/product_tag?post=72551"}],"curies":[{"name":"wp","href":"https:\/\/api.w.org\/{rel}","templated":true}]}}