{"id":72527,"date":"2020-08-20T12:25:47","date_gmt":"2020-08-20T12:25:50","guid":{"rendered":"https:\/\/www.erresse-shop.it\/?post_type=product&#038;p=72527"},"modified":"2025-02-25T11:05:32","modified_gmt":"2025-02-25T11:05:32","slug":"alessi-potspans-set-7-mrc","status":"publish","type":"product","link":"https:\/\/www.erresse-shop.it\/fr\/shop\/poeles-pots\/batteries-de-cuisine\/alessi-potspans-set-7-mrc\/","title":{"rendered":"ALESSI Pots&#038;Pans Set 7 mrc"},"content":{"rendered":"<p>Les \u00e9l\u00e9ments de la s\u00e9rie Pots&amp;Pans, r\u00e9alis\u00e9s en acier inoxydable 18\/10, se distinguent par leur style rigoureux et lin\u00e9aire et par l&#8217;attention port\u00e9e aux d\u00e9tails fonctionnels, tels que le bord \u00e9vas\u00e9 permettant de verser, l&#8217;\u00e9chelle gradu\u00e9e \u00e0 l&#8217;int\u00e9rieur des casseroles et le bouton sur les couvercles qui permet de les soulever \u00e0 l&#8217;aide d&#8217;une cuill\u00e8re de cuisine.<\/p>\n<p><strong>L&#8217;ensemble est compos\u00e9 comme suit :<\/strong><br \/>\nMarmite cm 20,<br \/>\nCasserole cm 20,<br \/>\nCasserole basse cm 24,<br \/>\nCasserole m\/longue cm 16<br \/>\nCouvercles : cm 16, 20, 24<\/p>\n<p>Designer Jasper Morrison<br \/>\nMat\u00e9riau : acier inoxydable<br \/>\nConvient aux cuisini\u00e8res \u00e0 gaz et \u00e0 induction<\/p>\n<p>Fabriqu\u00e9 en Italie<\/p>\n","protected":false},"excerpt":{"rendered":"<p>Les \u00e9l\u00e9ments de la s\u00e9rie Pots&amp;Pans, r\u00e9alis\u00e9s en acier inoxydable 18\/10, se distinguent par leur style rigoureux et lin\u00e9aire et<\/p>\n","protected":false},"featured_media":471733,"template":"","meta":{"_acf_changed":false,"inline_featured_image":false},"product_cat":[12458,14780],"product_tag":[13307,12465,23467,12468,12469,13685],"acf":[],"yoast_head":"<!-- This site is optimized with the Yoast SEO Premium plugin v18.6 (Yoast SEO v19.13) - https:\/\/yoast.com\/wordpress\/plugins\/seo\/ -->\n<title>ALESSI Pots&amp;Pans Set 7 mrc - Erresse Shop<\/title>\n<meta name=\"description\" content=\"Les \u00e9l\u00e9ments de la s\u00e9rie Pots&amp;Pans, r\u00e9alis\u00e9s en acier inoxydable 18\/10, se distinguent par leur style rigoureux et lin\u00e9aire et par l&#039;attention port\u00e9e\" \/>\n<meta name=\"robots\" content=\"index, follow, max-snippet:-1, max-image-preview:large, max-video-preview:-1\" \/>\n<link rel=\"canonical\" href=\"https:\/\/www.erresse-shop.it\/fr\/shop\/poeles-pots\/batteries-de-cuisine\/alessi-potspans-set-7-mrc\/\" \/>\n<meta property=\"og:locale\" content=\"fr_FR\" \/>\n<meta property=\"og:type\" content=\"article\" \/>\n<meta property=\"og:title\" content=\"ALESSI Pots&amp;Pans Set 7 mrc\" \/>\n<meta property=\"og:description\" content=\"Les \u00e9l\u00e9ments de la s\u00e9rie Pots&amp;Pans, r\u00e9alis\u00e9s en acier inoxydable 18\/10, se distinguent par leur style rigoureux et lin\u00e9aire et par l&#039;attention port\u00e9e\" \/>\n<meta property=\"og:url\" content=\"https:\/\/www.erresse-shop.it\/fr\/shop\/poeles-pots\/batteries-de-cuisine\/alessi-potspans-set-7-mrc\/\" \/>\n<meta property=\"og:site_name\" content=\"Erresse Shop\" \/>\n<meta property=\"article:modified_time\" content=\"2025-02-25T11:05:32+00:00\" \/>\n<meta property=\"og:image\" content=\"https:\/\/www.erresse-shop.it\/wp-content\/uploads\/2020\/08\/ALESSI-PotsPans-Pentole-Set-7-pz.jpg\" \/>\n\t<meta property=\"og:image:width\" content=\"1200\" \/>\n\t<meta property=\"og:image:height\" content=\"1200\" \/>\n\t<meta property=\"og:image:type\" content=\"image\/jpeg\" \/>\n<meta name=\"twitter:card\" content=\"summary_large_image\" \/>\n<script type=\"application\/ld+json\" class=\"yoast-schema-graph\">{\"@context\":\"https:\/\/schema.org\",\"@graph\":[{\"@type\":\"WebPage\",\"@id\":\"https:\/\/www.erresse-shop.it\/fr\/shop\/poeles-pots\/batteries-de-cuisine\/alessi-potspans-set-7-mrc\/\",\"url\":\"https:\/\/www.erresse-shop.it\/fr\/shop\/poeles-pots\/batteries-de-cuisine\/alessi-potspans-set-7-mrc\/\",\"name\":\"ALESSI Pots&Pans Set 7 mrc - Erresse Shop\",\"isPartOf\":{\"@id\":\"https:\/\/www.erresse-shop.it\/fr\/#website\"},\"datePublished\":\"2020-08-20T12:25:50+00:00\",\"dateModified\":\"2025-02-25T11:05:32+00:00\",\"description\":\"Les \u00e9l\u00e9ments de la s\u00e9rie Pots&amp;Pans, r\u00e9alis\u00e9s en acier inoxydable 18\/10, se distinguent par leur style rigoureux et lin\u00e9aire et par l'attention port\u00e9e\",\"breadcrumb\":{\"@id\":\"https:\/\/www.erresse-shop.it\/fr\/shop\/poeles-pots\/batteries-de-cuisine\/alessi-potspans-set-7-mrc\/#breadcrumb\"},\"inLanguage\":\"fr-FR\",\"potentialAction\":[{\"@type\":\"ReadAction\",\"target\":[\"https:\/\/www.erresse-shop.it\/fr\/shop\/poeles-pots\/batteries-de-cuisine\/alessi-potspans-set-7-mrc\/\"]}]},{\"@type\":\"BreadcrumbList\",\"@id\":\"https:\/\/www.erresse-shop.it\/fr\/shop\/poeles-pots\/batteries-de-cuisine\/alessi-potspans-set-7-mrc\/#breadcrumb\",\"itemListElement\":[{\"@type\":\"ListItem\",\"position\":1,\"name\":\"Home\",\"item\":\"https:\/\/www.erresse-shop.it\/fr\/\"},{\"@type\":\"ListItem\",\"position\":2,\"name\":\"Shop\",\"item\":\"https:\/\/www.erresse-shop.it\/fr\/shop\/\"},{\"@type\":\"ListItem\",\"position\":3,\"name\":\"ALESSI Pots&#038;Pans Set 7 mrc\"}]},{\"@type\":\"WebSite\",\"@id\":\"https:\/\/www.erresse-shop.it\/fr\/#website\",\"url\":\"https:\/\/www.erresse-shop.it\/fr\/\",\"name\":\"Erresse Shop\",\"description\":\"Articoli di qualit\u00e0 per la casa\",\"potentialAction\":[{\"@type\":\"SearchAction\",\"target\":{\"@type\":\"EntryPoint\",\"urlTemplate\":\"https:\/\/www.erresse-shop.it\/fr\/?s={search_term_string}\"},\"query-input\":\"required name=search_term_string\"}],\"inLanguage\":\"fr-FR\"}]}<\/script>\n<!-- \/ Yoast SEO Premium plugin. -->","yoast_head_json":{"title":"ALESSI Pots&Pans Set 7 mrc - Erresse Shop","description":"Les \u00e9l\u00e9ments de la s\u00e9rie Pots&amp;Pans, r\u00e9alis\u00e9s en acier inoxydable 18\/10, se distinguent par leur style rigoureux et lin\u00e9aire et par l'attention port\u00e9e","robots":{"index":"index","follow":"follow","max-snippet":"max-snippet:-1","max-image-preview":"max-image-preview:large","max-video-preview":"max-video-preview:-1"},"canonical":"https:\/\/www.erresse-shop.it\/fr\/shop\/poeles-pots\/batteries-de-cuisine\/alessi-potspans-set-7-mrc\/","og_locale":"fr_FR","og_type":"article","og_title":"ALESSI Pots&Pans Set 7 mrc","og_description":"Les \u00e9l\u00e9ments de la s\u00e9rie Pots&amp;Pans, r\u00e9alis\u00e9s en acier inoxydable 18\/10, se distinguent par leur style rigoureux et lin\u00e9aire et par l'attention port\u00e9e","og_url":"https:\/\/www.erresse-shop.it\/fr\/shop\/poeles-pots\/batteries-de-cuisine\/alessi-potspans-set-7-mrc\/","og_site_name":"Erresse Shop","article_modified_time":"2025-02-25T11:05:32+00:00","og_image":[{"width":1200,"height":1200,"url":"https:\/\/www.erresse-shop.it\/wp-content\/uploads\/2020\/08\/ALESSI-PotsPans-Pentole-Set-7-pz.jpg","type":"image\/jpeg"}],"twitter_card":"summary_large_image","schema":{"@context":"https:\/\/schema.org","@graph":[{"@type":"WebPage","@id":"https:\/\/www.erresse-shop.it\/fr\/shop\/poeles-pots\/batteries-de-cuisine\/alessi-potspans-set-7-mrc\/","url":"https:\/\/www.erresse-shop.it\/fr\/shop\/poeles-pots\/batteries-de-cuisine\/alessi-potspans-set-7-mrc\/","name":"ALESSI Pots&Pans Set 7 mrc - Erresse Shop","isPartOf":{"@id":"https:\/\/www.erresse-shop.it\/fr\/#website"},"datePublished":"2020-08-20T12:25:50+00:00","dateModified":"2025-02-25T11:05:32+00:00","description":"Les \u00e9l\u00e9ments de la s\u00e9rie Pots&amp;Pans, r\u00e9alis\u00e9s en acier inoxydable 18\/10, se distinguent par leur style rigoureux et lin\u00e9aire et par l'attention port\u00e9e","breadcrumb":{"@id":"https:\/\/www.erresse-shop.it\/fr\/shop\/poeles-pots\/batteries-de-cuisine\/alessi-potspans-set-7-mrc\/#breadcrumb"},"inLanguage":"fr-FR","potentialAction":[{"@type":"ReadAction","target":["https:\/\/www.erresse-shop.it\/fr\/shop\/poeles-pots\/batteries-de-cuisine\/alessi-potspans-set-7-mrc\/"]}]},{"@type":"BreadcrumbList","@id":"https:\/\/www.erresse-shop.it\/fr\/shop\/poeles-pots\/batteries-de-cuisine\/alessi-potspans-set-7-mrc\/#breadcrumb","itemListElement":[{"@type":"ListItem","position":1,"name":"Home","item":"https:\/\/www.erresse-shop.it\/fr\/"},{"@type":"ListItem","position":2,"name":"Shop","item":"https:\/\/www.erresse-shop.it\/fr\/shop\/"},{"@type":"ListItem","position":3,"name":"ALESSI Pots&#038;Pans Set 7 mrc"}]},{"@type":"WebSite","@id":"https:\/\/www.erresse-shop.it\/fr\/#website","url":"https:\/\/www.erresse-shop.it\/fr\/","name":"Erresse Shop","description":"Articoli di qualit\u00e0 per la casa","potentialAction":[{"@type":"SearchAction","target":{"@type":"EntryPoint","urlTemplate":"https:\/\/www.erresse-shop.it\/fr\/?s={search_term_string}"},"query-input":"required name=search_term_string"}],"inLanguage":"fr-FR"}]}},"df_price":187.5,"df_sale_price":187.5,"df_regular_price":375,"df_image_link":"https:\/\/www.erresse-shop.it\/wp-content\/uploads\/2020\/08\/ALESSI-PotsPans-Pentole-Set-7-pz-300x300.jpg","_links":{"self":[{"href":"https:\/\/www.erresse-shop.it\/fr\/wp-json\/wp\/v2\/product\/72527"}],"collection":[{"href":"https:\/\/www.erresse-shop.it\/fr\/wp-json\/wp\/v2\/product"}],"about":[{"href":"https:\/\/www.erresse-shop.it\/fr\/wp-json\/wp\/v2\/types\/product"}],"wp:featuredmedia":[{"embeddable":true,"href":"https:\/\/www.erresse-shop.it\/fr\/wp-json\/wp\/v2\/media\/471733"}],"wp:attachment":[{"href":"https:\/\/www.erresse-shop.it\/fr\/wp-json\/wp\/v2\/media?parent=72527"}],"wp:term":[{"taxonomy":"product_cat","embeddable":true,"href":"https:\/\/www.erresse-shop.it\/fr\/wp-json\/wp\/v2\/product_cat?post=72527"},{"taxonomy":"product_tag","embeddable":true,"href":"https:\/\/www.erresse-shop.it\/fr\/wp-json\/wp\/v2\/product_tag?post=72527"}],"curies":[{"name":"wp","href":"https:\/\/api.w.org\/{rel}","templated":true}]}}