{"id":72476,"date":"2020-08-20T10:22:03","date_gmt":"2020-08-20T10:22:08","guid":{"rendered":"https:\/\/www.erresse-shop.it\/?post_type=product&#038;p=72476"},"modified":"2025-02-25T09:33:59","modified_gmt":"2025-02-25T09:33:59","slug":"alessi-edo-set-7-mrc","status":"publish","type":"product","link":"https:\/\/www.erresse-shop.it\/fr\/shop\/poeles-pots\/batteries-de-cuisine\/alessi-edo-set-7-mrc\/","title":{"rendered":"ALESSI Edo Marmites et Casseroles Set de 7 pi\u00e8ces"},"content":{"rendered":"<p>La collection de casseroles et po\u00eales Edo d&#8217;Alessi a \u00e9t\u00e9 con\u00e7ue par Patricia Urquiola et doit son nom au mot latin \u00ab edere \u00bb (manger). Edo est \u00e9galement l&#8217;ancien nom de la ville de Tokyo. Les traditions italiennes et les influences japonaises se rencontrent dans cette collection caract\u00e9ris\u00e9e par des lignes simples et \u00e9l\u00e9gantes. Les origines basques du designer se retrouvent dans les couvercles en forme de basque. Tous les pots de la collection sont caract\u00e9ris\u00e9s par des poign\u00e9es brunes incurv\u00e9es qui ressemblent \u00e0 des rubans de tissu. Avec Edo, vous avez la libert\u00e9 d&#8217;exp\u00e9rimenter diff\u00e9rentes recettes gr\u00e2ce \u00e0 une collection fonctionnelle et harmonieuse.<br \/>\nConvient \u00e0 toutes les sources de chaleur, y compris l&#8217;induction.<\/p>\n<p>L&#8217;ensemble se compose de :<br \/>\nCasserole 24 cm, 8,5 L<br \/>\nCasserole avec poign\u00e9es 20 cm, 2,8 L<br \/>\nCasserole basse avec poign\u00e9es 24 cm, 3.25 L<br \/>\nCasserole \u00e0 long manche 16 cm, 1,3 L<br \/>\nCouvercles 16 cm, 20 cm et 24 cm<\/p>\n<p>Lavable au lave-vaisselle<\/p>\n","protected":false},"excerpt":{"rendered":"<p>La collection de casseroles et po\u00eales Edo d&#8217;Alessi a \u00e9t\u00e9 con\u00e7ue par Patricia Urquiola et doit son nom au mot<\/p>\n","protected":false},"featured_media":471624,"template":"","meta":{"_acf_changed":false,"inline_featured_image":false},"product_cat":[12458,14780],"product_tag":[],"acf":[],"yoast_head":"<!-- This site is optimized with the Yoast SEO Premium plugin v18.6 (Yoast SEO v19.13) - https:\/\/yoast.com\/wordpress\/plugins\/seo\/ -->\n<title>ALESSI Edo Marmites et Casseroles Set de 7 pi\u00e8ces - Erresse Shop<\/title>\n<meta name=\"description\" content=\"La collection de casseroles et po\u00eales Edo d&#039;Alessi a \u00e9t\u00e9 con\u00e7ue par Patricia Urquiola et doit son nom au mot latin \u00ab edere \u00bb (manger). Edo est \u00e9galement\" \/>\n<meta name=\"robots\" content=\"index, follow, max-snippet:-1, max-image-preview:large, max-video-preview:-1\" \/>\n<link rel=\"canonical\" href=\"https:\/\/www.erresse-shop.it\/fr\/shop\/poeles-pots\/batteries-de-cuisine\/alessi-edo-set-7-mrc\/\" \/>\n<meta property=\"og:locale\" content=\"fr_FR\" \/>\n<meta property=\"og:type\" content=\"article\" \/>\n<meta property=\"og:title\" content=\"ALESSI Edo Marmites et Casseroles Set de 7 pi\u00e8ces\" \/>\n<meta property=\"og:description\" content=\"La collection de casseroles et po\u00eales Edo d&#039;Alessi a \u00e9t\u00e9 con\u00e7ue par Patricia Urquiola et doit son nom au mot latin \u00ab edere \u00bb (manger). Edo est \u00e9galement\" \/>\n<meta property=\"og:url\" content=\"https:\/\/www.erresse-shop.it\/fr\/shop\/poeles-pots\/batteries-de-cuisine\/alessi-edo-set-7-mrc\/\" \/>\n<meta property=\"og:site_name\" content=\"Erresse Shop\" \/>\n<meta property=\"article:modified_time\" content=\"2025-02-25T09:33:59+00:00\" \/>\n<meta property=\"og:image\" content=\"https:\/\/www.erresse-shop.it\/wp-content\/uploads\/2020\/08\/ALESSI-Edo-Pentole-e-Padelle-Set-7-pz.jpg\" \/>\n\t<meta property=\"og:image:width\" content=\"1200\" \/>\n\t<meta property=\"og:image:height\" content=\"1200\" \/>\n\t<meta property=\"og:image:type\" content=\"image\/jpeg\" \/>\n<meta name=\"twitter:card\" content=\"summary_large_image\" \/>\n<script type=\"application\/ld+json\" class=\"yoast-schema-graph\">{\"@context\":\"https:\/\/schema.org\",\"@graph\":[{\"@type\":\"WebPage\",\"@id\":\"https:\/\/www.erresse-shop.it\/fr\/shop\/poeles-pots\/batteries-de-cuisine\/alessi-edo-set-7-mrc\/\",\"url\":\"https:\/\/www.erresse-shop.it\/fr\/shop\/poeles-pots\/batteries-de-cuisine\/alessi-edo-set-7-mrc\/\",\"name\":\"ALESSI Edo Marmites et Casseroles Set de 7 pi\u00e8ces - Erresse Shop\",\"isPartOf\":{\"@id\":\"https:\/\/www.erresse-shop.it\/fr\/#website\"},\"datePublished\":\"2020-08-20T10:22:08+00:00\",\"dateModified\":\"2025-02-25T09:33:59+00:00\",\"description\":\"La collection de casseroles et po\u00eales Edo d'Alessi a \u00e9t\u00e9 con\u00e7ue par Patricia Urquiola et doit son nom au mot latin \u00ab edere \u00bb (manger). Edo est \u00e9galement\",\"breadcrumb\":{\"@id\":\"https:\/\/www.erresse-shop.it\/fr\/shop\/poeles-pots\/batteries-de-cuisine\/alessi-edo-set-7-mrc\/#breadcrumb\"},\"inLanguage\":\"fr-FR\",\"potentialAction\":[{\"@type\":\"ReadAction\",\"target\":[\"https:\/\/www.erresse-shop.it\/fr\/shop\/poeles-pots\/batteries-de-cuisine\/alessi-edo-set-7-mrc\/\"]}]},{\"@type\":\"BreadcrumbList\",\"@id\":\"https:\/\/www.erresse-shop.it\/fr\/shop\/poeles-pots\/batteries-de-cuisine\/alessi-edo-set-7-mrc\/#breadcrumb\",\"itemListElement\":[{\"@type\":\"ListItem\",\"position\":1,\"name\":\"Home\",\"item\":\"https:\/\/www.erresse-shop.it\/fr\/\"},{\"@type\":\"ListItem\",\"position\":2,\"name\":\"Shop\",\"item\":\"https:\/\/www.erresse-shop.it\/fr\/shop\/\"},{\"@type\":\"ListItem\",\"position\":3,\"name\":\"ALESSI Edo Marmites et Casseroles Set de 7 pi\u00e8ces\"}]},{\"@type\":\"WebSite\",\"@id\":\"https:\/\/www.erresse-shop.it\/fr\/#website\",\"url\":\"https:\/\/www.erresse-shop.it\/fr\/\",\"name\":\"Erresse Shop\",\"description\":\"Articoli di qualit\u00e0 per la casa\",\"potentialAction\":[{\"@type\":\"SearchAction\",\"target\":{\"@type\":\"EntryPoint\",\"urlTemplate\":\"https:\/\/www.erresse-shop.it\/fr\/?s={search_term_string}\"},\"query-input\":\"required name=search_term_string\"}],\"inLanguage\":\"fr-FR\"}]}<\/script>\n<!-- \/ Yoast SEO Premium plugin. -->","yoast_head_json":{"title":"ALESSI Edo Marmites et Casseroles Set de 7 pi\u00e8ces - Erresse Shop","description":"La collection de casseroles et po\u00eales Edo d'Alessi a \u00e9t\u00e9 con\u00e7ue par Patricia Urquiola et doit son nom au mot latin \u00ab edere \u00bb (manger). Edo est \u00e9galement","robots":{"index":"index","follow":"follow","max-snippet":"max-snippet:-1","max-image-preview":"max-image-preview:large","max-video-preview":"max-video-preview:-1"},"canonical":"https:\/\/www.erresse-shop.it\/fr\/shop\/poeles-pots\/batteries-de-cuisine\/alessi-edo-set-7-mrc\/","og_locale":"fr_FR","og_type":"article","og_title":"ALESSI Edo Marmites et Casseroles Set de 7 pi\u00e8ces","og_description":"La collection de casseroles et po\u00eales Edo d'Alessi a \u00e9t\u00e9 con\u00e7ue par Patricia Urquiola et doit son nom au mot latin \u00ab edere \u00bb (manger). Edo est \u00e9galement","og_url":"https:\/\/www.erresse-shop.it\/fr\/shop\/poeles-pots\/batteries-de-cuisine\/alessi-edo-set-7-mrc\/","og_site_name":"Erresse Shop","article_modified_time":"2025-02-25T09:33:59+00:00","og_image":[{"width":1200,"height":1200,"url":"https:\/\/www.erresse-shop.it\/wp-content\/uploads\/2020\/08\/ALESSI-Edo-Pentole-e-Padelle-Set-7-pz.jpg","type":"image\/jpeg"}],"twitter_card":"summary_large_image","schema":{"@context":"https:\/\/schema.org","@graph":[{"@type":"WebPage","@id":"https:\/\/www.erresse-shop.it\/fr\/shop\/poeles-pots\/batteries-de-cuisine\/alessi-edo-set-7-mrc\/","url":"https:\/\/www.erresse-shop.it\/fr\/shop\/poeles-pots\/batteries-de-cuisine\/alessi-edo-set-7-mrc\/","name":"ALESSI Edo Marmites et Casseroles Set de 7 pi\u00e8ces - Erresse Shop","isPartOf":{"@id":"https:\/\/www.erresse-shop.it\/fr\/#website"},"datePublished":"2020-08-20T10:22:08+00:00","dateModified":"2025-02-25T09:33:59+00:00","description":"La collection de casseroles et po\u00eales Edo d'Alessi a \u00e9t\u00e9 con\u00e7ue par Patricia Urquiola et doit son nom au mot latin \u00ab edere \u00bb (manger). Edo est \u00e9galement","breadcrumb":{"@id":"https:\/\/www.erresse-shop.it\/fr\/shop\/poeles-pots\/batteries-de-cuisine\/alessi-edo-set-7-mrc\/#breadcrumb"},"inLanguage":"fr-FR","potentialAction":[{"@type":"ReadAction","target":["https:\/\/www.erresse-shop.it\/fr\/shop\/poeles-pots\/batteries-de-cuisine\/alessi-edo-set-7-mrc\/"]}]},{"@type":"BreadcrumbList","@id":"https:\/\/www.erresse-shop.it\/fr\/shop\/poeles-pots\/batteries-de-cuisine\/alessi-edo-set-7-mrc\/#breadcrumb","itemListElement":[{"@type":"ListItem","position":1,"name":"Home","item":"https:\/\/www.erresse-shop.it\/fr\/"},{"@type":"ListItem","position":2,"name":"Shop","item":"https:\/\/www.erresse-shop.it\/fr\/shop\/"},{"@type":"ListItem","position":3,"name":"ALESSI Edo Marmites et Casseroles Set de 7 pi\u00e8ces"}]},{"@type":"WebSite","@id":"https:\/\/www.erresse-shop.it\/fr\/#website","url":"https:\/\/www.erresse-shop.it\/fr\/","name":"Erresse Shop","description":"Articoli di qualit\u00e0 per la casa","potentialAction":[{"@type":"SearchAction","target":{"@type":"EntryPoint","urlTemplate":"https:\/\/www.erresse-shop.it\/fr\/?s={search_term_string}"},"query-input":"required name=search_term_string"}],"inLanguage":"fr-FR"}]}},"df_price":197.5,"df_sale_price":197.5,"df_regular_price":395,"df_image_link":"https:\/\/www.erresse-shop.it\/wp-content\/uploads\/2020\/08\/ALESSI-Edo-Pentole-e-Padelle-Set-7-pz-300x300.jpg","_links":{"self":[{"href":"https:\/\/www.erresse-shop.it\/fr\/wp-json\/wp\/v2\/product\/72476"}],"collection":[{"href":"https:\/\/www.erresse-shop.it\/fr\/wp-json\/wp\/v2\/product"}],"about":[{"href":"https:\/\/www.erresse-shop.it\/fr\/wp-json\/wp\/v2\/types\/product"}],"wp:featuredmedia":[{"embeddable":true,"href":"https:\/\/www.erresse-shop.it\/fr\/wp-json\/wp\/v2\/media\/471624"}],"wp:attachment":[{"href":"https:\/\/www.erresse-shop.it\/fr\/wp-json\/wp\/v2\/media?parent=72476"}],"wp:term":[{"taxonomy":"product_cat","embeddable":true,"href":"https:\/\/www.erresse-shop.it\/fr\/wp-json\/wp\/v2\/product_cat?post=72476"},{"taxonomy":"product_tag","embeddable":true,"href":"https:\/\/www.erresse-shop.it\/fr\/wp-json\/wp\/v2\/product_tag?post=72476"}],"curies":[{"name":"wp","href":"https:\/\/api.w.org\/{rel}","templated":true}]}}