{"id":72394,"date":"2020-08-20T08:59:14","date_gmt":"2020-08-20T08:59:20","guid":{"rendered":"https:\/\/www.erresse-shop.it\/?post_type=product&#038;p=72394"},"modified":"2025-02-25T14:40:41","modified_gmt":"2025-02-25T14:40:41","slug":"alessi-todo-rape","status":"publish","type":"product","link":"https:\/\/www.erresse-shop.it\/fr\/shop\/cuisine\/rapes\/alessi-todo-rape\/","title":{"rendered":"ALESSI Todo R\u00e2pe"},"content":{"rendered":"<p>La r\u00e2pe \u00ab Todo \u00bb, gr\u00e2ce \u00e0 la course exceptionnelle offerte par son long corps tronconique, permet de produire en un seul passage la quantit\u00e9 de fromage n\u00e9cessaire \u00e0 chaque plat. Un excellent exemple d&#8217;objet \u00e0 exposer sur la table ou dans la cuisine, mais en m\u00eame temps dot\u00e9 d&#8217;une performance fonctionnelle pr\u00e9cise et innovante qui transforme presque en gestes ludiques l&#8217;une des op\u00e9rations les plus fastidieuses et les moins qualifiantes de la cuisine.<\/p>\n<p>Caract\u00e9ristiques :<br \/>\n&#8211; Mat\u00e9riau : Acier et bois<br \/>\n&#8211; Hauteur : 46 cm<br \/>\n&#8211; Largeur : 10 cm<\/p>\n","protected":false},"excerpt":{"rendered":"<p>La r\u00e2pe \u00ab Todo \u00bb, gr\u00e2ce \u00e0 la course exceptionnelle offerte par son long corps tronconique, permet de produire en<\/p>\n","protected":false},"featured_media":471947,"template":"","meta":{"_acf_changed":false,"inline_featured_image":false},"product_cat":[12748,26037],"product_tag":[14064,19076,12817],"acf":[],"yoast_head":"<!-- This site is optimized with the Yoast SEO Premium plugin v18.6 (Yoast SEO v19.13) - https:\/\/yoast.com\/wordpress\/plugins\/seo\/ -->\n<title>ALESSI Todo R\u00e2pe - Erresse Shop<\/title>\n<meta name=\"description\" content=\"La r\u00e2pe \u00ab Todo \u00bb, gr\u00e2ce \u00e0 la course exceptionnelle offerte par son long corps tronconique, permet de produire en un seul passage la quantit\u00e9 de fromage\" \/>\n<meta name=\"robots\" content=\"index, follow, max-snippet:-1, max-image-preview:large, max-video-preview:-1\" \/>\n<link rel=\"canonical\" href=\"https:\/\/www.erresse-shop.it\/fr\/shop\/cuisine\/rapes\/alessi-todo-rape\/\" \/>\n<meta property=\"og:locale\" content=\"fr_FR\" \/>\n<meta property=\"og:type\" content=\"article\" \/>\n<meta property=\"og:title\" content=\"ALESSI Todo R\u00e2pe\" \/>\n<meta property=\"og:description\" content=\"La r\u00e2pe \u00ab Todo \u00bb, gr\u00e2ce \u00e0 la course exceptionnelle offerte par son long corps tronconique, permet de produire en un seul passage la quantit\u00e9 de fromage\" \/>\n<meta property=\"og:url\" content=\"https:\/\/www.erresse-shop.it\/fr\/shop\/cuisine\/rapes\/alessi-todo-rape\/\" \/>\n<meta property=\"og:site_name\" content=\"Erresse Shop\" \/>\n<meta property=\"article:modified_time\" content=\"2025-02-25T14:40:41+00:00\" \/>\n<meta property=\"og:image\" content=\"https:\/\/www.erresse-shop.it\/wp-content\/uploads\/2020\/08\/ALESSI-Todo-Grattuggia.jpg\" \/>\n\t<meta property=\"og:image:width\" content=\"1200\" \/>\n\t<meta property=\"og:image:height\" content=\"1200\" \/>\n\t<meta property=\"og:image:type\" content=\"image\/jpeg\" \/>\n<meta name=\"twitter:card\" content=\"summary_large_image\" \/>\n<script type=\"application\/ld+json\" class=\"yoast-schema-graph\">{\"@context\":\"https:\/\/schema.org\",\"@graph\":[{\"@type\":\"WebPage\",\"@id\":\"https:\/\/www.erresse-shop.it\/fr\/shop\/cuisine\/rapes\/alessi-todo-rape\/\",\"url\":\"https:\/\/www.erresse-shop.it\/fr\/shop\/cuisine\/rapes\/alessi-todo-rape\/\",\"name\":\"ALESSI Todo R\u00e2pe - Erresse Shop\",\"isPartOf\":{\"@id\":\"https:\/\/www.erresse-shop.it\/fr\/#website\"},\"datePublished\":\"2020-08-20T08:59:20+00:00\",\"dateModified\":\"2025-02-25T14:40:41+00:00\",\"description\":\"La r\u00e2pe \u00ab Todo \u00bb, gr\u00e2ce \u00e0 la course exceptionnelle offerte par son long corps tronconique, permet de produire en un seul passage la quantit\u00e9 de fromage\",\"breadcrumb\":{\"@id\":\"https:\/\/www.erresse-shop.it\/fr\/shop\/cuisine\/rapes\/alessi-todo-rape\/#breadcrumb\"},\"inLanguage\":\"fr-FR\",\"potentialAction\":[{\"@type\":\"ReadAction\",\"target\":[\"https:\/\/www.erresse-shop.it\/fr\/shop\/cuisine\/rapes\/alessi-todo-rape\/\"]}]},{\"@type\":\"BreadcrumbList\",\"@id\":\"https:\/\/www.erresse-shop.it\/fr\/shop\/cuisine\/rapes\/alessi-todo-rape\/#breadcrumb\",\"itemListElement\":[{\"@type\":\"ListItem\",\"position\":1,\"name\":\"Home\",\"item\":\"https:\/\/www.erresse-shop.it\/fr\/\"},{\"@type\":\"ListItem\",\"position\":2,\"name\":\"Shop\",\"item\":\"https:\/\/www.erresse-shop.it\/fr\/shop\/\"},{\"@type\":\"ListItem\",\"position\":3,\"name\":\"ALESSI Todo R\u00e2pe\"}]},{\"@type\":\"WebSite\",\"@id\":\"https:\/\/www.erresse-shop.it\/fr\/#website\",\"url\":\"https:\/\/www.erresse-shop.it\/fr\/\",\"name\":\"Erresse Shop\",\"description\":\"Articoli di qualit\u00e0 per la casa\",\"potentialAction\":[{\"@type\":\"SearchAction\",\"target\":{\"@type\":\"EntryPoint\",\"urlTemplate\":\"https:\/\/www.erresse-shop.it\/fr\/?s={search_term_string}\"},\"query-input\":\"required name=search_term_string\"}],\"inLanguage\":\"fr-FR\"}]}<\/script>\n<!-- \/ Yoast SEO Premium plugin. -->","yoast_head_json":{"title":"ALESSI Todo R\u00e2pe - Erresse Shop","description":"La r\u00e2pe \u00ab Todo \u00bb, gr\u00e2ce \u00e0 la course exceptionnelle offerte par son long corps tronconique, permet de produire en un seul passage la quantit\u00e9 de fromage","robots":{"index":"index","follow":"follow","max-snippet":"max-snippet:-1","max-image-preview":"max-image-preview:large","max-video-preview":"max-video-preview:-1"},"canonical":"https:\/\/www.erresse-shop.it\/fr\/shop\/cuisine\/rapes\/alessi-todo-rape\/","og_locale":"fr_FR","og_type":"article","og_title":"ALESSI Todo R\u00e2pe","og_description":"La r\u00e2pe \u00ab Todo \u00bb, gr\u00e2ce \u00e0 la course exceptionnelle offerte par son long corps tronconique, permet de produire en un seul passage la quantit\u00e9 de fromage","og_url":"https:\/\/www.erresse-shop.it\/fr\/shop\/cuisine\/rapes\/alessi-todo-rape\/","og_site_name":"Erresse Shop","article_modified_time":"2025-02-25T14:40:41+00:00","og_image":[{"width":1200,"height":1200,"url":"https:\/\/www.erresse-shop.it\/wp-content\/uploads\/2020\/08\/ALESSI-Todo-Grattuggia.jpg","type":"image\/jpeg"}],"twitter_card":"summary_large_image","schema":{"@context":"https:\/\/schema.org","@graph":[{"@type":"WebPage","@id":"https:\/\/www.erresse-shop.it\/fr\/shop\/cuisine\/rapes\/alessi-todo-rape\/","url":"https:\/\/www.erresse-shop.it\/fr\/shop\/cuisine\/rapes\/alessi-todo-rape\/","name":"ALESSI Todo R\u00e2pe - Erresse Shop","isPartOf":{"@id":"https:\/\/www.erresse-shop.it\/fr\/#website"},"datePublished":"2020-08-20T08:59:20+00:00","dateModified":"2025-02-25T14:40:41+00:00","description":"La r\u00e2pe \u00ab Todo \u00bb, gr\u00e2ce \u00e0 la course exceptionnelle offerte par son long corps tronconique, permet de produire en un seul passage la quantit\u00e9 de fromage","breadcrumb":{"@id":"https:\/\/www.erresse-shop.it\/fr\/shop\/cuisine\/rapes\/alessi-todo-rape\/#breadcrumb"},"inLanguage":"fr-FR","potentialAction":[{"@type":"ReadAction","target":["https:\/\/www.erresse-shop.it\/fr\/shop\/cuisine\/rapes\/alessi-todo-rape\/"]}]},{"@type":"BreadcrumbList","@id":"https:\/\/www.erresse-shop.it\/fr\/shop\/cuisine\/rapes\/alessi-todo-rape\/#breadcrumb","itemListElement":[{"@type":"ListItem","position":1,"name":"Home","item":"https:\/\/www.erresse-shop.it\/fr\/"},{"@type":"ListItem","position":2,"name":"Shop","item":"https:\/\/www.erresse-shop.it\/fr\/shop\/"},{"@type":"ListItem","position":3,"name":"ALESSI Todo R\u00e2pe"}]},{"@type":"WebSite","@id":"https:\/\/www.erresse-shop.it\/fr\/#website","url":"https:\/\/www.erresse-shop.it\/fr\/","name":"Erresse Shop","description":"Articoli di qualit\u00e0 per la casa","potentialAction":[{"@type":"SearchAction","target":{"@type":"EntryPoint","urlTemplate":"https:\/\/www.erresse-shop.it\/fr\/?s={search_term_string}"},"query-input":"required name=search_term_string"}],"inLanguage":"fr-FR"}]}},"df_price":59.95,"df_sale_price":59.95,"df_regular_price":78,"df_image_link":"https:\/\/www.erresse-shop.it\/wp-content\/uploads\/2020\/08\/ALESSI-Todo-Grattuggia-300x300.jpg","_links":{"self":[{"href":"https:\/\/www.erresse-shop.it\/fr\/wp-json\/wp\/v2\/product\/72394"}],"collection":[{"href":"https:\/\/www.erresse-shop.it\/fr\/wp-json\/wp\/v2\/product"}],"about":[{"href":"https:\/\/www.erresse-shop.it\/fr\/wp-json\/wp\/v2\/types\/product"}],"wp:featuredmedia":[{"embeddable":true,"href":"https:\/\/www.erresse-shop.it\/fr\/wp-json\/wp\/v2\/media\/471947"}],"wp:attachment":[{"href":"https:\/\/www.erresse-shop.it\/fr\/wp-json\/wp\/v2\/media?parent=72394"}],"wp:term":[{"taxonomy":"product_cat","embeddable":true,"href":"https:\/\/www.erresse-shop.it\/fr\/wp-json\/wp\/v2\/product_cat?post=72394"},{"taxonomy":"product_tag","embeddable":true,"href":"https:\/\/www.erresse-shop.it\/fr\/wp-json\/wp\/v2\/product_tag?post=72394"}],"curies":[{"name":"wp","href":"https:\/\/api.w.org\/{rel}","templated":true}]}}