{"id":72280,"date":"2020-08-20T06:55:15","date_gmt":"2020-08-20T06:55:18","guid":{"rendered":"https:\/\/www.erresse-shop.it\/?post_type=product&#038;p=72280"},"modified":"2025-10-20T10:10:08","modified_gmt":"2025-10-20T10:10:08","slug":"alessi-machine-a-cafe-espresso-noir-6-tasses","status":"publish","type":"product","link":"https:\/\/www.erresse-shop.it\/fr\/shop\/cuisine\/cafetieres\/alessi-machine-a-cafe-espresso-noir-6-tasses\/","title":{"rendered":"ALESSI Pulcina Cafeti\u00e8re Noir 6 tasses"},"content":{"rendered":"<p>Une cafeti\u00e8re moka r\u00e9volutionnaire qui allie la technologie d\u00e9velopp\u00e9e par illycaff\u00e8 et le savoir-faire d&#8217;Alessi en mati\u00e8re de design. Con\u00e7ue par Michele de Lucchi, Pulcina int\u00e8gre une petite mais importante innovation conceptuelle qui interrompt la distribution de la boisson au bon moment, avant que le caf\u00e9 n&#8217;acqui\u00e8re un arri\u00e8re-go\u00fbt amer. Cela renforce l&#8217;ar\u00f4me cors\u00e9 et rond de cette boisson. Le bec verseur, qui rappelle le bec d&#8217;un poussin (d&#8217;o\u00f9 le nom de la cafeti\u00e8re), permet de couper parfaitement la goutte.<\/p>\n<p>Caract\u00e9ristiques<br \/>\n&#8211; Cafeti\u00e8re en aluminium<br \/>\n&#8211; Poign\u00e9e et bouton en PA<br \/>\n&#8211; Capacit\u00e9 : 6 tasses<br \/>\n&#8211; Hauteur : 26 cm<br \/>\n&#8211; Largeur : 12 cm<\/p>\n","protected":false},"excerpt":{"rendered":"<p>Une cafeti\u00e8re moka r\u00e9volutionnaire qui allie la technologie d\u00e9velopp\u00e9e par illycaff\u00e8 et le savoir-faire d&#8217;Alessi en mati\u00e8re de design. Con\u00e7ue<\/p>\n","protected":false},"featured_media":471824,"template":"","meta":{"_acf_changed":false,"inline_featured_image":false},"product_cat":[12753,12748],"product_tag":[13441],"acf":[],"yoast_head":"<!-- This site is optimized with the Yoast SEO Premium plugin v18.6 (Yoast SEO v19.13) - https:\/\/yoast.com\/wordpress\/plugins\/seo\/ -->\n<title>ALESSI Pulcina Cafeti\u00e8re Noir 6 tasses - Erresse Shop<\/title>\n<meta name=\"description\" content=\"Une cafeti\u00e8re moka r\u00e9volutionnaire qui allie la technologie d\u00e9velopp\u00e9e par illycaff\u00e8 et le savoir-faire d&#039;Alessi en mati\u00e8re de design. Con\u00e7ue par Michele\" \/>\n<meta name=\"robots\" content=\"index, follow, max-snippet:-1, max-image-preview:large, max-video-preview:-1\" \/>\n<link rel=\"canonical\" href=\"https:\/\/www.erresse-shop.it\/fr\/shop\/cuisine\/cafetieres\/alessi-machine-a-cafe-espresso-noir-6-tasses\/\" \/>\n<meta property=\"og:locale\" content=\"fr_FR\" \/>\n<meta property=\"og:type\" content=\"article\" \/>\n<meta property=\"og:title\" content=\"ALESSI Pulcina Cafeti\u00e8re Noir 6 tasses\" \/>\n<meta property=\"og:description\" content=\"Une cafeti\u00e8re moka r\u00e9volutionnaire qui allie la technologie d\u00e9velopp\u00e9e par illycaff\u00e8 et le savoir-faire d&#039;Alessi en mati\u00e8re de design. Con\u00e7ue par Michele\" \/>\n<meta property=\"og:url\" content=\"https:\/\/www.erresse-shop.it\/fr\/shop\/cuisine\/cafetieres\/alessi-machine-a-cafe-espresso-noir-6-tasses\/\" \/>\n<meta property=\"og:site_name\" content=\"Erresse Shop\" \/>\n<meta property=\"article:modified_time\" content=\"2025-10-20T10:10:08+00:00\" \/>\n<meta property=\"og:image\" content=\"https:\/\/www.erresse-shop.it\/wp-content\/uploads\/2020\/08\/ALESSI-Pulcina-Caffettiera-Nero-6-Tazze.jpg\" \/>\n\t<meta property=\"og:image:width\" content=\"1200\" \/>\n\t<meta property=\"og:image:height\" content=\"1200\" \/>\n\t<meta property=\"og:image:type\" content=\"image\/jpeg\" \/>\n<meta name=\"twitter:card\" content=\"summary_large_image\" \/>\n<script type=\"application\/ld+json\" class=\"yoast-schema-graph\">{\"@context\":\"https:\/\/schema.org\",\"@graph\":[{\"@type\":\"WebPage\",\"@id\":\"https:\/\/www.erresse-shop.it\/fr\/shop\/cuisine\/cafetieres\/alessi-machine-a-cafe-espresso-noir-6-tasses\/\",\"url\":\"https:\/\/www.erresse-shop.it\/fr\/shop\/cuisine\/cafetieres\/alessi-machine-a-cafe-espresso-noir-6-tasses\/\",\"name\":\"ALESSI Pulcina Cafeti\u00e8re Noir 6 tasses - Erresse Shop\",\"isPartOf\":{\"@id\":\"https:\/\/www.erresse-shop.it\/fr\/#website\"},\"datePublished\":\"2020-08-20T06:55:18+00:00\",\"dateModified\":\"2025-10-20T10:10:08+00:00\",\"description\":\"Une cafeti\u00e8re moka r\u00e9volutionnaire qui allie la technologie d\u00e9velopp\u00e9e par illycaff\u00e8 et le savoir-faire d'Alessi en mati\u00e8re de design. Con\u00e7ue par Michele\",\"breadcrumb\":{\"@id\":\"https:\/\/www.erresse-shop.it\/fr\/shop\/cuisine\/cafetieres\/alessi-machine-a-cafe-espresso-noir-6-tasses\/#breadcrumb\"},\"inLanguage\":\"fr-FR\",\"potentialAction\":[{\"@type\":\"ReadAction\",\"target\":[\"https:\/\/www.erresse-shop.it\/fr\/shop\/cuisine\/cafetieres\/alessi-machine-a-cafe-espresso-noir-6-tasses\/\"]}]},{\"@type\":\"BreadcrumbList\",\"@id\":\"https:\/\/www.erresse-shop.it\/fr\/shop\/cuisine\/cafetieres\/alessi-machine-a-cafe-espresso-noir-6-tasses\/#breadcrumb\",\"itemListElement\":[{\"@type\":\"ListItem\",\"position\":1,\"name\":\"Home\",\"item\":\"https:\/\/www.erresse-shop.it\/fr\/\"},{\"@type\":\"ListItem\",\"position\":2,\"name\":\"Shop\",\"item\":\"https:\/\/www.erresse-shop.it\/fr\/shop\/\"},{\"@type\":\"ListItem\",\"position\":3,\"name\":\"ALESSI Pulcina Cafeti\u00e8re Noir 6 tasses\"}]},{\"@type\":\"WebSite\",\"@id\":\"https:\/\/www.erresse-shop.it\/fr\/#website\",\"url\":\"https:\/\/www.erresse-shop.it\/fr\/\",\"name\":\"Erresse Shop\",\"description\":\"Articoli di qualit\u00e0 per la casa\",\"potentialAction\":[{\"@type\":\"SearchAction\",\"target\":{\"@type\":\"EntryPoint\",\"urlTemplate\":\"https:\/\/www.erresse-shop.it\/fr\/?s={search_term_string}\"},\"query-input\":\"required name=search_term_string\"}],\"inLanguage\":\"fr-FR\"}]}<\/script>\n<!-- \/ Yoast SEO Premium plugin. -->","yoast_head_json":{"title":"ALESSI Pulcina Cafeti\u00e8re Noir 6 tasses - Erresse Shop","description":"Une cafeti\u00e8re moka r\u00e9volutionnaire qui allie la technologie d\u00e9velopp\u00e9e par illycaff\u00e8 et le savoir-faire d'Alessi en mati\u00e8re de design. Con\u00e7ue par Michele","robots":{"index":"index","follow":"follow","max-snippet":"max-snippet:-1","max-image-preview":"max-image-preview:large","max-video-preview":"max-video-preview:-1"},"canonical":"https:\/\/www.erresse-shop.it\/fr\/shop\/cuisine\/cafetieres\/alessi-machine-a-cafe-espresso-noir-6-tasses\/","og_locale":"fr_FR","og_type":"article","og_title":"ALESSI Pulcina Cafeti\u00e8re Noir 6 tasses","og_description":"Une cafeti\u00e8re moka r\u00e9volutionnaire qui allie la technologie d\u00e9velopp\u00e9e par illycaff\u00e8 et le savoir-faire d'Alessi en mati\u00e8re de design. Con\u00e7ue par Michele","og_url":"https:\/\/www.erresse-shop.it\/fr\/shop\/cuisine\/cafetieres\/alessi-machine-a-cafe-espresso-noir-6-tasses\/","og_site_name":"Erresse Shop","article_modified_time":"2025-10-20T10:10:08+00:00","og_image":[{"width":1200,"height":1200,"url":"https:\/\/www.erresse-shop.it\/wp-content\/uploads\/2020\/08\/ALESSI-Pulcina-Caffettiera-Nero-6-Tazze.jpg","type":"image\/jpeg"}],"twitter_card":"summary_large_image","schema":{"@context":"https:\/\/schema.org","@graph":[{"@type":"WebPage","@id":"https:\/\/www.erresse-shop.it\/fr\/shop\/cuisine\/cafetieres\/alessi-machine-a-cafe-espresso-noir-6-tasses\/","url":"https:\/\/www.erresse-shop.it\/fr\/shop\/cuisine\/cafetieres\/alessi-machine-a-cafe-espresso-noir-6-tasses\/","name":"ALESSI Pulcina Cafeti\u00e8re Noir 6 tasses - Erresse Shop","isPartOf":{"@id":"https:\/\/www.erresse-shop.it\/fr\/#website"},"datePublished":"2020-08-20T06:55:18+00:00","dateModified":"2025-10-20T10:10:08+00:00","description":"Une cafeti\u00e8re moka r\u00e9volutionnaire qui allie la technologie d\u00e9velopp\u00e9e par illycaff\u00e8 et le savoir-faire d'Alessi en mati\u00e8re de design. Con\u00e7ue par Michele","breadcrumb":{"@id":"https:\/\/www.erresse-shop.it\/fr\/shop\/cuisine\/cafetieres\/alessi-machine-a-cafe-espresso-noir-6-tasses\/#breadcrumb"},"inLanguage":"fr-FR","potentialAction":[{"@type":"ReadAction","target":["https:\/\/www.erresse-shop.it\/fr\/shop\/cuisine\/cafetieres\/alessi-machine-a-cafe-espresso-noir-6-tasses\/"]}]},{"@type":"BreadcrumbList","@id":"https:\/\/www.erresse-shop.it\/fr\/shop\/cuisine\/cafetieres\/alessi-machine-a-cafe-espresso-noir-6-tasses\/#breadcrumb","itemListElement":[{"@type":"ListItem","position":1,"name":"Home","item":"https:\/\/www.erresse-shop.it\/fr\/"},{"@type":"ListItem","position":2,"name":"Shop","item":"https:\/\/www.erresse-shop.it\/fr\/shop\/"},{"@type":"ListItem","position":3,"name":"ALESSI Pulcina Cafeti\u00e8re Noir 6 tasses"}]},{"@type":"WebSite","@id":"https:\/\/www.erresse-shop.it\/fr\/#website","url":"https:\/\/www.erresse-shop.it\/fr\/","name":"Erresse Shop","description":"Articoli di qualit\u00e0 per la casa","potentialAction":[{"@type":"SearchAction","target":{"@type":"EntryPoint","urlTemplate":"https:\/\/www.erresse-shop.it\/fr\/?s={search_term_string}"},"query-input":"required name=search_term_string"}],"inLanguage":"fr-FR"}]}},"df_price":50,"df_sale_price":50,"df_regular_price":100,"df_image_link":"https:\/\/www.erresse-shop.it\/wp-content\/uploads\/2020\/08\/ALESSI-Pulcina-Caffettiera-Nero-6-Tazze-300x300.jpg","_links":{"self":[{"href":"https:\/\/www.erresse-shop.it\/fr\/wp-json\/wp\/v2\/product\/72280"}],"collection":[{"href":"https:\/\/www.erresse-shop.it\/fr\/wp-json\/wp\/v2\/product"}],"about":[{"href":"https:\/\/www.erresse-shop.it\/fr\/wp-json\/wp\/v2\/types\/product"}],"wp:featuredmedia":[{"embeddable":true,"href":"https:\/\/www.erresse-shop.it\/fr\/wp-json\/wp\/v2\/media\/471824"}],"wp:attachment":[{"href":"https:\/\/www.erresse-shop.it\/fr\/wp-json\/wp\/v2\/media?parent=72280"}],"wp:term":[{"taxonomy":"product_cat","embeddable":true,"href":"https:\/\/www.erresse-shop.it\/fr\/wp-json\/wp\/v2\/product_cat?post=72280"},{"taxonomy":"product_tag","embeddable":true,"href":"https:\/\/www.erresse-shop.it\/fr\/wp-json\/wp\/v2\/product_tag?post=72280"}],"curies":[{"name":"wp","href":"https:\/\/api.w.org\/{rel}","templated":true}]}}