{"id":72134,"date":"2020-08-19T12:59:32","date_gmt":"2020-08-19T12:59:38","guid":{"rendered":"https:\/\/www.erresse-shop.it\/?post_type=product&#038;p=72134"},"modified":"2025-03-04T10:00:20","modified_gmt":"2025-03-04T10:00:20","slug":"alessi-mediterraneo-porte-fruits-rouge-2","status":"publish","type":"product","link":"https:\/\/www.erresse-shop.it\/fr\/shop\/table-fr-2\/recipients-et-bols\/alessi-mediterraneo-porte-fruits-rouge-2\/","title":{"rendered":"ALESSI Mediterraneo Porte-Fruits Rouge 29 cm"},"content":{"rendered":"<p>Il \u00e9tait une fois un corail que l&#8217;on trouvait partout en M\u00e9diterran\u00e9e et qui \u00e9tait export\u00e9 dans le monde entier en \u00e9change d&#8217;\u00e9pices et de parfums. La designer Emma Silvestris a habilement explor\u00e9 l&#8217;imagerie du monde marin pour cr\u00e9er ce panier, qui incarne les formes essentielles et la l\u00e9g\u00e8ret\u00e9 des organismes qui peuplent l&#8217;oc\u00e9an. Con\u00e7ue en 2004, cette corbeille a ouvert la voie \u00e0 la s\u00e9rie Mediterraneo.<\/p>\n<p>Caract\u00e9ristiques techniques<br \/>\n&#8211; Mat\u00e9riel : Acier<br \/>\n&#8211; Diam\u00e8tre : 29 cm<br \/>\n&#8211; Hauteur : 10,80 cm<\/p>\n","protected":false},"excerpt":{"rendered":"<p>Il \u00e9tait une fois un corail que l&#8217;on trouvait partout en M\u00e9diterran\u00e9e et qui \u00e9tait export\u00e9 dans le monde entier<\/p>\n","protected":false},"featured_media":472547,"template":"","meta":{"_acf_changed":false,"inline_featured_image":false},"product_cat":[14244,12782],"product_tag":[15414,14247,13485,23838],"acf":[],"yoast_head":"<!-- This site is optimized with the Yoast SEO Premium plugin v18.6 (Yoast SEO v19.13) - https:\/\/yoast.com\/wordpress\/plugins\/seo\/ -->\n<title>ALESSI Mediterraneo Porte-Fruits Rouge 29 cm - Erresse Shop<\/title>\n<meta name=\"description\" content=\"Il \u00e9tait une fois un corail que l&#039;on trouvait partout en M\u00e9diterran\u00e9e et qui \u00e9tait export\u00e9 dans le monde entier en \u00e9change d&#039;\u00e9pices et de parfums. La\" \/>\n<meta name=\"robots\" content=\"index, follow, max-snippet:-1, max-image-preview:large, max-video-preview:-1\" \/>\n<link rel=\"canonical\" href=\"https:\/\/www.erresse-shop.it\/fr\/shop\/table-fr-2\/recipients-et-bols\/alessi-mediterraneo-porte-fruits-rouge-2\/\" \/>\n<meta property=\"og:locale\" content=\"fr_FR\" \/>\n<meta property=\"og:type\" content=\"article\" \/>\n<meta property=\"og:title\" content=\"ALESSI Mediterraneo Porte-Fruits Rouge 29 cm\" \/>\n<meta property=\"og:description\" content=\"Il \u00e9tait une fois un corail que l&#039;on trouvait partout en M\u00e9diterran\u00e9e et qui \u00e9tait export\u00e9 dans le monde entier en \u00e9change d&#039;\u00e9pices et de parfums. La\" \/>\n<meta property=\"og:url\" content=\"https:\/\/www.erresse-shop.it\/fr\/shop\/table-fr-2\/recipients-et-bols\/alessi-mediterraneo-porte-fruits-rouge-2\/\" \/>\n<meta property=\"og:site_name\" content=\"Erresse Shop\" \/>\n<meta property=\"article:modified_time\" content=\"2025-03-04T10:00:20+00:00\" \/>\n<meta property=\"og:image\" content=\"https:\/\/www.erresse-shop.it\/wp-content\/uploads\/2025\/02\/ALESSI-Mediterraneo-Fruttiera-Rosso-29-cm.jpg\" \/>\n\t<meta property=\"og:image:width\" content=\"1200\" \/>\n\t<meta property=\"og:image:height\" content=\"1200\" \/>\n\t<meta property=\"og:image:type\" content=\"image\/jpeg\" \/>\n<meta name=\"twitter:card\" content=\"summary_large_image\" \/>\n<script type=\"application\/ld+json\" class=\"yoast-schema-graph\">{\"@context\":\"https:\/\/schema.org\",\"@graph\":[{\"@type\":\"WebPage\",\"@id\":\"https:\/\/www.erresse-shop.it\/fr\/shop\/table-fr-2\/recipients-et-bols\/alessi-mediterraneo-porte-fruits-rouge-2\/\",\"url\":\"https:\/\/www.erresse-shop.it\/fr\/shop\/table-fr-2\/recipients-et-bols\/alessi-mediterraneo-porte-fruits-rouge-2\/\",\"name\":\"ALESSI Mediterraneo Porte-Fruits Rouge 29 cm - Erresse Shop\",\"isPartOf\":{\"@id\":\"https:\/\/www.erresse-shop.it\/fr\/#website\"},\"datePublished\":\"2020-08-19T12:59:38+00:00\",\"dateModified\":\"2025-03-04T10:00:20+00:00\",\"description\":\"Il \u00e9tait une fois un corail que l'on trouvait partout en M\u00e9diterran\u00e9e et qui \u00e9tait export\u00e9 dans le monde entier en \u00e9change d'\u00e9pices et de parfums. La\",\"breadcrumb\":{\"@id\":\"https:\/\/www.erresse-shop.it\/fr\/shop\/table-fr-2\/recipients-et-bols\/alessi-mediterraneo-porte-fruits-rouge-2\/#breadcrumb\"},\"inLanguage\":\"fr-FR\",\"potentialAction\":[{\"@type\":\"ReadAction\",\"target\":[\"https:\/\/www.erresse-shop.it\/fr\/shop\/table-fr-2\/recipients-et-bols\/alessi-mediterraneo-porte-fruits-rouge-2\/\"]}]},{\"@type\":\"BreadcrumbList\",\"@id\":\"https:\/\/www.erresse-shop.it\/fr\/shop\/table-fr-2\/recipients-et-bols\/alessi-mediterraneo-porte-fruits-rouge-2\/#breadcrumb\",\"itemListElement\":[{\"@type\":\"ListItem\",\"position\":1,\"name\":\"Home\",\"item\":\"https:\/\/www.erresse-shop.it\/fr\/\"},{\"@type\":\"ListItem\",\"position\":2,\"name\":\"Shop\",\"item\":\"https:\/\/www.erresse-shop.it\/fr\/shop\/\"},{\"@type\":\"ListItem\",\"position\":3,\"name\":\"ALESSI Mediterraneo Porte-Fruits Rouge 29 cm\"}]},{\"@type\":\"WebSite\",\"@id\":\"https:\/\/www.erresse-shop.it\/fr\/#website\",\"url\":\"https:\/\/www.erresse-shop.it\/fr\/\",\"name\":\"Erresse Shop\",\"description\":\"Articoli di qualit\u00e0 per la casa\",\"potentialAction\":[{\"@type\":\"SearchAction\",\"target\":{\"@type\":\"EntryPoint\",\"urlTemplate\":\"https:\/\/www.erresse-shop.it\/fr\/?s={search_term_string}\"},\"query-input\":\"required name=search_term_string\"}],\"inLanguage\":\"fr-FR\"}]}<\/script>\n<!-- \/ Yoast SEO Premium plugin. -->","yoast_head_json":{"title":"ALESSI Mediterraneo Porte-Fruits Rouge 29 cm - Erresse Shop","description":"Il \u00e9tait une fois un corail que l'on trouvait partout en M\u00e9diterran\u00e9e et qui \u00e9tait export\u00e9 dans le monde entier en \u00e9change d'\u00e9pices et de parfums. La","robots":{"index":"index","follow":"follow","max-snippet":"max-snippet:-1","max-image-preview":"max-image-preview:large","max-video-preview":"max-video-preview:-1"},"canonical":"https:\/\/www.erresse-shop.it\/fr\/shop\/table-fr-2\/recipients-et-bols\/alessi-mediterraneo-porte-fruits-rouge-2\/","og_locale":"fr_FR","og_type":"article","og_title":"ALESSI Mediterraneo Porte-Fruits Rouge 29 cm","og_description":"Il \u00e9tait une fois un corail que l'on trouvait partout en M\u00e9diterran\u00e9e et qui \u00e9tait export\u00e9 dans le monde entier en \u00e9change d'\u00e9pices et de parfums. La","og_url":"https:\/\/www.erresse-shop.it\/fr\/shop\/table-fr-2\/recipients-et-bols\/alessi-mediterraneo-porte-fruits-rouge-2\/","og_site_name":"Erresse Shop","article_modified_time":"2025-03-04T10:00:20+00:00","og_image":[{"width":1200,"height":1200,"url":"https:\/\/www.erresse-shop.it\/wp-content\/uploads\/2025\/02\/ALESSI-Mediterraneo-Fruttiera-Rosso-29-cm.jpg","type":"image\/jpeg"}],"twitter_card":"summary_large_image","schema":{"@context":"https:\/\/schema.org","@graph":[{"@type":"WebPage","@id":"https:\/\/www.erresse-shop.it\/fr\/shop\/table-fr-2\/recipients-et-bols\/alessi-mediterraneo-porte-fruits-rouge-2\/","url":"https:\/\/www.erresse-shop.it\/fr\/shop\/table-fr-2\/recipients-et-bols\/alessi-mediterraneo-porte-fruits-rouge-2\/","name":"ALESSI Mediterraneo Porte-Fruits Rouge 29 cm - Erresse Shop","isPartOf":{"@id":"https:\/\/www.erresse-shop.it\/fr\/#website"},"datePublished":"2020-08-19T12:59:38+00:00","dateModified":"2025-03-04T10:00:20+00:00","description":"Il \u00e9tait une fois un corail que l'on trouvait partout en M\u00e9diterran\u00e9e et qui \u00e9tait export\u00e9 dans le monde entier en \u00e9change d'\u00e9pices et de parfums. La","breadcrumb":{"@id":"https:\/\/www.erresse-shop.it\/fr\/shop\/table-fr-2\/recipients-et-bols\/alessi-mediterraneo-porte-fruits-rouge-2\/#breadcrumb"},"inLanguage":"fr-FR","potentialAction":[{"@type":"ReadAction","target":["https:\/\/www.erresse-shop.it\/fr\/shop\/table-fr-2\/recipients-et-bols\/alessi-mediterraneo-porte-fruits-rouge-2\/"]}]},{"@type":"BreadcrumbList","@id":"https:\/\/www.erresse-shop.it\/fr\/shop\/table-fr-2\/recipients-et-bols\/alessi-mediterraneo-porte-fruits-rouge-2\/#breadcrumb","itemListElement":[{"@type":"ListItem","position":1,"name":"Home","item":"https:\/\/www.erresse-shop.it\/fr\/"},{"@type":"ListItem","position":2,"name":"Shop","item":"https:\/\/www.erresse-shop.it\/fr\/shop\/"},{"@type":"ListItem","position":3,"name":"ALESSI Mediterraneo Porte-Fruits Rouge 29 cm"}]},{"@type":"WebSite","@id":"https:\/\/www.erresse-shop.it\/fr\/#website","url":"https:\/\/www.erresse-shop.it\/fr\/","name":"Erresse Shop","description":"Articoli di qualit\u00e0 per la casa","potentialAction":[{"@type":"SearchAction","target":{"@type":"EntryPoint","urlTemplate":"https:\/\/www.erresse-shop.it\/fr\/?s={search_term_string}"},"query-input":"required name=search_term_string"}],"inLanguage":"fr-FR"}]}},"df_price":95,"df_sale_price":95,"df_regular_price":95,"df_image_link":"https:\/\/www.erresse-shop.it\/wp-content\/uploads\/2025\/02\/ALESSI-Mediterraneo-Fruttiera-Rosso-29-cm-300x300.jpg","_links":{"self":[{"href":"https:\/\/www.erresse-shop.it\/fr\/wp-json\/wp\/v2\/product\/72134"}],"collection":[{"href":"https:\/\/www.erresse-shop.it\/fr\/wp-json\/wp\/v2\/product"}],"about":[{"href":"https:\/\/www.erresse-shop.it\/fr\/wp-json\/wp\/v2\/types\/product"}],"wp:featuredmedia":[{"embeddable":true,"href":"https:\/\/www.erresse-shop.it\/fr\/wp-json\/wp\/v2\/media\/472547"}],"wp:attachment":[{"href":"https:\/\/www.erresse-shop.it\/fr\/wp-json\/wp\/v2\/media?parent=72134"}],"wp:term":[{"taxonomy":"product_cat","embeddable":true,"href":"https:\/\/www.erresse-shop.it\/fr\/wp-json\/wp\/v2\/product_cat?post=72134"},{"taxonomy":"product_tag","embeddable":true,"href":"https:\/\/www.erresse-shop.it\/fr\/wp-json\/wp\/v2\/product_tag?post=72134"}],"curies":[{"name":"wp","href":"https:\/\/api.w.org\/{rel}","templated":true}]}}