{"id":72049,"date":"2020-08-19T08:48:52","date_gmt":"2020-08-19T08:49:02","guid":{"rendered":"https:\/\/www.erresse-shop.it\/?post_type=product&#038;p=72049"},"modified":"2025-02-25T13:40:52","modified_gmt":"2025-02-25T13:40:52","slug":"alessi-mediterraneo-porte-fruits-inox","status":"publish","type":"product","link":"https:\/\/www.erresse-shop.it\/fr\/shop\/table-fr-2\/recipients-et-bols\/alessi-mediterraneo-porte-fruits-inox\/","title":{"rendered":"ALESSI Mediterraneo Porte-Fruits Inox 21 cm"},"content":{"rendered":"<p>La nature des fonds marins est la source d&#8217;inspiration de la coupe \u00e0 fruits m\u00e9diterran\u00e9enne. LPWK- Emma Silvestris c\u00e9l\u00e8bre le corail, transf\u00e9rant l&#8217;aura magique et symbolique du monde sous-marin dans le m\u00e9tal. Fabriqu\u00e9e en acier inoxydable, la coupe \u00e0 fruits Mediterraneo apporte \u00e0 la table la lumi\u00e8re et les formes essentielles qui peuplent la mer.<\/p>\n<p>Caract\u00e9ristiques<br \/>\n&#8211; Mat\u00e9riau : Acier<br \/>\n&#8211; Diam\u00e8tre : 21 cm<br \/>\n&#8211; Hauteur : 9 cm<\/p>\n","protected":false},"excerpt":{"rendered":"<p>La nature des fonds marins est la source d&#8217;inspiration de la coupe \u00e0 fruits m\u00e9diterran\u00e9enne. LPWK- Emma Silvestris c\u00e9l\u00e8bre le<\/p>\n","protected":false},"featured_media":471850,"template":"","meta":{"_acf_changed":false,"inline_featured_image":false},"product_cat":[14244,12782],"product_tag":[13671,14247,13485,23838],"acf":[],"yoast_head":"<!-- This site is optimized with the Yoast SEO Premium plugin v18.6 (Yoast SEO v19.13) - https:\/\/yoast.com\/wordpress\/plugins\/seo\/ -->\n<title>ALESSI Mediterraneo Porte-Fruits Inox 21 cm - Erresse Shop<\/title>\n<meta name=\"description\" content=\"La nature des fonds marins est la source d&#039;inspiration de la coupe \u00e0 fruits m\u00e9diterran\u00e9enne. LPWK- Emma Silvestris c\u00e9l\u00e8bre le corail, transf\u00e9rant l&#039;aura\" \/>\n<meta name=\"robots\" content=\"index, follow, max-snippet:-1, max-image-preview:large, max-video-preview:-1\" \/>\n<link rel=\"canonical\" href=\"https:\/\/www.erresse-shop.it\/fr\/shop\/table-fr-2\/recipients-et-bols\/alessi-mediterraneo-porte-fruits-inox\/\" \/>\n<meta property=\"og:locale\" content=\"fr_FR\" \/>\n<meta property=\"og:type\" content=\"article\" \/>\n<meta property=\"og:title\" content=\"ALESSI Mediterraneo Porte-Fruits Inox 21 cm\" \/>\n<meta property=\"og:description\" content=\"La nature des fonds marins est la source d&#039;inspiration de la coupe \u00e0 fruits m\u00e9diterran\u00e9enne. LPWK- Emma Silvestris c\u00e9l\u00e8bre le corail, transf\u00e9rant l&#039;aura\" \/>\n<meta property=\"og:url\" content=\"https:\/\/www.erresse-shop.it\/fr\/shop\/table-fr-2\/recipients-et-bols\/alessi-mediterraneo-porte-fruits-inox\/\" \/>\n<meta property=\"og:site_name\" content=\"Erresse Shop\" \/>\n<meta property=\"article:modified_time\" content=\"2025-02-25T13:40:52+00:00\" \/>\n<meta property=\"og:image\" content=\"https:\/\/www.erresse-shop.it\/wp-content\/uploads\/2020\/08\/ALESSI-Mediterraneo-Fruttiera-Inox-21-cm.jpg\" \/>\n\t<meta property=\"og:image:width\" content=\"1200\" \/>\n\t<meta property=\"og:image:height\" content=\"1200\" \/>\n\t<meta property=\"og:image:type\" content=\"image\/jpeg\" \/>\n<meta name=\"twitter:card\" content=\"summary_large_image\" \/>\n<script type=\"application\/ld+json\" class=\"yoast-schema-graph\">{\"@context\":\"https:\/\/schema.org\",\"@graph\":[{\"@type\":\"WebPage\",\"@id\":\"https:\/\/www.erresse-shop.it\/fr\/shop\/table-fr-2\/recipients-et-bols\/alessi-mediterraneo-porte-fruits-inox\/\",\"url\":\"https:\/\/www.erresse-shop.it\/fr\/shop\/table-fr-2\/recipients-et-bols\/alessi-mediterraneo-porte-fruits-inox\/\",\"name\":\"ALESSI Mediterraneo Porte-Fruits Inox 21 cm - Erresse Shop\",\"isPartOf\":{\"@id\":\"https:\/\/www.erresse-shop.it\/fr\/#website\"},\"datePublished\":\"2020-08-19T08:49:02+00:00\",\"dateModified\":\"2025-02-25T13:40:52+00:00\",\"description\":\"La nature des fonds marins est la source d'inspiration de la coupe \u00e0 fruits m\u00e9diterran\u00e9enne. LPWK- Emma Silvestris c\u00e9l\u00e8bre le corail, transf\u00e9rant l'aura\",\"breadcrumb\":{\"@id\":\"https:\/\/www.erresse-shop.it\/fr\/shop\/table-fr-2\/recipients-et-bols\/alessi-mediterraneo-porte-fruits-inox\/#breadcrumb\"},\"inLanguage\":\"fr-FR\",\"potentialAction\":[{\"@type\":\"ReadAction\",\"target\":[\"https:\/\/www.erresse-shop.it\/fr\/shop\/table-fr-2\/recipients-et-bols\/alessi-mediterraneo-porte-fruits-inox\/\"]}]},{\"@type\":\"BreadcrumbList\",\"@id\":\"https:\/\/www.erresse-shop.it\/fr\/shop\/table-fr-2\/recipients-et-bols\/alessi-mediterraneo-porte-fruits-inox\/#breadcrumb\",\"itemListElement\":[{\"@type\":\"ListItem\",\"position\":1,\"name\":\"Home\",\"item\":\"https:\/\/www.erresse-shop.it\/fr\/\"},{\"@type\":\"ListItem\",\"position\":2,\"name\":\"Shop\",\"item\":\"https:\/\/www.erresse-shop.it\/fr\/shop\/\"},{\"@type\":\"ListItem\",\"position\":3,\"name\":\"ALESSI Mediterraneo Porte-Fruits Inox 21 cm\"}]},{\"@type\":\"WebSite\",\"@id\":\"https:\/\/www.erresse-shop.it\/fr\/#website\",\"url\":\"https:\/\/www.erresse-shop.it\/fr\/\",\"name\":\"Erresse Shop\",\"description\":\"Articoli di qualit\u00e0 per la casa\",\"potentialAction\":[{\"@type\":\"SearchAction\",\"target\":{\"@type\":\"EntryPoint\",\"urlTemplate\":\"https:\/\/www.erresse-shop.it\/fr\/?s={search_term_string}\"},\"query-input\":\"required name=search_term_string\"}],\"inLanguage\":\"fr-FR\"}]}<\/script>\n<!-- \/ Yoast SEO Premium plugin. -->","yoast_head_json":{"title":"ALESSI Mediterraneo Porte-Fruits Inox 21 cm - Erresse Shop","description":"La nature des fonds marins est la source d'inspiration de la coupe \u00e0 fruits m\u00e9diterran\u00e9enne. LPWK- Emma Silvestris c\u00e9l\u00e8bre le corail, transf\u00e9rant l'aura","robots":{"index":"index","follow":"follow","max-snippet":"max-snippet:-1","max-image-preview":"max-image-preview:large","max-video-preview":"max-video-preview:-1"},"canonical":"https:\/\/www.erresse-shop.it\/fr\/shop\/table-fr-2\/recipients-et-bols\/alessi-mediterraneo-porte-fruits-inox\/","og_locale":"fr_FR","og_type":"article","og_title":"ALESSI Mediterraneo Porte-Fruits Inox 21 cm","og_description":"La nature des fonds marins est la source d'inspiration de la coupe \u00e0 fruits m\u00e9diterran\u00e9enne. LPWK- Emma Silvestris c\u00e9l\u00e8bre le corail, transf\u00e9rant l'aura","og_url":"https:\/\/www.erresse-shop.it\/fr\/shop\/table-fr-2\/recipients-et-bols\/alessi-mediterraneo-porte-fruits-inox\/","og_site_name":"Erresse Shop","article_modified_time":"2025-02-25T13:40:52+00:00","og_image":[{"width":1200,"height":1200,"url":"https:\/\/www.erresse-shop.it\/wp-content\/uploads\/2020\/08\/ALESSI-Mediterraneo-Fruttiera-Inox-21-cm.jpg","type":"image\/jpeg"}],"twitter_card":"summary_large_image","schema":{"@context":"https:\/\/schema.org","@graph":[{"@type":"WebPage","@id":"https:\/\/www.erresse-shop.it\/fr\/shop\/table-fr-2\/recipients-et-bols\/alessi-mediterraneo-porte-fruits-inox\/","url":"https:\/\/www.erresse-shop.it\/fr\/shop\/table-fr-2\/recipients-et-bols\/alessi-mediterraneo-porte-fruits-inox\/","name":"ALESSI Mediterraneo Porte-Fruits Inox 21 cm - Erresse Shop","isPartOf":{"@id":"https:\/\/www.erresse-shop.it\/fr\/#website"},"datePublished":"2020-08-19T08:49:02+00:00","dateModified":"2025-02-25T13:40:52+00:00","description":"La nature des fonds marins est la source d'inspiration de la coupe \u00e0 fruits m\u00e9diterran\u00e9enne. LPWK- Emma Silvestris c\u00e9l\u00e8bre le corail, transf\u00e9rant l'aura","breadcrumb":{"@id":"https:\/\/www.erresse-shop.it\/fr\/shop\/table-fr-2\/recipients-et-bols\/alessi-mediterraneo-porte-fruits-inox\/#breadcrumb"},"inLanguage":"fr-FR","potentialAction":[{"@type":"ReadAction","target":["https:\/\/www.erresse-shop.it\/fr\/shop\/table-fr-2\/recipients-et-bols\/alessi-mediterraneo-porte-fruits-inox\/"]}]},{"@type":"BreadcrumbList","@id":"https:\/\/www.erresse-shop.it\/fr\/shop\/table-fr-2\/recipients-et-bols\/alessi-mediterraneo-porte-fruits-inox\/#breadcrumb","itemListElement":[{"@type":"ListItem","position":1,"name":"Home","item":"https:\/\/www.erresse-shop.it\/fr\/"},{"@type":"ListItem","position":2,"name":"Shop","item":"https:\/\/www.erresse-shop.it\/fr\/shop\/"},{"@type":"ListItem","position":3,"name":"ALESSI Mediterraneo Porte-Fruits Inox 21 cm"}]},{"@type":"WebSite","@id":"https:\/\/www.erresse-shop.it\/fr\/#website","url":"https:\/\/www.erresse-shop.it\/fr\/","name":"Erresse Shop","description":"Articoli di qualit\u00e0 per la casa","potentialAction":[{"@type":"SearchAction","target":{"@type":"EntryPoint","urlTemplate":"https:\/\/www.erresse-shop.it\/fr\/?s={search_term_string}"},"query-input":"required name=search_term_string"}],"inLanguage":"fr-FR"}]}},"df_price":65,"df_sale_price":65,"df_regular_price":130,"df_image_link":"https:\/\/www.erresse-shop.it\/wp-content\/uploads\/2020\/08\/ALESSI-Mediterraneo-Fruttiera-Inox-21-cm-300x300.jpg","_links":{"self":[{"href":"https:\/\/www.erresse-shop.it\/fr\/wp-json\/wp\/v2\/product\/72049"}],"collection":[{"href":"https:\/\/www.erresse-shop.it\/fr\/wp-json\/wp\/v2\/product"}],"about":[{"href":"https:\/\/www.erresse-shop.it\/fr\/wp-json\/wp\/v2\/types\/product"}],"wp:featuredmedia":[{"embeddable":true,"href":"https:\/\/www.erresse-shop.it\/fr\/wp-json\/wp\/v2\/media\/471850"}],"wp:attachment":[{"href":"https:\/\/www.erresse-shop.it\/fr\/wp-json\/wp\/v2\/media?parent=72049"}],"wp:term":[{"taxonomy":"product_cat","embeddable":true,"href":"https:\/\/www.erresse-shop.it\/fr\/wp-json\/wp\/v2\/product_cat?post=72049"},{"taxonomy":"product_tag","embeddable":true,"href":"https:\/\/www.erresse-shop.it\/fr\/wp-json\/wp\/v2\/product_tag?post=72049"}],"curies":[{"name":"wp","href":"https:\/\/api.w.org\/{rel}","templated":true}]}}