{"id":71960,"date":"2020-08-18T13:52:51","date_gmt":"2020-08-18T13:52:51","guid":{"rendered":"https:\/\/www.erresse-shop.it\/shop\/non%20class\u00e9\/zwilling-couteau-a-viande-twin-pollux-20cm\/"},"modified":"2025-01-13T14:45:32","modified_gmt":"2025-01-13T14:45:32","slug":"zwilling-couteau-a-viande-twin-pollux-20cm","status":"publish","type":"product","link":"https:\/\/www.erresse-shop.it\/fr\/shop\/cuisine\/couteaux\/zwilling-couteau-a-viande-twin-pollux-20cm\/","title":{"rendered":"ZWILLING Couteau \u00e0 viande Twin\u00ae Pollux 20cm"},"content":{"rendered":"<p>TWIN\u00ae Pollux<\/p>\n<p>DESCRIPTION<\/p>\n<p>Le couteau \u00e0 viande \u00e0 manche ergonomique est un ustensile de cuisine polyvalent. Avec sa longue lame tranchante, il convient pour pr\u00e9parer et couper de la viande crue et pour d\u00e9couper de la viande ou de la volaille r\u00f4tie. Gr\u00e2ce \u00e0 sa forme bien pens\u00e9e et \u00e0 sa poign\u00e9e \u00e0 trois rivets, il est facile \u00e0 manipuler et a \u00e9galement un aspect attrayant. Gr\u00e2ce \u00e0 la fonte sp\u00e9ciale raffin\u00e9e de ZWILLING, l&#8217;acier inoxydable de la lame du couteau est particuli\u00e8rement r\u00e9sistant \u00e0 la corrosion. La lame FRIODUR\u00ae de 20 cm de long a \u00e9t\u00e9 stabilis\u00e9e par un proc\u00e9d\u00e9 de durcissement \u00e0 la glace et garantit des coupes pr\u00e9cises. Les propri\u00e9t\u00e9s de coupe ainsi que la durabilit\u00e9 de l&#8217;acier inoxydable sp\u00e9cial sont encore optimis\u00e9es par la poign\u00e9e confort, qui est orn\u00e9e d&#8217;un petit logo ZWILLING en rouge. Avec le couteau \u00e0 viande TWIN\u00ae Pollux de haute qualit\u00e9 et flexible, vous pouvez \u00e9galement couper de la viande ferme avec une cro\u00fbte en tranches r\u00e9guli\u00e8res ou d\u00e9couper de la volaille.Lame FRIODUR\u00ae tremp\u00e9e dans la glace pour une dur\u00e9e de vie particuli\u00e8rement longue et une r\u00e9sistance \u00e0 la corrosion.Acier sp\u00e9cial inoxydable, fonte sp\u00e9ciale ZWILLING : Ces couteaux sont \u00e0 la fois stables, r\u00e9sistants \u00e0 la corrosion et flexibles.Design classique \u00e0 trois rivetsPoign\u00e9e confortable avec logo ZWILLING incrust\u00e9 pour une meilleure manipulation.Poids r\u00e9duit pour un travail sans fatigue.<\/p>\n","protected":false},"excerpt":{"rendered":"<p>TWIN\u00ae Pollux DESCRIPTION Le couteau \u00e0 viande \u00e0 manche ergonomique est un ustensile de cuisine polyvalent. Avec sa longue lame<\/p>\n","protected":false},"featured_media":71958,"template":"","meta":{"_acf_changed":false,"inline_featured_image":false},"product_cat":[12742,14452,12748],"product_tag":[12838,12839,13621,12842,15791],"acf":[],"yoast_head":"<!-- This site is optimized with the Yoast SEO Premium plugin v18.6 (Yoast SEO v19.13) - https:\/\/yoast.com\/wordpress\/plugins\/seo\/ -->\n<title>ZWILLING Couteau \u00e0 viande Twin\u00ae Pollux 20cm<\/title>\n<meta name=\"description\" content=\"D\u00e9couvrez ZWILLING Couteau \u00e0 viande Twin\u00ae Pollux 20cm sur ErresseShop. Qualit\u00e9, prix r\u00e9duits et achat s\u00e9curis\u00e9 \u2013 commandez d\u00e8s maintenant en ligne !\" \/>\n<meta name=\"robots\" content=\"index, follow, max-snippet:-1, max-image-preview:large, max-video-preview:-1\" \/>\n<link rel=\"canonical\" href=\"https:\/\/www.erresse-shop.it\/fr\/shop\/cuisine\/couteaux\/zwilling-couteau-a-viande-twin-pollux-20cm\/\" \/>\n<meta property=\"og:locale\" content=\"fr_FR\" \/>\n<meta property=\"og:type\" content=\"article\" \/>\n<meta property=\"og:title\" content=\"ZWILLING Couteau \u00e0 viande Twin\u00ae Pollux 20cm\" \/>\n<meta property=\"og:description\" content=\"D\u00e9couvrez ZWILLING Couteau \u00e0 viande Twin\u00ae Pollux 20cm sur ErresseShop. Qualit\u00e9, prix r\u00e9duits et achat s\u00e9curis\u00e9 \u2013 commandez d\u00e8s maintenant en ligne !\" \/>\n<meta property=\"og:url\" content=\"https:\/\/www.erresse-shop.it\/fr\/shop\/cuisine\/couteaux\/zwilling-couteau-a-viande-twin-pollux-20cm\/\" \/>\n<meta property=\"og:site_name\" content=\"Erresse Shop\" \/>\n<meta property=\"article:modified_time\" content=\"2025-01-13T14:45:32+00:00\" \/>\n<meta property=\"og:image\" content=\"https:\/\/www.erresse-shop.it\/wp-content\/uploads\/2020\/08\/30720-201-0_2-1.jpg\" \/>\n\t<meta property=\"og:image:width\" content=\"1350\" \/>\n\t<meta property=\"og:image:height\" content=\"1350\" \/>\n\t<meta property=\"og:image:type\" content=\"image\/jpeg\" \/>\n<meta name=\"twitter:card\" content=\"summary_large_image\" \/>\n<script type=\"application\/ld+json\" class=\"yoast-schema-graph\">{\"@context\":\"https:\/\/schema.org\",\"@graph\":[{\"@type\":\"WebPage\",\"@id\":\"https:\/\/www.erresse-shop.it\/fr\/shop\/cuisine\/couteaux\/zwilling-couteau-a-viande-twin-pollux-20cm\/\",\"url\":\"https:\/\/www.erresse-shop.it\/fr\/shop\/cuisine\/couteaux\/zwilling-couteau-a-viande-twin-pollux-20cm\/\",\"name\":\"ZWILLING Couteau \u00e0 viande Twin\u00ae Pollux 20cm\",\"isPartOf\":{\"@id\":\"https:\/\/www.erresse-shop.it\/fr\/#website\"},\"datePublished\":\"2020-08-18T13:52:51+00:00\",\"dateModified\":\"2025-01-13T14:45:32+00:00\",\"description\":\"D\u00e9couvrez ZWILLING Couteau \u00e0 viande Twin\u00ae Pollux 20cm sur ErresseShop. Qualit\u00e9, prix r\u00e9duits et achat s\u00e9curis\u00e9 \u2013 commandez d\u00e8s maintenant en ligne !\",\"breadcrumb\":{\"@id\":\"https:\/\/www.erresse-shop.it\/fr\/shop\/cuisine\/couteaux\/zwilling-couteau-a-viande-twin-pollux-20cm\/#breadcrumb\"},\"inLanguage\":\"fr-FR\",\"potentialAction\":[{\"@type\":\"ReadAction\",\"target\":[\"https:\/\/www.erresse-shop.it\/fr\/shop\/cuisine\/couteaux\/zwilling-couteau-a-viande-twin-pollux-20cm\/\"]}]},{\"@type\":\"BreadcrumbList\",\"@id\":\"https:\/\/www.erresse-shop.it\/fr\/shop\/cuisine\/couteaux\/zwilling-couteau-a-viande-twin-pollux-20cm\/#breadcrumb\",\"itemListElement\":[{\"@type\":\"ListItem\",\"position\":1,\"name\":\"Home\",\"item\":\"https:\/\/www.erresse-shop.it\/fr\/\"},{\"@type\":\"ListItem\",\"position\":2,\"name\":\"Shop\",\"item\":\"https:\/\/www.erresse-shop.it\/fr\/shop\/\"},{\"@type\":\"ListItem\",\"position\":3,\"name\":\"ZWILLING Couteau \u00e0 viande Twin\u00ae Pollux 20cm\"}]},{\"@type\":\"WebSite\",\"@id\":\"https:\/\/www.erresse-shop.it\/fr\/#website\",\"url\":\"https:\/\/www.erresse-shop.it\/fr\/\",\"name\":\"Erresse Shop\",\"description\":\"Articoli di qualit\u00e0 per la casa\",\"potentialAction\":[{\"@type\":\"SearchAction\",\"target\":{\"@type\":\"EntryPoint\",\"urlTemplate\":\"https:\/\/www.erresse-shop.it\/fr\/?s={search_term_string}\"},\"query-input\":\"required name=search_term_string\"}],\"inLanguage\":\"fr-FR\"}]}<\/script>\n<!-- \/ Yoast SEO Premium plugin. -->","yoast_head_json":{"title":"ZWILLING Couteau \u00e0 viande Twin\u00ae Pollux 20cm","description":"D\u00e9couvrez ZWILLING Couteau \u00e0 viande Twin\u00ae Pollux 20cm sur ErresseShop. Qualit\u00e9, prix r\u00e9duits et achat s\u00e9curis\u00e9 \u2013 commandez d\u00e8s maintenant en ligne !","robots":{"index":"index","follow":"follow","max-snippet":"max-snippet:-1","max-image-preview":"max-image-preview:large","max-video-preview":"max-video-preview:-1"},"canonical":"https:\/\/www.erresse-shop.it\/fr\/shop\/cuisine\/couteaux\/zwilling-couteau-a-viande-twin-pollux-20cm\/","og_locale":"fr_FR","og_type":"article","og_title":"ZWILLING Couteau \u00e0 viande Twin\u00ae Pollux 20cm","og_description":"D\u00e9couvrez ZWILLING Couteau \u00e0 viande Twin\u00ae Pollux 20cm sur ErresseShop. Qualit\u00e9, prix r\u00e9duits et achat s\u00e9curis\u00e9 \u2013 commandez d\u00e8s maintenant en ligne !","og_url":"https:\/\/www.erresse-shop.it\/fr\/shop\/cuisine\/couteaux\/zwilling-couteau-a-viande-twin-pollux-20cm\/","og_site_name":"Erresse Shop","article_modified_time":"2025-01-13T14:45:32+00:00","og_image":[{"width":1350,"height":1350,"url":"https:\/\/www.erresse-shop.it\/wp-content\/uploads\/2020\/08\/30720-201-0_2-1.jpg","type":"image\/jpeg"}],"twitter_card":"summary_large_image","schema":{"@context":"https:\/\/schema.org","@graph":[{"@type":"WebPage","@id":"https:\/\/www.erresse-shop.it\/fr\/shop\/cuisine\/couteaux\/zwilling-couteau-a-viande-twin-pollux-20cm\/","url":"https:\/\/www.erresse-shop.it\/fr\/shop\/cuisine\/couteaux\/zwilling-couteau-a-viande-twin-pollux-20cm\/","name":"ZWILLING Couteau \u00e0 viande Twin\u00ae Pollux 20cm","isPartOf":{"@id":"https:\/\/www.erresse-shop.it\/fr\/#website"},"datePublished":"2020-08-18T13:52:51+00:00","dateModified":"2025-01-13T14:45:32+00:00","description":"D\u00e9couvrez ZWILLING Couteau \u00e0 viande Twin\u00ae Pollux 20cm sur ErresseShop. Qualit\u00e9, prix r\u00e9duits et achat s\u00e9curis\u00e9 \u2013 commandez d\u00e8s maintenant en ligne !","breadcrumb":{"@id":"https:\/\/www.erresse-shop.it\/fr\/shop\/cuisine\/couteaux\/zwilling-couteau-a-viande-twin-pollux-20cm\/#breadcrumb"},"inLanguage":"fr-FR","potentialAction":[{"@type":"ReadAction","target":["https:\/\/www.erresse-shop.it\/fr\/shop\/cuisine\/couteaux\/zwilling-couteau-a-viande-twin-pollux-20cm\/"]}]},{"@type":"BreadcrumbList","@id":"https:\/\/www.erresse-shop.it\/fr\/shop\/cuisine\/couteaux\/zwilling-couteau-a-viande-twin-pollux-20cm\/#breadcrumb","itemListElement":[{"@type":"ListItem","position":1,"name":"Home","item":"https:\/\/www.erresse-shop.it\/fr\/"},{"@type":"ListItem","position":2,"name":"Shop","item":"https:\/\/www.erresse-shop.it\/fr\/shop\/"},{"@type":"ListItem","position":3,"name":"ZWILLING Couteau \u00e0 viande Twin\u00ae Pollux 20cm"}]},{"@type":"WebSite","@id":"https:\/\/www.erresse-shop.it\/fr\/#website","url":"https:\/\/www.erresse-shop.it\/fr\/","name":"Erresse Shop","description":"Articoli di qualit\u00e0 per la casa","potentialAction":[{"@type":"SearchAction","target":{"@type":"EntryPoint","urlTemplate":"https:\/\/www.erresse-shop.it\/fr\/?s={search_term_string}"},"query-input":"required name=search_term_string"}],"inLanguage":"fr-FR"}]}},"df_price":37.95,"df_sale_price":37.95,"df_regular_price":54.95,"df_image_link":"https:\/\/www.erresse-shop.it\/wp-content\/uploads\/2020\/08\/30720-201-0_2-1-300x300.jpg","_links":{"self":[{"href":"https:\/\/www.erresse-shop.it\/fr\/wp-json\/wp\/v2\/product\/71960"}],"collection":[{"href":"https:\/\/www.erresse-shop.it\/fr\/wp-json\/wp\/v2\/product"}],"about":[{"href":"https:\/\/www.erresse-shop.it\/fr\/wp-json\/wp\/v2\/types\/product"}],"wp:featuredmedia":[{"embeddable":true,"href":"https:\/\/www.erresse-shop.it\/fr\/wp-json\/wp\/v2\/media\/71958"}],"wp:attachment":[{"href":"https:\/\/www.erresse-shop.it\/fr\/wp-json\/wp\/v2\/media?parent=71960"}],"wp:term":[{"taxonomy":"product_cat","embeddable":true,"href":"https:\/\/www.erresse-shop.it\/fr\/wp-json\/wp\/v2\/product_cat?post=71960"},{"taxonomy":"product_tag","embeddable":true,"href":"https:\/\/www.erresse-shop.it\/fr\/wp-json\/wp\/v2\/product_tag?post=71960"}],"curies":[{"name":"wp","href":"https:\/\/api.w.org\/{rel}","templated":true}]}}