{"id":71793,"date":"2020-08-18T08:44:21","date_gmt":"2020-08-18T08:44:24","guid":{"rendered":"https:\/\/www.erresse-shop.it\/?post_type=product&#038;p=71793"},"modified":"2025-01-13T14:45:23","modified_gmt":"2025-01-13T14:45:23","slug":"le-creuset-skillet-gril-ovale-en-fonte-emaillee-32-cm-noir-mat","status":"publish","type":"product","link":"https:\/\/www.erresse-shop.it\/fr\/shop\/poeles-pots\/grils-a-steak\/le-creuset-skillet-gril-ovale-en-fonte-emaillee-32-cm-noir-mat\/","title":{"rendered":"LE CREUSET Skillet gril ovale en fonte \u00e9maill\u00e9e 32 cm Noir Mat"},"content":{"rendered":"<p>GRAISSE AU MINIMUM. GO\u00dbT AU MAXIMUM<\/p>\n<p>Notre grill en fonte vitrifi\u00e9e assure le niveau d&#8217;humidit\u00e9 id\u00e9al pour vos aliments, cr\u00e9ant des saveurs succulentes et des ar\u00f4mes parfum\u00e9s. Parfait pour des plats sains et app\u00e9tissants : l&#8217;exc\u00e8s de graisse s&#8217;\u00e9coule et s&#8217;accumule dans les rainures. Viande, poisson et l\u00e9gumes, \u00e0 vous de choisir. Ce gril polyvalent polyvalent s\u2019occupera du reste.<\/p>\n<p>Polyvalence : ce produit convient au four, \u00e0 la cuisini\u00e8re et au four en mode grill.<br \/>\nNourriture savoureuse : la fonte vitrifi\u00e9e retient la chaleur pour une cuisson et une saisie uniformes. Vos d\u00e9licieuses cr\u00e9ations resteront chaudes plus longtemps m\u00eame \u00e0 table.<br \/>\nGrooves de gril\u00a0: cr\u00e9e des lignes authentiques \u00e0 effet barbecue pour des plats d\u00e9licieux.<br \/>\nPas trop chaud : cuisinez \u00e0 feu doux \u00e0 moyen pour prendre soin de votre produit en fonte vitrifi\u00e9e et obtenir de d\u00e9licieux r\u00e9sultats.<br \/>\nElle s&#8217;am\u00e9liore avec le temps : l&#8217;int\u00e9rieur vitrifi\u00e9 d\u00e9veloppe une patine naturelle qui se comporte presque comme une surface antiadh\u00e9sive. Sa finition poss\u00e8de des propri\u00e9t\u00e9s qui emp\u00eachent le<br \/>\nles aliments ne collent pas, m\u00eame avec de petites quantit\u00e9s d&#8217;huile. Laver le produit uniquement avec de l&#8217;eau pour permettre \u00e0 la patine de se d\u00e9velopper.<br \/>\nNos produits sont fabriqu\u00e9s \u00e0 partir des meilleurs mat\u00e9riaux dans des usines situ\u00e9es partout dans le monde pour garantir la qualit\u00e9 que vous attendez de Le Creuset.<br \/>\nMat\u00e9riau : fonte vitrifi\u00e9e<br \/>\nFabriqu\u00e9 en : France<br \/>\nGarantie : \u00e0 vie<\/p>\n<p>Source de chaleur\u00a0:<\/p>\n<p>Four<br \/>\nMode gril du four<br \/>\nPlaque de cuisson \u00e9lectrique<br \/>\nVitroc\u00e9ramique<br \/>\nCuisini\u00e8re \u00e0 gaz<br \/>\nPlaque \u00e0 induction<br \/>\nNettoyage et entretien :<\/p>\n<p>Attendez que le produit refroidisse avant de commencer \u00e0 le nettoyer.<br \/>\nNettoyez tous les restes de la base et des c\u00f4t\u00e9s du produit. S&#8217;il y a des aliments coinc\u00e9s, remplissez le produit avec de l&#8217;eau ti\u00e8de savonneuse et laissez-le tremper pendant 15 \u00e0 20 minutes avant de le laver comme d&#8217;habitude.<br \/>\nN&#8217;utilisez pas de nettoyants abrasifs ni d&#8217;\u00e9ponges ou de brosses m\u00e9talliques, abrasives ou tr\u00e8s rigides sur aucune des surfaces.<br \/>\nBien s\u00e9cher apr\u00e8s le lavage et conserver dans un endroit sec.<\/p>\n","protected":false},"excerpt":{"rendered":"<p>GRAISSE AU MINIMUM. GO\u00dbT AU MAXIMUM Notre grill en fonte vitrifi\u00e9e assure le niveau d&#8217;humidit\u00e9 id\u00e9al pour vos aliments, cr\u00e9ant<\/p>\n","protected":false},"featured_media":506946,"template":"","meta":{"_acf_changed":false,"inline_featured_image":false},"product_cat":[12458,12775],"product_tag":[25086,25021,12994,12460,13269,12858,13192,12461,13387,14873,13276],"acf":[],"yoast_head":"<!-- This site is optimized with the Yoast SEO Premium plugin v18.6 (Yoast SEO v19.13) - https:\/\/yoast.com\/wordpress\/plugins\/seo\/ -->\n<title>LE CREUSET Skillet gril ovale en fonte \u00e9maill\u00e9e 32 cm Noir Mat<\/title>\n<meta name=\"description\" content=\"D\u00e9couvrez LE CREUSET Skillet gril ovale en fonte \u00e9maill\u00e9e 32 cm Noir Mat sur ErresseShop. Qualit\u00e9, prix r\u00e9duits et achat s\u00e9curis\u00e9 \u2013 commandez d\u00e8s maintenant en ligne !\" \/>\n<meta name=\"robots\" content=\"index, follow, max-snippet:-1, max-image-preview:large, max-video-preview:-1\" \/>\n<link rel=\"canonical\" href=\"https:\/\/www.erresse-shop.it\/fr\/shop\/poeles-pots\/grils-a-steak\/le-creuset-skillet-gril-ovale-en-fonte-emaillee-32-cm-noir-mat\/\" \/>\n<meta property=\"og:locale\" content=\"fr_FR\" \/>\n<meta property=\"og:type\" content=\"article\" \/>\n<meta property=\"og:title\" content=\"LE CREUSET Skillet gril ovale en fonte \u00e9maill\u00e9e 32 cm Noir Mat\" \/>\n<meta property=\"og:description\" content=\"D\u00e9couvrez LE CREUSET Skillet gril ovale en fonte \u00e9maill\u00e9e 32 cm Noir Mat sur ErresseShop. Qualit\u00e9, prix r\u00e9duits et achat s\u00e9curis\u00e9 \u2013 commandez d\u00e8s maintenant en ligne !\" \/>\n<meta property=\"og:url\" content=\"https:\/\/www.erresse-shop.it\/fr\/shop\/poeles-pots\/grils-a-steak\/le-creuset-skillet-gril-ovale-en-fonte-emaillee-32-cm-noir-mat\/\" \/>\n<meta property=\"og:site_name\" content=\"Erresse Shop\" \/>\n<meta property=\"article:modified_time\" content=\"2025-01-13T14:45:23+00:00\" \/>\n<meta property=\"og:image\" content=\"https:\/\/www.erresse-shop.it\/wp-content\/uploads\/2020\/08\/LE-CREUSET-Bistecchiera-Skillet-Evolution-Ovale-32-cm-Nero.png\" \/>\n\t<meta property=\"og:image:width\" content=\"800\" \/>\n\t<meta property=\"og:image:height\" content=\"800\" \/>\n\t<meta property=\"og:image:type\" content=\"image\/png\" \/>\n<meta name=\"twitter:card\" content=\"summary_large_image\" \/>\n<script type=\"application\/ld+json\" class=\"yoast-schema-graph\">{\"@context\":\"https:\/\/schema.org\",\"@graph\":[{\"@type\":\"WebPage\",\"@id\":\"https:\/\/www.erresse-shop.it\/fr\/shop\/poeles-pots\/grils-a-steak\/le-creuset-skillet-gril-ovale-en-fonte-emaillee-32-cm-noir-mat\/\",\"url\":\"https:\/\/www.erresse-shop.it\/fr\/shop\/poeles-pots\/grils-a-steak\/le-creuset-skillet-gril-ovale-en-fonte-emaillee-32-cm-noir-mat\/\",\"name\":\"LE CREUSET Skillet gril ovale en fonte \u00e9maill\u00e9e 32 cm Noir Mat\",\"isPartOf\":{\"@id\":\"https:\/\/www.erresse-shop.it\/fr\/#website\"},\"datePublished\":\"2020-08-18T08:44:24+00:00\",\"dateModified\":\"2025-01-13T14:45:23+00:00\",\"description\":\"D\u00e9couvrez LE CREUSET Skillet gril ovale en fonte \u00e9maill\u00e9e 32 cm Noir Mat sur ErresseShop. Qualit\u00e9, prix r\u00e9duits et achat s\u00e9curis\u00e9 \u2013 commandez d\u00e8s maintenant en ligne !\",\"breadcrumb\":{\"@id\":\"https:\/\/www.erresse-shop.it\/fr\/shop\/poeles-pots\/grils-a-steak\/le-creuset-skillet-gril-ovale-en-fonte-emaillee-32-cm-noir-mat\/#breadcrumb\"},\"inLanguage\":\"fr-FR\",\"potentialAction\":[{\"@type\":\"ReadAction\",\"target\":[\"https:\/\/www.erresse-shop.it\/fr\/shop\/poeles-pots\/grils-a-steak\/le-creuset-skillet-gril-ovale-en-fonte-emaillee-32-cm-noir-mat\/\"]}]},{\"@type\":\"BreadcrumbList\",\"@id\":\"https:\/\/www.erresse-shop.it\/fr\/shop\/poeles-pots\/grils-a-steak\/le-creuset-skillet-gril-ovale-en-fonte-emaillee-32-cm-noir-mat\/#breadcrumb\",\"itemListElement\":[{\"@type\":\"ListItem\",\"position\":1,\"name\":\"Home\",\"item\":\"https:\/\/www.erresse-shop.it\/fr\/\"},{\"@type\":\"ListItem\",\"position\":2,\"name\":\"Shop\",\"item\":\"https:\/\/www.erresse-shop.it\/fr\/shop\/\"},{\"@type\":\"ListItem\",\"position\":3,\"name\":\"LE CREUSET Skillet gril ovale en fonte \u00e9maill\u00e9e 32 cm Noir Mat\"}]},{\"@type\":\"WebSite\",\"@id\":\"https:\/\/www.erresse-shop.it\/fr\/#website\",\"url\":\"https:\/\/www.erresse-shop.it\/fr\/\",\"name\":\"Erresse Shop\",\"description\":\"Articoli di qualit\u00e0 per la casa\",\"potentialAction\":[{\"@type\":\"SearchAction\",\"target\":{\"@type\":\"EntryPoint\",\"urlTemplate\":\"https:\/\/www.erresse-shop.it\/fr\/?s={search_term_string}\"},\"query-input\":\"required name=search_term_string\"}],\"inLanguage\":\"fr-FR\"}]}<\/script>\n<!-- \/ Yoast SEO Premium plugin. -->","yoast_head_json":{"title":"LE CREUSET Skillet gril ovale en fonte \u00e9maill\u00e9e 32 cm Noir Mat","description":"D\u00e9couvrez LE CREUSET Skillet gril ovale en fonte \u00e9maill\u00e9e 32 cm Noir Mat sur ErresseShop. Qualit\u00e9, prix r\u00e9duits et achat s\u00e9curis\u00e9 \u2013 commandez d\u00e8s maintenant en ligne !","robots":{"index":"index","follow":"follow","max-snippet":"max-snippet:-1","max-image-preview":"max-image-preview:large","max-video-preview":"max-video-preview:-1"},"canonical":"https:\/\/www.erresse-shop.it\/fr\/shop\/poeles-pots\/grils-a-steak\/le-creuset-skillet-gril-ovale-en-fonte-emaillee-32-cm-noir-mat\/","og_locale":"fr_FR","og_type":"article","og_title":"LE CREUSET Skillet gril ovale en fonte \u00e9maill\u00e9e 32 cm Noir Mat","og_description":"D\u00e9couvrez LE CREUSET Skillet gril ovale en fonte \u00e9maill\u00e9e 32 cm Noir Mat sur ErresseShop. Qualit\u00e9, prix r\u00e9duits et achat s\u00e9curis\u00e9 \u2013 commandez d\u00e8s maintenant en ligne !","og_url":"https:\/\/www.erresse-shop.it\/fr\/shop\/poeles-pots\/grils-a-steak\/le-creuset-skillet-gril-ovale-en-fonte-emaillee-32-cm-noir-mat\/","og_site_name":"Erresse Shop","article_modified_time":"2025-01-13T14:45:23+00:00","og_image":[{"width":800,"height":800,"url":"https:\/\/www.erresse-shop.it\/wp-content\/uploads\/2020\/08\/LE-CREUSET-Bistecchiera-Skillet-Evolution-Ovale-32-cm-Nero.png","type":"image\/png"}],"twitter_card":"summary_large_image","schema":{"@context":"https:\/\/schema.org","@graph":[{"@type":"WebPage","@id":"https:\/\/www.erresse-shop.it\/fr\/shop\/poeles-pots\/grils-a-steak\/le-creuset-skillet-gril-ovale-en-fonte-emaillee-32-cm-noir-mat\/","url":"https:\/\/www.erresse-shop.it\/fr\/shop\/poeles-pots\/grils-a-steak\/le-creuset-skillet-gril-ovale-en-fonte-emaillee-32-cm-noir-mat\/","name":"LE CREUSET Skillet gril ovale en fonte \u00e9maill\u00e9e 32 cm Noir Mat","isPartOf":{"@id":"https:\/\/www.erresse-shop.it\/fr\/#website"},"datePublished":"2020-08-18T08:44:24+00:00","dateModified":"2025-01-13T14:45:23+00:00","description":"D\u00e9couvrez LE CREUSET Skillet gril ovale en fonte \u00e9maill\u00e9e 32 cm Noir Mat sur ErresseShop. Qualit\u00e9, prix r\u00e9duits et achat s\u00e9curis\u00e9 \u2013 commandez d\u00e8s maintenant en ligne !","breadcrumb":{"@id":"https:\/\/www.erresse-shop.it\/fr\/shop\/poeles-pots\/grils-a-steak\/le-creuset-skillet-gril-ovale-en-fonte-emaillee-32-cm-noir-mat\/#breadcrumb"},"inLanguage":"fr-FR","potentialAction":[{"@type":"ReadAction","target":["https:\/\/www.erresse-shop.it\/fr\/shop\/poeles-pots\/grils-a-steak\/le-creuset-skillet-gril-ovale-en-fonte-emaillee-32-cm-noir-mat\/"]}]},{"@type":"BreadcrumbList","@id":"https:\/\/www.erresse-shop.it\/fr\/shop\/poeles-pots\/grils-a-steak\/le-creuset-skillet-gril-ovale-en-fonte-emaillee-32-cm-noir-mat\/#breadcrumb","itemListElement":[{"@type":"ListItem","position":1,"name":"Home","item":"https:\/\/www.erresse-shop.it\/fr\/"},{"@type":"ListItem","position":2,"name":"Shop","item":"https:\/\/www.erresse-shop.it\/fr\/shop\/"},{"@type":"ListItem","position":3,"name":"LE CREUSET Skillet gril ovale en fonte \u00e9maill\u00e9e 32 cm Noir Mat"}]},{"@type":"WebSite","@id":"https:\/\/www.erresse-shop.it\/fr\/#website","url":"https:\/\/www.erresse-shop.it\/fr\/","name":"Erresse Shop","description":"Articoli di qualit\u00e0 per la casa","potentialAction":[{"@type":"SearchAction","target":{"@type":"EntryPoint","urlTemplate":"https:\/\/www.erresse-shop.it\/fr\/?s={search_term_string}"},"query-input":"required name=search_term_string"}],"inLanguage":"fr-FR"}]}},"df_price":156,"df_sale_price":156,"df_regular_price":195,"df_image_link":"https:\/\/www.erresse-shop.it\/wp-content\/uploads\/2020\/08\/LE-CREUSET-Bistecchiera-Skillet-Evolution-Ovale-32-cm-Nero-300x300.jpg","_links":{"self":[{"href":"https:\/\/www.erresse-shop.it\/fr\/wp-json\/wp\/v2\/product\/71793"}],"collection":[{"href":"https:\/\/www.erresse-shop.it\/fr\/wp-json\/wp\/v2\/product"}],"about":[{"href":"https:\/\/www.erresse-shop.it\/fr\/wp-json\/wp\/v2\/types\/product"}],"wp:featuredmedia":[{"embeddable":true,"href":"https:\/\/www.erresse-shop.it\/fr\/wp-json\/wp\/v2\/media\/506946"}],"wp:attachment":[{"href":"https:\/\/www.erresse-shop.it\/fr\/wp-json\/wp\/v2\/media?parent=71793"}],"wp:term":[{"taxonomy":"product_cat","embeddable":true,"href":"https:\/\/www.erresse-shop.it\/fr\/wp-json\/wp\/v2\/product_cat?post=71793"},{"taxonomy":"product_tag","embeddable":true,"href":"https:\/\/www.erresse-shop.it\/fr\/wp-json\/wp\/v2\/product_tag?post=71793"}],"curies":[{"name":"wp","href":"https:\/\/api.w.org\/{rel}","templated":true}]}}