{"id":71626,"date":"2020-08-18T06:36:10","date_gmt":"2020-08-18T06:36:14","guid":{"rendered":"https:\/\/www.erresse-shop.it\/?post_type=product&#038;p=71626"},"modified":"2025-01-13T14:45:10","modified_gmt":"2025-01-13T14:45:10","slug":"le-creuset-skillet-carre-en-fonte-emaillee-26-x-26-cm-bleu-caraibes","status":"publish","type":"product","link":"https:\/\/www.erresse-shop.it\/fr\/shop\/poeles-pots\/grils-a-steak\/le-creuset-skillet-carre-en-fonte-emaillee-26-x-26-cm-bleu-caraibes\/","title":{"rendered":"LE CREUSET Skillet carr\u00e9 en fonte \u00e9maill\u00e9e 26 x 26 cm Bleu Caraibes"},"content":{"rendered":"<p>&#8211; Fonte \u00e9maill\u00e9e<br \/>\n&#8211; Manche gain de place &amp; Cuisson au four<br \/>\n&#8211; Skillet de forme ergonomique muni d&#8217;un manche en fonte qui passe de la plaque au four et de la cuisine \u00e0 la table sans complexe.<br \/>\n&#8211; Parois hautes et bords incurv\u00e9s pour m\u00e9langer ais\u00e9ment et limiter les projections<br \/>\n&#8211; 2 becs verseurs<br \/>\n&#8211; Poign\u00e9e d&#8217;assistance pour une manipulation ais\u00e9e.<br \/>\n&#8211; R\u00e9partition uniforme de la chaleur<br \/>\n&#8211; Compatible avec toutes les sources de chaleur y compris l&#8217;induction.<br \/>\n&#8211; Durabilit\u00e9 exceptionnelle<br \/>\n&#8211; Garantie \u00e0 vie<\/p>\n<p><a href=\"https:\/\/www.youtube.com\/watch?v=HDOljJrHsg0\" target=\"_blank\" rel=\"noopener\">See Movie 1<\/a><br \/>\n<a href=\"https:\/\/www.youtube.com\/watch?v=ro9F2zRA4gE\" target=\"_blank\" rel=\"noopener\">See Movie 2<\/a><\/p>\n","protected":false},"excerpt":{"rendered":"<p>&#8211; Fonte \u00e9maill\u00e9e &#8211; Manche gain de place &amp; Cuisson au four &#8211; Skillet de forme ergonomique muni d&#8217;un manche<\/p>\n","protected":false},"featured_media":503065,"template":"","meta":{"_acf_changed":false,"inline_featured_image":false},"product_cat":[12458,12775],"product_tag":[12994,12460,13269,12858,13192,12461,13387,14873,13276],"acf":[],"yoast_head":"<!-- This site is optimized with the Yoast SEO Premium plugin v18.6 (Yoast SEO v19.13) - https:\/\/yoast.com\/wordpress\/plugins\/seo\/ -->\n<title>LE CREUSET Skillet carr\u00e9 en fonte \u00e9maill\u00e9e 26 x 26 cm Bleu Caraibes<\/title>\n<meta name=\"description\" content=\"D\u00e9couvrez LE CREUSET Skillet carr\u00e9 en fonte \u00e9maill\u00e9e 26 x 26 cm Bleu Caraibes sur ErresseShop. Qualit\u00e9, prix r\u00e9duits et achat s\u00e9curis\u00e9 \u2013 commandez d\u00e8s maintenant en ligne !\" \/>\n<meta name=\"robots\" content=\"index, follow, max-snippet:-1, max-image-preview:large, max-video-preview:-1\" \/>\n<link rel=\"canonical\" href=\"https:\/\/www.erresse-shop.it\/fr\/shop\/poeles-pots\/grils-a-steak\/le-creuset-skillet-carre-en-fonte-emaillee-26-x-26-cm-bleu-caraibes\/\" \/>\n<meta property=\"og:locale\" content=\"fr_FR\" \/>\n<meta property=\"og:type\" content=\"article\" \/>\n<meta property=\"og:title\" content=\"LE CREUSET Skillet carr\u00e9 en fonte \u00e9maill\u00e9e 26 x 26 cm Bleu Caraibes\" \/>\n<meta property=\"og:description\" content=\"D\u00e9couvrez LE CREUSET Skillet carr\u00e9 en fonte \u00e9maill\u00e9e 26 x 26 cm Bleu Caraibes sur ErresseShop. Qualit\u00e9, prix r\u00e9duits et achat s\u00e9curis\u00e9 \u2013 commandez d\u00e8s maintenant en ligne !\" \/>\n<meta property=\"og:url\" content=\"https:\/\/www.erresse-shop.it\/fr\/shop\/poeles-pots\/grils-a-steak\/le-creuset-skillet-carre-en-fonte-emaillee-26-x-26-cm-bleu-caraibes\/\" \/>\n<meta property=\"og:site_name\" content=\"Erresse Shop\" \/>\n<meta property=\"article:modified_time\" content=\"2025-01-13T14:45:10+00:00\" \/>\n<meta property=\"og:image\" content=\"https:\/\/www.erresse-shop.it\/wp-content\/uploads\/2020\/08\/LE-CREUSET-Bistecchiera-Skillet-Quadrata-Evolution-26x26-cm-Blu-Caribe.png\" \/>\n\t<meta property=\"og:image:width\" content=\"800\" \/>\n\t<meta property=\"og:image:height\" content=\"800\" \/>\n\t<meta property=\"og:image:type\" content=\"image\/png\" \/>\n<meta name=\"twitter:card\" content=\"summary_large_image\" \/>\n<script type=\"application\/ld+json\" class=\"yoast-schema-graph\">{\"@context\":\"https:\/\/schema.org\",\"@graph\":[{\"@type\":\"WebPage\",\"@id\":\"https:\/\/www.erresse-shop.it\/fr\/shop\/poeles-pots\/grils-a-steak\/le-creuset-skillet-carre-en-fonte-emaillee-26-x-26-cm-bleu-caraibes\/\",\"url\":\"https:\/\/www.erresse-shop.it\/fr\/shop\/poeles-pots\/grils-a-steak\/le-creuset-skillet-carre-en-fonte-emaillee-26-x-26-cm-bleu-caraibes\/\",\"name\":\"LE CREUSET Skillet carr\u00e9 en fonte \u00e9maill\u00e9e 26 x 26 cm Bleu Caraibes\",\"isPartOf\":{\"@id\":\"https:\/\/www.erresse-shop.it\/fr\/#website\"},\"datePublished\":\"2020-08-18T06:36:14+00:00\",\"dateModified\":\"2025-01-13T14:45:10+00:00\",\"description\":\"D\u00e9couvrez LE CREUSET Skillet carr\u00e9 en fonte \u00e9maill\u00e9e 26 x 26 cm Bleu Caraibes sur ErresseShop. Qualit\u00e9, prix r\u00e9duits et achat s\u00e9curis\u00e9 \u2013 commandez d\u00e8s maintenant en ligne !\",\"breadcrumb\":{\"@id\":\"https:\/\/www.erresse-shop.it\/fr\/shop\/poeles-pots\/grils-a-steak\/le-creuset-skillet-carre-en-fonte-emaillee-26-x-26-cm-bleu-caraibes\/#breadcrumb\"},\"inLanguage\":\"fr-FR\",\"potentialAction\":[{\"@type\":\"ReadAction\",\"target\":[\"https:\/\/www.erresse-shop.it\/fr\/shop\/poeles-pots\/grils-a-steak\/le-creuset-skillet-carre-en-fonte-emaillee-26-x-26-cm-bleu-caraibes\/\"]}]},{\"@type\":\"BreadcrumbList\",\"@id\":\"https:\/\/www.erresse-shop.it\/fr\/shop\/poeles-pots\/grils-a-steak\/le-creuset-skillet-carre-en-fonte-emaillee-26-x-26-cm-bleu-caraibes\/#breadcrumb\",\"itemListElement\":[{\"@type\":\"ListItem\",\"position\":1,\"name\":\"Home\",\"item\":\"https:\/\/www.erresse-shop.it\/fr\/\"},{\"@type\":\"ListItem\",\"position\":2,\"name\":\"Shop\",\"item\":\"https:\/\/www.erresse-shop.it\/fr\/shop\/\"},{\"@type\":\"ListItem\",\"position\":3,\"name\":\"LE CREUSET Skillet carr\u00e9 en fonte \u00e9maill\u00e9e 26 x 26 cm Bleu Caraibes\"}]},{\"@type\":\"WebSite\",\"@id\":\"https:\/\/www.erresse-shop.it\/fr\/#website\",\"url\":\"https:\/\/www.erresse-shop.it\/fr\/\",\"name\":\"Erresse Shop\",\"description\":\"Articoli di qualit\u00e0 per la casa\",\"potentialAction\":[{\"@type\":\"SearchAction\",\"target\":{\"@type\":\"EntryPoint\",\"urlTemplate\":\"https:\/\/www.erresse-shop.it\/fr\/?s={search_term_string}\"},\"query-input\":\"required name=search_term_string\"}],\"inLanguage\":\"fr-FR\"}]}<\/script>\n<!-- \/ Yoast SEO Premium plugin. -->","yoast_head_json":{"title":"LE CREUSET Skillet carr\u00e9 en fonte \u00e9maill\u00e9e 26 x 26 cm Bleu Caraibes","description":"D\u00e9couvrez LE CREUSET Skillet carr\u00e9 en fonte \u00e9maill\u00e9e 26 x 26 cm Bleu Caraibes sur ErresseShop. Qualit\u00e9, prix r\u00e9duits et achat s\u00e9curis\u00e9 \u2013 commandez d\u00e8s maintenant en ligne !","robots":{"index":"index","follow":"follow","max-snippet":"max-snippet:-1","max-image-preview":"max-image-preview:large","max-video-preview":"max-video-preview:-1"},"canonical":"https:\/\/www.erresse-shop.it\/fr\/shop\/poeles-pots\/grils-a-steak\/le-creuset-skillet-carre-en-fonte-emaillee-26-x-26-cm-bleu-caraibes\/","og_locale":"fr_FR","og_type":"article","og_title":"LE CREUSET Skillet carr\u00e9 en fonte \u00e9maill\u00e9e 26 x 26 cm Bleu Caraibes","og_description":"D\u00e9couvrez LE CREUSET Skillet carr\u00e9 en fonte \u00e9maill\u00e9e 26 x 26 cm Bleu Caraibes sur ErresseShop. Qualit\u00e9, prix r\u00e9duits et achat s\u00e9curis\u00e9 \u2013 commandez d\u00e8s maintenant en ligne !","og_url":"https:\/\/www.erresse-shop.it\/fr\/shop\/poeles-pots\/grils-a-steak\/le-creuset-skillet-carre-en-fonte-emaillee-26-x-26-cm-bleu-caraibes\/","og_site_name":"Erresse Shop","article_modified_time":"2025-01-13T14:45:10+00:00","og_image":[{"width":800,"height":800,"url":"https:\/\/www.erresse-shop.it\/wp-content\/uploads\/2020\/08\/LE-CREUSET-Bistecchiera-Skillet-Quadrata-Evolution-26x26-cm-Blu-Caribe.png","type":"image\/png"}],"twitter_card":"summary_large_image","schema":{"@context":"https:\/\/schema.org","@graph":[{"@type":"WebPage","@id":"https:\/\/www.erresse-shop.it\/fr\/shop\/poeles-pots\/grils-a-steak\/le-creuset-skillet-carre-en-fonte-emaillee-26-x-26-cm-bleu-caraibes\/","url":"https:\/\/www.erresse-shop.it\/fr\/shop\/poeles-pots\/grils-a-steak\/le-creuset-skillet-carre-en-fonte-emaillee-26-x-26-cm-bleu-caraibes\/","name":"LE CREUSET Skillet carr\u00e9 en fonte \u00e9maill\u00e9e 26 x 26 cm Bleu Caraibes","isPartOf":{"@id":"https:\/\/www.erresse-shop.it\/fr\/#website"},"datePublished":"2020-08-18T06:36:14+00:00","dateModified":"2025-01-13T14:45:10+00:00","description":"D\u00e9couvrez LE CREUSET Skillet carr\u00e9 en fonte \u00e9maill\u00e9e 26 x 26 cm Bleu Caraibes sur ErresseShop. Qualit\u00e9, prix r\u00e9duits et achat s\u00e9curis\u00e9 \u2013 commandez d\u00e8s maintenant en ligne !","breadcrumb":{"@id":"https:\/\/www.erresse-shop.it\/fr\/shop\/poeles-pots\/grils-a-steak\/le-creuset-skillet-carre-en-fonte-emaillee-26-x-26-cm-bleu-caraibes\/#breadcrumb"},"inLanguage":"fr-FR","potentialAction":[{"@type":"ReadAction","target":["https:\/\/www.erresse-shop.it\/fr\/shop\/poeles-pots\/grils-a-steak\/le-creuset-skillet-carre-en-fonte-emaillee-26-x-26-cm-bleu-caraibes\/"]}]},{"@type":"BreadcrumbList","@id":"https:\/\/www.erresse-shop.it\/fr\/shop\/poeles-pots\/grils-a-steak\/le-creuset-skillet-carre-en-fonte-emaillee-26-x-26-cm-bleu-caraibes\/#breadcrumb","itemListElement":[{"@type":"ListItem","position":1,"name":"Home","item":"https:\/\/www.erresse-shop.it\/fr\/"},{"@type":"ListItem","position":2,"name":"Shop","item":"https:\/\/www.erresse-shop.it\/fr\/shop\/"},{"@type":"ListItem","position":3,"name":"LE CREUSET Skillet carr\u00e9 en fonte \u00e9maill\u00e9e 26 x 26 cm Bleu Caraibes"}]},{"@type":"WebSite","@id":"https:\/\/www.erresse-shop.it\/fr\/#website","url":"https:\/\/www.erresse-shop.it\/fr\/","name":"Erresse Shop","description":"Articoli di qualit\u00e0 per la casa","potentialAction":[{"@type":"SearchAction","target":{"@type":"EntryPoint","urlTemplate":"https:\/\/www.erresse-shop.it\/fr\/?s={search_term_string}"},"query-input":"required name=search_term_string"}],"inLanguage":"fr-FR"}]}},"df_price":114,"df_sale_price":114,"df_regular_price":185,"df_image_link":"https:\/\/www.erresse-shop.it\/wp-content\/uploads\/2020\/08\/LE-CREUSET-Bistecchiera-Skillet-Quadrata-Evolution-26x26-cm-Blu-Caribe-300x300.jpg","_links":{"self":[{"href":"https:\/\/www.erresse-shop.it\/fr\/wp-json\/wp\/v2\/product\/71626"}],"collection":[{"href":"https:\/\/www.erresse-shop.it\/fr\/wp-json\/wp\/v2\/product"}],"about":[{"href":"https:\/\/www.erresse-shop.it\/fr\/wp-json\/wp\/v2\/types\/product"}],"wp:featuredmedia":[{"embeddable":true,"href":"https:\/\/www.erresse-shop.it\/fr\/wp-json\/wp\/v2\/media\/503065"}],"wp:attachment":[{"href":"https:\/\/www.erresse-shop.it\/fr\/wp-json\/wp\/v2\/media?parent=71626"}],"wp:term":[{"taxonomy":"product_cat","embeddable":true,"href":"https:\/\/www.erresse-shop.it\/fr\/wp-json\/wp\/v2\/product_cat?post=71626"},{"taxonomy":"product_tag","embeddable":true,"href":"https:\/\/www.erresse-shop.it\/fr\/wp-json\/wp\/v2\/product_tag?post=71626"}],"curies":[{"name":"wp","href":"https:\/\/api.w.org\/{rel}","templated":true}]}}