{"id":70465,"date":"2020-08-06T08:50:13","date_gmt":"2020-08-06T08:50:15","guid":{"rendered":"https:\/\/www.erresse-shop.it\/?post_type=product&#038;p=70465"},"modified":"2025-01-13T14:44:28","modified_gmt":"2025-01-13T14:44:28","slug":"marcato-machine-pates-fraiches","status":"publish","type":"product","link":"https:\/\/www.erresse-shop.it\/fr\/shop\/cuisine\/machines-pour-pates\/marcato-machine-pates-fraiches\/","title":{"rendered":"MARCATO Machine P\u00e2tes Fra\u00eeches"},"content":{"rendered":"<p>P\u00e9trit le pain, la pizza et les p\u00e2tes en 3 minutes. Le seul batteur qui p\u00e9trit comme \u00e0 la main. P\u00e9trit jusqu&#8217;\u00e0 750 g. Raccord \u00e0 ba\u00efonnette compatible avec les accessoires marqu\u00e9s pour les p\u00e2tes fra\u00eeches.<\/p>\n<p>Rapide, compact et multifonctionnel. Pasta Fresca est l&#8217;extraordinaire m\u00e9langeur Marcato con\u00e7u pour faire la p\u00e2te parfaite pour les p\u00e2tes, le pain, la pizza \u00e0 la maison.<br \/>\nEn seulement 3 minutes, Pasta Mixer est capable de p\u00e9trir 500g de farine (750g de p\u00e2te totale avec l&#8217;ajout de tous les ingr\u00e9dients) avec le m\u00eame r\u00e9sultat qui serait obtenu \u00e0 la main: une p\u00e2te compacte, \u00e9lastique et homog\u00e8ne.<br \/>\nLa polyvalence du Pasta Fresca est exceptionnelle, gr\u00e2ce \u00e0 l&#8217;accouplement \u00e0 ba\u00efonnette compatible avec les accessoires Marcato pour p\u00e2tes fra\u00eeches inclus dans le paquet.<br \/>\nLe manuel d&#8217;instructions pratiques et le livre de recettes pour les p\u00e2tes, le pain, la pizza et les biscuits sont inclus dans l&#8217;emballage. Pasta Fresca est un produit original Marcato, enti\u00e8rement fabriqu\u00e9 en Italie.Depuis 1930, les produits Marcato sont pr\u00e9sents dans les cuisines de tous ceux qui ont red\u00e9couvert le plaisir d&#8217;une alimentation saine et authentique.<br \/>\nUn authentique &#8220;Made in Italy&#8221; qui se distingue par son style dans la conception, la qualit\u00e9 des d\u00e9tails et la durabilit\u00e9.<\/p>\n<p><strong>Contenu de l&#8217;emballage M\u00e9langeur \u00e0 p\u00e2tes:<\/strong><\/p>\n<ul>\n<li>AE-150-SFO: accessoire de feuille de p\u00e2tisserie<\/li>\n<li>AE-150-TAG: accessoire pour nouilles<\/li>\n<li>AE-150-FET: accessoire pour fettuccine<\/li>\n<li>Cordon d&#8217;alimentation; Manuel avec livre de recettes<\/li>\n<\/ul>\n<p><strong>Pas \u00e0 vendre hors EUROPE<\/strong><\/p>\n","protected":false},"excerpt":{"rendered":"<p>P\u00e9trit le pain, la pizza et les p\u00e2tes en 3 minutes. Le seul batteur qui p\u00e9trit comme \u00e0 la main.<\/p>\n","protected":false},"featured_media":96634,"template":"","meta":{"_acf_changed":false,"inline_featured_image":false},"product_cat":[12748,12941],"product_tag":[14831,14835,14836],"acf":[],"yoast_head":"<!-- This site is optimized with the Yoast SEO Premium plugin v18.6 (Yoast SEO v19.13) - https:\/\/yoast.com\/wordpress\/plugins\/seo\/ -->\n<title>MARCATO Machine P\u00e2tes Fra\u00eeches<\/title>\n<meta name=\"description\" content=\"D\u00e9couvrez MARCATO Machine P\u00e2tes Fra\u00eeches sur ErresseShop. Qualit\u00e9, prix r\u00e9duits et achat s\u00e9curis\u00e9 \u2013 commandez d\u00e8s maintenant en ligne !\" \/>\n<meta name=\"robots\" content=\"index, follow, max-snippet:-1, max-image-preview:large, max-video-preview:-1\" \/>\n<link rel=\"canonical\" href=\"https:\/\/www.erresse-shop.it\/fr\/shop\/cuisine\/machines-pour-pates\/marcato-machine-pates-fraiches\/\" \/>\n<meta property=\"og:locale\" content=\"fr_FR\" \/>\n<meta property=\"og:type\" content=\"article\" \/>\n<meta property=\"og:title\" content=\"MARCATO Machine P\u00e2tes Fra\u00eeches\" \/>\n<meta property=\"og:description\" content=\"D\u00e9couvrez MARCATO Machine P\u00e2tes Fra\u00eeches sur ErresseShop. Qualit\u00e9, prix r\u00e9duits et achat s\u00e9curis\u00e9 \u2013 commandez d\u00e8s maintenant en ligne !\" \/>\n<meta property=\"og:url\" content=\"https:\/\/www.erresse-shop.it\/fr\/shop\/cuisine\/machines-pour-pates\/marcato-machine-pates-fraiches\/\" \/>\n<meta property=\"og:site_name\" content=\"Erresse Shop\" \/>\n<meta property=\"article:modified_time\" content=\"2025-01-13T14:44:28+00:00\" \/>\n<meta property=\"og:image\" content=\"https:\/\/www.erresse-shop.it\/wp-content\/uploads\/2020\/08\/MARCATO-Macchina-per-Pasta-Elettrica.jpg\" \/>\n\t<meta property=\"og:image:width\" content=\"1000\" \/>\n\t<meta property=\"og:image:height\" content=\"1000\" \/>\n\t<meta property=\"og:image:type\" content=\"image\/jpeg\" \/>\n<meta name=\"twitter:card\" content=\"summary_large_image\" \/>\n<script type=\"application\/ld+json\" class=\"yoast-schema-graph\">{\"@context\":\"https:\/\/schema.org\",\"@graph\":[{\"@type\":\"WebPage\",\"@id\":\"https:\/\/www.erresse-shop.it\/fr\/shop\/cuisine\/machines-pour-pates\/marcato-machine-pates-fraiches\/\",\"url\":\"https:\/\/www.erresse-shop.it\/fr\/shop\/cuisine\/machines-pour-pates\/marcato-machine-pates-fraiches\/\",\"name\":\"MARCATO Machine P\u00e2tes Fra\u00eeches\",\"isPartOf\":{\"@id\":\"https:\/\/www.erresse-shop.it\/fr\/#website\"},\"datePublished\":\"2020-08-06T08:50:15+00:00\",\"dateModified\":\"2025-01-13T14:44:28+00:00\",\"description\":\"D\u00e9couvrez MARCATO Machine P\u00e2tes Fra\u00eeches sur ErresseShop. Qualit\u00e9, prix r\u00e9duits et achat s\u00e9curis\u00e9 \u2013 commandez d\u00e8s maintenant en ligne !\",\"breadcrumb\":{\"@id\":\"https:\/\/www.erresse-shop.it\/fr\/shop\/cuisine\/machines-pour-pates\/marcato-machine-pates-fraiches\/#breadcrumb\"},\"inLanguage\":\"fr-FR\",\"potentialAction\":[{\"@type\":\"ReadAction\",\"target\":[\"https:\/\/www.erresse-shop.it\/fr\/shop\/cuisine\/machines-pour-pates\/marcato-machine-pates-fraiches\/\"]}]},{\"@type\":\"BreadcrumbList\",\"@id\":\"https:\/\/www.erresse-shop.it\/fr\/shop\/cuisine\/machines-pour-pates\/marcato-machine-pates-fraiches\/#breadcrumb\",\"itemListElement\":[{\"@type\":\"ListItem\",\"position\":1,\"name\":\"Home\",\"item\":\"https:\/\/www.erresse-shop.it\/fr\/\"},{\"@type\":\"ListItem\",\"position\":2,\"name\":\"Shop\",\"item\":\"https:\/\/www.erresse-shop.it\/fr\/shop\/\"},{\"@type\":\"ListItem\",\"position\":3,\"name\":\"MARCATO Machine P\u00e2tes Fra\u00eeches\"}]},{\"@type\":\"WebSite\",\"@id\":\"https:\/\/www.erresse-shop.it\/fr\/#website\",\"url\":\"https:\/\/www.erresse-shop.it\/fr\/\",\"name\":\"Erresse Shop\",\"description\":\"Articoli di qualit\u00e0 per la casa\",\"potentialAction\":[{\"@type\":\"SearchAction\",\"target\":{\"@type\":\"EntryPoint\",\"urlTemplate\":\"https:\/\/www.erresse-shop.it\/fr\/?s={search_term_string}\"},\"query-input\":\"required name=search_term_string\"}],\"inLanguage\":\"fr-FR\"}]}<\/script>\n<!-- \/ Yoast SEO Premium plugin. -->","yoast_head_json":{"title":"MARCATO Machine P\u00e2tes Fra\u00eeches","description":"D\u00e9couvrez MARCATO Machine P\u00e2tes Fra\u00eeches sur ErresseShop. Qualit\u00e9, prix r\u00e9duits et achat s\u00e9curis\u00e9 \u2013 commandez d\u00e8s maintenant en ligne !","robots":{"index":"index","follow":"follow","max-snippet":"max-snippet:-1","max-image-preview":"max-image-preview:large","max-video-preview":"max-video-preview:-1"},"canonical":"https:\/\/www.erresse-shop.it\/fr\/shop\/cuisine\/machines-pour-pates\/marcato-machine-pates-fraiches\/","og_locale":"fr_FR","og_type":"article","og_title":"MARCATO Machine P\u00e2tes Fra\u00eeches","og_description":"D\u00e9couvrez MARCATO Machine P\u00e2tes Fra\u00eeches sur ErresseShop. Qualit\u00e9, prix r\u00e9duits et achat s\u00e9curis\u00e9 \u2013 commandez d\u00e8s maintenant en ligne !","og_url":"https:\/\/www.erresse-shop.it\/fr\/shop\/cuisine\/machines-pour-pates\/marcato-machine-pates-fraiches\/","og_site_name":"Erresse Shop","article_modified_time":"2025-01-13T14:44:28+00:00","og_image":[{"width":1000,"height":1000,"url":"https:\/\/www.erresse-shop.it\/wp-content\/uploads\/2020\/08\/MARCATO-Macchina-per-Pasta-Elettrica.jpg","type":"image\/jpeg"}],"twitter_card":"summary_large_image","schema":{"@context":"https:\/\/schema.org","@graph":[{"@type":"WebPage","@id":"https:\/\/www.erresse-shop.it\/fr\/shop\/cuisine\/machines-pour-pates\/marcato-machine-pates-fraiches\/","url":"https:\/\/www.erresse-shop.it\/fr\/shop\/cuisine\/machines-pour-pates\/marcato-machine-pates-fraiches\/","name":"MARCATO Machine P\u00e2tes Fra\u00eeches","isPartOf":{"@id":"https:\/\/www.erresse-shop.it\/fr\/#website"},"datePublished":"2020-08-06T08:50:15+00:00","dateModified":"2025-01-13T14:44:28+00:00","description":"D\u00e9couvrez MARCATO Machine P\u00e2tes Fra\u00eeches sur ErresseShop. Qualit\u00e9, prix r\u00e9duits et achat s\u00e9curis\u00e9 \u2013 commandez d\u00e8s maintenant en ligne !","breadcrumb":{"@id":"https:\/\/www.erresse-shop.it\/fr\/shop\/cuisine\/machines-pour-pates\/marcato-machine-pates-fraiches\/#breadcrumb"},"inLanguage":"fr-FR","potentialAction":[{"@type":"ReadAction","target":["https:\/\/www.erresse-shop.it\/fr\/shop\/cuisine\/machines-pour-pates\/marcato-machine-pates-fraiches\/"]}]},{"@type":"BreadcrumbList","@id":"https:\/\/www.erresse-shop.it\/fr\/shop\/cuisine\/machines-pour-pates\/marcato-machine-pates-fraiches\/#breadcrumb","itemListElement":[{"@type":"ListItem","position":1,"name":"Home","item":"https:\/\/www.erresse-shop.it\/fr\/"},{"@type":"ListItem","position":2,"name":"Shop","item":"https:\/\/www.erresse-shop.it\/fr\/shop\/"},{"@type":"ListItem","position":3,"name":"MARCATO Machine P\u00e2tes Fra\u00eeches"}]},{"@type":"WebSite","@id":"https:\/\/www.erresse-shop.it\/fr\/#website","url":"https:\/\/www.erresse-shop.it\/fr\/","name":"Erresse Shop","description":"Articoli di qualit\u00e0 per la casa","potentialAction":[{"@type":"SearchAction","target":{"@type":"EntryPoint","urlTemplate":"https:\/\/www.erresse-shop.it\/fr\/?s={search_term_string}"},"query-input":"required name=search_term_string"}],"inLanguage":"fr-FR"}]}},"df_price":246.45,"df_sale_price":246.45,"df_regular_price":492.9,"df_image_link":"https:\/\/www.erresse-shop.it\/wp-content\/uploads\/2020\/08\/MARCATO-Macchina-per-Pasta-Elettrica-300x300.jpg","_links":{"self":[{"href":"https:\/\/www.erresse-shop.it\/fr\/wp-json\/wp\/v2\/product\/70465"}],"collection":[{"href":"https:\/\/www.erresse-shop.it\/fr\/wp-json\/wp\/v2\/product"}],"about":[{"href":"https:\/\/www.erresse-shop.it\/fr\/wp-json\/wp\/v2\/types\/product"}],"wp:featuredmedia":[{"embeddable":true,"href":"https:\/\/www.erresse-shop.it\/fr\/wp-json\/wp\/v2\/media\/96634"}],"wp:attachment":[{"href":"https:\/\/www.erresse-shop.it\/fr\/wp-json\/wp\/v2\/media?parent=70465"}],"wp:term":[{"taxonomy":"product_cat","embeddable":true,"href":"https:\/\/www.erresse-shop.it\/fr\/wp-json\/wp\/v2\/product_cat?post=70465"},{"taxonomy":"product_tag","embeddable":true,"href":"https:\/\/www.erresse-shop.it\/fr\/wp-json\/wp\/v2\/product_tag?post=70465"}],"curies":[{"name":"wp","href":"https:\/\/api.w.org\/{rel}","templated":true}]}}