{"id":70413,"date":"2020-08-05T14:21:13","date_gmt":"2020-08-05T14:21:16","guid":{"rendered":"https:\/\/www.erresse-shop.it\/?post_type=product&#038;p=70413"},"modified":"2025-09-19T22:40:07","modified_gmt":"2025-09-19T22:40:07","slug":"alessi-anna-g-tire-bouchon","status":"publish","type":"product","link":"https:\/\/www.erresse-shop.it\/fr\/shop\/table-fr-2\/vin\/alessi-anna-g-tire-bouchon\/","title":{"rendered":"ALESSI Anna G. Tire-bouchon Zamak chrom\u00e9"},"content":{"rendered":"<p>Le tire-bouchon Anna G. con\u00e7u par Alessandro Mendini est un hommage ironique \u00e0 une femme r\u00e9elle, dont le visage souriant est devenu une figure culte au fil des ans, g\u00e9n\u00e9rant une riche famille d&#8217;objets pour la table et la cuisine. Depuis 1994, il figure parmi les objets les plus populaires de l&#8217;encyclop\u00e9die Alessi.<\/p>\n<p>Caract\u00e9ristiques<br \/>\n&#8211; Mat\u00e9riau : Zamak chrom\u00e9<br \/>\n&#8211; Diam\u00e8tre : 7 cm<br \/>\n&#8211; Hauteur : 24,50 cm<\/p>\n","protected":false},"excerpt":{"rendered":"<p>Le tire-bouchon Anna G. con\u00e7u par Alessandro Mendini est un hommage ironique \u00e0 une femme r\u00e9elle, dont le visage souriant<\/p>\n","protected":false},"featured_media":471395,"template":"","meta":{"_acf_changed":false,"inline_featured_image":false},"product_cat":[12782,14463,12754],"product_tag":[12817,13065,16884],"acf":[],"yoast_head":"<!-- This site is optimized with the Yoast SEO Premium plugin v18.6 (Yoast SEO v19.13) - https:\/\/yoast.com\/wordpress\/plugins\/seo\/ -->\n<title>ALESSI Anna G. Tire-bouchon Zamak chrom\u00e9 - Erresse Shop<\/title>\n<meta name=\"description\" content=\"Le tire-bouchon Anna G. con\u00e7u par Alessandro Mendini est un hommage ironique \u00e0 une femme r\u00e9elle, dont le visage souriant est devenu une figure culte au\" \/>\n<meta name=\"robots\" content=\"index, follow, max-snippet:-1, max-image-preview:large, max-video-preview:-1\" \/>\n<link rel=\"canonical\" href=\"https:\/\/www.erresse-shop.it\/fr\/shop\/table-fr-2\/vin\/alessi-anna-g-tire-bouchon\/\" \/>\n<meta property=\"og:locale\" content=\"fr_FR\" \/>\n<meta property=\"og:type\" content=\"article\" \/>\n<meta property=\"og:title\" content=\"ALESSI Anna G. Tire-bouchon Zamak chrom\u00e9\" \/>\n<meta property=\"og:description\" content=\"Le tire-bouchon Anna G. con\u00e7u par Alessandro Mendini est un hommage ironique \u00e0 une femme r\u00e9elle, dont le visage souriant est devenu une figure culte au\" \/>\n<meta property=\"og:url\" content=\"https:\/\/www.erresse-shop.it\/fr\/shop\/table-fr-2\/vin\/alessi-anna-g-tire-bouchon\/\" \/>\n<meta property=\"og:site_name\" content=\"Erresse Shop\" \/>\n<meta property=\"article:modified_time\" content=\"2025-09-19T22:40:07+00:00\" \/>\n<meta property=\"og:image\" content=\"https:\/\/www.erresse-shop.it\/wp-content\/uploads\/2020\/08\/ALESSI-Anna-G.-Cavatappi-Zama-Cromata.jpg\" \/>\n\t<meta property=\"og:image:width\" content=\"1200\" \/>\n\t<meta property=\"og:image:height\" content=\"1200\" \/>\n\t<meta property=\"og:image:type\" content=\"image\/jpeg\" \/>\n<meta name=\"twitter:card\" content=\"summary_large_image\" \/>\n<script type=\"application\/ld+json\" class=\"yoast-schema-graph\">{\"@context\":\"https:\/\/schema.org\",\"@graph\":[{\"@type\":\"WebPage\",\"@id\":\"https:\/\/www.erresse-shop.it\/fr\/shop\/table-fr-2\/vin\/alessi-anna-g-tire-bouchon\/\",\"url\":\"https:\/\/www.erresse-shop.it\/fr\/shop\/table-fr-2\/vin\/alessi-anna-g-tire-bouchon\/\",\"name\":\"ALESSI Anna G. Tire-bouchon Zamak chrom\u00e9 - Erresse Shop\",\"isPartOf\":{\"@id\":\"https:\/\/www.erresse-shop.it\/fr\/#website\"},\"datePublished\":\"2020-08-05T14:21:16+00:00\",\"dateModified\":\"2025-09-19T22:40:07+00:00\",\"description\":\"Le tire-bouchon Anna G. con\u00e7u par Alessandro Mendini est un hommage ironique \u00e0 une femme r\u00e9elle, dont le visage souriant est devenu une figure culte au\",\"breadcrumb\":{\"@id\":\"https:\/\/www.erresse-shop.it\/fr\/shop\/table-fr-2\/vin\/alessi-anna-g-tire-bouchon\/#breadcrumb\"},\"inLanguage\":\"fr-FR\",\"potentialAction\":[{\"@type\":\"ReadAction\",\"target\":[\"https:\/\/www.erresse-shop.it\/fr\/shop\/table-fr-2\/vin\/alessi-anna-g-tire-bouchon\/\"]}]},{\"@type\":\"BreadcrumbList\",\"@id\":\"https:\/\/www.erresse-shop.it\/fr\/shop\/table-fr-2\/vin\/alessi-anna-g-tire-bouchon\/#breadcrumb\",\"itemListElement\":[{\"@type\":\"ListItem\",\"position\":1,\"name\":\"Home\",\"item\":\"https:\/\/www.erresse-shop.it\/fr\/\"},{\"@type\":\"ListItem\",\"position\":2,\"name\":\"Shop\",\"item\":\"https:\/\/www.erresse-shop.it\/fr\/shop\/\"},{\"@type\":\"ListItem\",\"position\":3,\"name\":\"ALESSI Anna G. Tire-bouchon Zamak chrom\u00e9\"}]},{\"@type\":\"WebSite\",\"@id\":\"https:\/\/www.erresse-shop.it\/fr\/#website\",\"url\":\"https:\/\/www.erresse-shop.it\/fr\/\",\"name\":\"Erresse Shop\",\"description\":\"Articoli di qualit\u00e0 per la casa\",\"potentialAction\":[{\"@type\":\"SearchAction\",\"target\":{\"@type\":\"EntryPoint\",\"urlTemplate\":\"https:\/\/www.erresse-shop.it\/fr\/?s={search_term_string}\"},\"query-input\":\"required name=search_term_string\"}],\"inLanguage\":\"fr-FR\"}]}<\/script>\n<!-- \/ Yoast SEO Premium plugin. -->","yoast_head_json":{"title":"ALESSI Anna G. Tire-bouchon Zamak chrom\u00e9 - Erresse Shop","description":"Le tire-bouchon Anna G. con\u00e7u par Alessandro Mendini est un hommage ironique \u00e0 une femme r\u00e9elle, dont le visage souriant est devenu une figure culte au","robots":{"index":"index","follow":"follow","max-snippet":"max-snippet:-1","max-image-preview":"max-image-preview:large","max-video-preview":"max-video-preview:-1"},"canonical":"https:\/\/www.erresse-shop.it\/fr\/shop\/table-fr-2\/vin\/alessi-anna-g-tire-bouchon\/","og_locale":"fr_FR","og_type":"article","og_title":"ALESSI Anna G. Tire-bouchon Zamak chrom\u00e9","og_description":"Le tire-bouchon Anna G. con\u00e7u par Alessandro Mendini est un hommage ironique \u00e0 une femme r\u00e9elle, dont le visage souriant est devenu une figure culte au","og_url":"https:\/\/www.erresse-shop.it\/fr\/shop\/table-fr-2\/vin\/alessi-anna-g-tire-bouchon\/","og_site_name":"Erresse Shop","article_modified_time":"2025-09-19T22:40:07+00:00","og_image":[{"width":1200,"height":1200,"url":"https:\/\/www.erresse-shop.it\/wp-content\/uploads\/2020\/08\/ALESSI-Anna-G.-Cavatappi-Zama-Cromata.jpg","type":"image\/jpeg"}],"twitter_card":"summary_large_image","schema":{"@context":"https:\/\/schema.org","@graph":[{"@type":"WebPage","@id":"https:\/\/www.erresse-shop.it\/fr\/shop\/table-fr-2\/vin\/alessi-anna-g-tire-bouchon\/","url":"https:\/\/www.erresse-shop.it\/fr\/shop\/table-fr-2\/vin\/alessi-anna-g-tire-bouchon\/","name":"ALESSI Anna G. Tire-bouchon Zamak chrom\u00e9 - Erresse Shop","isPartOf":{"@id":"https:\/\/www.erresse-shop.it\/fr\/#website"},"datePublished":"2020-08-05T14:21:16+00:00","dateModified":"2025-09-19T22:40:07+00:00","description":"Le tire-bouchon Anna G. con\u00e7u par Alessandro Mendini est un hommage ironique \u00e0 une femme r\u00e9elle, dont le visage souriant est devenu une figure culte au","breadcrumb":{"@id":"https:\/\/www.erresse-shop.it\/fr\/shop\/table-fr-2\/vin\/alessi-anna-g-tire-bouchon\/#breadcrumb"},"inLanguage":"fr-FR","potentialAction":[{"@type":"ReadAction","target":["https:\/\/www.erresse-shop.it\/fr\/shop\/table-fr-2\/vin\/alessi-anna-g-tire-bouchon\/"]}]},{"@type":"BreadcrumbList","@id":"https:\/\/www.erresse-shop.it\/fr\/shop\/table-fr-2\/vin\/alessi-anna-g-tire-bouchon\/#breadcrumb","itemListElement":[{"@type":"ListItem","position":1,"name":"Home","item":"https:\/\/www.erresse-shop.it\/fr\/"},{"@type":"ListItem","position":2,"name":"Shop","item":"https:\/\/www.erresse-shop.it\/fr\/shop\/"},{"@type":"ListItem","position":3,"name":"ALESSI Anna G. Tire-bouchon Zamak chrom\u00e9"}]},{"@type":"WebSite","@id":"https:\/\/www.erresse-shop.it\/fr\/#website","url":"https:\/\/www.erresse-shop.it\/fr\/","name":"Erresse Shop","description":"Articoli di qualit\u00e0 per la casa","potentialAction":[{"@type":"SearchAction","target":{"@type":"EntryPoint","urlTemplate":"https:\/\/www.erresse-shop.it\/fr\/?s={search_term_string}"},"query-input":"required name=search_term_string"}],"inLanguage":"fr-FR"}]}},"df_price":45,"df_sale_price":45,"df_regular_price":90,"df_image_link":"https:\/\/www.erresse-shop.it\/wp-content\/uploads\/2020\/08\/ALESSI-Anna-G.-Cavatappi-Zama-Cromata-300x300.jpg","_links":{"self":[{"href":"https:\/\/www.erresse-shop.it\/fr\/wp-json\/wp\/v2\/product\/70413"}],"collection":[{"href":"https:\/\/www.erresse-shop.it\/fr\/wp-json\/wp\/v2\/product"}],"about":[{"href":"https:\/\/www.erresse-shop.it\/fr\/wp-json\/wp\/v2\/types\/product"}],"wp:featuredmedia":[{"embeddable":true,"href":"https:\/\/www.erresse-shop.it\/fr\/wp-json\/wp\/v2\/media\/471395"}],"wp:attachment":[{"href":"https:\/\/www.erresse-shop.it\/fr\/wp-json\/wp\/v2\/media?parent=70413"}],"wp:term":[{"taxonomy":"product_cat","embeddable":true,"href":"https:\/\/www.erresse-shop.it\/fr\/wp-json\/wp\/v2\/product_cat?post=70413"},{"taxonomy":"product_tag","embeddable":true,"href":"https:\/\/www.erresse-shop.it\/fr\/wp-json\/wp\/v2\/product_tag?post=70413"}],"curies":[{"name":"wp","href":"https:\/\/api.w.org\/{rel}","templated":true}]}}