{"id":70409,"date":"2020-08-05T14:11:48","date_gmt":"2020-08-05T14:11:55","guid":{"rendered":"https:\/\/www.erresse-shop.it\/?post_type=product&#038;p=70409"},"modified":"2025-02-25T10:46:17","modified_gmt":"2025-02-25T10:46:17","slug":"alessi-girotondo-porte-baguettes-inox","status":"publish","type":"product","link":"https:\/\/www.erresse-shop.it\/fr\/shop\/table-fr-2\/recipients-et-bols\/alessi-girotondo-porte-baguettes-inox\/","title":{"rendered":"ALESSI Girotondo Porte-Baguettes Inox"},"content":{"rendered":"<p>Le porte-baguettes en acier perfor\u00e9 en forme de bonhomme est un accessoire de cuisine \u00e9l\u00e9gant en acier inoxydable de haute qualit\u00e9. Son design unique se caract\u00e9rise par une structure perfor\u00e9e qui lui conf\u00e8re l\u00e9g\u00e8ret\u00e9 et modernit\u00e9. Les moules en forme de bonhomme, grav\u00e9s avec pr\u00e9cision sur la surface, ajoutent un \u00e9l\u00e9ment d&#8217;originalit\u00e9 et d&#8217;espi\u00e8glerie au produit. Parfait pour ranger les baguettes de pain et les rendre facilement accessibles, ce porte-baguettes est \u00e9galement une excellente id\u00e9e de cadeau pour les amateurs de cuisine et d&#8217;art de la table.<\/p>\n<p>Diam\u00e8tre : 9 cm<br \/>\nHauteur : 15 cm<\/p>\n","protected":false},"excerpt":{"rendered":"<p>Le porte-baguettes en acier perfor\u00e9 en forme de bonhomme est un accessoire de cuisine \u00e9l\u00e9gant en acier inoxydable de haute<\/p>\n","protected":false},"featured_media":471713,"template":"","meta":{"_acf_changed":false,"inline_featured_image":false},"product_cat":[14244,12782],"product_tag":[13485,23838,12817],"acf":[],"yoast_head":"<!-- This site is optimized with the Yoast SEO Premium plugin v18.6 (Yoast SEO v19.13) - https:\/\/yoast.com\/wordpress\/plugins\/seo\/ -->\n<title>ALESSI Girotondo Porte-Baguettes Inox - Erresse Shop<\/title>\n<meta name=\"description\" content=\"Le porte-baguettes en acier perfor\u00e9 en forme de bonhomme est un accessoire de cuisine \u00e9l\u00e9gant en acier inoxydable de haute qualit\u00e9. Son design unique se\" \/>\n<meta name=\"robots\" content=\"index, follow, max-snippet:-1, max-image-preview:large, max-video-preview:-1\" \/>\n<link rel=\"canonical\" href=\"https:\/\/www.erresse-shop.it\/fr\/shop\/table-fr-2\/recipients-et-bols\/alessi-girotondo-porte-baguettes-inox\/\" \/>\n<meta property=\"og:locale\" content=\"fr_FR\" \/>\n<meta property=\"og:type\" content=\"article\" \/>\n<meta property=\"og:title\" content=\"ALESSI Girotondo Porte-Baguettes Inox\" \/>\n<meta property=\"og:description\" content=\"Le porte-baguettes en acier perfor\u00e9 en forme de bonhomme est un accessoire de cuisine \u00e9l\u00e9gant en acier inoxydable de haute qualit\u00e9. Son design unique se\" \/>\n<meta property=\"og:url\" content=\"https:\/\/www.erresse-shop.it\/fr\/shop\/table-fr-2\/recipients-et-bols\/alessi-girotondo-porte-baguettes-inox\/\" \/>\n<meta property=\"og:site_name\" content=\"Erresse Shop\" \/>\n<meta property=\"article:modified_time\" content=\"2025-02-25T10:46:17+00:00\" \/>\n<meta property=\"og:image\" content=\"https:\/\/www.erresse-shop.it\/wp-content\/uploads\/2020\/08\/ALESSI-Girotondo-Portagrissini-Inox.jpg\" \/>\n\t<meta property=\"og:image:width\" content=\"1200\" \/>\n\t<meta property=\"og:image:height\" content=\"1200\" \/>\n\t<meta property=\"og:image:type\" content=\"image\/jpeg\" \/>\n<meta name=\"twitter:card\" content=\"summary_large_image\" \/>\n<script type=\"application\/ld+json\" class=\"yoast-schema-graph\">{\"@context\":\"https:\/\/schema.org\",\"@graph\":[{\"@type\":\"WebPage\",\"@id\":\"https:\/\/www.erresse-shop.it\/fr\/shop\/table-fr-2\/recipients-et-bols\/alessi-girotondo-porte-baguettes-inox\/\",\"url\":\"https:\/\/www.erresse-shop.it\/fr\/shop\/table-fr-2\/recipients-et-bols\/alessi-girotondo-porte-baguettes-inox\/\",\"name\":\"ALESSI Girotondo Porte-Baguettes Inox - Erresse Shop\",\"isPartOf\":{\"@id\":\"https:\/\/www.erresse-shop.it\/fr\/#website\"},\"datePublished\":\"2020-08-05T14:11:55+00:00\",\"dateModified\":\"2025-02-25T10:46:17+00:00\",\"description\":\"Le porte-baguettes en acier perfor\u00e9 en forme de bonhomme est un accessoire de cuisine \u00e9l\u00e9gant en acier inoxydable de haute qualit\u00e9. Son design unique se\",\"breadcrumb\":{\"@id\":\"https:\/\/www.erresse-shop.it\/fr\/shop\/table-fr-2\/recipients-et-bols\/alessi-girotondo-porte-baguettes-inox\/#breadcrumb\"},\"inLanguage\":\"fr-FR\",\"potentialAction\":[{\"@type\":\"ReadAction\",\"target\":[\"https:\/\/www.erresse-shop.it\/fr\/shop\/table-fr-2\/recipients-et-bols\/alessi-girotondo-porte-baguettes-inox\/\"]}]},{\"@type\":\"BreadcrumbList\",\"@id\":\"https:\/\/www.erresse-shop.it\/fr\/shop\/table-fr-2\/recipients-et-bols\/alessi-girotondo-porte-baguettes-inox\/#breadcrumb\",\"itemListElement\":[{\"@type\":\"ListItem\",\"position\":1,\"name\":\"Home\",\"item\":\"https:\/\/www.erresse-shop.it\/fr\/\"},{\"@type\":\"ListItem\",\"position\":2,\"name\":\"Shop\",\"item\":\"https:\/\/www.erresse-shop.it\/fr\/shop\/\"},{\"@type\":\"ListItem\",\"position\":3,\"name\":\"ALESSI Girotondo Porte-Baguettes Inox\"}]},{\"@type\":\"WebSite\",\"@id\":\"https:\/\/www.erresse-shop.it\/fr\/#website\",\"url\":\"https:\/\/www.erresse-shop.it\/fr\/\",\"name\":\"Erresse Shop\",\"description\":\"Articoli di qualit\u00e0 per la casa\",\"potentialAction\":[{\"@type\":\"SearchAction\",\"target\":{\"@type\":\"EntryPoint\",\"urlTemplate\":\"https:\/\/www.erresse-shop.it\/fr\/?s={search_term_string}\"},\"query-input\":\"required name=search_term_string\"}],\"inLanguage\":\"fr-FR\"}]}<\/script>\n<!-- \/ Yoast SEO Premium plugin. -->","yoast_head_json":{"title":"ALESSI Girotondo Porte-Baguettes Inox - Erresse Shop","description":"Le porte-baguettes en acier perfor\u00e9 en forme de bonhomme est un accessoire de cuisine \u00e9l\u00e9gant en acier inoxydable de haute qualit\u00e9. Son design unique se","robots":{"index":"index","follow":"follow","max-snippet":"max-snippet:-1","max-image-preview":"max-image-preview:large","max-video-preview":"max-video-preview:-1"},"canonical":"https:\/\/www.erresse-shop.it\/fr\/shop\/table-fr-2\/recipients-et-bols\/alessi-girotondo-porte-baguettes-inox\/","og_locale":"fr_FR","og_type":"article","og_title":"ALESSI Girotondo Porte-Baguettes Inox","og_description":"Le porte-baguettes en acier perfor\u00e9 en forme de bonhomme est un accessoire de cuisine \u00e9l\u00e9gant en acier inoxydable de haute qualit\u00e9. Son design unique se","og_url":"https:\/\/www.erresse-shop.it\/fr\/shop\/table-fr-2\/recipients-et-bols\/alessi-girotondo-porte-baguettes-inox\/","og_site_name":"Erresse Shop","article_modified_time":"2025-02-25T10:46:17+00:00","og_image":[{"width":1200,"height":1200,"url":"https:\/\/www.erresse-shop.it\/wp-content\/uploads\/2020\/08\/ALESSI-Girotondo-Portagrissini-Inox.jpg","type":"image\/jpeg"}],"twitter_card":"summary_large_image","schema":{"@context":"https:\/\/schema.org","@graph":[{"@type":"WebPage","@id":"https:\/\/www.erresse-shop.it\/fr\/shop\/table-fr-2\/recipients-et-bols\/alessi-girotondo-porte-baguettes-inox\/","url":"https:\/\/www.erresse-shop.it\/fr\/shop\/table-fr-2\/recipients-et-bols\/alessi-girotondo-porte-baguettes-inox\/","name":"ALESSI Girotondo Porte-Baguettes Inox - Erresse Shop","isPartOf":{"@id":"https:\/\/www.erresse-shop.it\/fr\/#website"},"datePublished":"2020-08-05T14:11:55+00:00","dateModified":"2025-02-25T10:46:17+00:00","description":"Le porte-baguettes en acier perfor\u00e9 en forme de bonhomme est un accessoire de cuisine \u00e9l\u00e9gant en acier inoxydable de haute qualit\u00e9. Son design unique se","breadcrumb":{"@id":"https:\/\/www.erresse-shop.it\/fr\/shop\/table-fr-2\/recipients-et-bols\/alessi-girotondo-porte-baguettes-inox\/#breadcrumb"},"inLanguage":"fr-FR","potentialAction":[{"@type":"ReadAction","target":["https:\/\/www.erresse-shop.it\/fr\/shop\/table-fr-2\/recipients-et-bols\/alessi-girotondo-porte-baguettes-inox\/"]}]},{"@type":"BreadcrumbList","@id":"https:\/\/www.erresse-shop.it\/fr\/shop\/table-fr-2\/recipients-et-bols\/alessi-girotondo-porte-baguettes-inox\/#breadcrumb","itemListElement":[{"@type":"ListItem","position":1,"name":"Home","item":"https:\/\/www.erresse-shop.it\/fr\/"},{"@type":"ListItem","position":2,"name":"Shop","item":"https:\/\/www.erresse-shop.it\/fr\/shop\/"},{"@type":"ListItem","position":3,"name":"ALESSI Girotondo Porte-Baguettes Inox"}]},{"@type":"WebSite","@id":"https:\/\/www.erresse-shop.it\/fr\/#website","url":"https:\/\/www.erresse-shop.it\/fr\/","name":"Erresse Shop","description":"Articoli di qualit\u00e0 per la casa","potentialAction":[{"@type":"SearchAction","target":{"@type":"EntryPoint","urlTemplate":"https:\/\/www.erresse-shop.it\/fr\/?s={search_term_string}"},"query-input":"required name=search_term_string"}],"inLanguage":"fr-FR"}]}},"df_price":62.95,"df_sale_price":62.95,"df_regular_price":68,"df_image_link":"https:\/\/www.erresse-shop.it\/wp-content\/uploads\/2020\/08\/ALESSI-Girotondo-Portagrissini-Inox-300x300.jpg","_links":{"self":[{"href":"https:\/\/www.erresse-shop.it\/fr\/wp-json\/wp\/v2\/product\/70409"}],"collection":[{"href":"https:\/\/www.erresse-shop.it\/fr\/wp-json\/wp\/v2\/product"}],"about":[{"href":"https:\/\/www.erresse-shop.it\/fr\/wp-json\/wp\/v2\/types\/product"}],"wp:featuredmedia":[{"embeddable":true,"href":"https:\/\/www.erresse-shop.it\/fr\/wp-json\/wp\/v2\/media\/471713"}],"wp:attachment":[{"href":"https:\/\/www.erresse-shop.it\/fr\/wp-json\/wp\/v2\/media?parent=70409"}],"wp:term":[{"taxonomy":"product_cat","embeddable":true,"href":"https:\/\/www.erresse-shop.it\/fr\/wp-json\/wp\/v2\/product_cat?post=70409"},{"taxonomy":"product_tag","embeddable":true,"href":"https:\/\/www.erresse-shop.it\/fr\/wp-json\/wp\/v2\/product_tag?post=70409"}],"curies":[{"name":"wp","href":"https:\/\/api.w.org\/{rel}","templated":true}]}}