{"id":70397,"date":"2020-08-05T13:17:43","date_gmt":"2020-08-05T13:17:46","guid":{"rendered":"https:\/\/www.erresse-shop.it\/?post_type=product&#038;p=70397"},"modified":"2025-02-25T10:14:29","modified_gmt":"2025-02-25T10:14:29","slug":"alessi-girotondo-panier-inox","status":"publish","type":"product","link":"https:\/\/www.erresse-shop.it\/fr\/shop\/table-fr-2\/recipients-et-bols\/alessi-girotondo-panier-inox\/","title":{"rendered":"ALESSI Girotondo Panier Inox 18 cm"},"content":{"rendered":"<p>Le panier ajour\u00e9 Girotondo est une ic\u00f4ne du catalogue Alessi. Le duo cr\u00e9atif King-Kong, Stefano Giovannoni et Guido Venturini, a imagin\u00e9 le motif des petits hommes qui se poursuivent dans un rond-point, d&#8217;o\u00f9 le nom de la collection : un ajourage au langage imm\u00e9diat et \u00e9vocateur, que l&#8217;on retrouve sur les objets de tous les jours.<\/p>\n<p>Caract\u00e9ristiques<br \/>\n&#8211; Diam\u00e8tre : 18 cm<br \/>\n&#8211; Hauteur : 5,40 cm<\/p>\n","protected":false},"excerpt":{"rendered":"<p>Le panier ajour\u00e9 Girotondo est une ic\u00f4ne du catalogue Alessi. Le duo cr\u00e9atif King-Kong, Stefano Giovannoni et Guido Venturini, a<\/p>\n","protected":false},"featured_media":471665,"template":"","meta":{"_acf_changed":false,"inline_featured_image":false},"product_cat":[14244,12782],"product_tag":[13485,23838],"acf":[],"yoast_head":"<!-- This site is optimized with the Yoast SEO Premium plugin v18.6 (Yoast SEO v19.13) - https:\/\/yoast.com\/wordpress\/plugins\/seo\/ -->\n<title>ALESSI Girotondo Panier Inox 18 cm - Erresse Shop<\/title>\n<meta name=\"description\" content=\"Le panier ajour\u00e9 Girotondo est une ic\u00f4ne du catalogue Alessi. Le duo cr\u00e9atif King-Kong, Stefano Giovannoni et Guido Venturini, a imagin\u00e9 le motif des\" \/>\n<meta name=\"robots\" content=\"index, follow, max-snippet:-1, max-image-preview:large, max-video-preview:-1\" \/>\n<link rel=\"canonical\" href=\"https:\/\/www.erresse-shop.it\/fr\/shop\/table-fr-2\/recipients-et-bols\/alessi-girotondo-panier-inox\/\" \/>\n<meta property=\"og:locale\" content=\"fr_FR\" \/>\n<meta property=\"og:type\" content=\"article\" \/>\n<meta property=\"og:title\" content=\"ALESSI Girotondo Panier Inox 18 cm\" \/>\n<meta property=\"og:description\" content=\"Le panier ajour\u00e9 Girotondo est une ic\u00f4ne du catalogue Alessi. Le duo cr\u00e9atif King-Kong, Stefano Giovannoni et Guido Venturini, a imagin\u00e9 le motif des\" \/>\n<meta property=\"og:url\" content=\"https:\/\/www.erresse-shop.it\/fr\/shop\/table-fr-2\/recipients-et-bols\/alessi-girotondo-panier-inox\/\" \/>\n<meta property=\"og:site_name\" content=\"Erresse Shop\" \/>\n<meta property=\"article:modified_time\" content=\"2025-02-25T10:14:29+00:00\" \/>\n<meta property=\"og:image\" content=\"https:\/\/www.erresse-shop.it\/wp-content\/uploads\/2020\/08\/ALESSI-Girotondo-Cestino-Traforato-Inox-18-cm.jpg\" \/>\n\t<meta property=\"og:image:width\" content=\"1200\" \/>\n\t<meta property=\"og:image:height\" content=\"1200\" \/>\n\t<meta property=\"og:image:type\" content=\"image\/jpeg\" \/>\n<meta name=\"twitter:card\" content=\"summary_large_image\" \/>\n<script type=\"application\/ld+json\" class=\"yoast-schema-graph\">{\"@context\":\"https:\/\/schema.org\",\"@graph\":[{\"@type\":\"WebPage\",\"@id\":\"https:\/\/www.erresse-shop.it\/fr\/shop\/table-fr-2\/recipients-et-bols\/alessi-girotondo-panier-inox\/\",\"url\":\"https:\/\/www.erresse-shop.it\/fr\/shop\/table-fr-2\/recipients-et-bols\/alessi-girotondo-panier-inox\/\",\"name\":\"ALESSI Girotondo Panier Inox 18 cm - Erresse Shop\",\"isPartOf\":{\"@id\":\"https:\/\/www.erresse-shop.it\/fr\/#website\"},\"datePublished\":\"2020-08-05T13:17:46+00:00\",\"dateModified\":\"2025-02-25T10:14:29+00:00\",\"description\":\"Le panier ajour\u00e9 Girotondo est une ic\u00f4ne du catalogue Alessi. Le duo cr\u00e9atif King-Kong, Stefano Giovannoni et Guido Venturini, a imagin\u00e9 le motif des\",\"breadcrumb\":{\"@id\":\"https:\/\/www.erresse-shop.it\/fr\/shop\/table-fr-2\/recipients-et-bols\/alessi-girotondo-panier-inox\/#breadcrumb\"},\"inLanguage\":\"fr-FR\",\"potentialAction\":[{\"@type\":\"ReadAction\",\"target\":[\"https:\/\/www.erresse-shop.it\/fr\/shop\/table-fr-2\/recipients-et-bols\/alessi-girotondo-panier-inox\/\"]}]},{\"@type\":\"BreadcrumbList\",\"@id\":\"https:\/\/www.erresse-shop.it\/fr\/shop\/table-fr-2\/recipients-et-bols\/alessi-girotondo-panier-inox\/#breadcrumb\",\"itemListElement\":[{\"@type\":\"ListItem\",\"position\":1,\"name\":\"Home\",\"item\":\"https:\/\/www.erresse-shop.it\/fr\/\"},{\"@type\":\"ListItem\",\"position\":2,\"name\":\"Shop\",\"item\":\"https:\/\/www.erresse-shop.it\/fr\/shop\/\"},{\"@type\":\"ListItem\",\"position\":3,\"name\":\"ALESSI Girotondo Panier Inox 18 cm\"}]},{\"@type\":\"WebSite\",\"@id\":\"https:\/\/www.erresse-shop.it\/fr\/#website\",\"url\":\"https:\/\/www.erresse-shop.it\/fr\/\",\"name\":\"Erresse Shop\",\"description\":\"Articoli di qualit\u00e0 per la casa\",\"potentialAction\":[{\"@type\":\"SearchAction\",\"target\":{\"@type\":\"EntryPoint\",\"urlTemplate\":\"https:\/\/www.erresse-shop.it\/fr\/?s={search_term_string}\"},\"query-input\":\"required name=search_term_string\"}],\"inLanguage\":\"fr-FR\"}]}<\/script>\n<!-- \/ Yoast SEO Premium plugin. -->","yoast_head_json":{"title":"ALESSI Girotondo Panier Inox 18 cm - Erresse Shop","description":"Le panier ajour\u00e9 Girotondo est une ic\u00f4ne du catalogue Alessi. Le duo cr\u00e9atif King-Kong, Stefano Giovannoni et Guido Venturini, a imagin\u00e9 le motif des","robots":{"index":"index","follow":"follow","max-snippet":"max-snippet:-1","max-image-preview":"max-image-preview:large","max-video-preview":"max-video-preview:-1"},"canonical":"https:\/\/www.erresse-shop.it\/fr\/shop\/table-fr-2\/recipients-et-bols\/alessi-girotondo-panier-inox\/","og_locale":"fr_FR","og_type":"article","og_title":"ALESSI Girotondo Panier Inox 18 cm","og_description":"Le panier ajour\u00e9 Girotondo est une ic\u00f4ne du catalogue Alessi. Le duo cr\u00e9atif King-Kong, Stefano Giovannoni et Guido Venturini, a imagin\u00e9 le motif des","og_url":"https:\/\/www.erresse-shop.it\/fr\/shop\/table-fr-2\/recipients-et-bols\/alessi-girotondo-panier-inox\/","og_site_name":"Erresse Shop","article_modified_time":"2025-02-25T10:14:29+00:00","og_image":[{"width":1200,"height":1200,"url":"https:\/\/www.erresse-shop.it\/wp-content\/uploads\/2020\/08\/ALESSI-Girotondo-Cestino-Traforato-Inox-18-cm.jpg","type":"image\/jpeg"}],"twitter_card":"summary_large_image","schema":{"@context":"https:\/\/schema.org","@graph":[{"@type":"WebPage","@id":"https:\/\/www.erresse-shop.it\/fr\/shop\/table-fr-2\/recipients-et-bols\/alessi-girotondo-panier-inox\/","url":"https:\/\/www.erresse-shop.it\/fr\/shop\/table-fr-2\/recipients-et-bols\/alessi-girotondo-panier-inox\/","name":"ALESSI Girotondo Panier Inox 18 cm - Erresse Shop","isPartOf":{"@id":"https:\/\/www.erresse-shop.it\/fr\/#website"},"datePublished":"2020-08-05T13:17:46+00:00","dateModified":"2025-02-25T10:14:29+00:00","description":"Le panier ajour\u00e9 Girotondo est une ic\u00f4ne du catalogue Alessi. Le duo cr\u00e9atif King-Kong, Stefano Giovannoni et Guido Venturini, a imagin\u00e9 le motif des","breadcrumb":{"@id":"https:\/\/www.erresse-shop.it\/fr\/shop\/table-fr-2\/recipients-et-bols\/alessi-girotondo-panier-inox\/#breadcrumb"},"inLanguage":"fr-FR","potentialAction":[{"@type":"ReadAction","target":["https:\/\/www.erresse-shop.it\/fr\/shop\/table-fr-2\/recipients-et-bols\/alessi-girotondo-panier-inox\/"]}]},{"@type":"BreadcrumbList","@id":"https:\/\/www.erresse-shop.it\/fr\/shop\/table-fr-2\/recipients-et-bols\/alessi-girotondo-panier-inox\/#breadcrumb","itemListElement":[{"@type":"ListItem","position":1,"name":"Home","item":"https:\/\/www.erresse-shop.it\/fr\/"},{"@type":"ListItem","position":2,"name":"Shop","item":"https:\/\/www.erresse-shop.it\/fr\/shop\/"},{"@type":"ListItem","position":3,"name":"ALESSI Girotondo Panier Inox 18 cm"}]},{"@type":"WebSite","@id":"https:\/\/www.erresse-shop.it\/fr\/#website","url":"https:\/\/www.erresse-shop.it\/fr\/","name":"Erresse Shop","description":"Articoli di qualit\u00e0 per la casa","potentialAction":[{"@type":"SearchAction","target":{"@type":"EntryPoint","urlTemplate":"https:\/\/www.erresse-shop.it\/fr\/?s={search_term_string}"},"query-input":"required name=search_term_string"}],"inLanguage":"fr-FR"}]}},"df_price":39.95,"df_sale_price":39.95,"df_regular_price":60,"df_image_link":"https:\/\/www.erresse-shop.it\/wp-content\/uploads\/2020\/08\/ALESSI-Girotondo-Cestino-Traforato-Inox-18-cm-300x300.jpg","_links":{"self":[{"href":"https:\/\/www.erresse-shop.it\/fr\/wp-json\/wp\/v2\/product\/70397"}],"collection":[{"href":"https:\/\/www.erresse-shop.it\/fr\/wp-json\/wp\/v2\/product"}],"about":[{"href":"https:\/\/www.erresse-shop.it\/fr\/wp-json\/wp\/v2\/types\/product"}],"wp:featuredmedia":[{"embeddable":true,"href":"https:\/\/www.erresse-shop.it\/fr\/wp-json\/wp\/v2\/media\/471665"}],"wp:attachment":[{"href":"https:\/\/www.erresse-shop.it\/fr\/wp-json\/wp\/v2\/media?parent=70397"}],"wp:term":[{"taxonomy":"product_cat","embeddable":true,"href":"https:\/\/www.erresse-shop.it\/fr\/wp-json\/wp\/v2\/product_cat?post=70397"},{"taxonomy":"product_tag","embeddable":true,"href":"https:\/\/www.erresse-shop.it\/fr\/wp-json\/wp\/v2\/product_tag?post=70397"}],"curies":[{"name":"wp","href":"https:\/\/api.w.org\/{rel}","templated":true}]}}