{"id":70246,"date":"2020-08-05T07:31:55","date_gmt":"2020-08-05T07:31:57","guid":{"rendered":"https:\/\/www.erresse-shop.it\/?post_type=product&#038;p=70246"},"modified":"2025-02-24T14:31:10","modified_gmt":"2025-02-24T14:31:10","slug":"alessi-plisse-bouilloire-electrique-blanc-2","status":"publish","type":"product","link":"https:\/\/www.erresse-shop.it\/fr\/shop\/petits-electromenagers\/bouilloires-electriques\/alessi-plisse-bouilloire-electrique-blanc-2\/","title":{"rendered":"ALESSI Pliss\u00e9 Bouilloire \u00e9lectrique blanche 1.7L"},"content":{"rendered":"<p>Con\u00e7ue par Michele De Lucchi, la bouilloire Pliss\u00e9 combine des aspects fonctionnels avec un design plastique et fascinant qui r\u00e9v\u00e8le le parcours architectural du cr\u00e9ateur, ainsi que sa passion pour l&#8217;artisanat et la sculpture. Comme un tissu qu&#8217;un plissage \u00e9pais transforme en une forme tridimensionnelle, cette bouilloire rappelle une robe de haute couture, un bel objet \u00e0 laisser sur le plan de travail de la cuisine.<\/p>\n<p>Sp\u00e9cification<br \/>\n&#8211; Fiche europ\u00e9enne<br \/>\n&#8211; Capacit\u00e9 : 1,7L<br \/>\n&#8211; Hauteur : 29cm<br \/>\n&#8211; Largeur : 16cm<\/p>\n<p><span style=\"text-decoration: underline;\"><strong>Not for sale outside from Europe<\/strong><\/span><\/p>\n","protected":false},"excerpt":{"rendered":"<p>Con\u00e7ue par Michele De Lucchi, la bouilloire Pliss\u00e9 combine des aspects fonctionnels avec un design plastique et fascinant qui r\u00e9v\u00e8le<\/p>\n","protected":false},"featured_media":471375,"template":"","meta":{"_acf_changed":false,"inline_featured_image":false},"product_cat":[12763,12449],"product_tag":[13265,13895,12820,12948],"acf":[],"yoast_head":"<!-- This site is optimized with the Yoast SEO Premium plugin v18.6 (Yoast SEO v19.13) - https:\/\/yoast.com\/wordpress\/plugins\/seo\/ -->\n<title>ALESSI Pliss\u00e9 Bouilloire \u00e9lectrique blanche 1.7L - Erresse Shop<\/title>\n<meta name=\"description\" content=\"Con\u00e7ue par Michele De Lucchi, la bouilloire Pliss\u00e9 combine des aspects fonctionnels avec un design plastique et fascinant qui r\u00e9v\u00e8le le parcours\" \/>\n<meta name=\"robots\" content=\"index, follow, max-snippet:-1, max-image-preview:large, max-video-preview:-1\" \/>\n<link rel=\"canonical\" href=\"https:\/\/www.erresse-shop.it\/fr\/shop\/petits-electromenagers\/bouilloires-electriques\/alessi-plisse-bouilloire-electrique-blanc-2\/\" \/>\n<meta property=\"og:locale\" content=\"fr_FR\" \/>\n<meta property=\"og:type\" content=\"article\" \/>\n<meta property=\"og:title\" content=\"ALESSI Pliss\u00e9 Bouilloire \u00e9lectrique blanche 1.7L\" \/>\n<meta property=\"og:description\" content=\"Con\u00e7ue par Michele De Lucchi, la bouilloire Pliss\u00e9 combine des aspects fonctionnels avec un design plastique et fascinant qui r\u00e9v\u00e8le le parcours\" \/>\n<meta property=\"og:url\" content=\"https:\/\/www.erresse-shop.it\/fr\/shop\/petits-electromenagers\/bouilloires-electriques\/alessi-plisse-bouilloire-electrique-blanc-2\/\" \/>\n<meta property=\"og:site_name\" content=\"Erresse Shop\" \/>\n<meta property=\"article:modified_time\" content=\"2025-02-24T14:31:10+00:00\" \/>\n<meta property=\"og:image\" content=\"https:\/\/www.erresse-shop.it\/wp-content\/uploads\/2020\/08\/ALESSI-Plisse-Bollitore-Elettrico-Bianco-1.7L.jpg\" \/>\n\t<meta property=\"og:image:width\" content=\"1200\" \/>\n\t<meta property=\"og:image:height\" content=\"1200\" \/>\n\t<meta property=\"og:image:type\" content=\"image\/jpeg\" \/>\n<meta name=\"twitter:card\" content=\"summary_large_image\" \/>\n<script type=\"application\/ld+json\" class=\"yoast-schema-graph\">{\"@context\":\"https:\/\/schema.org\",\"@graph\":[{\"@type\":\"WebPage\",\"@id\":\"https:\/\/www.erresse-shop.it\/fr\/shop\/petits-electromenagers\/bouilloires-electriques\/alessi-plisse-bouilloire-electrique-blanc-2\/\",\"url\":\"https:\/\/www.erresse-shop.it\/fr\/shop\/petits-electromenagers\/bouilloires-electriques\/alessi-plisse-bouilloire-electrique-blanc-2\/\",\"name\":\"ALESSI Pliss\u00e9 Bouilloire \u00e9lectrique blanche 1.7L - Erresse Shop\",\"isPartOf\":{\"@id\":\"https:\/\/www.erresse-shop.it\/fr\/#website\"},\"datePublished\":\"2020-08-05T07:31:57+00:00\",\"dateModified\":\"2025-02-24T14:31:10+00:00\",\"description\":\"Con\u00e7ue par Michele De Lucchi, la bouilloire Pliss\u00e9 combine des aspects fonctionnels avec un design plastique et fascinant qui r\u00e9v\u00e8le le parcours\",\"breadcrumb\":{\"@id\":\"https:\/\/www.erresse-shop.it\/fr\/shop\/petits-electromenagers\/bouilloires-electriques\/alessi-plisse-bouilloire-electrique-blanc-2\/#breadcrumb\"},\"inLanguage\":\"fr-FR\",\"potentialAction\":[{\"@type\":\"ReadAction\",\"target\":[\"https:\/\/www.erresse-shop.it\/fr\/shop\/petits-electromenagers\/bouilloires-electriques\/alessi-plisse-bouilloire-electrique-blanc-2\/\"]}]},{\"@type\":\"BreadcrumbList\",\"@id\":\"https:\/\/www.erresse-shop.it\/fr\/shop\/petits-electromenagers\/bouilloires-electriques\/alessi-plisse-bouilloire-electrique-blanc-2\/#breadcrumb\",\"itemListElement\":[{\"@type\":\"ListItem\",\"position\":1,\"name\":\"Home\",\"item\":\"https:\/\/www.erresse-shop.it\/fr\/\"},{\"@type\":\"ListItem\",\"position\":2,\"name\":\"Shop\",\"item\":\"https:\/\/www.erresse-shop.it\/fr\/shop\/\"},{\"@type\":\"ListItem\",\"position\":3,\"name\":\"ALESSI Pliss\u00e9 Bouilloire \u00e9lectrique blanche 1.7L\"}]},{\"@type\":\"WebSite\",\"@id\":\"https:\/\/www.erresse-shop.it\/fr\/#website\",\"url\":\"https:\/\/www.erresse-shop.it\/fr\/\",\"name\":\"Erresse Shop\",\"description\":\"Articoli di qualit\u00e0 per la casa\",\"potentialAction\":[{\"@type\":\"SearchAction\",\"target\":{\"@type\":\"EntryPoint\",\"urlTemplate\":\"https:\/\/www.erresse-shop.it\/fr\/?s={search_term_string}\"},\"query-input\":\"required name=search_term_string\"}],\"inLanguage\":\"fr-FR\"}]}<\/script>\n<!-- \/ Yoast SEO Premium plugin. -->","yoast_head_json":{"title":"ALESSI Pliss\u00e9 Bouilloire \u00e9lectrique blanche 1.7L - Erresse Shop","description":"Con\u00e7ue par Michele De Lucchi, la bouilloire Pliss\u00e9 combine des aspects fonctionnels avec un design plastique et fascinant qui r\u00e9v\u00e8le le parcours","robots":{"index":"index","follow":"follow","max-snippet":"max-snippet:-1","max-image-preview":"max-image-preview:large","max-video-preview":"max-video-preview:-1"},"canonical":"https:\/\/www.erresse-shop.it\/fr\/shop\/petits-electromenagers\/bouilloires-electriques\/alessi-plisse-bouilloire-electrique-blanc-2\/","og_locale":"fr_FR","og_type":"article","og_title":"ALESSI Pliss\u00e9 Bouilloire \u00e9lectrique blanche 1.7L","og_description":"Con\u00e7ue par Michele De Lucchi, la bouilloire Pliss\u00e9 combine des aspects fonctionnels avec un design plastique et fascinant qui r\u00e9v\u00e8le le parcours","og_url":"https:\/\/www.erresse-shop.it\/fr\/shop\/petits-electromenagers\/bouilloires-electriques\/alessi-plisse-bouilloire-electrique-blanc-2\/","og_site_name":"Erresse Shop","article_modified_time":"2025-02-24T14:31:10+00:00","og_image":[{"width":1200,"height":1200,"url":"https:\/\/www.erresse-shop.it\/wp-content\/uploads\/2020\/08\/ALESSI-Plisse-Bollitore-Elettrico-Bianco-1.7L.jpg","type":"image\/jpeg"}],"twitter_card":"summary_large_image","schema":{"@context":"https:\/\/schema.org","@graph":[{"@type":"WebPage","@id":"https:\/\/www.erresse-shop.it\/fr\/shop\/petits-electromenagers\/bouilloires-electriques\/alessi-plisse-bouilloire-electrique-blanc-2\/","url":"https:\/\/www.erresse-shop.it\/fr\/shop\/petits-electromenagers\/bouilloires-electriques\/alessi-plisse-bouilloire-electrique-blanc-2\/","name":"ALESSI Pliss\u00e9 Bouilloire \u00e9lectrique blanche 1.7L - Erresse Shop","isPartOf":{"@id":"https:\/\/www.erresse-shop.it\/fr\/#website"},"datePublished":"2020-08-05T07:31:57+00:00","dateModified":"2025-02-24T14:31:10+00:00","description":"Con\u00e7ue par Michele De Lucchi, la bouilloire Pliss\u00e9 combine des aspects fonctionnels avec un design plastique et fascinant qui r\u00e9v\u00e8le le parcours","breadcrumb":{"@id":"https:\/\/www.erresse-shop.it\/fr\/shop\/petits-electromenagers\/bouilloires-electriques\/alessi-plisse-bouilloire-electrique-blanc-2\/#breadcrumb"},"inLanguage":"fr-FR","potentialAction":[{"@type":"ReadAction","target":["https:\/\/www.erresse-shop.it\/fr\/shop\/petits-electromenagers\/bouilloires-electriques\/alessi-plisse-bouilloire-electrique-blanc-2\/"]}]},{"@type":"BreadcrumbList","@id":"https:\/\/www.erresse-shop.it\/fr\/shop\/petits-electromenagers\/bouilloires-electriques\/alessi-plisse-bouilloire-electrique-blanc-2\/#breadcrumb","itemListElement":[{"@type":"ListItem","position":1,"name":"Home","item":"https:\/\/www.erresse-shop.it\/fr\/"},{"@type":"ListItem","position":2,"name":"Shop","item":"https:\/\/www.erresse-shop.it\/fr\/shop\/"},{"@type":"ListItem","position":3,"name":"ALESSI Pliss\u00e9 Bouilloire \u00e9lectrique blanche 1.7L"}]},{"@type":"WebSite","@id":"https:\/\/www.erresse-shop.it\/fr\/#website","url":"https:\/\/www.erresse-shop.it\/fr\/","name":"Erresse Shop","description":"Articoli di qualit\u00e0 per la casa","potentialAction":[{"@type":"SearchAction","target":{"@type":"EntryPoint","urlTemplate":"https:\/\/www.erresse-shop.it\/fr\/?s={search_term_string}"},"query-input":"required name=search_term_string"}],"inLanguage":"fr-FR"}]}},"df_price":52.5,"df_sale_price":52.5,"df_regular_price":105,"df_image_link":"https:\/\/www.erresse-shop.it\/wp-content\/uploads\/2020\/08\/ALESSI-Plisse-Bollitore-Elettrico-Bianco-1.7L-300x300.jpg","_links":{"self":[{"href":"https:\/\/www.erresse-shop.it\/fr\/wp-json\/wp\/v2\/product\/70246"}],"collection":[{"href":"https:\/\/www.erresse-shop.it\/fr\/wp-json\/wp\/v2\/product"}],"about":[{"href":"https:\/\/www.erresse-shop.it\/fr\/wp-json\/wp\/v2\/types\/product"}],"wp:featuredmedia":[{"embeddable":true,"href":"https:\/\/www.erresse-shop.it\/fr\/wp-json\/wp\/v2\/media\/471375"}],"wp:attachment":[{"href":"https:\/\/www.erresse-shop.it\/fr\/wp-json\/wp\/v2\/media?parent=70246"}],"wp:term":[{"taxonomy":"product_cat","embeddable":true,"href":"https:\/\/www.erresse-shop.it\/fr\/wp-json\/wp\/v2\/product_cat?post=70246"},{"taxonomy":"product_tag","embeddable":true,"href":"https:\/\/www.erresse-shop.it\/fr\/wp-json\/wp\/v2\/product_tag?post=70246"}],"curies":[{"name":"wp","href":"https:\/\/api.w.org\/{rel}","templated":true}]}}