{"id":68335,"date":"2018-10-17T10:35:52","date_gmt":"2018-10-17T10:35:52","guid":{"rendered":"https:\/\/www.erresse-shop.it\/shop\/non%20class\u00e9\/giannini-cafetiere-giannina-9-6-tasses\/"},"modified":"2025-01-13T14:42:45","modified_gmt":"2025-01-13T14:42:45","slug":"giannini-giannina-cafetiere-9-6-tasses","status":"publish","type":"product","link":"https:\/\/www.erresse-shop.it\/fr\/shop\/cuisine\/cafetieres\/giannini-giannina-cafetiere-9-6-tasses\/","title":{"rendered":"GIANNINI Giannina Cafeti\u00e8re 9\/6 tasses"},"content":{"rendered":"<p>Premier produit de notre soci\u00e9t\u00e9, il a \u00e9t\u00e9 cr\u00e9\u00e9 en 1968 par Carlo Giannini, qui a con\u00e7u personnellement chaque pi\u00e8ce, en affinant les composants et le processus de production. Giannina maintient toujours un design efficace et attrayant et une tr\u00e8s haute qualit\u00e9 de performance. Fabriqu\u00e9 enti\u00e8rement en acier inoxydable poli miroir.<br \/>\nDesign original depuis 1968. Fermeture \u00e0 d\u00e9clic gr\u00e2ce \u00e0 la rotation de la poign\u00e9e qui s&#8217;accroche directement \u00e0 la partie inf\u00e9rieure de la cafeti\u00e8re.<br \/>\nGr\u00e2ce au filtre r\u00e9ducteur fourni, deux quantit\u00e9s de caf\u00e9 diff\u00e9rentes peuvent \u00eatre distribu\u00e9es.<br \/>\nUtilisable sur la plaque \u00e0 induction, sauf pour le mod\u00e8le 1 tasse. Production artisanale Made in Italy. Chaudi\u00e8re avec fermeture sans vis, avec brevet Giannini. Capacit\u00e9 de neuf tasses (avec r\u00e9ducteur de six tasses).<\/p>\n","protected":false},"excerpt":{"rendered":"<p>Premier produit de notre soci\u00e9t\u00e9, il a \u00e9t\u00e9 cr\u00e9\u00e9 en 1968 par Carlo Giannini, qui a con\u00e7u personnellement chaque pi\u00e8ce,<\/p>\n","protected":false},"featured_media":374320,"template":"","meta":{"_acf_changed":false,"inline_featured_image":false},"product_cat":[12753,12748],"product_tag":[25026,12830,23563,25021,24397,24415,12831,13441,12832,12461,12856,12833],"acf":[],"yoast_head":"<!-- This site is optimized with the Yoast SEO Premium plugin v18.6 (Yoast SEO v19.13) - https:\/\/yoast.com\/wordpress\/plugins\/seo\/ -->\n<title>GIANNINI Giannina Cafeti\u00e8re 9\/6 tasses<\/title>\n<meta name=\"description\" content=\"D\u00e9couvrez GIANNINI Giannina Cafeti\u00e8re 9\/6 tasses sur ErresseShop. Qualit\u00e9, prix r\u00e9duits et achat s\u00e9curis\u00e9 \u2013 commandez d\u00e8s maintenant en ligne !\" \/>\n<meta name=\"robots\" content=\"index, follow, max-snippet:-1, max-image-preview:large, max-video-preview:-1\" \/>\n<link rel=\"canonical\" href=\"https:\/\/www.erresse-shop.it\/fr\/shop\/cuisine\/cafetieres\/giannini-giannina-cafetiere-9-6-tasses\/\" \/>\n<meta property=\"og:locale\" content=\"fr_FR\" \/>\n<meta property=\"og:type\" content=\"article\" \/>\n<meta property=\"og:title\" content=\"GIANNINI Giannina Cafeti\u00e8re 9\/6 tasses\" \/>\n<meta property=\"og:description\" content=\"D\u00e9couvrez GIANNINI Giannina Cafeti\u00e8re 9\/6 tasses sur ErresseShop. Qualit\u00e9, prix r\u00e9duits et achat s\u00e9curis\u00e9 \u2013 commandez d\u00e8s maintenant en ligne !\" \/>\n<meta property=\"og:url\" content=\"https:\/\/www.erresse-shop.it\/fr\/shop\/cuisine\/cafetieres\/giannini-giannina-cafetiere-9-6-tasses\/\" \/>\n<meta property=\"og:site_name\" content=\"Erresse Shop\" \/>\n<meta property=\"article:modified_time\" content=\"2025-01-13T14:42:45+00:00\" \/>\n<meta property=\"og:image\" content=\"https:\/\/www.erresse-shop.it\/wp-content\/uploads\/2018\/10\/GIANNINI-Caffettiera-Giannina-9-6-tazze.jpg\" \/>\n\t<meta property=\"og:image:width\" content=\"800\" \/>\n\t<meta property=\"og:image:height\" content=\"800\" \/>\n\t<meta property=\"og:image:type\" content=\"image\/jpeg\" \/>\n<meta name=\"twitter:card\" content=\"summary_large_image\" \/>\n<script type=\"application\/ld+json\" class=\"yoast-schema-graph\">{\"@context\":\"https:\/\/schema.org\",\"@graph\":[{\"@type\":\"WebPage\",\"@id\":\"https:\/\/www.erresse-shop.it\/fr\/shop\/cuisine\/cafetieres\/giannini-giannina-cafetiere-9-6-tasses\/\",\"url\":\"https:\/\/www.erresse-shop.it\/fr\/shop\/cuisine\/cafetieres\/giannini-giannina-cafetiere-9-6-tasses\/\",\"name\":\"GIANNINI Giannina Cafeti\u00e8re 9\/6 tasses\",\"isPartOf\":{\"@id\":\"https:\/\/www.erresse-shop.it\/fr\/#website\"},\"datePublished\":\"2018-10-17T10:35:52+00:00\",\"dateModified\":\"2025-01-13T14:42:45+00:00\",\"description\":\"D\u00e9couvrez GIANNINI Giannina Cafeti\u00e8re 9\/6 tasses sur ErresseShop. Qualit\u00e9, prix r\u00e9duits et achat s\u00e9curis\u00e9 \u2013 commandez d\u00e8s maintenant en ligne !\",\"breadcrumb\":{\"@id\":\"https:\/\/www.erresse-shop.it\/fr\/shop\/cuisine\/cafetieres\/giannini-giannina-cafetiere-9-6-tasses\/#breadcrumb\"},\"inLanguage\":\"fr-FR\",\"potentialAction\":[{\"@type\":\"ReadAction\",\"target\":[\"https:\/\/www.erresse-shop.it\/fr\/shop\/cuisine\/cafetieres\/giannini-giannina-cafetiere-9-6-tasses\/\"]}]},{\"@type\":\"BreadcrumbList\",\"@id\":\"https:\/\/www.erresse-shop.it\/fr\/shop\/cuisine\/cafetieres\/giannini-giannina-cafetiere-9-6-tasses\/#breadcrumb\",\"itemListElement\":[{\"@type\":\"ListItem\",\"position\":1,\"name\":\"Home\",\"item\":\"https:\/\/www.erresse-shop.it\/fr\/\"},{\"@type\":\"ListItem\",\"position\":2,\"name\":\"Shop\",\"item\":\"https:\/\/www.erresse-shop.it\/fr\/shop\/\"},{\"@type\":\"ListItem\",\"position\":3,\"name\":\"GIANNINI Giannina Cafeti\u00e8re 9\/6 tasses\"}]},{\"@type\":\"WebSite\",\"@id\":\"https:\/\/www.erresse-shop.it\/fr\/#website\",\"url\":\"https:\/\/www.erresse-shop.it\/fr\/\",\"name\":\"Erresse Shop\",\"description\":\"Articoli di qualit\u00e0 per la casa\",\"potentialAction\":[{\"@type\":\"SearchAction\",\"target\":{\"@type\":\"EntryPoint\",\"urlTemplate\":\"https:\/\/www.erresse-shop.it\/fr\/?s={search_term_string}\"},\"query-input\":\"required name=search_term_string\"}],\"inLanguage\":\"fr-FR\"}]}<\/script>\n<!-- \/ Yoast SEO Premium plugin. -->","yoast_head_json":{"title":"GIANNINI Giannina Cafeti\u00e8re 9\/6 tasses","description":"D\u00e9couvrez GIANNINI Giannina Cafeti\u00e8re 9\/6 tasses sur ErresseShop. Qualit\u00e9, prix r\u00e9duits et achat s\u00e9curis\u00e9 \u2013 commandez d\u00e8s maintenant en ligne !","robots":{"index":"index","follow":"follow","max-snippet":"max-snippet:-1","max-image-preview":"max-image-preview:large","max-video-preview":"max-video-preview:-1"},"canonical":"https:\/\/www.erresse-shop.it\/fr\/shop\/cuisine\/cafetieres\/giannini-giannina-cafetiere-9-6-tasses\/","og_locale":"fr_FR","og_type":"article","og_title":"GIANNINI Giannina Cafeti\u00e8re 9\/6 tasses","og_description":"D\u00e9couvrez GIANNINI Giannina Cafeti\u00e8re 9\/6 tasses sur ErresseShop. Qualit\u00e9, prix r\u00e9duits et achat s\u00e9curis\u00e9 \u2013 commandez d\u00e8s maintenant en ligne !","og_url":"https:\/\/www.erresse-shop.it\/fr\/shop\/cuisine\/cafetieres\/giannini-giannina-cafetiere-9-6-tasses\/","og_site_name":"Erresse Shop","article_modified_time":"2025-01-13T14:42:45+00:00","og_image":[{"width":800,"height":800,"url":"https:\/\/www.erresse-shop.it\/wp-content\/uploads\/2018\/10\/GIANNINI-Caffettiera-Giannina-9-6-tazze.jpg","type":"image\/jpeg"}],"twitter_card":"summary_large_image","schema":{"@context":"https:\/\/schema.org","@graph":[{"@type":"WebPage","@id":"https:\/\/www.erresse-shop.it\/fr\/shop\/cuisine\/cafetieres\/giannini-giannina-cafetiere-9-6-tasses\/","url":"https:\/\/www.erresse-shop.it\/fr\/shop\/cuisine\/cafetieres\/giannini-giannina-cafetiere-9-6-tasses\/","name":"GIANNINI Giannina Cafeti\u00e8re 9\/6 tasses","isPartOf":{"@id":"https:\/\/www.erresse-shop.it\/fr\/#website"},"datePublished":"2018-10-17T10:35:52+00:00","dateModified":"2025-01-13T14:42:45+00:00","description":"D\u00e9couvrez GIANNINI Giannina Cafeti\u00e8re 9\/6 tasses sur ErresseShop. Qualit\u00e9, prix r\u00e9duits et achat s\u00e9curis\u00e9 \u2013 commandez d\u00e8s maintenant en ligne !","breadcrumb":{"@id":"https:\/\/www.erresse-shop.it\/fr\/shop\/cuisine\/cafetieres\/giannini-giannina-cafetiere-9-6-tasses\/#breadcrumb"},"inLanguage":"fr-FR","potentialAction":[{"@type":"ReadAction","target":["https:\/\/www.erresse-shop.it\/fr\/shop\/cuisine\/cafetieres\/giannini-giannina-cafetiere-9-6-tasses\/"]}]},{"@type":"BreadcrumbList","@id":"https:\/\/www.erresse-shop.it\/fr\/shop\/cuisine\/cafetieres\/giannini-giannina-cafetiere-9-6-tasses\/#breadcrumb","itemListElement":[{"@type":"ListItem","position":1,"name":"Home","item":"https:\/\/www.erresse-shop.it\/fr\/"},{"@type":"ListItem","position":2,"name":"Shop","item":"https:\/\/www.erresse-shop.it\/fr\/shop\/"},{"@type":"ListItem","position":3,"name":"GIANNINI Giannina Cafeti\u00e8re 9\/6 tasses"}]},{"@type":"WebSite","@id":"https:\/\/www.erresse-shop.it\/fr\/#website","url":"https:\/\/www.erresse-shop.it\/fr\/","name":"Erresse Shop","description":"Articoli di qualit\u00e0 per la casa","potentialAction":[{"@type":"SearchAction","target":{"@type":"EntryPoint","urlTemplate":"https:\/\/www.erresse-shop.it\/fr\/?s={search_term_string}"},"query-input":"required name=search_term_string"}],"inLanguage":"fr-FR"}]}},"df_price":184,"df_sale_price":184,"df_regular_price":184,"df_image_link":"https:\/\/www.erresse-shop.it\/wp-content\/uploads\/2018\/10\/GIANNINI-Caffettiera-Giannina-9-6-tazze-300x300.jpg","_links":{"self":[{"href":"https:\/\/www.erresse-shop.it\/fr\/wp-json\/wp\/v2\/product\/68335"}],"collection":[{"href":"https:\/\/www.erresse-shop.it\/fr\/wp-json\/wp\/v2\/product"}],"about":[{"href":"https:\/\/www.erresse-shop.it\/fr\/wp-json\/wp\/v2\/types\/product"}],"wp:featuredmedia":[{"embeddable":true,"href":"https:\/\/www.erresse-shop.it\/fr\/wp-json\/wp\/v2\/media\/374320"}],"wp:attachment":[{"href":"https:\/\/www.erresse-shop.it\/fr\/wp-json\/wp\/v2\/media?parent=68335"}],"wp:term":[{"taxonomy":"product_cat","embeddable":true,"href":"https:\/\/www.erresse-shop.it\/fr\/wp-json\/wp\/v2\/product_cat?post=68335"},{"taxonomy":"product_tag","embeddable":true,"href":"https:\/\/www.erresse-shop.it\/fr\/wp-json\/wp\/v2\/product_tag?post=68335"}],"curies":[{"name":"wp","href":"https:\/\/api.w.org\/{rel}","templated":true}]}}