{"id":67659,"date":"2020-07-15T08:14:40","date_gmt":"2020-07-15T08:14:42","guid":{"rendered":"https:\/\/www.erresse-shop.it\/?post_type=product&#038;p=67659"},"modified":"2025-01-13T14:42:28","modified_gmt":"2025-01-13T14:42:28","slug":"le-creuset-cocotte-oblongue-en-fonte-emaillee-31-cm-volcanique","status":"publish","type":"product","link":"https:\/\/www.erresse-shop.it\/fr\/shop\/poeles-pots\/casseroles\/le-creuset-cocotte-oblongue-en-fonte-emaillee-31-cm-volcanique\/","title":{"rendered":"LE CREUSET Cocotte Oblongue en Fonte \u00e9maill\u00e9e 31 cm Volcanique"},"content":{"rendered":"<p>Avec sa forme allong\u00e9e et peu profonde, cette cocotte est id\u00e9ale pour la cuisson au four et vous assurera une pr\u00e9sentation \u00e9l\u00e9gante !<\/p>\n<p>&#8211; Fonte Emaill\u00e9e<br \/>\n&#8211; Dimensions : 31 cm<br \/>\n&#8211; Capacit\u00e9 : 3,40L<br \/>\n&#8211; Excellente r\u00e9partition de la chaleur pour une cuisson douce et homog\u00e8ne<br \/>\n&#8211; Garde les aliments chauds longtemps<br \/>\n&#8211; Compatible avec toutes les sources de chaleur, y compris l\u2019induction.<br \/>\n&#8211; Durabilit\u00e9 exceptionnelle<br \/>\n&#8211; Garantie \u00e0 vie<\/p>\n","protected":false},"excerpt":{"rendered":"<p>Avec sa forme allong\u00e9e et peu profonde, cette cocotte est id\u00e9ale pour la cuisson au four et vous assurera une<\/p>\n","protected":false},"featured_media":498239,"template":"","meta":{"_acf_changed":false,"inline_featured_image":false},"product_cat":[12458,14777],"product_tag":[25086,25021,12994,12461,12465,12468],"acf":[],"yoast_head":"<!-- This site is optimized with the Yoast SEO Premium plugin v18.6 (Yoast SEO v19.13) - https:\/\/yoast.com\/wordpress\/plugins\/seo\/ -->\n<title>LE CREUSET Cocotte Oblongue en Fonte \u00e9maill\u00e9e 31 cm Volcanique<\/title>\n<meta name=\"description\" content=\"D\u00e9couvrez LE CREUSET Cocotte Oblongue en Fonte \u00e9maill\u00e9e 31 cm Volcanique sur ErresseShop. Qualit\u00e9, prix r\u00e9duits et achat s\u00e9curis\u00e9 \u2013 commandez d\u00e8s maintenant en ligne !\" \/>\n<meta name=\"robots\" content=\"index, follow, max-snippet:-1, max-image-preview:large, max-video-preview:-1\" \/>\n<link rel=\"canonical\" href=\"https:\/\/www.erresse-shop.it\/fr\/shop\/poeles-pots\/casseroles\/le-creuset-cocotte-oblongue-en-fonte-emaillee-31-cm-volcanique\/\" \/>\n<meta property=\"og:locale\" content=\"fr_FR\" \/>\n<meta property=\"og:type\" content=\"article\" \/>\n<meta property=\"og:title\" content=\"LE CREUSET Cocotte Oblongue en Fonte \u00e9maill\u00e9e 31 cm Volcanique\" \/>\n<meta property=\"og:description\" content=\"D\u00e9couvrez LE CREUSET Cocotte Oblongue en Fonte \u00e9maill\u00e9e 31 cm Volcanique sur ErresseShop. Qualit\u00e9, prix r\u00e9duits et achat s\u00e9curis\u00e9 \u2013 commandez d\u00e8s maintenant en ligne !\" \/>\n<meta property=\"og:url\" content=\"https:\/\/www.erresse-shop.it\/fr\/shop\/poeles-pots\/casseroles\/le-creuset-cocotte-oblongue-en-fonte-emaillee-31-cm-volcanique\/\" \/>\n<meta property=\"og:site_name\" content=\"Erresse Shop\" \/>\n<meta property=\"article:modified_time\" content=\"2025-01-13T14:42:28+00:00\" \/>\n<meta property=\"og:image\" content=\"https:\/\/www.erresse-shop.it\/wp-content\/uploads\/2020\/07\/LE-CREUSET-Casseruola-Oblong-Evolution-in-Ghisa-31-cm-Arancio.png\" \/>\n\t<meta property=\"og:image:width\" content=\"800\" \/>\n\t<meta property=\"og:image:height\" content=\"800\" \/>\n\t<meta property=\"og:image:type\" content=\"image\/png\" \/>\n<meta name=\"twitter:card\" content=\"summary_large_image\" \/>\n<script type=\"application\/ld+json\" class=\"yoast-schema-graph\">{\"@context\":\"https:\/\/schema.org\",\"@graph\":[{\"@type\":\"WebPage\",\"@id\":\"https:\/\/www.erresse-shop.it\/fr\/shop\/poeles-pots\/casseroles\/le-creuset-cocotte-oblongue-en-fonte-emaillee-31-cm-volcanique\/\",\"url\":\"https:\/\/www.erresse-shop.it\/fr\/shop\/poeles-pots\/casseroles\/le-creuset-cocotte-oblongue-en-fonte-emaillee-31-cm-volcanique\/\",\"name\":\"LE CREUSET Cocotte Oblongue en Fonte \u00e9maill\u00e9e 31 cm Volcanique\",\"isPartOf\":{\"@id\":\"https:\/\/www.erresse-shop.it\/fr\/#website\"},\"datePublished\":\"2020-07-15T08:14:42+00:00\",\"dateModified\":\"2025-01-13T14:42:28+00:00\",\"description\":\"D\u00e9couvrez LE CREUSET Cocotte Oblongue en Fonte \u00e9maill\u00e9e 31 cm Volcanique sur ErresseShop. Qualit\u00e9, prix r\u00e9duits et achat s\u00e9curis\u00e9 \u2013 commandez d\u00e8s maintenant en ligne !\",\"breadcrumb\":{\"@id\":\"https:\/\/www.erresse-shop.it\/fr\/shop\/poeles-pots\/casseroles\/le-creuset-cocotte-oblongue-en-fonte-emaillee-31-cm-volcanique\/#breadcrumb\"},\"inLanguage\":\"fr-FR\",\"potentialAction\":[{\"@type\":\"ReadAction\",\"target\":[\"https:\/\/www.erresse-shop.it\/fr\/shop\/poeles-pots\/casseroles\/le-creuset-cocotte-oblongue-en-fonte-emaillee-31-cm-volcanique\/\"]}]},{\"@type\":\"BreadcrumbList\",\"@id\":\"https:\/\/www.erresse-shop.it\/fr\/shop\/poeles-pots\/casseroles\/le-creuset-cocotte-oblongue-en-fonte-emaillee-31-cm-volcanique\/#breadcrumb\",\"itemListElement\":[{\"@type\":\"ListItem\",\"position\":1,\"name\":\"Home\",\"item\":\"https:\/\/www.erresse-shop.it\/fr\/\"},{\"@type\":\"ListItem\",\"position\":2,\"name\":\"Shop\",\"item\":\"https:\/\/www.erresse-shop.it\/fr\/shop\/\"},{\"@type\":\"ListItem\",\"position\":3,\"name\":\"LE CREUSET Cocotte Oblongue en Fonte \u00e9maill\u00e9e 31 cm Volcanique\"}]},{\"@type\":\"WebSite\",\"@id\":\"https:\/\/www.erresse-shop.it\/fr\/#website\",\"url\":\"https:\/\/www.erresse-shop.it\/fr\/\",\"name\":\"Erresse Shop\",\"description\":\"Articoli di qualit\u00e0 per la casa\",\"potentialAction\":[{\"@type\":\"SearchAction\",\"target\":{\"@type\":\"EntryPoint\",\"urlTemplate\":\"https:\/\/www.erresse-shop.it\/fr\/?s={search_term_string}\"},\"query-input\":\"required name=search_term_string\"}],\"inLanguage\":\"fr-FR\"}]}<\/script>\n<!-- \/ Yoast SEO Premium plugin. -->","yoast_head_json":{"title":"LE CREUSET Cocotte Oblongue en Fonte \u00e9maill\u00e9e 31 cm Volcanique","description":"D\u00e9couvrez LE CREUSET Cocotte Oblongue en Fonte \u00e9maill\u00e9e 31 cm Volcanique sur ErresseShop. Qualit\u00e9, prix r\u00e9duits et achat s\u00e9curis\u00e9 \u2013 commandez d\u00e8s maintenant en ligne !","robots":{"index":"index","follow":"follow","max-snippet":"max-snippet:-1","max-image-preview":"max-image-preview:large","max-video-preview":"max-video-preview:-1"},"canonical":"https:\/\/www.erresse-shop.it\/fr\/shop\/poeles-pots\/casseroles\/le-creuset-cocotte-oblongue-en-fonte-emaillee-31-cm-volcanique\/","og_locale":"fr_FR","og_type":"article","og_title":"LE CREUSET Cocotte Oblongue en Fonte \u00e9maill\u00e9e 31 cm Volcanique","og_description":"D\u00e9couvrez LE CREUSET Cocotte Oblongue en Fonte \u00e9maill\u00e9e 31 cm Volcanique sur ErresseShop. Qualit\u00e9, prix r\u00e9duits et achat s\u00e9curis\u00e9 \u2013 commandez d\u00e8s maintenant en ligne !","og_url":"https:\/\/www.erresse-shop.it\/fr\/shop\/poeles-pots\/casseroles\/le-creuset-cocotte-oblongue-en-fonte-emaillee-31-cm-volcanique\/","og_site_name":"Erresse Shop","article_modified_time":"2025-01-13T14:42:28+00:00","og_image":[{"width":800,"height":800,"url":"https:\/\/www.erresse-shop.it\/wp-content\/uploads\/2020\/07\/LE-CREUSET-Casseruola-Oblong-Evolution-in-Ghisa-31-cm-Arancio.png","type":"image\/png"}],"twitter_card":"summary_large_image","schema":{"@context":"https:\/\/schema.org","@graph":[{"@type":"WebPage","@id":"https:\/\/www.erresse-shop.it\/fr\/shop\/poeles-pots\/casseroles\/le-creuset-cocotte-oblongue-en-fonte-emaillee-31-cm-volcanique\/","url":"https:\/\/www.erresse-shop.it\/fr\/shop\/poeles-pots\/casseroles\/le-creuset-cocotte-oblongue-en-fonte-emaillee-31-cm-volcanique\/","name":"LE CREUSET Cocotte Oblongue en Fonte \u00e9maill\u00e9e 31 cm Volcanique","isPartOf":{"@id":"https:\/\/www.erresse-shop.it\/fr\/#website"},"datePublished":"2020-07-15T08:14:42+00:00","dateModified":"2025-01-13T14:42:28+00:00","description":"D\u00e9couvrez LE CREUSET Cocotte Oblongue en Fonte \u00e9maill\u00e9e 31 cm Volcanique sur ErresseShop. Qualit\u00e9, prix r\u00e9duits et achat s\u00e9curis\u00e9 \u2013 commandez d\u00e8s maintenant en ligne !","breadcrumb":{"@id":"https:\/\/www.erresse-shop.it\/fr\/shop\/poeles-pots\/casseroles\/le-creuset-cocotte-oblongue-en-fonte-emaillee-31-cm-volcanique\/#breadcrumb"},"inLanguage":"fr-FR","potentialAction":[{"@type":"ReadAction","target":["https:\/\/www.erresse-shop.it\/fr\/shop\/poeles-pots\/casseroles\/le-creuset-cocotte-oblongue-en-fonte-emaillee-31-cm-volcanique\/"]}]},{"@type":"BreadcrumbList","@id":"https:\/\/www.erresse-shop.it\/fr\/shop\/poeles-pots\/casseroles\/le-creuset-cocotte-oblongue-en-fonte-emaillee-31-cm-volcanique\/#breadcrumb","itemListElement":[{"@type":"ListItem","position":1,"name":"Home","item":"https:\/\/www.erresse-shop.it\/fr\/"},{"@type":"ListItem","position":2,"name":"Shop","item":"https:\/\/www.erresse-shop.it\/fr\/shop\/"},{"@type":"ListItem","position":3,"name":"LE CREUSET Cocotte Oblongue en Fonte \u00e9maill\u00e9e 31 cm Volcanique"}]},{"@type":"WebSite","@id":"https:\/\/www.erresse-shop.it\/fr\/#website","url":"https:\/\/www.erresse-shop.it\/fr\/","name":"Erresse Shop","description":"Articoli di qualit\u00e0 per la casa","potentialAction":[{"@type":"SearchAction","target":{"@type":"EntryPoint","urlTemplate":"https:\/\/www.erresse-shop.it\/fr\/?s={search_term_string}"},"query-input":"required name=search_term_string"}],"inLanguage":"fr-FR"}]}},"df_price":150.75,"df_sale_price":150.75,"df_regular_price":335,"df_image_link":"https:\/\/www.erresse-shop.it\/wp-content\/uploads\/2020\/07\/LE-CREUSET-Casseruola-Oblong-Evolution-in-Ghisa-31-cm-Arancio-1-300x300.jpg","_links":{"self":[{"href":"https:\/\/www.erresse-shop.it\/fr\/wp-json\/wp\/v2\/product\/67659"}],"collection":[{"href":"https:\/\/www.erresse-shop.it\/fr\/wp-json\/wp\/v2\/product"}],"about":[{"href":"https:\/\/www.erresse-shop.it\/fr\/wp-json\/wp\/v2\/types\/product"}],"wp:featuredmedia":[{"embeddable":true,"href":"https:\/\/www.erresse-shop.it\/fr\/wp-json\/wp\/v2\/media\/498239"}],"wp:attachment":[{"href":"https:\/\/www.erresse-shop.it\/fr\/wp-json\/wp\/v2\/media?parent=67659"}],"wp:term":[{"taxonomy":"product_cat","embeddable":true,"href":"https:\/\/www.erresse-shop.it\/fr\/wp-json\/wp\/v2\/product_cat?post=67659"},{"taxonomy":"product_tag","embeddable":true,"href":"https:\/\/www.erresse-shop.it\/fr\/wp-json\/wp\/v2\/product_tag?post=67659"}],"curies":[{"name":"wp","href":"https:\/\/api.w.org\/{rel}","templated":true}]}}