{"id":67590,"date":"2015-03-14T17:00:02","date_gmt":"2015-03-14T17:00:02","guid":{"rendered":"https:\/\/www.erresse-shop.it\/shop\/non%20class\u00e9\/seletti-hybrid-assiette-isaura\/"},"modified":"2025-01-13T14:42:13","modified_gmt":"2025-01-13T14:42:13","slug":"seletti-hybrid-grande-assiette-isaura","status":"publish","type":"product","link":"https:\/\/www.erresse-shop.it\/fr\/shop\/table-fr-2\/plats\/seletti-hybrid-grande-assiette-isaura\/","title":{"rendered":"SELETTI Hybrid Grande Assiette ISAURA"},"content":{"rendered":"<p>Quand l&#8217;est et l&#8217;ouest se combinent. Une collection qui refl\u00e8te l&#8217;ancienne production historique de c\u00e9ramique occidentale et orientale. Des d\u00e9corations hybrides qui proviennent d&#8217;un pass\u00e9 complexe et qui \u00e9voluent vers des formes contemporaines.<\/p>\n<p>Le design : CTRLZAK<br \/>\nMat\u00e9riel : Porcelaine de Chine osseuse<br \/>\nTaille : \u00f8 cm 27,5 h 2,3<\/p>\n","protected":false},"excerpt":{"rendered":"<p>Quand l&#8217;est et l&#8217;ouest se combinent. Une collection qui refl\u00e8te l&#8217;ancienne production historique de c\u00e9ramique occidentale et orientale. Des d\u00e9corations<\/p>\n","protected":false},"featured_media":67591,"template":"","meta":{"_acf_changed":false,"inline_featured_image":false},"product_cat":[12788,12782],"product_tag":[15681,13342,23660,25021,24415,13343,15682],"acf":[],"yoast_head":"<!-- This site is optimized with the Yoast SEO Premium plugin v18.6 (Yoast SEO v19.13) - https:\/\/yoast.com\/wordpress\/plugins\/seo\/ -->\n<title>SELETTI Hybrid Grande Assiette ISAURA<\/title>\n<meta name=\"description\" content=\"D\u00e9couvrez SELETTI Hybrid Grande Assiette ISAURA sur ErresseShop. Qualit\u00e9, prix r\u00e9duits et achat s\u00e9curis\u00e9 \u2013 commandez d\u00e8s maintenant en ligne !\" \/>\n<meta name=\"robots\" content=\"index, follow, max-snippet:-1, max-image-preview:large, max-video-preview:-1\" \/>\n<link rel=\"canonical\" href=\"https:\/\/www.erresse-shop.it\/fr\/shop\/table-fr-2\/plats\/seletti-hybrid-grande-assiette-isaura\/\" \/>\n<meta property=\"og:locale\" content=\"fr_FR\" \/>\n<meta property=\"og:type\" content=\"article\" \/>\n<meta property=\"og:title\" content=\"SELETTI Hybrid Grande Assiette ISAURA\" \/>\n<meta property=\"og:description\" content=\"D\u00e9couvrez SELETTI Hybrid Grande Assiette ISAURA sur ErresseShop. Qualit\u00e9, prix r\u00e9duits et achat s\u00e9curis\u00e9 \u2013 commandez d\u00e8s maintenant en ligne !\" \/>\n<meta property=\"og:url\" content=\"https:\/\/www.erresse-shop.it\/fr\/shop\/table-fr-2\/plats\/seletti-hybrid-grande-assiette-isaura\/\" \/>\n<meta property=\"og:site_name\" content=\"Erresse Shop\" \/>\n<meta property=\"article:modified_time\" content=\"2025-01-13T14:42:13+00:00\" \/>\n<meta property=\"og:image\" content=\"https:\/\/www.erresse-shop.it\/wp-content\/uploads\/2015\/03\/products-isaura-h.jpg\" \/>\n\t<meta property=\"og:image:width\" content=\"751\" \/>\n\t<meta property=\"og:image:height\" content=\"691\" \/>\n\t<meta property=\"og:image:type\" content=\"image\/jpeg\" \/>\n<meta name=\"twitter:card\" content=\"summary_large_image\" \/>\n<script type=\"application\/ld+json\" class=\"yoast-schema-graph\">{\"@context\":\"https:\/\/schema.org\",\"@graph\":[{\"@type\":\"WebPage\",\"@id\":\"https:\/\/www.erresse-shop.it\/fr\/shop\/table-fr-2\/plats\/seletti-hybrid-grande-assiette-isaura\/\",\"url\":\"https:\/\/www.erresse-shop.it\/fr\/shop\/table-fr-2\/plats\/seletti-hybrid-grande-assiette-isaura\/\",\"name\":\"SELETTI Hybrid Grande Assiette ISAURA\",\"isPartOf\":{\"@id\":\"https:\/\/www.erresse-shop.it\/fr\/#website\"},\"datePublished\":\"2015-03-14T17:00:02+00:00\",\"dateModified\":\"2025-01-13T14:42:13+00:00\",\"description\":\"D\u00e9couvrez SELETTI Hybrid Grande Assiette ISAURA sur ErresseShop. Qualit\u00e9, prix r\u00e9duits et achat s\u00e9curis\u00e9 \u2013 commandez d\u00e8s maintenant en ligne !\",\"breadcrumb\":{\"@id\":\"https:\/\/www.erresse-shop.it\/fr\/shop\/table-fr-2\/plats\/seletti-hybrid-grande-assiette-isaura\/#breadcrumb\"},\"inLanguage\":\"fr-FR\",\"potentialAction\":[{\"@type\":\"ReadAction\",\"target\":[\"https:\/\/www.erresse-shop.it\/fr\/shop\/table-fr-2\/plats\/seletti-hybrid-grande-assiette-isaura\/\"]}]},{\"@type\":\"BreadcrumbList\",\"@id\":\"https:\/\/www.erresse-shop.it\/fr\/shop\/table-fr-2\/plats\/seletti-hybrid-grande-assiette-isaura\/#breadcrumb\",\"itemListElement\":[{\"@type\":\"ListItem\",\"position\":1,\"name\":\"Home\",\"item\":\"https:\/\/www.erresse-shop.it\/fr\/\"},{\"@type\":\"ListItem\",\"position\":2,\"name\":\"Shop\",\"item\":\"https:\/\/www.erresse-shop.it\/fr\/shop\/\"},{\"@type\":\"ListItem\",\"position\":3,\"name\":\"SELETTI Hybrid Grande Assiette ISAURA\"}]},{\"@type\":\"WebSite\",\"@id\":\"https:\/\/www.erresse-shop.it\/fr\/#website\",\"url\":\"https:\/\/www.erresse-shop.it\/fr\/\",\"name\":\"Erresse Shop\",\"description\":\"Articoli di qualit\u00e0 per la casa\",\"potentialAction\":[{\"@type\":\"SearchAction\",\"target\":{\"@type\":\"EntryPoint\",\"urlTemplate\":\"https:\/\/www.erresse-shop.it\/fr\/?s={search_term_string}\"},\"query-input\":\"required name=search_term_string\"}],\"inLanguage\":\"fr-FR\"}]}<\/script>\n<!-- \/ Yoast SEO Premium plugin. -->","yoast_head_json":{"title":"SELETTI Hybrid Grande Assiette ISAURA","description":"D\u00e9couvrez SELETTI Hybrid Grande Assiette ISAURA sur ErresseShop. Qualit\u00e9, prix r\u00e9duits et achat s\u00e9curis\u00e9 \u2013 commandez d\u00e8s maintenant en ligne !","robots":{"index":"index","follow":"follow","max-snippet":"max-snippet:-1","max-image-preview":"max-image-preview:large","max-video-preview":"max-video-preview:-1"},"canonical":"https:\/\/www.erresse-shop.it\/fr\/shop\/table-fr-2\/plats\/seletti-hybrid-grande-assiette-isaura\/","og_locale":"fr_FR","og_type":"article","og_title":"SELETTI Hybrid Grande Assiette ISAURA","og_description":"D\u00e9couvrez SELETTI Hybrid Grande Assiette ISAURA sur ErresseShop. Qualit\u00e9, prix r\u00e9duits et achat s\u00e9curis\u00e9 \u2013 commandez d\u00e8s maintenant en ligne !","og_url":"https:\/\/www.erresse-shop.it\/fr\/shop\/table-fr-2\/plats\/seletti-hybrid-grande-assiette-isaura\/","og_site_name":"Erresse Shop","article_modified_time":"2025-01-13T14:42:13+00:00","og_image":[{"width":751,"height":691,"url":"https:\/\/www.erresse-shop.it\/wp-content\/uploads\/2015\/03\/products-isaura-h.jpg","type":"image\/jpeg"}],"twitter_card":"summary_large_image","schema":{"@context":"https:\/\/schema.org","@graph":[{"@type":"WebPage","@id":"https:\/\/www.erresse-shop.it\/fr\/shop\/table-fr-2\/plats\/seletti-hybrid-grande-assiette-isaura\/","url":"https:\/\/www.erresse-shop.it\/fr\/shop\/table-fr-2\/plats\/seletti-hybrid-grande-assiette-isaura\/","name":"SELETTI Hybrid Grande Assiette ISAURA","isPartOf":{"@id":"https:\/\/www.erresse-shop.it\/fr\/#website"},"datePublished":"2015-03-14T17:00:02+00:00","dateModified":"2025-01-13T14:42:13+00:00","description":"D\u00e9couvrez SELETTI Hybrid Grande Assiette ISAURA sur ErresseShop. Qualit\u00e9, prix r\u00e9duits et achat s\u00e9curis\u00e9 \u2013 commandez d\u00e8s maintenant en ligne !","breadcrumb":{"@id":"https:\/\/www.erresse-shop.it\/fr\/shop\/table-fr-2\/plats\/seletti-hybrid-grande-assiette-isaura\/#breadcrumb"},"inLanguage":"fr-FR","potentialAction":[{"@type":"ReadAction","target":["https:\/\/www.erresse-shop.it\/fr\/shop\/table-fr-2\/plats\/seletti-hybrid-grande-assiette-isaura\/"]}]},{"@type":"BreadcrumbList","@id":"https:\/\/www.erresse-shop.it\/fr\/shop\/table-fr-2\/plats\/seletti-hybrid-grande-assiette-isaura\/#breadcrumb","itemListElement":[{"@type":"ListItem","position":1,"name":"Home","item":"https:\/\/www.erresse-shop.it\/fr\/"},{"@type":"ListItem","position":2,"name":"Shop","item":"https:\/\/www.erresse-shop.it\/fr\/shop\/"},{"@type":"ListItem","position":3,"name":"SELETTI Hybrid Grande Assiette ISAURA"}]},{"@type":"WebSite","@id":"https:\/\/www.erresse-shop.it\/fr\/#website","url":"https:\/\/www.erresse-shop.it\/fr\/","name":"Erresse Shop","description":"Articoli di qualit\u00e0 per la casa","potentialAction":[{"@type":"SearchAction","target":{"@type":"EntryPoint","urlTemplate":"https:\/\/www.erresse-shop.it\/fr\/?s={search_term_string}"},"query-input":"required name=search_term_string"}],"inLanguage":"fr-FR"}]}},"df_price":32.4,"df_sale_price":32.4,"df_regular_price":72,"df_image_link":"https:\/\/www.erresse-shop.it\/wp-content\/uploads\/2015\/03\/products-isaura-h-300x276.jpg","_links":{"self":[{"href":"https:\/\/www.erresse-shop.it\/fr\/wp-json\/wp\/v2\/product\/67590"}],"collection":[{"href":"https:\/\/www.erresse-shop.it\/fr\/wp-json\/wp\/v2\/product"}],"about":[{"href":"https:\/\/www.erresse-shop.it\/fr\/wp-json\/wp\/v2\/types\/product"}],"wp:featuredmedia":[{"embeddable":true,"href":"https:\/\/www.erresse-shop.it\/fr\/wp-json\/wp\/v2\/media\/67591"}],"wp:attachment":[{"href":"https:\/\/www.erresse-shop.it\/fr\/wp-json\/wp\/v2\/media?parent=67590"}],"wp:term":[{"taxonomy":"product_cat","embeddable":true,"href":"https:\/\/www.erresse-shop.it\/fr\/wp-json\/wp\/v2\/product_cat?post=67590"},{"taxonomy":"product_tag","embeddable":true,"href":"https:\/\/www.erresse-shop.it\/fr\/wp-json\/wp\/v2\/product_tag?post=67590"}],"curies":[{"name":"wp","href":"https:\/\/api.w.org\/{rel}","templated":true}]}}