{"id":67379,"date":"2018-10-26T17:12:08","date_gmt":"2018-10-26T17:12:08","guid":{"rendered":"https:\/\/www.erresse-shop.it\/shop\/non%20class\u00e9\/seletti-studio-job-lampe-a-led-blow\/"},"modified":"2025-01-23T07:53:45","modified_gmt":"2025-01-23T07:53:45","slug":"seletti-studio-job-lampe-a-led-blow","status":"publish","type":"product","link":"https:\/\/www.erresse-shop.it\/fr\/shop\/ameublement-maison\/lampes\/seletti-studio-job-lampe-a-led-blow\/","title":{"rendered":"SELETTI Studio Job Lampe \u00e0 Led BLOW"},"content":{"rendered":"<p>Une applique \u00e0 led caract\u00e9ris\u00e9e par un design sensuel repr\u00e9sente une bouche ouverte, symbole de la collection Blow.<\/p>\n<p>Design : Travail en studio<br \/>\nMat\u00e9riel : Acrylique<br \/>\nTaille : cm 47 x 39,5 x 2<br \/>\nLe c\u00e2ble : 1,68mt<br \/>\nEntr\u00e9e AC 100-240V 50\/60Hz<br \/>\nSortie : DC 12V 24W<br \/>\nTransformateur inclus<\/p>\n","protected":false},"excerpt":{"rendered":"<p>Une applique \u00e0 led caract\u00e9ris\u00e9e par un design sensuel repr\u00e9sente une bouche ouverte, symbole de la collection Blow. Design :<\/p>\n","protected":false},"featured_media":67380,"template":"","meta":{"_acf_changed":false,"inline_featured_image":false},"product_cat":[12738,12741],"product_tag":[13354,23660,25021,24415,12793,13355,15887,13222,24300,13015,25401,13356,13358,21821],"acf":[],"yoast_head":"<!-- This site is optimized with the Yoast SEO Premium plugin v18.6 (Yoast SEO v19.13) - https:\/\/yoast.com\/wordpress\/plugins\/seo\/ -->\n<title>SAMBONET ARTHUR KRUPP Set 12 Piatti Shade Thierra<\/title>\n<meta name=\"description\" content=\"Acquista SAMBONET ARTHUR KRUPP Set 12 Piatti Shade Thierra online su Erresse Shop. Acquisto sicuro, reso facile, consegna veloce. Consulta il catalogo online!\" \/>\n<meta name=\"robots\" content=\"index, follow, max-snippet:-1, max-image-preview:large, max-video-preview:-1\" \/>\n<link rel=\"canonical\" href=\"https:\/\/www.erresse-shop.it\/fr\/shop\/ameublement-maison\/lampes\/seletti-studio-job-lampe-a-led-blow\/\" \/>\n<meta property=\"og:locale\" content=\"fr_FR\" \/>\n<meta property=\"og:type\" content=\"article\" \/>\n<meta property=\"og:title\" content=\"SELETTI Studio Job Lampe \u00e0 Led BLOW\" \/>\n<meta property=\"og:description\" content=\"Acquista SAMBONET ARTHUR KRUPP Set 12 Piatti Shade Thierra online su Erresse Shop. Acquisto sicuro, reso facile, consegna veloce. Consulta il catalogo online!\" \/>\n<meta property=\"og:url\" content=\"https:\/\/www.erresse-shop.it\/fr\/shop\/ameublement-maison\/lampes\/seletti-studio-job-lampe-a-led-blow\/\" \/>\n<meta property=\"og:site_name\" content=\"Erresse Shop\" \/>\n<meta property=\"article:modified_time\" content=\"2025-01-23T07:53:45+00:00\" \/>\n<meta property=\"og:image\" content=\"https:\/\/www.erresse-shop.it\/wp-content\/uploads\/2018\/10\/products-13100.jpg\" \/>\n\t<meta property=\"og:image:width\" content=\"1200\" \/>\n\t<meta property=\"og:image:height\" content=\"1200\" \/>\n\t<meta property=\"og:image:type\" content=\"image\/jpeg\" \/>\n<meta name=\"twitter:card\" content=\"summary_large_image\" \/>\n<script type=\"application\/ld+json\" class=\"yoast-schema-graph\">{\"@context\":\"https:\/\/schema.org\",\"@graph\":[{\"@type\":\"WebPage\",\"@id\":\"https:\/\/www.erresse-shop.it\/fr\/shop\/ameublement-maison\/lampes\/seletti-studio-job-lampe-a-led-blow\/\",\"url\":\"https:\/\/www.erresse-shop.it\/fr\/shop\/ameublement-maison\/lampes\/seletti-studio-job-lampe-a-led-blow\/\",\"name\":\"SAMBONET ARTHUR KRUPP Set 12 Piatti Shade Thierra\",\"isPartOf\":{\"@id\":\"https:\/\/www.erresse-shop.it\/fr\/#website\"},\"datePublished\":\"2018-10-26T17:12:08+00:00\",\"dateModified\":\"2025-01-23T07:53:45+00:00\",\"description\":\"Acquista SAMBONET ARTHUR KRUPP Set 12 Piatti Shade Thierra online su Erresse Shop. Acquisto sicuro, reso facile, consegna veloce. Consulta il catalogo online!\",\"breadcrumb\":{\"@id\":\"https:\/\/www.erresse-shop.it\/fr\/shop\/ameublement-maison\/lampes\/seletti-studio-job-lampe-a-led-blow\/#breadcrumb\"},\"inLanguage\":\"fr-FR\",\"potentialAction\":[{\"@type\":\"ReadAction\",\"target\":[\"https:\/\/www.erresse-shop.it\/fr\/shop\/ameublement-maison\/lampes\/seletti-studio-job-lampe-a-led-blow\/\"]}]},{\"@type\":\"BreadcrumbList\",\"@id\":\"https:\/\/www.erresse-shop.it\/fr\/shop\/ameublement-maison\/lampes\/seletti-studio-job-lampe-a-led-blow\/#breadcrumb\",\"itemListElement\":[{\"@type\":\"ListItem\",\"position\":1,\"name\":\"Home\",\"item\":\"https:\/\/www.erresse-shop.it\/fr\/\"},{\"@type\":\"ListItem\",\"position\":2,\"name\":\"Shop\",\"item\":\"https:\/\/www.erresse-shop.it\/fr\/shop\/\"},{\"@type\":\"ListItem\",\"position\":3,\"name\":\"SELETTI Studio Job Lampe \u00e0 Led BLOW\"}]},{\"@type\":\"WebSite\",\"@id\":\"https:\/\/www.erresse-shop.it\/fr\/#website\",\"url\":\"https:\/\/www.erresse-shop.it\/fr\/\",\"name\":\"Erresse Shop\",\"description\":\"Articoli di qualit\u00e0 per la casa\",\"potentialAction\":[{\"@type\":\"SearchAction\",\"target\":{\"@type\":\"EntryPoint\",\"urlTemplate\":\"https:\/\/www.erresse-shop.it\/fr\/?s={search_term_string}\"},\"query-input\":\"required name=search_term_string\"}],\"inLanguage\":\"fr-FR\"}]}<\/script>\n<!-- \/ Yoast SEO Premium plugin. -->","yoast_head_json":{"title":"SAMBONET ARTHUR KRUPP Set 12 Piatti Shade Thierra","description":"Acquista SAMBONET ARTHUR KRUPP Set 12 Piatti Shade Thierra online su Erresse Shop. Acquisto sicuro, reso facile, consegna veloce. Consulta il catalogo online!","robots":{"index":"index","follow":"follow","max-snippet":"max-snippet:-1","max-image-preview":"max-image-preview:large","max-video-preview":"max-video-preview:-1"},"canonical":"https:\/\/www.erresse-shop.it\/fr\/shop\/ameublement-maison\/lampes\/seletti-studio-job-lampe-a-led-blow\/","og_locale":"fr_FR","og_type":"article","og_title":"SELETTI Studio Job Lampe \u00e0 Led BLOW","og_description":"Acquista SAMBONET ARTHUR KRUPP Set 12 Piatti Shade Thierra online su Erresse Shop. Acquisto sicuro, reso facile, consegna veloce. Consulta il catalogo online!","og_url":"https:\/\/www.erresse-shop.it\/fr\/shop\/ameublement-maison\/lampes\/seletti-studio-job-lampe-a-led-blow\/","og_site_name":"Erresse Shop","article_modified_time":"2025-01-23T07:53:45+00:00","og_image":[{"width":1200,"height":1200,"url":"https:\/\/www.erresse-shop.it\/wp-content\/uploads\/2018\/10\/products-13100.jpg","type":"image\/jpeg"}],"twitter_card":"summary_large_image","schema":{"@context":"https:\/\/schema.org","@graph":[{"@type":"WebPage","@id":"https:\/\/www.erresse-shop.it\/fr\/shop\/ameublement-maison\/lampes\/seletti-studio-job-lampe-a-led-blow\/","url":"https:\/\/www.erresse-shop.it\/fr\/shop\/ameublement-maison\/lampes\/seletti-studio-job-lampe-a-led-blow\/","name":"SAMBONET ARTHUR KRUPP Set 12 Piatti Shade Thierra","isPartOf":{"@id":"https:\/\/www.erresse-shop.it\/fr\/#website"},"datePublished":"2018-10-26T17:12:08+00:00","dateModified":"2025-01-23T07:53:45+00:00","description":"Acquista SAMBONET ARTHUR KRUPP Set 12 Piatti Shade Thierra online su Erresse Shop. Acquisto sicuro, reso facile, consegna veloce. Consulta il catalogo online!","breadcrumb":{"@id":"https:\/\/www.erresse-shop.it\/fr\/shop\/ameublement-maison\/lampes\/seletti-studio-job-lampe-a-led-blow\/#breadcrumb"},"inLanguage":"fr-FR","potentialAction":[{"@type":"ReadAction","target":["https:\/\/www.erresse-shop.it\/fr\/shop\/ameublement-maison\/lampes\/seletti-studio-job-lampe-a-led-blow\/"]}]},{"@type":"BreadcrumbList","@id":"https:\/\/www.erresse-shop.it\/fr\/shop\/ameublement-maison\/lampes\/seletti-studio-job-lampe-a-led-blow\/#breadcrumb","itemListElement":[{"@type":"ListItem","position":1,"name":"Home","item":"https:\/\/www.erresse-shop.it\/fr\/"},{"@type":"ListItem","position":2,"name":"Shop","item":"https:\/\/www.erresse-shop.it\/fr\/shop\/"},{"@type":"ListItem","position":3,"name":"SELETTI Studio Job Lampe \u00e0 Led BLOW"}]},{"@type":"WebSite","@id":"https:\/\/www.erresse-shop.it\/fr\/#website","url":"https:\/\/www.erresse-shop.it\/fr\/","name":"Erresse Shop","description":"Articoli di qualit\u00e0 per la casa","potentialAction":[{"@type":"SearchAction","target":{"@type":"EntryPoint","urlTemplate":"https:\/\/www.erresse-shop.it\/fr\/?s={search_term_string}"},"query-input":"required name=search_term_string"}],"inLanguage":"fr-FR"}]}},"df_price":126,"df_sale_price":126,"df_regular_price":280,"df_image_link":"https:\/\/www.erresse-shop.it\/wp-content\/uploads\/2018\/10\/products-13100-300x300.jpg","_links":{"self":[{"href":"https:\/\/www.erresse-shop.it\/fr\/wp-json\/wp\/v2\/product\/67379"}],"collection":[{"href":"https:\/\/www.erresse-shop.it\/fr\/wp-json\/wp\/v2\/product"}],"about":[{"href":"https:\/\/www.erresse-shop.it\/fr\/wp-json\/wp\/v2\/types\/product"}],"wp:featuredmedia":[{"embeddable":true,"href":"https:\/\/www.erresse-shop.it\/fr\/wp-json\/wp\/v2\/media\/67380"}],"wp:attachment":[{"href":"https:\/\/www.erresse-shop.it\/fr\/wp-json\/wp\/v2\/media?parent=67379"}],"wp:term":[{"taxonomy":"product_cat","embeddable":true,"href":"https:\/\/www.erresse-shop.it\/fr\/wp-json\/wp\/v2\/product_cat?post=67379"},{"taxonomy":"product_tag","embeddable":true,"href":"https:\/\/www.erresse-shop.it\/fr\/wp-json\/wp\/v2\/product_tag?post=67379"}],"curies":[{"name":"wp","href":"https:\/\/api.w.org\/{rel}","templated":true}]}}